{"id":10049,"date":"2018-02-17T16:05:12","date_gmt":"2018-02-17T15:05:12","guid":{"rendered":"http:\/\/veloclubfaumont.fr\/?page_id=10049"},"modified":"2018-07-30T17:37:20","modified_gmt":"2018-07-30T15:37:20","slug":"le-30-km","status":"publish","type":"page","link":"https:\/\/veloclubfaumont.fr\/index.php\/2018-2\/nocturne-2018\/nocturne-vtt-2018-les-parcours\/le-30-km\/","title":{"rendered":"Nocturne VTT 2018 : le 30 km interm\u00e9diaire"},"content":{"rendered":"<p><a href=\"https:\/\/veloclubfaumont.fr\/index.php\/2018-2\/nocturne-2018\/nocturne-vtt-2018-les-parcours\/nocturne-vtt-2018-le-16-km-familial-decouverte\/carte-nocturne-2018-30-2\/\" rel=\"attachment wp-att-10584\"><img loading=\"lazy\" decoding=\"async\" class=\"aligncenter size-large wp-image-10584\" src=\"https:\/\/veloclubfaumont.fr\/wp-content\/uploads\/2018\/05\/carte-nocturne-2018-30-724x1024.jpg\" alt=\"\" width=\"724\" height=\"1024\" srcset=\"https:\/\/veloclubfaumont.fr\/wp-content\/uploads\/2018\/05\/carte-nocturne-2018-30-724x1024.jpg 724w, https:\/\/veloclubfaumont.fr\/wp-content\/uploads\/2018\/05\/carte-nocturne-2018-30-212x300.jpg 212w, https:\/\/veloclubfaumont.fr\/wp-content\/uploads\/2018\/05\/carte-nocturne-2018-30-768x1086.jpg 768w, https:\/\/veloclubfaumont.fr\/wp-content\/uploads\/2018\/05\/carte-nocturne-2018-30.jpg 1263w\" sizes=\"auto, (max-width: 724px) 100vw, 724px\" \/><\/a><\/p>\n<p style=\"text-align: center;\"><a href=\"https:\/\/veloclubfaumont.fr\/index.php\/2018-2\/nocturne-2018\/nocturne-vtt-2018-les-parcours\/10049-2\/30-d\/\" rel=\"attachment wp-att-10056\"><img loading=\"lazy\" decoding=\"async\" class=\"aligncenter size-large wp-image-10056\" src=\"https:\/\/veloclubfaumont.fr\/wp-content\/uploads\/2018\/02\/30-d-1024x306.jpg\" alt=\"\" width=\"1024\" height=\"306\" srcset=\"https:\/\/veloclubfaumont.fr\/wp-content\/uploads\/2018\/02\/30-d-1024x306.jpg 1024w, https:\/\/veloclubfaumont.fr\/wp-content\/uploads\/2018\/02\/30-d-300x90.jpg 300w, https:\/\/veloclubfaumont.fr\/wp-content\/uploads\/2018\/02\/30-d-768x230.jpg 768w, https:\/\/veloclubfaumont.fr\/wp-content\/uploads\/2018\/02\/30-d.jpg 1320w\" sizes=\"auto, (max-width: 1024px) 100vw, 1024px\" \/><\/a><em>graphique du d\u00e9nivel\u00e9 (189 m de D+)<\/em><\/p>\n<p><a href=\"https:\/\/veloclubfaumont.fr\/index.php\/2018-2\/nocturne-2018\/nocturne-vtt-2018-les-parcours\/nocturne-vtt-2018-le-16-km-familial-decouverte\/plan-nocturne-vtt-2018-30-km-2\/\" target=\"_blank\" rel=\"attachment noopener wp-att-10589\">plan nocturne VTT 2018 &#8211; 30 km<\/a>&nbsp;(version PDF)<\/p>\n<p><center><iframe loading=\"lazy\" src=\"https:\/\/www.openrunner.com\/route\/7886661\/embed\/fr\/5a626a496a784e334d3677537639364142786264435473794559716d50627562734575464337742f526a453d3a3a27ba8df82f238565eac85768bb04933d\" allowfullscreen=\"allowfullscreen\" data-mce-fragment=\"1\" width=\"450px\" height=\"580px\" frameborder=\"0\"><\/iframe><\/center><\/p>\n<p style=\"text-align: justify;\">Cette ann\u00e9e, quelques changements sont donc pr\u00e9vus pour le parcours interm\u00e9diaire de <span style=\"color: #333399;\"><strong>30 km<\/strong><\/span> qui la rendront encore plus sportif. En effet, des singles et des chemins agricoles ont \u00e9t\u00e9 ajout\u00e9s. Le d\u00e9part group\u00e9 est toujours d&rsquo;actualit\u00e9 mais sera modifi\u00e9.<\/p>\n<p style=\"text-align: center;\"><a href=\"https:\/\/veloclubfaumont.fr\/index.php\/2018-2\/nocturne-2018\/nocturne-2018-le-44-km-sportif\/depart-2\/\" rel=\"attachment wp-att-10042\"><img loading=\"lazy\" decoding=\"async\" class=\"aligncenter size-large wp-image-10042\" src=\"https:\/\/veloclubfaumont.fr\/wp-content\/uploads\/2018\/02\/depart-1024x630.jpg\" alt=\"\" width=\"1024\" height=\"630\" srcset=\"https:\/\/veloclubfaumont.fr\/wp-content\/uploads\/2018\/02\/depart-1024x630.jpg 1024w, https:\/\/veloclubfaumont.fr\/wp-content\/uploads\/2018\/02\/depart-300x185.jpg 300w, https:\/\/veloclubfaumont.fr\/wp-content\/uploads\/2018\/02\/depart-768x473.jpg 768w, https:\/\/veloclubfaumont.fr\/wp-content\/uploads\/2018\/02\/depart.jpg 1280w\" sizes=\"auto, (max-width: 1024px) 100vw, 1024px\" \/><\/a><em>un d\u00e9part group\u00e9 plus \u00e9tir\u00e9 cette ann\u00e9e&#8230;<\/em><\/p>\n<p style=\"text-align: justify;\">En effet, pour d\u00e9sengorger le premier single \u00e0 travers champs au d\u00e9part de la rando (comme en 2017), une petite boucle dans Faumont sera pr\u00e9vue pour \u00e9tirer le peloton et permettre au plus rapides d&rsquo;entre-vous de rentrer plus sereinement dans le vif du sujet !<\/p>\n<p style=\"text-align: center;\"><img loading=\"lazy\" decoding=\"async\" class=\"alignnone size-large\" src=\"https:\/\/lh3.googleusercontent.com\/NLJxJWqyeBvBoYnKgR5hVCLfzC54h1FNpyKX9-o2tkfv7-_fonkzU5GwIlflwg22Tf98c36XOEI3TzlM0IC_pi0qmzupUQaafauqv-0mgnB89_kcmCDKX-oocRznbnx0-MtLx-xN5j8KFpX-u-Qi33H6-VAaURu_I7f7z1LblILWHTRUgYfWc7nJNUCEuunwjSyx-CtAV_IwwoJW2BMAhkL3RE_x-LR0453GJicbHOtbKREATfA4NoN8y9su0PmsgfnQAILETt2Oa7aJTORNHyb2aSgLyp2c5-I4vp29vE7m-lSGdoYEpTU9Yn1GdaxGNHBWYt0uT1QlykEL0ogOFhC3gKQ6Kp599K0YJmHE5c_xXcUZMsnj5sFi9eJJQYQvbo4CYI9glwPhlO3fhMfUtAcXHpokiiTHWDfxEn3ZSb2uHNybrJkdjd3q2_3EDhKEQj7CL6r7YBQxtnAtQNfJdMcolsLwKkUloCrrTcKT3H37jlZm2GA3agYi3luFawmSKjHHL6_GDWD3MmdZ6Z7j-1SVR_DEiX1RbQZDxPdwBSY16WPVhkUWl8CchUXbGkdBIx_xsvIxDbi8XFdSq5ZJ5unkf7REW-rDFrNBKGmhQR2wAIpEss3Hc3VSpYoFwcyYm8Tyec-LiXIUahu8ZtBa6TXxJx3lrJE3oA=w1382-h922-no\" width=\"1382\" height=\"922\"><em>le fameux passage \u00e9troit sera plus \u00e9loign\u00e9 pour mieux diluer le peloton<\/em><\/p>\n<p style=\"text-align: justify;\">Contrairement aux \u00e9ditions pr\u00e9c\u00e9dentes, un chemin agricole sera donc ajout\u00e9. Ensuite, vous retournerez dans le Bois de l&rsquo;Aum\u00f4ne et le chemin des Sorci\u00e8res (commun \u00e0 tous les parcours et sera donc en bonus cette ann\u00e9e). Attention \u00e0 ne pas vous faire envout\u00e9 !!!!<\/p>\n<p style=\"text-align: center;\"><a href=\"https:\/\/veloclubfaumont.fr\/dsc_0025-3\/\"><img loading=\"lazy\" decoding=\"async\" class=\"aligncenter size-large wp-image-7217\" src=\"https:\/\/veloclubfaumont.fr\/wp-content\/uploads\/2017\/07\/DSC_0025-1024x682.jpg\" alt=\"\" width=\"1024\" height=\"682\" srcset=\"https:\/\/veloclubfaumont.fr\/wp-content\/uploads\/2017\/07\/DSC_0025-1024x682.jpg 1024w, https:\/\/veloclubfaumont.fr\/wp-content\/uploads\/2017\/07\/DSC_0025-300x200.jpg 300w, https:\/\/veloclubfaumont.fr\/wp-content\/uploads\/2017\/07\/DSC_0025-768x512.jpg 768w, https:\/\/veloclubfaumont.fr\/wp-content\/uploads\/2017\/07\/DSC_0025.jpg 1244w\" sizes=\"auto, (max-width: 1024px) 100vw, 1024px\" \/><\/a><em>single de l&rsquo;Argili\u00e8re<br \/>\n<\/em><\/p>\n<p style=\"text-align: center;\"><img loading=\"lazy\" decoding=\"async\" class=\"aligncenter wp-image-7222 size-large\" src=\"https:\/\/veloclubfaumont.fr\/wp-content\/uploads\/2017\/07\/DSC_0031-1024x682.jpg\" alt=\"DSC_0031\" width=\"1024\" height=\"682\" srcset=\"https:\/\/veloclubfaumont.fr\/wp-content\/uploads\/2017\/07\/DSC_0031-1024x682.jpg 1024w, https:\/\/veloclubfaumont.fr\/wp-content\/uploads\/2017\/07\/DSC_0031-300x200.jpg 300w, https:\/\/veloclubfaumont.fr\/wp-content\/uploads\/2017\/07\/DSC_0031-768x512.jpg 768w, https:\/\/veloclubfaumont.fr\/wp-content\/uploads\/2017\/07\/DSC_0031.jpg 1244w\" sizes=\"auto, (max-width: 1024px) 100vw, 1024px\" \/><em>Quelques bosses pour jouer dans le bois de l&rsquo;Aum\u00f4ne<\/em><\/p>\n<p style=\"text-align: center;\"><a href=\"https:\/\/veloclubfaumont.fr\/vcfaumont-2017-07-27-10h16m53s097\/\"><img loading=\"lazy\" decoding=\"async\" class=\"aligncenter wp-image-7312 size-large\" src=\"https:\/\/veloclubfaumont.fr\/wp-content\/uploads\/2017\/07\/vcfaumont-2017-07-27-10h16m53s097-1024x581.jpg\" alt=\"vcfaumont-2017-07-27-10h16m53s097\" width=\"1024\" height=\"581\" srcset=\"https:\/\/veloclubfaumont.fr\/wp-content\/uploads\/2017\/07\/vcfaumont-2017-07-27-10h16m53s097-1024x581.jpg 1024w, https:\/\/veloclubfaumont.fr\/wp-content\/uploads\/2017\/07\/vcfaumont-2017-07-27-10h16m53s097-300x170.jpg 300w, https:\/\/veloclubfaumont.fr\/wp-content\/uploads\/2017\/07\/vcfaumont-2017-07-27-10h16m53s097-768x436.jpg 768w, https:\/\/veloclubfaumont.fr\/wp-content\/uploads\/2017\/07\/vcfaumont-2017-07-27-10h16m53s097-120x67.jpg 120w, https:\/\/veloclubfaumont.fr\/wp-content\/uploads\/2017\/07\/vcfaumont-2017-07-27-10h16m53s097.jpg 1344w\" sizes=\"auto, (max-width: 1024px) 100vw, 1024px\" \/><\/a><em>Chemin des Sorci\u00e8res (accessible \u00e0 tous les parcours cette ann\u00e9e)<\/em><\/p>\n<p style=\"text-align: justify;\">Ensuite, la boucle dans Raimbeaucourt est supprim\u00e9e, avec acc\u00e8s direct au Bois du Ch\u00e2teau de la Caignerie o\u00f9 nous vous ouvrirons de nouveaux passages ludiques avant d&rsquo;arriver au premier gros ravitaillement (\u00e0 14 km).<\/p>\n<p style=\"text-align: center;\"><a href=\"https:\/\/veloclubfaumont.fr\/dsc_0050-2\/\"><img loading=\"lazy\" decoding=\"async\" class=\"aligncenter size-large wp-image-7235\" src=\"https:\/\/veloclubfaumont.fr\/wp-content\/uploads\/2017\/07\/DSC_0050-1024x682.jpg\" alt=\"DSC_0050\" width=\"1024\" height=\"682\" srcset=\"https:\/\/veloclubfaumont.fr\/wp-content\/uploads\/2017\/07\/DSC_0050-1024x682.jpg 1024w, https:\/\/veloclubfaumont.fr\/wp-content\/uploads\/2017\/07\/DSC_0050-300x200.jpg 300w, https:\/\/veloclubfaumont.fr\/wp-content\/uploads\/2017\/07\/DSC_0050-768x512.jpg 768w, https:\/\/veloclubfaumont.fr\/wp-content\/uploads\/2017\/07\/DSC_0050.jpg 1244w\" sizes=\"auto, (max-width: 1024px) 100vw, 1024px\" \/><\/a><em>vers le Bois du Ch\u00e2teau du ravito principal avec de nouveaux singles&#8230;<br \/>\n(<strong>passage ouvert uniquement pour notre Nocturne VTT !!!<\/strong>)<br \/>\n<\/em><\/p>\n<p style=\"text-align: center;\"><img loading=\"lazy\" decoding=\"async\" class=\"alignnone size-large\" src=\"https:\/\/lh3.googleusercontent.com\/ONwusV5VixUja9eB6hlHQV_P6LWKaAU6uFTfPELTSXhBlQn13GAch-RdxI-8lua2mgs6q74w7Jstgdbz5jUP1KLfX1orDCSitFbF1Ul6xbloi_iyZWKW7LOFR_5q09khXzVjIHB8WQNxxTDNaZDpqkaJdaw49nvHw05v6kffZi__wOF5osfrfJ4yp1W-4k_sO4XDpcbbN6oVSQFjKBc-KuAdvcAZx2XKhSSyW343NRWzcUrmECzaSJiXAEUTebPqtHwiW5WTn3e1nmevVCxlA6j0XxWu-nstioFGQCbdLpq7b9DGUVZ69tjTbAkCA1mhp6ZzgY947H7VwpUCSvUOr51JHjHoigVamjmuM2RYcDsmpArPiFfkRseqjLV7oPrCUU_7OgLVon6lX4j30oDIn892-K4sbsvXcSfHj6Ncp5Zl8CxnthyuWNQOTiDsvOljrvWyRwGF59fN_gVZAdSJQ8o4l9hv7ilFdltfE_68Zu7P4iXLenu4BrFI_PLtj5dGPo0NmnS67PlFQCPa-POtPuPX_YECKrLOH7hGnz1_jvAP9trilOJ7I0xdt_CoEHU5OIOSRhgpZtDrjEQAGJTDsVUucW7tN8cJ8lWrtxhV4T21V7Xm3J4XurKPqpVXL8oGa0yD_BNJYNkrcEYaclj0M4pW7R7r0Canlw=w1382-h922-no\" width=\"1382\" height=\"922\"><em>un premier ravito de luxe vous attendra au ch\u00e2teau<\/em><\/p>\n<p style=\"text-align: center;\"><a href=\"https:\/\/veloclubfaumont.fr\/index.php\/2018-2\/nocturne-2018\/nocturne-vtt-2018-les-parcours\/nocturne-2018-le-44-km-sportif\/dsc_0779-2\/\" rel=\"attachment wp-att-11028\"><img loading=\"lazy\" decoding=\"async\" class=\"aligncenter size-large wp-image-11028\" src=\"https:\/\/veloclubfaumont.fr\/wp-content\/uploads\/2018\/06\/DSC_0779-1024x683.jpg\" alt=\"\" width=\"1024\" height=\"683\" srcset=\"https:\/\/veloclubfaumont.fr\/wp-content\/uploads\/2018\/06\/DSC_0779-1024x683.jpg 1024w, https:\/\/veloclubfaumont.fr\/wp-content\/uploads\/2018\/06\/DSC_0779-300x200.jpg 300w, https:\/\/veloclubfaumont.fr\/wp-content\/uploads\/2018\/06\/DSC_0779-768x512.jpg 768w, https:\/\/veloclubfaumont.fr\/wp-content\/uploads\/2018\/06\/DSC_0779.jpg 1382w\" sizes=\"auto, (max-width: 1024px) 100vw, 1024px\" \/><\/a><em>cette ann\u00e9e, le camion de la <a href=\"https:\/\/www.facebook.com\/La-Rustine-Mobile-581562605339074\/\" target=\"_blank\" rel=\"noopener\">Rustine Mobile<\/a> sera pr\u00e9sent \u00e0 la salle au d\u00e9part <\/em><br \/>\n<em>et au principal ravitaillement au Ch\u00e2teau de la Caignerie<\/em><\/p>\n<p style=\"text-align: justify;\">Comme pour la premi\u00e8re \u00e9dition en 2016, vous emprunterez un long chemin agricole vous permettant d&rsquo;acc\u00e9der au bosquet de Mons en P\u00e9v\u00e8le (que vous auriez du emprunter au <em>Chicon<\/em>, mais impraticable cette ann\u00e9e \u00e0 cause de la boue \u00e0 certains passages).<\/p>\n<p style=\"text-align: center;\"><a href=\"https:\/\/veloclubfaumont.fr\/index.php\/2018-2\/chicon-bike-tour-2018-2\/cbt-2018-le-30-km-vtt\/dsc_0231-2\/\" rel=\"attachment wp-att-8496\"><img loading=\"lazy\" decoding=\"async\" class=\"aligncenter size-large wp-image-8496\" src=\"https:\/\/veloclubfaumont.fr\/wp-content\/uploads\/2017\/10\/DSC_0231-1024x683.jpg\" alt=\"\" width=\"1024\" height=\"683\" srcset=\"https:\/\/veloclubfaumont.fr\/wp-content\/uploads\/2017\/10\/DSC_0231-1024x683.jpg 1024w, https:\/\/veloclubfaumont.fr\/wp-content\/uploads\/2017\/10\/DSC_0231-300x200.jpg 300w, https:\/\/veloclubfaumont.fr\/wp-content\/uploads\/2017\/10\/DSC_0231-768x512.jpg 768w, https:\/\/veloclubfaumont.fr\/wp-content\/uploads\/2017\/10\/DSC_0231.jpg 1060w\" sizes=\"auto, (max-width: 1024px) 100vw, 1024px\" \/><\/a><em>le bosquet de MEP (nouveaut\u00e9)<\/em><\/p>\n<p style=\"text-align: justify;\">En remontant vers Mons en P\u00e9v\u00e8le, vous pourrez \u00e0 nouveau b\u00e9n\u00e9ficier du second ravitaillement au <em>Pas Roland<\/em> (au bout de 21 km). Apr\u00e8s les singles techniques de MEP, direction l&rsquo;antenne (point culminant de la soir\u00e9e) pour la derni\u00e8re grimpette de la soir\u00e9e.<\/p>\n<p style=\"text-align: center;\"><img loading=\"lazy\" decoding=\"async\" class=\"alignnone size-large\" src=\"https:\/\/lh3.googleusercontent.com\/zBeuHbxBMbT0PXjzPY3iDXCfMZTWTJ0PZcV6W95-z0tgxUWocbsExgAJnKaV7tIVSgRU_91VtYGvwNBcg-EF9Vp7PgQbDLn6VXw7sHd9VhTkr0LN_ytZ-nOeS23g7VSeP0VkjC6_7Lm4UryV1-wPcOhKkH7oh6r0mHwXs-IAq2Ibpw-GoiUcIlwMG9by_QfaVNgqwjG3W6K15Tb0s0sNpWTNhjvcDiXSorXK37cn4RefnhPkvrkmJk-gGtnRUidwieRodjHmWQsjvRfWE9ME49isgTf6nNj35HCpWPzcOaX5lyVGzcASoYtTDjHwaU2MP9akQtCuyl8cOi9VfaTsxKemVtQD1gGctvxn0PJL2ZCw1mVWs5HSGu1LzdRME0govZJqXMKGkAEmQuY5D0Xy3_0_eduk9mviHq-ofjIvsQs6lillotPDmaKwuIK3AERV-ihXpGIzSEF0lLOqd0Sx6fC3dERe_RCd88-Ebn85M-7ZoPM2YixwUlA_j9JV2gDNsqlxGVa3jHnT3XlCWjkZOu4gTXsLD8DOYHZJ0OrACnhRKdoDRXpo-RY_mmcfOhXaTFNKTL3C9IGBbAtUEX_QAp96zURYHyKdzUlvR1fGEpm5RvkWG_GpbouiyIUc1RgE4F3ea6uZgCUqYvK3xib-bOsJNSWXPV-uwQ=w1382-h922-no\" width=\"1382\" height=\"922\"><em>un second ravitaillement (plus l\u00e9ger) sera disponible \u00e0 MEP<\/em><\/p>\n<p style=\"text-align: justify;\">Ensuite, retour cool sur les Pav\u00e9s de <em>Paris-Roubaix<\/em>, la grande descente infernale sera l\u00e0 aussi et la Voie Verte du P\u00e9v\u00e8le pour retourner \u00e0 Faumont o\u00f9 vous attendront encore un bon barbecue accompagn\u00e9 d&rsquo;une boisson revigorante !<\/p>\n<p style=\"text-align: center;\"><a href=\"https:\/\/veloclubfaumont.fr\/dsc_0009-4\/\"><img loading=\"lazy\" decoding=\"async\" class=\"aligncenter size-large wp-image-7255\" src=\"https:\/\/veloclubfaumont.fr\/wp-content\/uploads\/2017\/07\/DSC_0009-1024x682.jpg\" alt=\"\" width=\"1024\" height=\"682\" srcset=\"https:\/\/veloclubfaumont.fr\/wp-content\/uploads\/2017\/07\/DSC_0009-1024x682.jpg 1024w, https:\/\/veloclubfaumont.fr\/wp-content\/uploads\/2017\/07\/DSC_0009-300x200.jpg 300w, https:\/\/veloclubfaumont.fr\/wp-content\/uploads\/2017\/07\/DSC_0009-768x512.jpg 768w, https:\/\/veloclubfaumont.fr\/wp-content\/uploads\/2017\/07\/DSC_0009.jpg 1244w\" sizes=\"auto, (max-width: 1024px) 100vw, 1024px\" \/><\/a><em>quelques pav\u00e9s (du Paris-Roubaix)&#8230;<\/em><\/p>\n<p style=\"text-align: center;\"><a href=\"https:\/\/veloclubfaumont.fr\/dsc_0016-2\/\"><img loading=\"lazy\" decoding=\"async\" class=\"aligncenter size-large wp-image-7259\" src=\"https:\/\/veloclubfaumont.fr\/wp-content\/uploads\/2017\/07\/DSC_0016-1024x682.jpg\" alt=\"\" width=\"1024\" height=\"682\" srcset=\"https:\/\/veloclubfaumont.fr\/wp-content\/uploads\/2017\/07\/DSC_0016-1024x682.jpg 1024w, https:\/\/veloclubfaumont.fr\/wp-content\/uploads\/2017\/07\/DSC_0016-300x200.jpg 300w, https:\/\/veloclubfaumont.fr\/wp-content\/uploads\/2017\/07\/DSC_0016-768x512.jpg 768w, https:\/\/veloclubfaumont.fr\/wp-content\/uploads\/2017\/07\/DSC_0016.jpg 1244w\" sizes=\"auto, (max-width: 1024px) 100vw, 1024px\" \/><\/a><em> avant de rejoindre la Voie Verte puis la salle<\/em><\/p>\n<p style=\"text-align: center;\"><img loading=\"lazy\" decoding=\"async\" class=\"alignnone size-large\" src=\"https:\/\/lh3.googleusercontent.com\/r7uYRXbzNoDrJdffTbW1X_aK6maHuV2EQWz7EobQK9HvPblFWm4q43mutHDp9kCZRZfqPSMuUv-eSmclIaV3F5TztylERFznD2LNrgoBISbuXuLnfPwZXJcgfsGVYyx1xhnRjX4ZsKeLnRXA3W4KKpCrMbm1LdeplFvSjjiscun9cYjuaLeth5PUlgf5gJh4Lut5yuuOP0SGX-9deH3XvwaYadBHjSgje4lB8ItDD6CabblpvxjVGMiUe4OgjTeO6C8wzmSBMbf3kl-6CrETBVpq7h8rl27hrF9cH4CtY4a95D7i01deNm8y9SigNUrUY6gYIae2xXpV7YB5fOuuw8n-nBBXdqSSYlJ1CMC6krta3pGoURJClW1Wgcj-s-v6-CY_rqvsk_BuOfco1wmNaRTa4bzv4zuIU42w4F4z85Vh_YE41IqtCiuJus1S_kZKKPQdIodlLiZKJvq16y48AQJkv37SC_vkVhGlKaZzRAWkxyBxshhZupT1T1BhKjVSv6BcuqAffVQV1WhwHaCCESapxywGd7qztqLxzFc_V367sufFBHnYbOQhKkZFPwQtWSPmEHqG3R_V8utZK4Ax-3z0g4DGg8my-cnX9w5912wAmZG05RJTqVhB8V8JzKnMlQiGiQUq6gaArT-nT6mVbyxqqau2d8Cx4g=w1382-h922-no\" width=\"1382\" height=\"922\"><em>un bon bbq pour se remettre de ses \u00e9motions&#8230;<\/em><\/p>\n<p style=\"text-align: center;\"><img loading=\"lazy\" decoding=\"async\" class=\"alignnone size-large\" src=\"https:\/\/lh3.googleusercontent.com\/XCiJqUcCNmkNrrGeH6GVXIvxdvmNOIXCzupXttEnxG8naZ7gfws1tLPUmNRhOfNJlmKr8-MDA0lWPqQzOlCBYZ3O-Mf3kG5VSzYHvUw5SN-DyVkUX30xvK9x6v9u0BEox1WOpgt1cXKmynf0X-xZ9a8B_25dZEK0RQJyF7nNK2b-kVt7uj09BpHPUUTDZONMDs6DKomOqmfSYNw8I7J_p-p20wYEolMMbK3k1fljXAY9SmMrpwrNjulLij7D9nt1l4DGCi6VuFRz4tCVM6CJDTiOnsFO1KHs6KVD9MI5StxFZwxFw6recmoIMiypMwKH8THDmxlMvjDtNWuJ8gpTLBjipKv6llFO8z9ywRDN6wsb-8zKdI9FvsoIP0nkjziS-zSrsAuuQoa_0qQlZOqTA3D0v7lnxJ95BJB8ftoqBuApCbHmYbjFr_EizXBJeps3hehFzl1NAMoWgb2ZPW1Qo13fZq3LojFZOOfLQNYu3YnIej6mDKe5-kLWhIEIK9uh72RKIHbJc1YHH3ODcLufee6tGz1LvGssUDyhd1hsocUXgW6GkYPFQZSW7tWJmwCWt8McGYiPFdFIvpSvks9YrScPTnX2OuQdKz7N4RgxWZ7Na8VU80lOOnLmoo7Q06NFp8lDSzU2IZV3KZe1UEVWqq3pLvLr-qafzg=w1382-h922-no\" width=\"1382\" height=\"922\"><em>et une bonne boisson entre amis, rien de tel !<\/em><\/p>\n<p style=\"text-align: center;\"><img loading=\"lazy\" decoding=\"async\" class=\"alignnone size-large\" src=\"https:\/\/lh3.googleusercontent.com\/jJdp0rsLtASzc8433yTym5nAowIHVJs9TnaRZUd5X2vvpUNiT9qen2RmuOZec8D70rLzKuDWeOhBAW038s7MWt2XsFOe86XlRFTjh6C8Ncpl4OhouEjIUjvhB-J98fZvAObFkUJ90CO0YO9RFu3XhEzNsJcLehX5F_XGoDtBHy4jHDioCsyEIoAdBmqSNVtfxDhOwlQcBpC0YToK_6rnd_Rd03JPCCywneAC4iP_Kq6ElEGQY6z31Q_cf2Lkn7S13WaSEv0YFipoJAtl_DUH3oUR8dQV1saleH0tfgvN6IfIub6C2i2M8OT5RDJi_ZU_p1ACcCd3rxLWBtqDv5Ckj2-jRNrb3U90V5GnLPIGeyljDuV0tvzTPJOf6SRUwfChliEr7mlKWlYk_jvYTEW6DJ3XPtWAhAZsmxxFc9fmlOOWf6X5kFoz49L2na3lqj7HhUXNYGSd2yKLgDDp3vhw4Khe8wKC4L8UlBzywDz6a9wFdTDSfYcdguq8WM06ijkSeI68GuYeE0umS4h5FWf8l6z0uyVU76T0O9gksLJVgIZenYfBpK919y_ED2rXiy6tlMVr7Dp4xGV158UGyH6j3zp64N2jrtrXK2I3kSrEel73WgXmb4hS_fIF6rqC153Y-H4NPvC00nHsDz5Tc7XKpPYboJaD2YEBiA=w1382-h922-no\" width=\"1382\" height=\"922\"><em>sous une musique estivale assur\u00e9e par notre DJ<\/em><\/p>\n<p>&nbsp;<\/p>\n","protected":false},"excerpt":{"rendered":"<p>graphique du d\u00e9nivel\u00e9 (189 m de D+) plan nocturne VTT 2018 &#8211; 30 km&nbsp;(version PDF) Cette ann\u00e9e, quelques changements sont donc pr\u00e9vus pour le parcours interm\u00e9diaire de 30 km qui&#8230;<\/p>\n","protected":false},"author":1,"featured_media":0,"parent":9702,"menu_order":0,"comment_status":"closed","ping_status":"closed","template":"","meta":{"ngg_post_thumbnail":0,"jetpack_post_was_ever_published":false,"two_page_speed":[],"footnotes":""},"class_list":["post-10049","page","type-page","status-publish","hentry"],"jetpack_sharing_enabled":true,"jetpack_shortlink":"https:\/\/wp.me\/P8bXJp-2C5","_links":{"self":[{"href":"https:\/\/veloclubfaumont.fr\/index.php\/wp-json\/wp\/v2\/pages\/10049","targetHints":{"allow":["GET"]}}],"collection":[{"href":"https:\/\/veloclubfaumont.fr\/index.php\/wp-json\/wp\/v2\/pages"}],"about":[{"href":"https:\/\/veloclubfaumont.fr\/index.php\/wp-json\/wp\/v2\/types\/page"}],"author":[{"embeddable":true,"href":"https:\/\/veloclubfaumont.fr\/index.php\/wp-json\/wp\/v2\/users\/1"}],"replies":[{"embeddable":true,"href":"https:\/\/veloclubfaumont.fr\/index.php\/wp-json\/wp\/v2\/comments?post=10049"}],"version-history":[{"count":0,"href":"https:\/\/veloclubfaumont.fr\/index.php\/wp-json\/wp\/v2\/pages\/10049\/revisions"}],"up":[{"embeddable":true,"href":"https:\/\/veloclubfaumont.fr\/index.php\/wp-json\/wp\/v2\/pages\/9702"}],"wp:attachment":[{"href":"https:\/\/veloclubfaumont.fr\/index.php\/wp-json\/wp\/v2\/media?parent=10049"}],"curies":[{"name":"wp","href":"https:\/\/api.w.org\/{rel}","templated":true}]}}