{"id":10066,"date":"2018-02-17T16:37:30","date_gmt":"2018-02-17T15:37:30","guid":{"rendered":"http:\/\/veloclubfaumont.fr\/?page_id=10066"},"modified":"2018-07-30T17:46:06","modified_gmt":"2018-07-30T15:46:06","slug":"nocturne-vtt-2018-le-16-km-familial-decouverte","status":"publish","type":"page","link":"https:\/\/veloclubfaumont.fr\/index.php\/2018-2\/nocturne-2018\/nocturne-vtt-2018-les-parcours\/nocturne-vtt-2018-le-16-km-familial-decouverte\/","title":{"rendered":"Nocturne VTT 2018 : le 16 km familial d\u00e9couverte"},"content":{"rendered":"<p><a href=\"https:\/\/veloclubfaumont.fr\/index.php\/2018-2\/nocturne-2018\/nocturne-vtt-2018-les-parcours\/nocturne-vtt-2018-le-16-km-familial-decouverte\/carte-nocturne-2018-16-2\/\" rel=\"attachment wp-att-10581\"><img loading=\"lazy\" decoding=\"async\" class=\"aligncenter size-large wp-image-10581\" src=\"https:\/\/veloclubfaumont.fr\/wp-content\/uploads\/2018\/05\/carte-nocturne-2018-16-724x1024.jpg\" alt=\"\" width=\"724\" height=\"1024\" srcset=\"https:\/\/veloclubfaumont.fr\/wp-content\/uploads\/2018\/05\/carte-nocturne-2018-16-724x1024.jpg 724w, https:\/\/veloclubfaumont.fr\/wp-content\/uploads\/2018\/05\/carte-nocturne-2018-16-212x300.jpg 212w, https:\/\/veloclubfaumont.fr\/wp-content\/uploads\/2018\/05\/carte-nocturne-2018-16-768x1086.jpg 768w, https:\/\/veloclubfaumont.fr\/wp-content\/uploads\/2018\/05\/carte-nocturne-2018-16.jpg 1123w\" sizes=\"auto, (max-width: 724px) 100vw, 724px\" \/><\/a><\/p>\n<p style=\"text-align: center;\">Version PDF : <a href=\"https:\/\/veloclubfaumont.fr\/index.php\/2018-2\/nocturne-2018\/nocturne-vtt-2018-les-parcours\/nocturne-vtt-2018-le-16-km-familial-decouverte\/plan-nocturne-vtt-2018-16-km-2\/\" target=\"_blank\" rel=\"attachment noopener wp-att-10587\">plan nocturne VTT 2018 &#8211; 16 km<\/a><\/p>\n<p>&nbsp;<\/p>\n<p><center><iframe loading=\"lazy\" src=\"https:\/\/www.openrunner.com\/route\/8315192\/embed\/fr\/2f432f4847646d71566b42426f714b7178676e64587479486f39495367544b61517a6d57445755686d636b3d3a3ae3949e5e2716501debd3636fce2c550b\" allowfullscreen=\"allowfullscreen\" data-mce-fragment=\"1\" width=\"450px\" height=\"580px\" frameborder=\"0\"><\/iframe><\/center><\/p>\n<p style=\"text-align: justify;\">Cette ann\u00e9e, pour faire d\u00e9couvrir les nocturnes VTT, nous vous proposons un petit parcours de <span style=\"color: #339966;\"><strong>16 km<\/strong><\/span> (avec seulement 49m de D+) faisable facilement par les plus jeunes et ceux ou celles qui voudraient d\u00e9couvrir tranquillement les joies de rouler de nuit. Le d\u00e9part group\u00e9 est toujours d&rsquo;actualit\u00e9 mais sera modifi\u00e9. Les cyclistes faisant les grands parcours seront plac\u00e9s devant et les autres derri\u00e8re pour ne pas les g\u00eaner au d\u00e9part.<\/p>\n<p style=\"text-align: center;\"><a href=\"https:\/\/veloclubfaumont.fr\/index.php\/2018-2\/nocturne-2018\/nocturne-2018-le-44-km-sportif\/depart-2\/\" rel=\"attachment wp-att-10042\"><img loading=\"lazy\" decoding=\"async\" class=\"aligncenter size-large wp-image-10042\" src=\"https:\/\/veloclubfaumont.fr\/wp-content\/uploads\/2018\/02\/depart-1024x630.jpg\" alt=\"\" width=\"1024\" height=\"630\" srcset=\"https:\/\/veloclubfaumont.fr\/wp-content\/uploads\/2018\/02\/depart-1024x630.jpg 1024w, https:\/\/veloclubfaumont.fr\/wp-content\/uploads\/2018\/02\/depart-300x185.jpg 300w, https:\/\/veloclubfaumont.fr\/wp-content\/uploads\/2018\/02\/depart-768x473.jpg 768w, https:\/\/veloclubfaumont.fr\/wp-content\/uploads\/2018\/02\/depart.jpg 1280w\" sizes=\"auto, (max-width: 1024px) 100vw, 1024px\" \/><\/a><em>un d\u00e9part group\u00e9 plus \u00e9tir\u00e9 cette ann\u00e9e&#8230;<\/em><\/p>\n<p style=\"text-align: justify;\">En effet, pour d\u00e9sengorger le premier single \u00e0 travers champs au d\u00e9part de la rando (comme en 2017), une petite boucle dans Faumont sera pr\u00e9vue pour \u00e9tirer le peloton et permettre au plus rapides d&rsquo;entre-vous de rentrer plus sereinement dans le vif du sujet !<\/p>\n<p style=\"text-align: center;\"><img loading=\"lazy\" decoding=\"async\" class=\"alignnone size-large\" src=\"https:\/\/lh3.googleusercontent.com\/NLJxJWqyeBvBoYnKgR5hVCLfzC54h1FNpyKX9-o2tkfv7-_fonkzU5GwIlflwg22Tf98c36XOEI3TzlM0IC_pi0qmzupUQaafauqv-0mgnB89_kcmCDKX-oocRznbnx0-MtLx-xN5j8KFpX-u-Qi33H6-VAaURu_I7f7z1LblILWHTRUgYfWc7nJNUCEuunwjSyx-CtAV_IwwoJW2BMAhkL3RE_x-LR0453GJicbHOtbKREATfA4NoN8y9su0PmsgfnQAILETt2Oa7aJTORNHyb2aSgLyp2c5-I4vp29vE7m-lSGdoYEpTU9Yn1GdaxGNHBWYt0uT1QlykEL0ogOFhC3gKQ6Kp599K0YJmHE5c_xXcUZMsnj5sFi9eJJQYQvbo4CYI9glwPhlO3fhMfUtAcXHpokiiTHWDfxEn3ZSb2uHNybrJkdjd3q2_3EDhKEQj7CL6r7YBQxtnAtQNfJdMcolsLwKkUloCrrTcKT3H37jlZm2GA3agYi3luFawmSKjHHL6_GDWD3MmdZ6Z7j-1SVR_DEiX1RbQZDxPdwBSY16WPVhkUWl8CchUXbGkdBIx_xsvIxDbi8XFdSq5ZJ5unkf7REW-rDFrNBKGmhQR2wAIpEss3Hc3VSpYoFwcyYm8Tyec-LiXIUahu8ZtBa6TXxJx3lrJE3oA=w1382-h922-no\" width=\"1382\" height=\"922\"><em>le fameux passage \u00e9troit sera plus \u00e9loign\u00e9 pour mieux diluer le peloton<\/em><\/p>\n<p style=\"text-align: justify;\">Contrairement aux \u00e9ditions pr\u00e9c\u00e9dentes, un chemin agricole sera donc ajout\u00e9. Ensuite, vous (re)d\u00e9couvrirez le Bois de l&rsquo;Aum\u00f4ne et le passage des Sorci\u00e8res (qui sera cette ann\u00e9e commun \u00e0 tous les parcours et sera donc en bonus cette ann\u00e9e). Attention \u00e0 ne pas vous faire envout\u00e9 !!!!<\/p>\n<p style=\"text-align: center;\"><a href=\"https:\/\/veloclubfaumont.fr\/dsc_0025-3\/\"><img loading=\"lazy\" decoding=\"async\" class=\"aligncenter size-large wp-image-7217\" src=\"https:\/\/veloclubfaumont.fr\/wp-content\/uploads\/2017\/07\/DSC_0025-1024x682.jpg\" alt=\"\" width=\"1024\" height=\"682\" srcset=\"https:\/\/veloclubfaumont.fr\/wp-content\/uploads\/2017\/07\/DSC_0025-1024x682.jpg 1024w, https:\/\/veloclubfaumont.fr\/wp-content\/uploads\/2017\/07\/DSC_0025-300x200.jpg 300w, https:\/\/veloclubfaumont.fr\/wp-content\/uploads\/2017\/07\/DSC_0025-768x512.jpg 768w, https:\/\/veloclubfaumont.fr\/wp-content\/uploads\/2017\/07\/DSC_0025.jpg 1244w\" sizes=\"auto, (max-width: 1024px) 100vw, 1024px\" \/><\/a><em>single de l&rsquo;Argili\u00e8re<br \/>\n<\/em><\/p>\n<p style=\"text-align: center;\"><img loading=\"lazy\" decoding=\"async\" class=\"aligncenter wp-image-7222 size-large\" src=\"https:\/\/veloclubfaumont.fr\/wp-content\/uploads\/2017\/07\/DSC_0031-1024x682.jpg\" alt=\"DSC_0031\" width=\"1024\" height=\"682\" srcset=\"https:\/\/veloclubfaumont.fr\/wp-content\/uploads\/2017\/07\/DSC_0031-1024x682.jpg 1024w, https:\/\/veloclubfaumont.fr\/wp-content\/uploads\/2017\/07\/DSC_0031-300x200.jpg 300w, https:\/\/veloclubfaumont.fr\/wp-content\/uploads\/2017\/07\/DSC_0031-768x512.jpg 768w, https:\/\/veloclubfaumont.fr\/wp-content\/uploads\/2017\/07\/DSC_0031.jpg 1244w\" sizes=\"auto, (max-width: 1024px) 100vw, 1024px\" \/><em>Quelques bosses pour jouer dans le bois de l&rsquo;Aum\u00f4ne (vous pourrez les \u00e9viter si vous le souhaitez)<br \/>\n<\/em><\/p>\n<p style=\"text-align: center;\"><a href=\"https:\/\/veloclubfaumont.fr\/vcfaumont-2017-07-27-10h16m53s097\/\"><img loading=\"lazy\" decoding=\"async\" class=\"aligncenter wp-image-7312 size-large\" src=\"https:\/\/veloclubfaumont.fr\/wp-content\/uploads\/2017\/07\/vcfaumont-2017-07-27-10h16m53s097-1024x581.jpg\" alt=\"vcfaumont-2017-07-27-10h16m53s097\" width=\"1024\" height=\"581\" srcset=\"https:\/\/veloclubfaumont.fr\/wp-content\/uploads\/2017\/07\/vcfaumont-2017-07-27-10h16m53s097-1024x581.jpg 1024w, https:\/\/veloclubfaumont.fr\/wp-content\/uploads\/2017\/07\/vcfaumont-2017-07-27-10h16m53s097-300x170.jpg 300w, https:\/\/veloclubfaumont.fr\/wp-content\/uploads\/2017\/07\/vcfaumont-2017-07-27-10h16m53s097-768x436.jpg 768w, https:\/\/veloclubfaumont.fr\/wp-content\/uploads\/2017\/07\/vcfaumont-2017-07-27-10h16m53s097-120x67.jpg 120w, https:\/\/veloclubfaumont.fr\/wp-content\/uploads\/2017\/07\/vcfaumont-2017-07-27-10h16m53s097.jpg 1344w\" sizes=\"auto, (max-width: 1024px) 100vw, 1024px\" \/><\/a><em>Chemin des Sorci\u00e8res (accessible \u00e0 tous les parcours cette ann\u00e9e)<\/em><\/p>\n<p style=\"text-align: justify;\">Ensuite, la boucle dans Raimbeaucourt est supprim\u00e9, avec acc\u00e8s direct au Bois du Ch\u00e2teau de la Caignerie o\u00f9 nous vous ouvrirons de nouveaux singles ludiques avant d&rsquo;arriver au gros ravitaillement (\u00e0 14 km).<\/p>\n<p style=\"text-align: center;\"><a href=\"https:\/\/veloclubfaumont.fr\/dsc_0050-2\/\"><img loading=\"lazy\" decoding=\"async\" class=\"aligncenter size-large wp-image-7235\" src=\"https:\/\/veloclubfaumont.fr\/wp-content\/uploads\/2017\/07\/DSC_0050-1024x682.jpg\" alt=\"DSC_0050\" width=\"1024\" height=\"682\" srcset=\"https:\/\/veloclubfaumont.fr\/wp-content\/uploads\/2017\/07\/DSC_0050-1024x682.jpg 1024w, https:\/\/veloclubfaumont.fr\/wp-content\/uploads\/2017\/07\/DSC_0050-300x200.jpg 300w, https:\/\/veloclubfaumont.fr\/wp-content\/uploads\/2017\/07\/DSC_0050-768x512.jpg 768w, https:\/\/veloclubfaumont.fr\/wp-content\/uploads\/2017\/07\/DSC_0050.jpg 1244w\" sizes=\"auto, (max-width: 1024px) 100vw, 1024px\" \/><\/a><em>vers le Bois du Ch\u00e2teau du ravito principal avec de nouveaux singles&#8230;<br \/>\n(<strong>passage ouvert uniquement pour notre Nocturne VTT !!!<\/strong>)<br \/>\n<\/em><\/p>\n<p style=\"text-align: center;\"><img loading=\"lazy\" decoding=\"async\" class=\"alignnone size-large\" src=\"https:\/\/lh3.googleusercontent.com\/ONwusV5VixUja9eB6hlHQV_P6LWKaAU6uFTfPELTSXhBlQn13GAch-RdxI-8lua2mgs6q74w7Jstgdbz5jUP1KLfX1orDCSitFbF1Ul6xbloi_iyZWKW7LOFR_5q09khXzVjIHB8WQNxxTDNaZDpqkaJdaw49nvHw05v6kffZi__wOF5osfrfJ4yp1W-4k_sO4XDpcbbN6oVSQFjKBc-KuAdvcAZx2XKhSSyW343NRWzcUrmECzaSJiXAEUTebPqtHwiW5WTn3e1nmevVCxlA6j0XxWu-nstioFGQCbdLpq7b9DGUVZ69tjTbAkCA1mhp6ZzgY947H7VwpUCSvUOr51JHjHoigVamjmuM2RYcDsmpArPiFfkRseqjLV7oPrCUU_7OgLVon6lX4j30oDIn892-K4sbsvXcSfHj6Ncp5Zl8CxnthyuWNQOTiDsvOljrvWyRwGF59fN_gVZAdSJQ8o4l9hv7ilFdltfE_68Zu7P4iXLenu4BrFI_PLtj5dGPo0NmnS67PlFQCPa-POtPuPX_YECKrLOH7hGnz1_jvAP9trilOJ7I0xdt_CoEHU5OIOSRhgpZtDrjEQAGJTDsVUucW7tN8cJ8lWrtxhV4T21V7Xm3J4XurKPqpVXL8oGa0yD_BNJYNkrcEYaclj0M4pW7R7r0Canlw=w1382-h922-no\" width=\"1382\" height=\"922\"><em>un premier ravito de luxe vous attendra au ch\u00e2teau<\/em><\/p>\n<p style=\"text-align: justify;\">Comme ce parcours est r\u00e9duit, vous retrouverez un peu plus loin le m\u00eame chemin agricole du d\u00e9part pour rejoindre tranquillement la salle o\u00f9 vous attendront un excellent barbecue agr\u00e9ment\u00e9 d&rsquo;une boisson rafraichissante.<\/p>\n<p style=\"text-align: justify;\">&nbsp;<\/p>\n<p style=\"text-align: center;\"><img loading=\"lazy\" decoding=\"async\" class=\"alignnone size-large\" src=\"https:\/\/lh3.googleusercontent.com\/r7uYRXbzNoDrJdffTbW1X_aK6maHuV2EQWz7EobQK9HvPblFWm4q43mutHDp9kCZRZfqPSMuUv-eSmclIaV3F5TztylERFznD2LNrgoBISbuXuLnfPwZXJcgfsGVYyx1xhnRjX4ZsKeLnRXA3W4KKpCrMbm1LdeplFvSjjiscun9cYjuaLeth5PUlgf5gJh4Lut5yuuOP0SGX-9deH3XvwaYadBHjSgje4lB8ItDD6CabblpvxjVGMiUe4OgjTeO6C8wzmSBMbf3kl-6CrETBVpq7h8rl27hrF9cH4CtY4a95D7i01deNm8y9SigNUrUY6gYIae2xXpV7YB5fOuuw8n-nBBXdqSSYlJ1CMC6krta3pGoURJClW1Wgcj-s-v6-CY_rqvsk_BuOfco1wmNaRTa4bzv4zuIU42w4F4z85Vh_YE41IqtCiuJus1S_kZKKPQdIodlLiZKJvq16y48AQJkv37SC_vkVhGlKaZzRAWkxyBxshhZupT1T1BhKjVSv6BcuqAffVQV1WhwHaCCESapxywGd7qztqLxzFc_V367sufFBHnYbOQhKkZFPwQtWSPmEHqG3R_V8utZK4Ax-3z0g4DGg8my-cnX9w5912wAmZG05RJTqVhB8V8JzKnMlQiGiQUq6gaArT-nT6mVbyxqqau2d8Cx4g=w1382-h922-no\" width=\"1382\" height=\"922\"><em>un bon bbq pour se remettre de ses \u00e9motions&#8230;<\/em><\/p>\n<p style=\"text-align: center;\"><img loading=\"lazy\" decoding=\"async\" class=\"alignnone size-large\" src=\"https:\/\/lh3.googleusercontent.com\/XCiJqUcCNmkNrrGeH6GVXIvxdvmNOIXCzupXttEnxG8naZ7gfws1tLPUmNRhOfNJlmKr8-MDA0lWPqQzOlCBYZ3O-Mf3kG5VSzYHvUw5SN-DyVkUX30xvK9x6v9u0BEox1WOpgt1cXKmynf0X-xZ9a8B_25dZEK0RQJyF7nNK2b-kVt7uj09BpHPUUTDZONMDs6DKomOqmfSYNw8I7J_p-p20wYEolMMbK3k1fljXAY9SmMrpwrNjulLij7D9nt1l4DGCi6VuFRz4tCVM6CJDTiOnsFO1KHs6KVD9MI5StxFZwxFw6recmoIMiypMwKH8THDmxlMvjDtNWuJ8gpTLBjipKv6llFO8z9ywRDN6wsb-8zKdI9FvsoIP0nkjziS-zSrsAuuQoa_0qQlZOqTA3D0v7lnxJ95BJB8ftoqBuApCbHmYbjFr_EizXBJeps3hehFzl1NAMoWgb2ZPW1Qo13fZq3LojFZOOfLQNYu3YnIej6mDKe5-kLWhIEIK9uh72RKIHbJc1YHH3ODcLufee6tGz1LvGssUDyhd1hsocUXgW6GkYPFQZSW7tWJmwCWt8McGYiPFdFIvpSvks9YrScPTnX2OuQdKz7N4RgxWZ7Na8VU80lOOnLmoo7Q06NFp8lDSzU2IZV3KZe1UEVWqq3pLvLr-qafzg=w1382-h922-no\" width=\"1382\" height=\"922\"><em>et une bonne boisson entre amis, rien de tel !<\/em><\/p>\n<p style=\"text-align: center;\"><img loading=\"lazy\" decoding=\"async\" class=\"alignnone size-large\" src=\"https:\/\/lh3.googleusercontent.com\/jJdp0rsLtASzc8433yTym5nAowIHVJs9TnaRZUd5X2vvpUNiT9qen2RmuOZec8D70rLzKuDWeOhBAW038s7MWt2XsFOe86XlRFTjh6C8Ncpl4OhouEjIUjvhB-J98fZvAObFkUJ90CO0YO9RFu3XhEzNsJcLehX5F_XGoDtBHy4jHDioCsyEIoAdBmqSNVtfxDhOwlQcBpC0YToK_6rnd_Rd03JPCCywneAC4iP_Kq6ElEGQY6z31Q_cf2Lkn7S13WaSEv0YFipoJAtl_DUH3oUR8dQV1saleH0tfgvN6IfIub6C2i2M8OT5RDJi_ZU_p1ACcCd3rxLWBtqDv5Ckj2-jRNrb3U90V5GnLPIGeyljDuV0tvzTPJOf6SRUwfChliEr7mlKWlYk_jvYTEW6DJ3XPtWAhAZsmxxFc9fmlOOWf6X5kFoz49L2na3lqj7HhUXNYGSd2yKLgDDp3vhw4Khe8wKC4L8UlBzywDz6a9wFdTDSfYcdguq8WM06ijkSeI68GuYeE0umS4h5FWf8l6z0uyVU76T0O9gksLJVgIZenYfBpK919y_ED2rXiy6tlMVr7Dp4xGV158UGyH6j3zp64N2jrtrXK2I3kSrEel73WgXmb4hS_fIF6rqC153Y-H4NPvC00nHsDz5Tc7XKpPYboJaD2YEBiA=w1382-h922-no\" width=\"1382\" height=\"922\"><em>sous une musique estivale assur\u00e9e par notre DJ<\/em><\/p>\n","protected":false},"excerpt":{"rendered":"<p>Version PDF : plan nocturne VTT 2018 &#8211; 16 km &nbsp; Cette ann\u00e9e, pour faire d\u00e9couvrir les nocturnes VTT, nous vous proposons un petit parcours de 16 km (avec seulement&#8230;<\/p>\n","protected":false},"author":1,"featured_media":0,"parent":9702,"menu_order":0,"comment_status":"closed","ping_status":"closed","template":"","meta":{"ngg_post_thumbnail":0,"jetpack_post_was_ever_published":false,"two_page_speed":[],"footnotes":""},"class_list":["post-10066","page","type-page","status-publish","hentry"],"jetpack_sharing_enabled":true,"jetpack_shortlink":"https:\/\/wp.me\/P8bXJp-2Cm","_links":{"self":[{"href":"https:\/\/veloclubfaumont.fr\/index.php\/wp-json\/wp\/v2\/pages\/10066","targetHints":{"allow":["GET"]}}],"collection":[{"href":"https:\/\/veloclubfaumont.fr\/index.php\/wp-json\/wp\/v2\/pages"}],"about":[{"href":"https:\/\/veloclubfaumont.fr\/index.php\/wp-json\/wp\/v2\/types\/page"}],"author":[{"embeddable":true,"href":"https:\/\/veloclubfaumont.fr\/index.php\/wp-json\/wp\/v2\/users\/1"}],"replies":[{"embeddable":true,"href":"https:\/\/veloclubfaumont.fr\/index.php\/wp-json\/wp\/v2\/comments?post=10066"}],"version-history":[{"count":0,"href":"https:\/\/veloclubfaumont.fr\/index.php\/wp-json\/wp\/v2\/pages\/10066\/revisions"}],"up":[{"embeddable":true,"href":"https:\/\/veloclubfaumont.fr\/index.php\/wp-json\/wp\/v2\/pages\/9702"}],"wp:attachment":[{"href":"https:\/\/veloclubfaumont.fr\/index.php\/wp-json\/wp\/v2\/media?parent=10066"}],"curies":[{"name":"wp","href":"https:\/\/api.w.org\/{rel}","templated":true}]}}