{"id":115,"date":"2016-12-10T09:32:21","date_gmt":"2016-12-10T08:32:21","guid":{"rendered":"http:\/\/veloclubfaumont.fr\/?page_id=115"},"modified":"2016-12-10T09:46:13","modified_gmt":"2016-12-10T08:46:13","slug":"presentation-des-2-parcours-cyclos","status":"publish","type":"page","link":"https:\/\/veloclubfaumont.fr\/index.php\/2017-2\/chicon-bike-tour\/presentation-des-2-parcours-cyclos\/","title":{"rendered":"Chicon Bike Tour 2017 : Pr\u00e9sentation des 2 parcours cyclos"},"content":{"rendered":"<p>Cette ann\u00e9e, le Chicon Bike Tour emmenera les cyclo-touristes vers Bers\u00e9e, Cappelle-en-P\u00e9v\u00e8le, Genech, puis ils retourneront par Nomain et Auchy-lez-Orchies.<\/p>\n<p>Ceux qui feront la 50 auront une boucle suppl\u00e9mentaire vers Cobrieux et Bachy, puis vers Mouchin et Aix.<\/p>\n<p>Tous les d\u00e9tails dans la carte ci-dessous :<\/p>\n<p style=\"text-align: center;\"><img loading=\"lazy\" decoding=\"async\" class=\"alignnone size-large wp-image-116\" src=\"https:\/\/veloclubfaumont.fr\/wp-content\/uploads\/2016\/12\/carte-cbt2017-cyclos-933x1024.jpg\" alt=\"\" width=\"933\" height=\"1024\" srcset=\"https:\/\/veloclubfaumont.fr\/wp-content\/uploads\/2016\/12\/carte-cbt2017-cyclos-933x1024.jpg 933w, https:\/\/veloclubfaumont.fr\/wp-content\/uploads\/2016\/12\/carte-cbt2017-cyclos-273x300.jpg 273w, https:\/\/veloclubfaumont.fr\/wp-content\/uploads\/2016\/12\/carte-cbt2017-cyclos-768x842.jpg 768w, https:\/\/veloclubfaumont.fr\/wp-content\/uploads\/2016\/12\/carte-cbt2017-cyclos.jpg 1000w\" sizes=\"auto, (max-width: 933px) 100vw, 933px\" \/><\/p>\n","protected":false},"excerpt":{"rendered":"<p>Cette ann\u00e9e, le Chicon Bike Tour emmenera les cyclo-touristes vers Bers\u00e9e, Cappelle-en-P\u00e9v\u00e8le, Genech, puis ils retourneront par Nomain et Auchy-lez-Orchies. Ceux qui feront la 50 auront une boucle suppl\u00e9mentaire vers&#8230;<\/p>\n","protected":false},"author":1,"featured_media":0,"parent":68,"menu_order":3,"comment_status":"closed","ping_status":"closed","template":"","meta":{"ngg_post_thumbnail":0,"jetpack_post_was_ever_published":false,"two_page_speed":[],"footnotes":""},"class_list":["post-115","page","type-page","status-publish","hentry"],"jetpack_sharing_enabled":true,"jetpack_shortlink":"https:\/\/wp.me\/P8bXJp-1R","_links":{"self":[{"href":"https:\/\/veloclubfaumont.fr\/index.php\/wp-json\/wp\/v2\/pages\/115","targetHints":{"allow":["GET"]}}],"collection":[{"href":"https:\/\/veloclubfaumont.fr\/index.php\/wp-json\/wp\/v2\/pages"}],"about":[{"href":"https:\/\/veloclubfaumont.fr\/index.php\/wp-json\/wp\/v2\/types\/page"}],"author":[{"embeddable":true,"href":"https:\/\/veloclubfaumont.fr\/index.php\/wp-json\/wp\/v2\/users\/1"}],"replies":[{"embeddable":true,"href":"https:\/\/veloclubfaumont.fr\/index.php\/wp-json\/wp\/v2\/comments?post=115"}],"version-history":[{"count":0,"href":"https:\/\/veloclubfaumont.fr\/index.php\/wp-json\/wp\/v2\/pages\/115\/revisions"}],"up":[{"embeddable":true,"href":"https:\/\/veloclubfaumont.fr\/index.php\/wp-json\/wp\/v2\/pages\/68"}],"wp:attachment":[{"href":"https:\/\/veloclubfaumont.fr\/index.php\/wp-json\/wp\/v2\/media?parent=115"}],"curies":[{"name":"wp","href":"https:\/\/api.w.org\/{rel}","templated":true}]}}