{"id":11610,"date":"2018-08-04T17:43:41","date_gmt":"2018-08-04T15:43:41","guid":{"rendered":"http:\/\/veloclubfaumont.fr\/?page_id=11610"},"modified":"2020-08-13T15:11:47","modified_gmt":"2020-08-13T13:11:47","slug":"traces-gps","status":"publish","type":"page","link":"https:\/\/veloclubfaumont.fr\/index.php\/traces-gps\/","title":{"rendered":"Traces GPS"},"content":{"rendered":"<p>C&rsquo;est ici que seront centralis\u00e9es les traces GPS des meilleurs circuits \u00e0 faire autour de Faumont et de la P\u00e9v\u00e8le.<\/p>\n<table style=\"border-collapse: collapse; width: 100%;\" border=\"1\">\n<tbody>\n<tr>\n<td style=\"width: 100%; text-align: justify;\"><span style=\"font-size: 14pt;\"><strong>Mise \u00e0 jour du 12 ao\u00fbt 2020<\/strong> : cartes des randos VTT club autour de Faumont +liens des derniers reportages (avec photos et trace GPS) tout en bas du dossier <a href=\"https:\/\/veloclubfaumont.fr\/index.php\/2020\/08\/11\/bases-et-circuits-vtt-dans-les-hauts-de-france\/\">Circuits VTT dans les Hauts-de-France<\/a>).<br \/>\n<\/span><\/td>\n<\/tr>\n<\/tbody>\n<\/table>\n<p style=\"text-align: center;\"><a href=\"https:\/\/veloclubfaumont.fr\/index.php\/2020\/08\/11\/bases-et-circuits-vtt-dans-les-hauts-de-france\/carte-rando-hdf-par-le-vcf\/\" rel=\"attachment wp-att-25358\"><img loading=\"lazy\" decoding=\"async\" class=\"aligncenter size-full wp-image-25358\" src=\"https:\/\/veloclubfaumont.fr\/wp-content\/uploads\/2020\/08\/carte-rando-hdf-par-le-vcf.jpg\" alt=\"\" width=\"1863\" height=\"1317\" srcset=\"https:\/\/veloclubfaumont.fr\/wp-content\/uploads\/2020\/08\/carte-rando-hdf-par-le-vcf.jpg 1863w, https:\/\/veloclubfaumont.fr\/wp-content\/uploads\/2020\/08\/carte-rando-hdf-par-le-vcf-300x212.jpg 300w, https:\/\/veloclubfaumont.fr\/wp-content\/uploads\/2020\/08\/carte-rando-hdf-par-le-vcf-1024x724.jpg 1024w, https:\/\/veloclubfaumont.fr\/wp-content\/uploads\/2020\/08\/carte-rando-hdf-par-le-vcf-768x543.jpg 768w, https:\/\/veloclubfaumont.fr\/wp-content\/uploads\/2020\/08\/carte-rando-hdf-par-le-vcf-1536x1086.jpg 1536w\" sizes=\"auto, (max-width: 1863px) 100vw, 1863px\" \/><\/a><a href=\"https:\/\/veloclubfaumont.fr\/index.php\/2020\/08\/11\/bases-et-circuits-vtt-dans-les-hauts-de-france\/\">liens ici<\/a><\/p>\n<ol>\n<li><span style=\"font-size: 18pt;\"><em><strong>Les randonn\u00e9es du VC FAUMONT :<\/strong><\/em><\/span><\/li>\n<\/ol>\n<p style=\"text-align: justify;\">Il y aura bien \u00e9videmment les traces de nos anciennes randonn\u00e9es comme le <strong><em>Chicon Bike Tour, Du P\u00e9v\u00e8le au Hainaut<\/em> <\/strong>et notre <strong><em>Nocturne VTT<\/em><\/strong> estivale. D&rsquo;autres pourront \u00eatre ajout\u00e9es comme par exemple les randonn\u00e9es de nos voisins et amis.<\/p>\n<p style=\"text-align: center;\"><a href=\"https:\/\/veloclubfaumont.fr\/index.php\/traces-gps\/tracegps\/\" rel=\"attachment wp-att-11611\"><img loading=\"lazy\" decoding=\"async\" class=\"aligncenter size-full wp-image-11611\" src=\"https:\/\/veloclubfaumont.fr\/wp-content\/uploads\/2018\/08\/tracegps.jpg\" alt=\"\" width=\"928\" height=\"791\" srcset=\"https:\/\/veloclubfaumont.fr\/wp-content\/uploads\/2018\/08\/tracegps.jpg 928w, https:\/\/veloclubfaumont.fr\/wp-content\/uploads\/2018\/08\/tracegps-300x256.jpg 300w, https:\/\/veloclubfaumont.fr\/wp-content\/uploads\/2018\/08\/tracegps-768x655.jpg 768w\" sizes=\"auto, (max-width: 928px) 100vw, 928px\" \/><\/a><\/p>\n<p>Les <strong><em>Chicons Bike Tour<\/em><\/strong> :<\/p>\n<p><strong>VTT 2018<\/strong> :&nbsp; <a href=\"https:\/\/www.openrunner.com\/r\/8011264\" target=\"_blank\" rel=\"noopener noreferrer\">21 km avec 127m de D+<\/a> &#8211; <a href=\"https:\/\/www.openrunner.com\/r\/8000059\" target=\"_blank\" rel=\"noopener noreferrer\">30 km avec 203m de D+<\/a> &#8211; <a href=\"https:\/\/www.openrunner.com\/r\/8011720\" target=\"_blank\" rel=\"noopener noreferrer\">44 km avec 293m de D+<\/a><\/p>\n<p>La version 2017 de <a href=\"https:\/\/www.openrunner.com\/r\/6587050\" target=\"_blank\" rel=\"noopener noreferrer\">48km<\/a> du <em>Chicon<\/em> avec le Terril d&rsquo;Ostricourt en bonus.<\/p>\n<p style=\"text-align: center;\"><iframe loading=\"lazy\" src=\"https:\/\/www.openrunner.com\/route\/6587050\/embed\/fr\/342b6f58784e3965732b2f515976413972744d43495871794230776e746f732f6d73374776646149326c733d3a3a55d30d7d5e99961fcba4313cd3143d01\" allowfullscreen=\"allowfullscreen\" width=\"450px\" height=\"580px\" frameborder=\"0\"><\/iframe> &nbsp;<\/p>\n<p><strong>Cyclos 2018 : <\/strong><a href=\"https:\/\/www.openrunner.com\/r\/8113225\" target=\"_blank\" rel=\"noopener noreferrer\">30 km vers Cappelle-en-P\u00e9v\u00e8le<\/a><strong> &#8211; <\/strong><a href=\"https:\/\/www.openrunner.com\/r\/8136972\" target=\"_blank\" rel=\"noopener noreferrer\">46 km vers Cobrieux<\/a><\/p>\n<p style=\"text-align: justify;\"><em><strong>Les Nocturnes VTT<\/strong><\/em> (\u00e0 noter que la partie priv\u00e9e dans le parc du Ch\u00e2teau a \u00e9t\u00e9 enlev\u00e9e, on a le droit exceptionnel de le traverser que lors de la Nocturne de Faumont) :<\/p>\n<p><a href=\"https:\/\/www.openrunner.com\/r\/8871616\" target=\"_blank\" rel=\"noopener noreferrer\">17 km familial<\/a> &#8211; <a href=\"https:\/\/www.openrunner.com\/r\/6884321\" target=\"_blank\" rel=\"noopener noreferrer\">28km interm\u00e9diaire<\/a> &#8211; <a href=\"https:\/\/www.openrunner.com\/r\/8871324\" target=\"_blank\" rel=\"noopener noreferrer\">33km interm\u00e9diaire<\/a> &#8211; <a href=\"https:\/\/www.openrunner.com\/r\/8829719\" target=\"_blank\" rel=\"noopener noreferrer\">45km sportif<\/a><\/p>\n<p style=\"text-align: center;\"><em><strong>44km alternatif<\/strong> avec le Terril de Leforest <\/em><br \/>\n<em>(et singles en bonus dans le Bois de l&rsquo;Offlarde) :<\/em><\/p>\n<p style=\"text-align: center;\"><iframe loading=\"lazy\" src=\"https:\/\/www.openrunner.com\/route\/11385182\/embed\/fr\/6157384d556e433431644547754b345959736d4c72654270673672594e72743356794765464f4d6a6e4b633d3a3a35af261a8f6d615b13a8942cdbfc4e2b\" allowfullscreen=\"allowfullscreen\" width=\"450px\" height=\"580px\" frameborder=\"0\"><\/iframe><\/p>\n<p>A venir : les parcours du P\u00e9v\u00e8le au Hainaut&#8230;<\/p>\n<hr>\n<p><span style=\"font-size: 18pt;\"><em><strong>2- Les Randonn\u00e9es VTT des autres v\u00e9loclubs de la r\u00e9gion :<\/strong><\/em><\/span><\/p>\n<ul>\n<li style=\"text-align: justify;\">La <strong>Rando des Terrils de Oignies<\/strong> : <a href=\"https:\/\/www.openrunner.com\/r\/9269137\" target=\"_blank\" rel=\"noopener noreferrer\">le 45km<\/a> (possibilit\u00e9 de d\u00e9marrer de Mons en P\u00e9v\u00e8le avec traverser du Talus de Thumeries, la For\u00eat de Thumeries, les terrils d&rsquo;Ostricourt, de Oignies, d&rsquo;Evin-Malmaison, et le Talus de Leforest). La version <a href=\"https:\/\/www.openrunner.com\/r\/6713512\" target=\"_blank\" rel=\"noopener noreferrer\">56km<\/a> avec le Bois de l&rsquo;Emoli\u00e8re et le Terril de Leforest en prime. <a href=\"https:\/\/veloclubfaumont.fr\/index.php\/2018\/03\/25\/rando-des-terrils-de-oignies-2018\/\">Compte-rendu sur le site<\/a>.<\/li>\n<\/ul>\n<p style=\"text-align: center;\"><iframe loading=\"lazy\" src=\"https:\/\/www.openrunner.com\/route\/6713512\/embed\/fr\/485548596742335a67366e785a7048743069336963566e6b374d485061566338636844307948554d6162553d3a3a53ea7ea54f21455bbb7bbb733516a805\" allowfullscreen=\"allowfullscreen\" width=\"450px\" height=\"580px\" frameborder=\"0\"><\/iframe> &nbsp;<\/p>\n<p style=\"text-align: justify;\">&nbsp;<\/p>\n<ul>\n<li><strong>La Ronde Verte de Bers\u00e9e<\/strong> : le <a href=\"https:\/\/www.openrunner.com\/r\/7026741\" target=\"_blank\" rel=\"noopener noreferrer\">48km<\/a> direction la For\u00eat de Phalempin, le Talus de Thumeries et Voie Verte. Version <a href=\"https:\/\/www.openrunner.com\/r\/6950606\" target=\"_blank\" rel=\"noopener noreferrer\">35km<\/a> avec moins de for\u00eat. <a href=\"https:\/\/veloclubfaumont.fr\/index.php\/2017\/02\/05\/ronde-verte-de-bersee-2017\/\">Compte-rendu sur le site<\/a>.<\/li>\n<\/ul>\n<p style=\"text-align: center;\"><iframe loading=\"lazy\" src=\"https:\/\/www.openrunner.com\/route\/7026741\/embed\/fr\/514c374170744c774c6448626f78757454464e4e337853346a627166424e7a3774336e39796d6b365a58633d3a3a18a0071610622a91636a56f56aa7704c\" allowfullscreen=\"allowfullscreen\" width=\"450px\" height=\"580px\" frameborder=\"0\"><\/iframe> &nbsp;<\/p>\n<ul>\n<li style=\"text-align: justify;\"><strong>La<\/strong> <strong>Rando de Camphin en Carrembault<\/strong> : <a href=\"https:\/\/www.openrunner.com\/r\/7826233\" target=\"_blank\" rel=\"noopener noreferrer\">le 52km<\/a> (possibilit\u00e9 de d\u00e9marrer du Talus de Thumeries avec travers\u00e9e de la for\u00eat de Phalempin, les terrils de Carvin, Oignies et Ostricourt). Page sur <a href=\"https:\/\/www.utagawavtt.com\/randonnee-vtt-gps\/Camphin-en-Carembault-2017-50-km-15165\" target=\"_blank\" rel=\"noopener noreferrer\">UTAGAWA<\/a>. <a href=\"https:\/\/veloclubfaumont.fr\/index.php\/2018\/05\/14\/camphin-en-carembault-2018\/\">Reportage sur le site<\/a>.<\/li>\n<\/ul>\n<p style=\"text-align: center;\"><iframe loading=\"lazy\" src=\"https:\/\/www.openrunner.com\/route\/7826233\/embed\/fr\/4f4d444c7552524737565069634c4c564f5835786e79326d6f43316561373277704c6c456f5a6a334271553d3a3a30006800dcd425e7ee37a4fd8b85de4b\" allowfullscreen=\"allowfullscreen\" width=\"450px\" height=\"580px\" frameborder=\"0\"><\/iframe> &nbsp;<\/p>\n<ul>\n<li style=\"text-align: justify;\"><strong>La Transp\u00e9v\u00e9loise<\/strong> : <a href=\"https:\/\/connect.garmin.com\/modern\/activity\/720187049\" target=\"_blank\" rel=\"noopener noreferrer\">70km<\/a> autour de MEP direction les terrils de Leforest et Rieulay, la for\u00eat de Marchiennes et les pav\u00e9s du Paris-Roubaix. <a href=\"https:\/\/veloclubfaumont.fr\/index.php\/2017\/03\/12\/transpeveloise-a-mons-en-pevele-2017\/\">Reportage sur le site<\/a>. La version <a href=\"https:\/\/www.openrunner.com\/r\/4554834\" target=\"_blank\" rel=\"noopener noreferrer\">50km<\/a> avec le terril de Raches (mais sans Rieulay).<\/li>\n<\/ul>\n<p style=\"text-align: center;\"><iframe loading=\"lazy\" src=\"https:\/\/www.openrunner.com\/route\/4554834\/embed\/fr\/74462f43396f586f7944513731745a4265324c764a792f36317256755a44496f67674e32764a432f3450383d3a3aa53be9e4c6e66465d6bf611506a3795c\" allowfullscreen=\"allowfullscreen\" width=\"450px\" height=\"580px\" frameborder=\"0\"><\/iframe> &nbsp;<\/p>\n<ul>\n<li style=\"text-align: justify;\"><strong>La rando des Renards des Sables de Flines<\/strong> : <a href=\"https:\/\/www.openrunner.com\/r\/1459246\" target=\"_blank\" rel=\"noopener noreferrer\">la 47 km<\/a> avec possibilit\u00e9 de d\u00e9part de Faumont et jonction \u00e0 Flines par le Bois de l&rsquo;Aum\u00f4ne et le passage des Sorci\u00e8res (voir Nocturne Faumont plus haut). Passage par les Terrils de Sin-le-Noble, Lallaing (acc\u00e8s autoris\u00e9 que le jour de la randonn\u00e9e), Rieulay et Pecquencourt. La version <a href=\"https:\/\/www.openrunner.com\/r\/7913691\" target=\"_blank\" rel=\"noopener noreferrer\">57km<\/a> aura le terril de R\u00e2ches en bonus. <a href=\"https:\/\/veloclubfaumont.fr\/index.php\/2018\/09\/12\/rando-des-renards-septembre-2018\/\">Reportage sur le site<\/a>.<\/li>\n<\/ul>\n<p style=\"text-align: center;\"><iframe loading=\"lazy\" src=\"https:\/\/www.openrunner.com\/route\/7913691\/embed\/fr\/4e54722f506261364831504a45467777343279732f39736c6f7770496239467a546c694673506e5646754d3d3a3ad8b76bd2eb2d24679a0bec032cf8e73e\" allowfullscreen=\"allowfullscreen\" width=\"450px\" height=\"580px\" frameborder=\"0\"><\/iframe> &nbsp;<\/p>\n<p style=\"text-align: justify;\"><strong>Les Randos de Roost-Warrendin<\/strong> : la version <a href=\"https:\/\/connect.garmin.com\/modern\/activity\/1337733397\" target=\"_blank\" rel=\"noopener noreferrer\">58km<\/a> direction les chemins de l&rsquo;Artois, la <a href=\"https:\/\/connect.garmin.com\/modern\/activity\/1955504055\" target=\"_blank\" rel=\"noopener noreferrer\">50km<\/a> vers les terrils de R\u00e2ches, Lallaing, Sin-le-Noble et Rieulay), et la <a href=\"https:\/\/www.openrunner.com\/r\/8968795\" target=\"_blank\" rel=\"noopener noreferrer\">35km<\/a> avec la possibilit\u00e9 de partir de Faumont (du Boujon) vers les Terril de Roost puis R\u00e2ches, le Bois de Flines). <a href=\"https:\/\/veloclubfaumont.fr\/index.php\/2017\/09\/03\/les-3h-de-roost-warendin\/\">Compte-rendu sur le site<\/a>.<\/p>\n<p style=\"text-align: center;\"><iframe loading=\"lazy\" src=\"https:\/\/www.openrunner.com\/route\/8968795\/embed\/fr\/3767315a59504e4171355165776a6b397335677a7342336b74432b4b525a6e61714250433969765a2b39343d3a3a0f0851bfe1a1d86cf1a0dd9c3d09756e\" allowfullscreen=\"allowfullscreen\" width=\"450px\" height=\"580px\" frameborder=\"0\"><\/iframe><\/p>\n<ul>\n<li><strong>La Leforestoise<\/strong> : le <a href=\"https:\/\/connect.garmin.com\/modern\/activity\/1569806328\" target=\"_blank\" rel=\"noopener noreferrer\">50km<\/a> reprend le circuit du Chicon avec en bonus le Terril de Oignies. On peut d\u00e9marrer le circuit de Mons en P\u00e9v\u00e8le. <a href=\"https:\/\/veloclubfaumont.fr\/index.php\/2018\/02\/11\/leforestoise-2018\/\">Reportage sur le site<\/a>.<\/li>\n<\/ul>\n<p style=\"text-align: center;\"><iframe loading=\"lazy\" src=\"https:\/\/www.openrunner.com\/route\/7034517\/embed\/fr\/367247514550394c494b454249705970557356706e2f526a584530556241394a626d6f38626241663373593d3a3aaae614de9551061e47647ddae2b7ff75\" allowfullscreen=\"allowfullscreen\" width=\"450px\" height=\"580px\" frameborder=\"0\"><\/iframe> &nbsp;<\/p>\n<ul>\n<li style=\"text-align: justify;\"><strong>La Rando de Wavrin<\/strong> : <a href=\"https:\/\/www.openrunner.com\/r\/8319228\" target=\"_blank\" rel=\"noopener noreferrer\">le 60km<\/a> (possibilit\u00e9 de d\u00e9marrer de Mons en P\u00e9v\u00e8le avec travers\u00e9e de la for\u00eat de Phalempin, boucle vers Wavrin, retour par le terril de Carvin et de nouveau la for\u00eat de Phalempin). <a href=\"https:\/\/veloclubfaumont.fr\/index.php\/2017\/04\/02\/rando-bleu-et-jaune-de-wavrin-2017\/\">Reportage sur le site<\/a>.<\/li>\n<\/ul>\n<p style=\"text-align: center;\"><iframe loading=\"lazy\" src=\"https:\/\/www.openrunner.com\/route\/8319228\/embed\/fr\/6a38446e6256667071613343394f7154304c36444d42704d7156504b435159547a683749626a4c557145673d3a3a89baef883adda01833340a21febd4cb9\" allowfullscreen=\"allowfullscreen\" data-mce-fragment=\"1\" width=\"450px\" height=\"580px\" frameborder=\"0\"><\/iframe> &nbsp;<\/p>\n<p style=\"text-align: justify;\">&nbsp;<\/p>\n<p>Les personnes qui voudraient ajouter d&rsquo;autres traces GPS sur cette page peuvent nous contacter et on les ajoutera bien volontiers !<\/p>\n<div data-test='contact-form' id='contact-form-11610' class='wp-block-jetpack-contact-form-container '>\n<form action='https:\/\/veloclubfaumont.fr\/index.php\/traces-gps\/#contact-form-11610' method='post' class='contact-form commentsblock'>\n<script>\n\t\t\t( function () {\n\t\t\t\tconst contact_forms = document.getElementsByClassName('contact-form');\n\n\t\t\t\tfor ( const form of contact_forms ) {\n\t\t\t\t\tform.onsubmit = function() {\n\t\t\t\t\t\tconst buttons = form.getElementsByTagName('button');\n\n\t\t\t\t\t\tfor( const button of buttons ) {\n\t\t\t\t\t\t\tbutton.setAttribute('disabled', true);\n\t\t\t\t\t\t}\n\t\t\t\t\t}\n\t\t\t\t}\n\t\t\t} )();\n\t\t<\/script>\n<div style=\"\" class='grunion-field-name-wrap grunion-field-wrap'  >\n<label\n\t\t\t\tfor='g11610-nom'\n\t\t\t\tclass='grunion-field-label name'>Nom<span>(obligatoire)<\/span><\/label>\n<input\n\t\t\t\t\ttype='text'\n\t\t\t\t\tname='g11610-nom'\n\t\t\t\t\tid='g11610-nom'\n\t\t\t\t\tvalue=''\n\t\t\t\t\tclass='name  grunion-field' \n\t\t\t\t\trequired aria-required='true' \/>\n\t<\/div>\n\n<div style=\"\" class='grunion-field-email-wrap grunion-field-wrap'  >\n<label\n\t\t\t\tfor='g11610-email'\n\t\t\t\tclass='grunion-field-label email'>E-mail<span>(obligatoire)<\/span><\/label>\n<input\n\t\t\t\t\ttype='email'\n\t\t\t\t\tname='g11610-email'\n\t\t\t\t\tid='g11610-email'\n\t\t\t\t\tvalue=''\n\t\t\t\t\tclass='email  grunion-field' \n\t\t\t\t\trequired aria-required='true' \/>\n\t<\/div>\n\n<div style=\"\" class='grunion-field-url-wrap grunion-field-wrap'  >\n<label\n\t\t\t\tfor='g11610-siteweb'\n\t\t\t\tclass='grunion-field-label url'>Site web<\/label>\n<input\n\t\t\t\t\ttype='text'\n\t\t\t\t\tname='g11610-siteweb'\n\t\t\t\t\tid='g11610-siteweb'\n\t\t\t\t\tvalue=''\n\t\t\t\t\tclass='url  grunion-field' \n\t\t\t\t\ttitle=\"Veuillez saisir une URL valide - https:\/\/www.exemple.fr\" oninvalid=\"setCustomValidity(&quot;Veuillez saisir une URL valide - https:\/\/www.exemple.fr&quot;)\" oninput=\"setCustomValidity(&quot;&quot;)\" pattern=\"(([:\\\/a-zA-Z0-9_\\-]+)?(\\.[a-zA-Z0-9_\\-\\\/]+)+)\" data-type-override=\"url\"  \/>\n\t<\/div>\n\n<div style=\"\" class='grunion-field-textarea-wrap grunion-field-wrap'  >\n<label\n\t\t\t\tfor='contact-form-comment-g11610-message'\n\t\t\t\tclass='grunion-field-label textarea'>Message<\/label>\n<textarea\n\t\t                style=''\n\t\t                name='g11610-message'\n\t\t                id='contact-form-comment-g11610-message'\n\t\t                rows='20' class='textarea  grunion-field'  ><\/textarea>\n\t<\/div>\n\t<p class='contact-submit'>\n\t\t<button type='submit' class='pushbutton-wide'>Envoyer<\/button>\t\t<input type='hidden' name='contact-form-id' value='11610' \/>\n\t\t<input type='hidden' name='action' value='grunion-contact-form' \/>\n\t\t<input type='hidden' name='contact-form-hash' value='ed374024a9ab1a976f0f7dd4b3b9713575614424' \/>\n\t<\/p>\n<p style=\"display: none !important;\"><label>&#916;<textarea name=\"ak_hp_textarea\" cols=\"45\" rows=\"8\" maxlength=\"100\"><\/textarea><\/label><input type=\"hidden\" id=\"ak_js_1\" name=\"ak_js\" value=\"183\"\/><script>document.getElementById( \"ak_js_1\" ).setAttribute( \"value\", ( new Date() ).getTime() );<\/script><\/p><\/form>\n<\/div>\n","protected":false},"excerpt":{"rendered":"<p>C&rsquo;est ici que seront centralis\u00e9es les traces GPS des meilleurs circuits \u00e0 faire autour de Faumont et de la P\u00e9v\u00e8le. Mise \u00e0 jour du 12 ao\u00fbt 2020 : cartes des&#8230;<\/p>\n","protected":false},"author":1,"featured_media":0,"parent":0,"menu_order":0,"comment_status":"closed","ping_status":"closed","template":"","meta":{"ngg_post_thumbnail":0,"jetpack_post_was_ever_published":false,"two_page_speed":[],"footnotes":""},"class_list":["post-11610","page","type-page","status-publish","hentry"],"jetpack_sharing_enabled":true,"jetpack_shortlink":"https:\/\/wp.me\/P8bXJp-31g","_links":{"self":[{"href":"https:\/\/veloclubfaumont.fr\/index.php\/wp-json\/wp\/v2\/pages\/11610","targetHints":{"allow":["GET"]}}],"collection":[{"href":"https:\/\/veloclubfaumont.fr\/index.php\/wp-json\/wp\/v2\/pages"}],"about":[{"href":"https:\/\/veloclubfaumont.fr\/index.php\/wp-json\/wp\/v2\/types\/page"}],"author":[{"embeddable":true,"href":"https:\/\/veloclubfaumont.fr\/index.php\/wp-json\/wp\/v2\/users\/1"}],"replies":[{"embeddable":true,"href":"https:\/\/veloclubfaumont.fr\/index.php\/wp-json\/wp\/v2\/comments?post=11610"}],"version-history":[{"count":0,"href":"https:\/\/veloclubfaumont.fr\/index.php\/wp-json\/wp\/v2\/pages\/11610\/revisions"}],"wp:attachment":[{"href":"https:\/\/veloclubfaumont.fr\/index.php\/wp-json\/wp\/v2\/media?parent=11610"}],"curies":[{"name":"wp","href":"https:\/\/api.w.org\/{rel}","templated":true}]}}