{"id":118,"date":"2016-12-10T09:36:48","date_gmt":"2016-12-10T08:36:48","guid":{"rendered":"http:\/\/veloclubfaumont.fr\/?page_id=118"},"modified":"2016-12-12T17:02:04","modified_gmt":"2016-12-12T16:02:04","slug":"chicon-bike-tour-2017-presentation-des-parcours-marche","status":"publish","type":"page","link":"https:\/\/veloclubfaumont.fr\/index.php\/2017-2\/chicon-bike-tour\/chicon-bike-tour-2017-presentation-des-parcours-marche\/","title":{"rendered":"Chicon Bike Tour 2017 : Pr\u00e9sentation des parcours Marche"},"content":{"rendered":"<p>Cette ann\u00e9e, le Chicon Bike Tour emm\u00e8nera comme d\u2019habitude les marcheurs autour de Faumont.<\/p>\n<p>Le plus grand parcours (14 km) vous fera aller vers le Bois de Faumont, puis vers le quartier du Boujon, le Bois de l\u2019Aum\u00f4ne, la Jonqui\u00e8re, puis retour par la Picterie. Bien \u00e9videmment, les amateurs de <strong>marche nordique<\/strong> pourront \u00e9galement venir s&rsquo;initier \u00e0 leur passion au <em>Chicon<\/em>.<\/p>\n<p>Tous les d\u00e9tails dans les cartes ci-dessous :<\/p>\n<p style=\"text-align: center;\"><img loading=\"lazy\" decoding=\"async\" class=\"alignnone size-full wp-image-119\" src=\"https:\/\/veloclubfaumont.fr\/wp-content\/uploads\/2016\/12\/MARCHE4.jpg\" alt=\"\" width=\"884\" height=\"595\" srcset=\"https:\/\/veloclubfaumont.fr\/wp-content\/uploads\/2016\/12\/MARCHE4.jpg 884w, https:\/\/veloclubfaumont.fr\/wp-content\/uploads\/2016\/12\/MARCHE4-300x202.jpg 300w, https:\/\/veloclubfaumont.fr\/wp-content\/uploads\/2016\/12\/MARCHE4-768x517.jpg 768w\" sizes=\"auto, (max-width: 884px) 100vw, 884px\" \/> <img loading=\"lazy\" decoding=\"async\" class=\"alignnone size-large wp-image-120\" src=\"https:\/\/veloclubfaumont.fr\/wp-content\/uploads\/2016\/12\/MARCHE6.jpg\" alt=\"\" width=\"860\" height=\"626\" srcset=\"https:\/\/veloclubfaumont.fr\/wp-content\/uploads\/2016\/12\/MARCHE6.jpg 860w, https:\/\/veloclubfaumont.fr\/wp-content\/uploads\/2016\/12\/MARCHE6-300x218.jpg 300w, https:\/\/veloclubfaumont.fr\/wp-content\/uploads\/2016\/12\/MARCHE6-768x559.jpg 768w\" sizes=\"auto, (max-width: 860px) 100vw, 860px\" \/> <img loading=\"lazy\" decoding=\"async\" class=\"alignnone size-large wp-image-121\" src=\"https:\/\/veloclubfaumont.fr\/wp-content\/uploads\/2016\/12\/MARCHE8.jpg\" alt=\"\" width=\"860\" height=\"725\" srcset=\"https:\/\/veloclubfaumont.fr\/wp-content\/uploads\/2016\/12\/MARCHE8.jpg 860w, https:\/\/veloclubfaumont.fr\/wp-content\/uploads\/2016\/12\/MARCHE8-300x253.jpg 300w, https:\/\/veloclubfaumont.fr\/wp-content\/uploads\/2016\/12\/MARCHE8-768x647.jpg 768w\" sizes=\"auto, (max-width: 860px) 100vw, 860px\" \/> <img loading=\"lazy\" decoding=\"async\" class=\"alignnone size-large wp-image-122\" src=\"https:\/\/veloclubfaumont.fr\/wp-content\/uploads\/2016\/12\/MARCHE11-1024x745.jpg\" alt=\"\" width=\"1024\" height=\"745\" srcset=\"https:\/\/veloclubfaumont.fr\/wp-content\/uploads\/2016\/12\/MARCHE11-1024x745.jpg 1024w, https:\/\/veloclubfaumont.fr\/wp-content\/uploads\/2016\/12\/MARCHE11-300x218.jpg 300w, https:\/\/veloclubfaumont.fr\/wp-content\/uploads\/2016\/12\/MARCHE11-768x559.jpg 768w, https:\/\/veloclubfaumont.fr\/wp-content\/uploads\/2016\/12\/MARCHE11.jpg 1055w\" sizes=\"auto, (max-width: 1024px) 100vw, 1024px\" \/> <img loading=\"lazy\" decoding=\"async\" class=\"alignnone size-large wp-image-123\" src=\"https:\/\/veloclubfaumont.fr\/wp-content\/uploads\/2016\/12\/MARCHE14-1024x654.jpg\" alt=\"\" width=\"1024\" height=\"654\" srcset=\"https:\/\/veloclubfaumont.fr\/wp-content\/uploads\/2016\/12\/MARCHE14-1024x654.jpg 1024w, https:\/\/veloclubfaumont.fr\/wp-content\/uploads\/2016\/12\/MARCHE14-300x191.jpg 300w, https:\/\/veloclubfaumont.fr\/wp-content\/uploads\/2016\/12\/MARCHE14-768x490.jpg 768w, https:\/\/veloclubfaumont.fr\/wp-content\/uploads\/2016\/12\/MARCHE14.jpg 1194w\" sizes=\"auto, (max-width: 1024px) 100vw, 1024px\" \/><\/p>\n","protected":false},"excerpt":{"rendered":"<p>Cette ann\u00e9e, le Chicon Bike Tour emm\u00e8nera comme d\u2019habitude les marcheurs autour de Faumont. Le plus grand parcours (14 km) vous fera aller vers le Bois de Faumont, puis vers&#8230;<\/p>\n","protected":false},"author":1,"featured_media":0,"parent":68,"menu_order":0,"comment_status":"closed","ping_status":"closed","template":"","meta":{"ngg_post_thumbnail":0,"jetpack_post_was_ever_published":false,"two_page_speed":[],"footnotes":""},"class_list":["post-118","page","type-page","status-publish","hentry"],"jetpack_sharing_enabled":true,"jetpack_shortlink":"https:\/\/wp.me\/P8bXJp-1U","_links":{"self":[{"href":"https:\/\/veloclubfaumont.fr\/index.php\/wp-json\/wp\/v2\/pages\/118","targetHints":{"allow":["GET"]}}],"collection":[{"href":"https:\/\/veloclubfaumont.fr\/index.php\/wp-json\/wp\/v2\/pages"}],"about":[{"href":"https:\/\/veloclubfaumont.fr\/index.php\/wp-json\/wp\/v2\/types\/page"}],"author":[{"embeddable":true,"href":"https:\/\/veloclubfaumont.fr\/index.php\/wp-json\/wp\/v2\/users\/1"}],"replies":[{"embeddable":true,"href":"https:\/\/veloclubfaumont.fr\/index.php\/wp-json\/wp\/v2\/comments?post=118"}],"version-history":[{"count":0,"href":"https:\/\/veloclubfaumont.fr\/index.php\/wp-json\/wp\/v2\/pages\/118\/revisions"}],"up":[{"embeddable":true,"href":"https:\/\/veloclubfaumont.fr\/index.php\/wp-json\/wp\/v2\/pages\/68"}],"wp:attachment":[{"href":"https:\/\/veloclubfaumont.fr\/index.php\/wp-json\/wp\/v2\/media?parent=118"}],"curies":[{"name":"wp","href":"https:\/\/api.w.org\/{rel}","templated":true}]}}