{"id":1208,"date":"2016-12-15T18:44:11","date_gmt":"2016-12-15T17:44:11","guid":{"rendered":"http:\/\/veloclubfaumont.fr\/?page_id=1208"},"modified":"2016-12-15T18:44:12","modified_gmt":"2016-12-15T17:44:12","slug":"week-end-a-cloyes-sur-loir","status":"publish","type":"page","link":"https:\/\/veloclubfaumont.fr\/index.php\/2014-2\/week-end-a-cloyes-sur-loir\/","title":{"rendered":"Week-end \u00e0 Cloyes sur Loir"},"content":{"rendered":"<p><a href=\"https:\/\/veloclubfaumont.fr\/index.php\/2014-2\/week-end-a-cloyes-sur-loir\/76-2\/\" rel=\"attachment wp-att-1211\"><img loading=\"lazy\" decoding=\"async\" class=\"alignleft  wp-image-1211\" src=\"https:\/\/veloclubfaumont.fr\/wp-content\/uploads\/2016\/12\/76-300x169.jpg\" alt=\"\" width=\"334\" height=\"188\" srcset=\"https:\/\/veloclubfaumont.fr\/wp-content\/uploads\/2016\/12\/76-300x169.jpg 300w, https:\/\/veloclubfaumont.fr\/wp-content\/uploads\/2016\/12\/76-768x432.jpg 768w, https:\/\/veloclubfaumont.fr\/wp-content\/uploads\/2016\/12\/76.jpg 1024w, https:\/\/veloclubfaumont.fr\/wp-content\/uploads\/2016\/12\/76-777x437.jpg 777w, https:\/\/veloclubfaumont.fr\/wp-content\/uploads\/2016\/12\/76-260x146.jpg 260w, https:\/\/veloclubfaumont.fr\/wp-content\/uploads\/2016\/12\/76-120x67.jpg 120w\" sizes=\"auto, (max-width: 334px) 100vw, 334px\" \/><\/a>Le samedi 29 avril 2014, nous les VTTistes, devions participer au marathon du \u00ab\u00a0Roc Paris\u00a0\u00bb.<\/p>\n<p>Nous pr\u00e9parions cet \u00e9v\u00e9nement depuis de long mois, sorties longues, s\u00e9ances de fractionn\u00e9s, achat du mat\u00e9riel n\u00e9cessaire.<\/p>\n<p>Cette \u00e9preuve VTT a finalement \u00e9t\u00e9 annul\u00e9 par l&rsquo;organisateur &nbsp;ASO.<a href=\"https:\/\/veloclubfaumont.fr\/index.php\/2014-2\/week-end-a-cloyes-sur-loir\/attachment\/64\/\" rel=\"attachment wp-att-1212\"><img loading=\"lazy\" decoding=\"async\" class=\"alignright  wp-image-1212\" src=\"https:\/\/veloclubfaumont.fr\/wp-content\/uploads\/2016\/12\/64-300x225.jpg\" alt=\"\" width=\"347\" height=\"260\" srcset=\"https:\/\/veloclubfaumont.fr\/wp-content\/uploads\/2016\/12\/64-300x225.jpg 300w, https:\/\/veloclubfaumont.fr\/wp-content\/uploads\/2016\/12\/64-768x576.jpg 768w, https:\/\/veloclubfaumont.fr\/wp-content\/uploads\/2016\/12\/64.jpg 1024w\" sizes=\"auto, (max-width: 347px) 100vw, 347px\" \/><\/a><\/p>\n<p>Olivier a alors eu une excellente id\u00e9e : nous faire d\u00e9couvrir le village de son enfance, Cloyes Sur Loir.<br \/>\nIl a tout organis\u00e9, aid\u00e9 par Thierry, notre chef cuistot qui nous a concoct\u00e9 des petits plats adapt\u00e9s pour une pratique sportive intense : Saucisses \u00e0 la moutarde, Gratin dauphinois, Filet mignon au Maroille, etc.<\/p>\n<p>Nous \u00e9tions neuf, (par ordre d&rsquo;apparition de gauche \u00e0 droite sur la photo de groupe) :&nbsp;Gilles, Olivier, Denis, Thierry, Samuel, Sylvain, Vincent, St\u00e9phane et David.<\/p>\n<div>&nbsp;<\/div>\n<p style=\"text-align: center;\"><a href=\"https:\/\/veloclubfaumont.fr\/index.php\/2014-2\/week-end-a-cloyes-sur-loir\/37-3\/\" rel=\"attachment wp-att-1210\"><img loading=\"lazy\" decoding=\"async\" class=\"aligncenter size-full wp-image-1210\" src=\"https:\/\/veloclubfaumont.fr\/wp-content\/uploads\/2016\/12\/37-3.jpg\" alt=\"\" width=\"1024\" height=\"576\" srcset=\"https:\/\/veloclubfaumont.fr\/wp-content\/uploads\/2016\/12\/37-3.jpg 1024w, https:\/\/veloclubfaumont.fr\/wp-content\/uploads\/2016\/12\/37-3-300x169.jpg 300w, https:\/\/veloclubfaumont.fr\/wp-content\/uploads\/2016\/12\/37-3-768x432.jpg 768w, https:\/\/veloclubfaumont.fr\/wp-content\/uploads\/2016\/12\/37-3-777x437.jpg 777w, https:\/\/veloclubfaumont.fr\/wp-content\/uploads\/2016\/12\/37-3-260x146.jpg 260w, https:\/\/veloclubfaumont.fr\/wp-content\/uploads\/2016\/12\/37-3-120x67.jpg 120w\" sizes=\"auto, (max-width: 1024px) 100vw, 1024px\" \/><\/a><\/p>\n<p>Ce jour l\u00e0 nous avons fait 100,5 km de VTT, les dieux de la m\u00e9t\u00e9o \u00e9taient avec nous ainsi que ceux de la m\u00e9canique, tout s&rsquo;est donc tr\u00e8s bien pass\u00e9.<\/p>\n<p style=\"text-align: center;\"><a href=\"https:\/\/veloclubfaumont.fr\/index.php\/2014-2\/week-end-a-cloyes-sur-loir\/attachment\/54\/\" rel=\"attachment wp-att-1213\"><img loading=\"lazy\" decoding=\"async\" class=\"aligncenter size-large wp-image-1213\" src=\"https:\/\/veloclubfaumont.fr\/wp-content\/uploads\/2016\/12\/54-1024x575.jpg\" alt=\"\" width=\"1024\" height=\"575\" srcset=\"https:\/\/veloclubfaumont.fr\/wp-content\/uploads\/2016\/12\/54.jpg 1024w, https:\/\/veloclubfaumont.fr\/wp-content\/uploads\/2016\/12\/54-300x168.jpg 300w, https:\/\/veloclubfaumont.fr\/wp-content\/uploads\/2016\/12\/54-768x431.jpg 768w, https:\/\/veloclubfaumont.fr\/wp-content\/uploads\/2016\/12\/54-777x437.jpg 777w, https:\/\/veloclubfaumont.fr\/wp-content\/uploads\/2016\/12\/54-260x146.jpg 260w, https:\/\/veloclubfaumont.fr\/wp-content\/uploads\/2016\/12\/54-120x67.jpg 120w\" sizes=\"auto, (max-width: 1024px) 100vw, 1024px\" \/><\/a><\/p>\n<p>Il y aura certainement de nouveaux \u00ab\u00a0week end VTT\u00a0\u00bb.<\/p>\n<p>Toutes les photos du week-end cloysien se trouvent <a href=\"https:\/\/plus.google.com\/photos\/110276073808996184089\/albums\/5998395251904024321\" target=\"_blank\">ICI<\/a><br \/>\n&nbsp;<\/p>\n","protected":false},"excerpt":{"rendered":"<p>Le samedi 29 avril 2014, nous les VTTistes, devions participer au marathon du \u00ab\u00a0Roc Paris\u00a0\u00bb. Nous pr\u00e9parions cet \u00e9v\u00e9nement depuis de long mois, sorties longues, s\u00e9ances de fractionn\u00e9s, achat du&#8230;<\/p>\n","protected":false},"author":1,"featured_media":0,"parent":32,"menu_order":0,"comment_status":"closed","ping_status":"closed","template":"","meta":{"ngg_post_thumbnail":0,"jetpack_post_was_ever_published":false,"two_page_speed":[],"footnotes":""},"class_list":["post-1208","page","type-page","status-publish","hentry"],"jetpack_sharing_enabled":true,"jetpack_shortlink":"https:\/\/wp.me\/P8bXJp-ju","_links":{"self":[{"href":"https:\/\/veloclubfaumont.fr\/index.php\/wp-json\/wp\/v2\/pages\/1208","targetHints":{"allow":["GET"]}}],"collection":[{"href":"https:\/\/veloclubfaumont.fr\/index.php\/wp-json\/wp\/v2\/pages"}],"about":[{"href":"https:\/\/veloclubfaumont.fr\/index.php\/wp-json\/wp\/v2\/types\/page"}],"author":[{"embeddable":true,"href":"https:\/\/veloclubfaumont.fr\/index.php\/wp-json\/wp\/v2\/users\/1"}],"replies":[{"embeddable":true,"href":"https:\/\/veloclubfaumont.fr\/index.php\/wp-json\/wp\/v2\/comments?post=1208"}],"version-history":[{"count":0,"href":"https:\/\/veloclubfaumont.fr\/index.php\/wp-json\/wp\/v2\/pages\/1208\/revisions"}],"up":[{"embeddable":true,"href":"https:\/\/veloclubfaumont.fr\/index.php\/wp-json\/wp\/v2\/pages\/32"}],"wp:attachment":[{"href":"https:\/\/veloclubfaumont.fr\/index.php\/wp-json\/wp\/v2\/media?parent=1208"}],"curies":[{"name":"wp","href":"https:\/\/api.w.org\/{rel}","templated":true}]}}