{"id":1216,"date":"2016-12-15T19:07:56","date_gmt":"2016-12-15T18:07:56","guid":{"rendered":"http:\/\/veloclubfaumont.fr\/?page_id=1216"},"modified":"2016-12-15T19:14:35","modified_gmt":"2016-12-15T18:14:35","slug":"assemblee-generale-2014","status":"publish","type":"page","link":"https:\/\/veloclubfaumont.fr\/index.php\/2014-2\/assemblee-generale-2014\/","title":{"rendered":"Assembl\u00e9e G\u00e9n\u00e9rale 2014"},"content":{"rendered":"<div style=\"text-align: left;\"><span style=\"font-size: medium;\"> Comme tous les ans, en fin de saison, le club organise son Assembl\u00e9e G\u00e9n\u00e9rale. C&rsquo;est l&rsquo;occasion pour tous les membres du Club de se r\u00e9unir et de faire un bilan de l&rsquo;ann\u00e9e \u00e9coul\u00e9e.&nbsp; C&rsquo;est aussi l&rsquo;instant pour r\u00e9compenser les plus valeureux d&rsquo;entre-nous et de refaire le bureau dirigeant.<br \/>\n<\/span><\/div>\n<div style=\"text-align: left;\">&nbsp;<\/div>\n<div style=\"text-align: left;\">\n<div id=\"attachment_1217\" style=\"width: 610px\" class=\"wp-caption aligncenter\"><a href=\"https:\/\/veloclubfaumont.fr\/index.php\/2014-2\/assemblee-generale-2014\/ag2014-05\/\" rel=\"attachment wp-att-1217\"><img loading=\"lazy\" decoding=\"async\" aria-describedby=\"caption-attachment-1217\" class=\"wp-image-1217 \" src=\"https:\/\/veloclubfaumont.fr\/wp-content\/uploads\/2016\/12\/AG2014-05.jpg\" width=\"600\" height=\"400\" srcset=\"https:\/\/veloclubfaumont.fr\/wp-content\/uploads\/2016\/12\/AG2014-05.jpg 799w, https:\/\/veloclubfaumont.fr\/wp-content\/uploads\/2016\/12\/AG2014-05-300x200.jpg 300w, https:\/\/veloclubfaumont.fr\/wp-content\/uploads\/2016\/12\/AG2014-05-768x512.jpg 768w\" sizes=\"auto, (max-width: 600px) 100vw, 600px\" \/><\/a><p id=\"caption-attachment-1217\" class=\"wp-caption-text\">C&rsquo;est aussi le moment de se r\u00e9inscrire au club et de s&rsquo;assurer<\/p><\/div>\n<p>&nbsp;<\/p>\n<p>L&rsquo;ann\u00e9e 2014 du VCF a commenc\u00e9 en janvier avec son traditionnel <a href=\"https:\/\/veloclubfaumont.fr\/index.php\/chicon-bike-tour\/\">Chicon Bike To<\/a><span style=\"font-size: medium;\"><a href=\"http:\/\/veloclubfaumont.wifeo.com\/chicon-bike-tour-2014.php\">ur<\/a>, qui pour cette fois-ci a attir\u00e9 pr\u00e8s de 2 000 participants, doublant la population faumontoise, <\/span><span style=\"font-size: large;\"><span style=\"font-size: medium;\">faisant de cette randonn\u00e9e l&rsquo;une des plus attractive de la r\u00e9gion. Une excellente ann\u00e9e, qui r\u00e9\u00e9quilibrera les comptes mis \u00e0 mal par une \u00e9dition 2013 d\u00e9sastreuse (due \u00e0 une m\u00e9t\u00e9o quasi sib\u00e9rienne).<\/span><\/span><\/p>\n<p><a href=\"https:\/\/veloclubfaumont.fr\/index.php\/2014-2\/assemblee-generale-2014\/ag2014-29\/\" rel=\"attachment wp-att-1218\"><img loading=\"lazy\" decoding=\"async\" class=\"aligncenter wp-image-1218 \" src=\"https:\/\/veloclubfaumont.fr\/wp-content\/uploads\/2016\/12\/AG2014-29.jpg\" width=\"600\" height=\"400\" srcset=\"https:\/\/veloclubfaumont.fr\/wp-content\/uploads\/2016\/12\/AG2014-29.jpg 799w, https:\/\/veloclubfaumont.fr\/wp-content\/uploads\/2016\/12\/AG2014-29-300x200.jpg 300w, https:\/\/veloclubfaumont.fr\/wp-content\/uploads\/2016\/12\/AG2014-29-768x512.jpg 768w\" sizes=\"auto, (max-width: 600px) 100vw, 600px\" \/><\/a><br \/>\nFin ao\u00fbt, m\u00eame si la braderie qui devait avoir lieu la veille a \u00e9t\u00e9 annul\u00e9e par la mairie, la seconde randonn\u00e9e du Club \u00ab\u00a0<a href=\"https:\/\/veloclubfaumont.fr\/index.php\/2014-2\/du-pevele-au-hainaut-2014\/\">Du P\u00e9v\u00e8le au Hainaut<\/a>\u00a0\u00bb a pu profiter d&rsquo;une m\u00e9t\u00e9o favorable et a attir\u00e9 plus de 700 personnes. Apr\u00e8s l&rsquo;arriv\u00e9e de Jean-Louis Og\u00e9 en ao\u00fbt 2013, ce fut \u00e9galement l&rsquo;occasion d&rsquo;attirer 2 nouveaux VTTistes ayant particip\u00e9 \u00e0 l&rsquo;\u00e9v\u00e9nement : la bienvenue \u00e0 Philippe et Arnaud. <span style=\"font-size: medium;\">H\u00e9las, cette randonn\u00e9e estivale ne sera pas reconduite en 2015. <\/span><\/p>\n<\/div>\n<div style=\"text-align: left;\">&nbsp;<\/div>\n<div style=\"text-align: left;\">\n<div id=\"attachment_1219\" style=\"width: 610px\" class=\"wp-caption aligncenter\"><a href=\"https:\/\/veloclubfaumont.fr\/index.php\/2014-2\/assemblee-generale-2014\/ag2014-38\/\" rel=\"attachment wp-att-1219\"><img loading=\"lazy\" decoding=\"async\" aria-describedby=\"caption-attachment-1219\" class=\"wp-image-1219\" src=\"https:\/\/veloclubfaumont.fr\/wp-content\/uploads\/2016\/12\/AG2014-38.jpg\" width=\"600\" height=\"400\" srcset=\"https:\/\/veloclubfaumont.fr\/wp-content\/uploads\/2016\/12\/AG2014-38.jpg 799w, https:\/\/veloclubfaumont.fr\/wp-content\/uploads\/2016\/12\/AG2014-38-300x200.jpg 300w, https:\/\/veloclubfaumont.fr\/wp-content\/uploads\/2016\/12\/AG2014-38-768x512.jpg 768w\" sizes=\"auto, (max-width: 600px) 100vw, 600px\" \/><\/a><p id=\"caption-attachment-1219\" class=\"wp-caption-text\">Les grands gagnants des challenges cyclo et VTT<\/p><\/div>\n<p><span style=\"font-size: large;\"><br \/>\n<span style=\"font-size: medium;\">Mis \u00e0 part ces deux \u00e9v\u00e9nement majeurs, comme il n&rsquo;y a pas eu de voyage itin\u00e9rant cette ann\u00e9e, en remplacement du Roc Paris qui a \u00e9t\u00e9 annul\u00e9 en derni\u00e8re minute, les VTT sont partis fin avril \u00e0 <a href=\"https:\/\/veloclubfaumont.fr\/index.php\/2014-2\/week-end-a-cloyes-sur-loir\/\">Cloyes\/Loir<\/a> au Sud de Paris pour un week-end au pays d&rsquo;enfance d&rsquo;Olivier. Quant au Paris-Roubaix Cyclo, il est une fois de plus pass\u00e9 par Faumont. H\u00e9las, 2015 l&rsquo;\u00e9preuve ne s&rsquo;arr\u00eatera pas chez nous.<\/span><\/span><\/p>\n<p>Le club a particip\u00e9 a beaucoup de randonn\u00e9es. Jean-Claude a gagn\u00e9 le challenge Cyclo, tandis que Jean-Louis remport\u00e9 celui des VTT. Ce dernier int\u00e9grera \u00e9galement le \u00ab\u00a0Bureau\u00a0\u00bb l&rsquo;ann\u00e9e prochaine et s&rsquo;occupera de la partie m\u00e9dia du club.<\/p>\n<\/div>\n<div><span style=\"font-size: large;\"><span style=\"font-size: large;\"><span style=\"font-size: medium;\"><br \/>\n<\/span><\/span><\/span><\/p>\n<div id=\"attachment_1220\" style=\"width: 610px\" class=\"wp-caption aligncenter\"><a href=\"https:\/\/veloclubfaumont.fr\/index.php\/2014-2\/assemblee-generale-2014\/ag2014-24\/\" rel=\"attachment wp-att-1220\"><img loading=\"lazy\" decoding=\"async\" aria-describedby=\"caption-attachment-1220\" class=\"wp-image-1220\" src=\"https:\/\/veloclubfaumont.fr\/wp-content\/uploads\/2016\/12\/AG2014-24.jpg\" width=\"600\" height=\"400\" srcset=\"https:\/\/veloclubfaumont.fr\/wp-content\/uploads\/2016\/12\/AG2014-24.jpg 799w, https:\/\/veloclubfaumont.fr\/wp-content\/uploads\/2016\/12\/AG2014-24-300x200.jpg 300w, https:\/\/veloclubfaumont.fr\/wp-content\/uploads\/2016\/12\/AG2014-24-768x512.jpg 768w\" sizes=\"auto, (max-width: 600px) 100vw, 600px\" \/><\/a><p id=\"caption-attachment-1220\" class=\"wp-caption-text\">Etaient \u00e9galement pr\u00e9sents le pr\u00e9sident du Comit\u00e9 de la Ligue 5962, Francis Boulas et Jean-Claude Hennebicq (repr\u00e9sentant le CODEP 59 de la FFCT) ainsi que la mairie<\/p><\/div>\n<p><span style=\"font-size: large;\"><span style=\"font-size: medium;\"><br \/>\n2014 a \u00e9galement vu l&rsquo;ouverture de la page Facebook du Club : <\/span><\/span><a href=\"https:\/\/www.facebook.com\/veloclubfaumont\/\" target=\"_blank\"><span style=\"font-size: large;\"><span style=\"font-size: medium;\">VC Faumont<\/span><\/span><\/a><span style=\"font-size: large;\"><span style=\"font-size: medium;\"> (g\u00e9r\u00e9e donc par Jean-Louis qui s&rsquo;occupe \u00e9galement du site officiel actuel avec Gilles B).<\/span><\/span><\/p>\n<p>Quelques accidents ont h\u00e9las entach\u00e9 l&rsquo;ann\u00e9e, mais tout le monde r\u00e9pondra pr\u00e9sent en 2015. &nbsp;<\/p>\n<div id=\"wcontentcorps\">\n<div id=\"wcontentcorpscomplet\">\n<div style=\"text-align: center;\">Et voici pour conclure 3 vid\u00e9os qui relatent l&rsquo;ann\u00e9e 2014 (le diaporama qui a \u00e9t\u00e9 diffus\u00e9 \u00e0 la fin de l&rsquo;AG) :<\/p>\n<p><iframe loading=\"lazy\" src=\"http:\/\/www.youtube.com\/embed\/MjUzPSm4eJs?rel=0\" allowfullscreen=\"allowfullscreen\" data-mce-fragment=\"1\" width=\"560\" height=\"315\" frameborder=\"0\"><\/iframe><\/p>\n<p><iframe loading=\"lazy\" src=\"http:\/\/www.youtube.com\/embed\/2GvriPW17f0?rel=0\" allowfullscreen=\"allowfullscreen\" data-mce-fragment=\"1\" width=\"560\" height=\"315\" frameborder=\"0\"><\/iframe><\/p>\n<p><iframe loading=\"lazy\" src=\"http:\/\/www.youtube.com\/embed\/ASHuh9BewSA?rel=0\" allowfullscreen=\"allowfullscreen\" data-mce-fragment=\"1\" width=\"560\" height=\"315\" frameborder=\"0\"><\/iframe><\/div>\n<\/div>\n<\/div>\n<div>&nbsp;<\/div>\n<\/div>\n","protected":false},"excerpt":{"rendered":"<p>Comme tous les ans, en fin de saison, le club organise son Assembl\u00e9e G\u00e9n\u00e9rale. C&rsquo;est l&rsquo;occasion pour tous les membres du Club de se r\u00e9unir et de faire un bilan&#8230;<\/p>\n","protected":false},"author":1,"featured_media":0,"parent":32,"menu_order":0,"comment_status":"closed","ping_status":"closed","template":"","meta":{"ngg_post_thumbnail":0,"jetpack_post_was_ever_published":false,"two_page_speed":[],"footnotes":""},"class_list":["post-1216","page","type-page","status-publish","hentry"],"jetpack_sharing_enabled":true,"jetpack_shortlink":"https:\/\/wp.me\/P8bXJp-jC","_links":{"self":[{"href":"https:\/\/veloclubfaumont.fr\/index.php\/wp-json\/wp\/v2\/pages\/1216","targetHints":{"allow":["GET"]}}],"collection":[{"href":"https:\/\/veloclubfaumont.fr\/index.php\/wp-json\/wp\/v2\/pages"}],"about":[{"href":"https:\/\/veloclubfaumont.fr\/index.php\/wp-json\/wp\/v2\/types\/page"}],"author":[{"embeddable":true,"href":"https:\/\/veloclubfaumont.fr\/index.php\/wp-json\/wp\/v2\/users\/1"}],"replies":[{"embeddable":true,"href":"https:\/\/veloclubfaumont.fr\/index.php\/wp-json\/wp\/v2\/comments?post=1216"}],"version-history":[{"count":0,"href":"https:\/\/veloclubfaumont.fr\/index.php\/wp-json\/wp\/v2\/pages\/1216\/revisions"}],"up":[{"embeddable":true,"href":"https:\/\/veloclubfaumont.fr\/index.php\/wp-json\/wp\/v2\/pages\/32"}],"wp:attachment":[{"href":"https:\/\/veloclubfaumont.fr\/index.php\/wp-json\/wp\/v2\/media?parent=1216"}],"curies":[{"name":"wp","href":"https:\/\/api.w.org\/{rel}","templated":true}]}}