{"id":12283,"date":"2018-10-03T15:17:55","date_gmt":"2018-10-03T13:17:55","guid":{"rendered":"http:\/\/veloclubfaumont.fr\/?page_id=12283"},"modified":"2019-10-12T14:39:13","modified_gmt":"2019-10-12T12:39:13","slug":"chicon-bike-tour-2019","status":"publish","type":"page","link":"https:\/\/veloclubfaumont.fr\/index.php\/2019-2\/chicon-bike-tour-2019\/","title":{"rendered":"Chicon Bike Tour 2019"},"content":{"rendered":"<p style=\"text-align: justify;\"><strong><a href=\"https:\/\/veloclubfaumont.fr\/index.php\/2019-2\/chicon-bike-tour-2019\/cbt-2019-presentation-generale\/flyer-cbt-2019\/\" rel=\"attachment wp-att-12700\"><img loading=\"lazy\" decoding=\"async\" class=\"wp-image-12700 alignleft\" src=\"https:\/\/veloclubfaumont.fr\/wp-content\/uploads\/2018\/11\/flyer-cbt-2019-724x1024.jpg\" alt=\"\" width=\"350\" height=\"495\" srcset=\"https:\/\/veloclubfaumont.fr\/wp-content\/uploads\/2018\/11\/flyer-cbt-2019-724x1024.jpg 724w, https:\/\/veloclubfaumont.fr\/wp-content\/uploads\/2018\/11\/flyer-cbt-2019-212x300.jpg 212w, https:\/\/veloclubfaumont.fr\/wp-content\/uploads\/2018\/11\/flyer-cbt-2019-768x1086.jpg 768w, https:\/\/veloclubfaumont.fr\/wp-content\/uploads\/2018\/11\/flyer-cbt-2019.jpg 1200w\" sizes=\"auto, (max-width: 350px) 100vw, 350px\" \/><\/a><\/strong><span style=\"font-size: 18pt;\"><a href=\"https:\/\/www.facebook.com\/events\/572514569846846\/\" target=\"_blank\" rel=\"noopener noreferrer\">Page Facebook de l&rsquo;\u00e9v\u00e9nement<\/a><\/span><\/p>\n<p style=\"text-align: justify;\"><strong>SOMMAIRE :<br \/>\n<\/strong><\/p>\n<p style=\"text-align: justify;\">1- <a href=\"https:\/\/veloclubfaumont.fr\/index.php\/2019-2\/chicon-bike-tour-2019\/cbt-2019-presentation-generale\/\">Page de Pr\u00e9sentation du <em>Chicon Bike Tour 2019<br \/>\n<\/em><\/a><br \/>\n2- <a href=\"https:\/\/veloclubfaumont.fr\/index.php\/2019-2\/chicon-bike-tour-2019\/bulletins-inscriptions-chicon-bike-tour-2019\/\">Fiches d\u2019inscription \u00e0 t\u00e9l\u00e9charger<\/a> (nouveau)<\/p>\n<p style=\"text-align: justify;\">3- <a href=\"https:\/\/veloclubfaumont.fr\/index.php\/2019-2\/chicon-bike-tour-2019\/cbt-2019-les-parcours-vtt\/\">Pr\u00e9sentation g\u00e9n\u00e9rale des diff\u00e9rents parcours VTT<\/a><br \/>\n&nbsp;&nbsp;&nbsp; &nbsp; \u2013 <a href=\"https:\/\/veloclubfaumont.fr\/index.php\/2019-2\/chicon-bike-tour-2019\/cbt-2019-les-parcours-vtt\/cbt-2019-le-22-familial-vtt\/\">Le 22 km familial en d\u00e9tails<\/a><br \/>\n&nbsp;&nbsp;&nbsp;&nbsp;&nbsp; \u2013 <a href=\"https:\/\/veloclubfaumont.fr\/index.php\/2019-2\/chicon-bike-tour-2019\/cbt-2019-les-parcours-vtt\/cbt-2019-le-31-km-vtt\/\">Le 31 km interm\u00e9diaire en d\u00e9tails<\/a><br \/>\n&nbsp;&nbsp; &nbsp;&nbsp; \u2013 <a href=\"https:\/\/veloclubfaumont.fr\/index.php\/2019-2\/chicon-bike-tour-2019\/cbt-2019-les-parcours-vtt\/cbt-2019-le-46km-sportif\/\">Le 46 km sportif en d\u00e9tails<\/a><\/p>\n<p style=\"text-align: justify;\">4- <a href=\"https:\/\/veloclubfaumont.fr\/index.php\/2019-2\/chicon-bike-tour-2019\/chicon-bike-tour-2019-les-parcours-cyclo\/\">Pr\u00e9sentation des diff\u00e9rents parcours Cyclos<\/a><\/p>\n<p style=\"text-align: justify;\">5- <a href=\"https:\/\/veloclubfaumont.fr\/index.php\/2019-2\/chicon-bike-tour-2019\/chicon-bike-tour-2019-les-parcours-marche\/\">Pr\u00e9sentation des diff\u00e9rents parcours Marche<\/a><\/p>\n<p style=\"text-align: justify;\">6- <a href=\"https:\/\/veloclubfaumont.fr\/index.php\/2018-2\/chicon-bike-tour-2018\/chicon-bike-tour-2018-presentation-generale\/chicon-bike-tour-2018-partenaires-et-sponsors\/\">Nos Partenaires et sponsors<br \/>\n<\/a><br \/>\n7- <a href=\"https:\/\/veloclubfaumont.fr\/index.php\/2019\/01\/22\/photos-videos-et-reportages-du-chicon-bike-tour-2019\/\">Page liens photos, reportages et vid\u00e9os<\/a>&nbsp;<\/p>\n<hr>\n<p style=\"text-align: justify;\">Et pour les 1200 VTT inscrits, une <strong>plaque de cadre<\/strong> offerte par notre nouveau partenaire <strong><a href=\"https:\/\/www.facebook.com\/energieveloorchies\/\" target=\"_blank\" rel=\"noopener noreferrer\">Energie V\u00e9lo Orchies<\/a><\/strong> (avec une remise de 5% offerte dans tout le magasin sur pr\u00e9sentation de celle-ci)<\/p>\n<p><a href=\"https:\/\/veloclubfaumont.fr\/index.php\/2019-2\/chicon-bike-tour-2019\/cbt-2019-presentation-generale\/plaque-vtt-cbt2019\/\" rel=\"attachment wp-att-13442\"><img loading=\"lazy\" decoding=\"async\" class=\"aligncenter size-full wp-image-13442\" src=\"https:\/\/veloclubfaumont.fr\/wp-content\/uploads\/2019\/01\/plaque-VTT-cbt2019.jpg\" alt=\"\" width=\"1000\" height=\"712\" srcset=\"https:\/\/veloclubfaumont.fr\/wp-content\/uploads\/2019\/01\/plaque-VTT-cbt2019.jpg 1000w, https:\/\/veloclubfaumont.fr\/wp-content\/uploads\/2019\/01\/plaque-VTT-cbt2019-300x214.jpg 300w, https:\/\/veloclubfaumont.fr\/wp-content\/uploads\/2019\/01\/plaque-VTT-cbt2019-768x547.jpg 768w\" sizes=\"auto, (max-width: 1000px) 100vw, 1000px\" \/><\/a><\/p>\n<p style=\"text-align: center;\">&nbsp;<\/p>\n","protected":false},"excerpt":{"rendered":"<p>Page Facebook de l&rsquo;\u00e9v\u00e9nement SOMMAIRE : 1- Page de Pr\u00e9sentation du Chicon Bike Tour 2019 2- Fiches d\u2019inscription \u00e0 t\u00e9l\u00e9charger (nouveau) 3- Pr\u00e9sentation g\u00e9n\u00e9rale des diff\u00e9rents parcours VTT &nbsp;&nbsp;&nbsp; &nbsp;&#8230;<\/p>\n","protected":false},"author":1,"featured_media":0,"parent":12287,"menu_order":0,"comment_status":"closed","ping_status":"closed","template":"","meta":{"ngg_post_thumbnail":0,"jetpack_post_was_ever_published":false,"two_page_speed":[],"footnotes":""},"class_list":["post-12283","page","type-page","status-publish","hentry"],"jetpack_sharing_enabled":true,"jetpack_shortlink":"https:\/\/wp.me\/P8bXJp-3c7","_links":{"self":[{"href":"https:\/\/veloclubfaumont.fr\/index.php\/wp-json\/wp\/v2\/pages\/12283","targetHints":{"allow":["GET"]}}],"collection":[{"href":"https:\/\/veloclubfaumont.fr\/index.php\/wp-json\/wp\/v2\/pages"}],"about":[{"href":"https:\/\/veloclubfaumont.fr\/index.php\/wp-json\/wp\/v2\/types\/page"}],"author":[{"embeddable":true,"href":"https:\/\/veloclubfaumont.fr\/index.php\/wp-json\/wp\/v2\/users\/1"}],"replies":[{"embeddable":true,"href":"https:\/\/veloclubfaumont.fr\/index.php\/wp-json\/wp\/v2\/comments?post=12283"}],"version-history":[{"count":0,"href":"https:\/\/veloclubfaumont.fr\/index.php\/wp-json\/wp\/v2\/pages\/12283\/revisions"}],"up":[{"embeddable":true,"href":"https:\/\/veloclubfaumont.fr\/index.php\/wp-json\/wp\/v2\/pages\/12287"}],"wp:attachment":[{"href":"https:\/\/veloclubfaumont.fr\/index.php\/wp-json\/wp\/v2\/media?parent=12283"}],"curies":[{"name":"wp","href":"https:\/\/api.w.org\/{rel}","templated":true}]}}