{"id":12402,"date":"2018-10-10T10:31:11","date_gmt":"2018-10-10T08:31:11","guid":{"rendered":"http:\/\/veloclubfaumont.fr\/?page_id=12402"},"modified":"2023-02-16T09:47:58","modified_gmt":"2023-02-16T08:47:58","slug":"cbt-2019-presentation-generale","status":"publish","type":"page","link":"https:\/\/veloclubfaumont.fr\/index.php\/2019-2\/chicon-bike-tour-2019\/cbt-2019-presentation-generale\/","title":{"rendered":"CBT 2019 : Pr\u00e9sentation g\u00e9n\u00e9rale"},"content":{"rendered":"<p style=\"text-align: justify;\"><strong><a href=\"https:\/\/veloclubfaumont.fr\/index.php\/2019-2\/chicon-bike-tour-2019\/cbt-2019-presentation-generale\/flyer-cbt-2019\/\" rel=\"attachment wp-att-12700\"><img loading=\"lazy\" decoding=\"async\" class=\"wp-image-12700 alignleft\" src=\"https:\/\/veloclubfaumont.fr\/wp-content\/uploads\/2018\/11\/flyer-cbt-2019-724x1024.jpg\" alt=\"\" width=\"317\" height=\"449\" srcset=\"https:\/\/veloclubfaumont.fr\/wp-content\/uploads\/2018\/11\/flyer-cbt-2019-724x1024.jpg 724w, https:\/\/veloclubfaumont.fr\/wp-content\/uploads\/2018\/11\/flyer-cbt-2019-212x300.jpg 212w, https:\/\/veloclubfaumont.fr\/wp-content\/uploads\/2018\/11\/flyer-cbt-2019-768x1086.jpg 768w, https:\/\/veloclubfaumont.fr\/wp-content\/uploads\/2018\/11\/flyer-cbt-2019.jpg 1200w\" sizes=\"auto, (max-width: 317px) 100vw, 317px\" \/><\/a><\/strong><span style=\"font-size: 18pt;\"><a href=\"https:\/\/www.facebook.com\/events\/572514569846846\/\" target=\"_blank\" rel=\"noopener\">Page Facebook de l&rsquo;\u00e9v\u00e9nement<\/a><\/span><\/p>\n<p style=\"text-align: justify;\"><strong>SOMMAIRE :<br \/>\n<\/strong><\/p>\n<p style=\"text-align: justify;\">1- Page de Pr\u00e9sentation du <em>Chicon Bike Tour 2019 <\/em>(page actuelle)<\/p>\n<p style=\"text-align: justify;\">2- <a href=\"https:\/\/veloclubfaumont.fr\/index.php\/2019-2\/chicon-bike-tour-2019\/bulletins-inscriptions-chicon-bike-tour-2019\/\">Fiches d\u2019inscription \u00e0 t\u00e9l\u00e9charger<\/a> (nouveau)<\/p>\n<p style=\"text-align: justify;\">3- <a href=\"https:\/\/veloclubfaumont.fr\/index.php\/2019-2\/chicon-bike-tour-2019\/cbt-2019-les-parcours-vtt\/\">Pr\u00e9sentation g\u00e9n\u00e9rale des diff\u00e9rents parcours VTT<\/a><br \/>\n&nbsp;&nbsp;&nbsp; &nbsp; \u2013 <a href=\"https:\/\/veloclubfaumont.fr\/index.php\/2019-2\/chicon-bike-tour-2019\/cbt-2019-les-parcours-vtt\/cbt-2019-le-22-familial-vtt\/\">Le 22 km familial en d\u00e9tails<\/a><br \/>\n&nbsp;&nbsp;&nbsp;&nbsp;&nbsp; \u2013 <a href=\"https:\/\/veloclubfaumont.fr\/index.php\/2019-2\/chicon-bike-tour-2019\/cbt-2019-les-parcours-vtt\/cbt-2019-le-31-km-vtt\/\">Le 31 km interm\u00e9diaire en d\u00e9tails<\/a><br \/>\n&nbsp;&nbsp; &nbsp;&nbsp; \u2013 <a href=\"https:\/\/veloclubfaumont.fr\/index.php\/2019-2\/chicon-bike-tour-2019\/cbt-2019-les-parcours-vtt\/cbt-2019-le-46km-sportif\/\">Le 46 km sportif en d\u00e9tails<\/a><\/p>\n<p style=\"text-align: justify;\">4- <a href=\"https:\/\/veloclubfaumont.fr\/index.php\/2019-2\/chicon-bike-tour-2019\/chicon-bike-tour-2019-les-parcours-cyclo\/\">Pr\u00e9sentation des diff\u00e9rents parcours Cyclos<\/a><\/p>\n<p style=\"text-align: justify;\">5- <a href=\"https:\/\/veloclubfaumont.fr\/index.php\/chicon-bike-tour-2019-les-parcours-marche\/\">Pr\u00e9sentation des diff\u00e9rents parcours Marche<\/a><\/p>\n<p style=\"text-align: justify;\">6- <a href=\"https:\/\/veloclubfaumont.fr\/index.php\/2018-2\/chicon-bike-tour-2018\/chicon-bike-tour-2018-presentation-generale\/chicon-bike-tour-2018-partenaires-et-sponsors\/\">Nos Partenaires et sponsors<br \/>\n<\/a><br \/>\n7- <a href=\"https:\/\/veloclubfaumont.fr\/index.php\/2019\/01\/22\/photos-videos-et-reportages-du-chicon-bike-tour-2019\/\">Page liens photos, reportages et vid\u00e9os<\/a><\/p>\n<p><strong>Articles visibles sur le site :<\/strong><\/p>\n<p>Pr\u00e9sentation Photos de la boucle d&rsquo;Evin de 14km (sur la 46 VTT)<\/p>\n<p><a href=\"https:\/\/veloclubfaumont.fr\/index.php\/2018\/12\/09\/apercu-en-photos-du-31km-vtt-du-prochain-chicon-bike-tour\/\">Pr\u00e9sentation Photos du 22 km et du 31km VTT<\/a><\/p>\n<p style=\"text-align: justify;\">&nbsp;<br \/>\n<iframe loading=\"lazy\" src=\"https:\/\/www.youtube.com\/embed\/fpL0Jg4TKDo\" allowfullscreen=\"allowfullscreen\" data-mce-fragment=\"1\" width=\"853\" height=\"480\" frameborder=\"0\"><\/iframe><\/p>\n<p style=\"text-align: justify;\">&nbsp;<\/p>\n<p style=\"text-align: justify;\"><a href=\"http:\/\/veloclubfaumont.890m.com\/wp-content\/uploads\/2016\/10\/flyer-cbt2017-internet.jpg\"><strong><img loading=\"lazy\" decoding=\"async\" class=\"aligncenter wp-image-83 size-large\" src=\"https:\/\/veloclubfaumont.fr\/wp-content\/uploads\/2016\/12\/DSC_0105-1024x683.jpg\" sizes=\"auto, (max-width: 1024px) 100vw, 1024px\" srcset=\"https:\/\/veloclubfaumont.fr\/wp-content\/uploads\/2016\/12\/DSC_0105-1024x683.jpg 1024w, https:\/\/veloclubfaumont.fr\/wp-content\/uploads\/2016\/12\/DSC_0105-300x200.jpg 300w, https:\/\/veloclubfaumont.fr\/wp-content\/uploads\/2016\/12\/DSC_0105-768x512.jpg 768w, https:\/\/veloclubfaumont.fr\/wp-content\/uploads\/2016\/12\/DSC_0105.jpg 1152w\" width=\"1024\" height=\"683\"><\/strong><\/a><\/p>\n<p style=\"text-align: justify;\">Le <strong>20 janvier 2019<\/strong>, apr\u00e8s les f\u00eates de fin d\u2019ann\u00e9e, le V\u00e9loclub de Faumont (entre Douai et Orchies) organise sa fameuse rando avec 3 parcours VTT, 2 parcours cyclo, et 5 parcours marche de 4 \u00e0 14 km autour de la P\u00e9v\u00e8le.<\/p>\n<p style=\"text-align: justify;\"><strong>Miss<\/strong> ou<strong> Mister Chicon<\/strong> sera encore l\u00e0 pour vous accueillir avec du Caf\u00e9 et des biscuits.<\/p>\n<p style=\"text-align: justify;\"><img loading=\"lazy\" decoding=\"async\" class=\"aligncenter wp-image-85 size-large\" src=\"https:\/\/veloclubfaumont.fr\/wp-content\/uploads\/2016\/12\/DSC_0034-1024x683.jpg\" sizes=\"auto, (max-width: 1024px) 100vw, 1024px\" srcset=\"https:\/\/veloclubfaumont.fr\/wp-content\/uploads\/2016\/12\/DSC_0034-1024x683.jpg 1024w, https:\/\/veloclubfaumont.fr\/wp-content\/uploads\/2016\/12\/DSC_0034-300x200.jpg 300w, https:\/\/veloclubfaumont.fr\/wp-content\/uploads\/2016\/12\/DSC_0034-768x512.jpg 768w, https:\/\/veloclubfaumont.fr\/wp-content\/uploads\/2016\/12\/DSC_0034.jpg 1152w\" width=\"1024\" height=\"683\"><\/p>\n<p style=\"text-align: justify;\">Au retour \u00e0 la salle : une soupe aux chicons + sandwich + boisson au retour et un <strong>sachet de chicons en cadeau<\/strong> \u00e0 chacun des participants. Bikewash pour les VTT + Photographes sur les parcours.<\/p>\n<p style=\"text-align: justify;\"><strong><img loading=\"lazy\" decoding=\"async\" class=\"alignleft wp-image-86 \" src=\"https:\/\/veloclubfaumont.fr\/wp-content\/uploads\/2016\/12\/DSC_0291-300x200.jpg\" sizes=\"auto, (max-width: 300px) 100vw, 300px\" srcset=\"https:\/\/veloclubfaumont.fr\/wp-content\/uploads\/2016\/12\/DSC_0291-300x200.jpg 300w, https:\/\/veloclubfaumont.fr\/wp-content\/uploads\/2016\/12\/DSC_0291-768x512.jpg 768w, https:\/\/veloclubfaumont.fr\/wp-content\/uploads\/2016\/12\/DSC_0291-1024x683.jpg 1024w, https:\/\/veloclubfaumont.fr\/wp-content\/uploads\/2016\/12\/DSC_0291.jpg 1152w\" width=\"372\" height=\"248\"><a href=\"https:\/\/veloclubfaumont.fr\/index.php\/2018-2\/chicon-bike-tour-2018\/\">3 nouveaux parcours VTT<\/a><\/strong> : <strong>22<\/strong> \u2013 <strong>31<\/strong> et <strong>46<\/strong> <strong>km<\/strong> avec 1 ravito sur le 22 et le 31 (apr\u00e8s le terril de Leforest) + 1 second ravito pour le 46. Un <span style=\"color: #ff0000;\"><strong>bonus de 3km<\/strong><\/span> (le single des Sorci\u00e8res dans un site labellis\u00e9 NATURA 2000) sera disponible au d\u00e9but de la rando pour allonger \u00e0 <strong>25, 34<\/strong> et <strong>49km<\/strong>.<\/p>\n<p style=\"text-align: justify;\">A noter qu\u2019un <strong>parcours alternatif<\/strong> de <strong>36 km<\/strong> est possible en ajoutant le trac\u00e9 \u201cfacile\u201d de 22km + la <a href=\"https:\/\/veloclubfaumont.fr\/index.php\/2017\/12\/31\/cbt-2018-reco-de-la-boucle-devin\/\">boucle du Terril d\u2019Evin-Malmaison<\/a> de 15km juste apr\u00e8s le ravito de Leforest. <em>Attention, pas de balisage officiel \u201c36\u201d pour ce parcours alternatif propos\u00e9 ! Il faudra donc bien suivre les indications au d\u00e9part.<\/em><\/p>\n<p style=\"text-align: center;\"><iframe loading=\"lazy\" src=\"https:\/\/www.youtube.com\/embed\/gQWpI-1Z0mI\" allowfullscreen=\"allowfullscreen\" width=\"751\" height=\"480\" frameborder=\"0\"><\/iframe><strong>NOUVEAUTE : Bonus VTT de 3km le long du single des Sorci\u00e8res<\/strong><\/p>\n<p style=\"text-align: left;\"><em>Cette ann\u00e9e, la plaque de cadre VTT sera offerte par notre nouveau partenaire <a href=\"https:\/\/www.facebook.com\/energieveloorchies\/\" target=\"_blank\" rel=\"noopener\"><strong>Energie V\u00e9lo Orchies :<\/strong><\/a><\/em><\/p>\n<p style=\"text-align: center;\"><a href=\"https:\/\/veloclubfaumont.fr\/index.php\/2019-2\/chicon-bike-tour-2019\/cbt-2019-presentation-generale\/plaque-vtt-cbt2019\/\" rel=\"attachment wp-att-13442\"><img loading=\"lazy\" decoding=\"async\" class=\"aligncenter size-full wp-image-13442\" src=\"https:\/\/veloclubfaumont.fr\/wp-content\/uploads\/2019\/01\/plaque-VTT-cbt2019.jpg\" alt=\"\" width=\"1000\" height=\"712\" srcset=\"https:\/\/veloclubfaumont.fr\/wp-content\/uploads\/2019\/01\/plaque-VTT-cbt2019.jpg 1000w, https:\/\/veloclubfaumont.fr\/wp-content\/uploads\/2019\/01\/plaque-VTT-cbt2019-300x214.jpg 300w, https:\/\/veloclubfaumont.fr\/wp-content\/uploads\/2019\/01\/plaque-VTT-cbt2019-768x547.jpg 768w\" sizes=\"auto, (max-width: 1000px) 100vw, 1000px\" \/><\/a><\/p>\n<table style=\"border-collapse: collapse; width: 101.075%; height: 310px;\" border=\"1\">\n<tbody>\n<tr style=\"height: 320px;\">\n<td style=\"width: 50%; text-align: center; height: 310px;\"><a href=\"https:\/\/veloclubfaumont.fr\/index.php\/2019-2\/chicon-bike-tour-2019\/chicon-bike-tour-2019-les-parcours-cyclo\/\"><strong>2 parcours cyclos<\/strong><\/a> : 30 et 45 km&nbsp;&nbsp;&nbsp;<\/p>\n<p><a href=\"https:\/\/veloclubfaumont.fr\/index.php\/2019-2\/chicon-bike-tour-2019\/cbt-2019-presentation-generale\/img_5674\/\" rel=\"attachment wp-att-12801\"><img loading=\"lazy\" decoding=\"async\" class=\"aligncenter wp-image-12801\" src=\"https:\/\/veloclubfaumont.fr\/wp-content\/uploads\/2018\/11\/IMG_5674-1024x682.jpg\" alt=\"\" width=\"362\" height=\"241\" srcset=\"https:\/\/veloclubfaumont.fr\/wp-content\/uploads\/2018\/11\/IMG_5674-1024x682.jpg 1024w, https:\/\/veloclubfaumont.fr\/wp-content\/uploads\/2018\/11\/IMG_5674-300x200.jpg 300w, https:\/\/veloclubfaumont.fr\/wp-content\/uploads\/2018\/11\/IMG_5674-768x512.jpg 768w, https:\/\/veloclubfaumont.fr\/wp-content\/uploads\/2018\/11\/IMG_5674.jpg 1037w\" sizes=\"auto, (max-width: 362px) 100vw, 362px\" \/><\/a><\/td>\n<td style=\"width: 51.0753%; height: 310px;\">\n<p style=\"text-align: center;\"><a href=\"https:\/\/veloclubfaumont.fr\/index.php\/chicon-bike-tour-2019-les-parcours-marche\/\"><strong>5 Parcours marche<\/strong><\/a> : 4 \u2013 6 \u2013 8 \u2013 10 et 14 km<\/p>\n<p style=\"text-align: center;\"><img loading=\"lazy\" decoding=\"async\" class=\"aligncenter wp-image-87 \" src=\"https:\/\/veloclubfaumont.fr\/wp-content\/uploads\/2016\/12\/DSC06643-1024x686.jpg\" sizes=\"auto, (max-width: 300px) 100vw, 300px\" srcset=\"https:\/\/veloclubfaumont.fr\/wp-content\/uploads\/2016\/12\/DSC06643-300x201.jpg 300w, https:\/\/veloclubfaumont.fr\/wp-content\/uploads\/2016\/12\/DSC06643-768x514.jpg 768w, https:\/\/veloclubfaumont.fr\/wp-content\/uploads\/2016\/12\/DSC06643-1024x686.jpg 1024w, https:\/\/veloclubfaumont.fr\/wp-content\/uploads\/2016\/12\/DSC06643.jpg 1162w\" alt=\"\" width=\"358\" height=\"240\"><\/p>\n<\/td>\n<\/tr>\n<\/tbody>\n<\/table>\n<hr>\n<p style=\"text-align: justify;\">Accueil \u00e0 la salle des f\u00eates de Faumont, en plein centre-ville 742, rue nationale (voie principale entre R\u00e2ches et Seclin). Inscription et d\u00e9part de 7h30 \u00e0 10h00. Bonne ambiance assur\u00e9e.<\/p>\n<p style=\"text-align: justify;\"><strong>Participation : <\/strong>(les <a href=\"https:\/\/veloclubfaumont.fr\/index.php\/2019-2\/chicon-bike-tour-2019\/bulletins-inscriptions-chicon-bike-tour-2019\/\">bulletins d&rsquo;inscriptions sont t\u00e9l\u00e9chargeables ici<\/a>, \u00e0 imprimer et \u00e0 pr\u00e9senter remplis \u00e0 l&rsquo;accueil pour gagner du temps)<strong><br \/>\n<\/strong><\/p>\n<p><strong>VTT individuel<\/strong> : 5\u20ac&nbsp;&nbsp; <strong>VTT Club<\/strong> : 4,50\u20ac<br \/>\n<strong>Cyclo Individuel<\/strong> : 4\u20ac&nbsp; <strong>Cyclo club<\/strong> : 3,50\u20ac<br \/>\n<strong>Marche Individuelle<\/strong> : 3,50\u20ac&nbsp; <strong>Marche Club<\/strong> : 3\u20ac<\/p>\n<p style=\"text-align: justify;\">NB : ces informations sont susceptibles d\u2019\u00eatre modifi\u00e9es d\u2019ici le 20 janvier 2019.<\/p>\n<hr>\n<p style=\"text-align: justify;\"><strong>BONUS<\/strong> : recette de la soupe aux chicons : <span class=\" UFICommentActorAndBody\"> <span data-ft=\"{&quot;tn&quot;:&quot;K&quot;}\"><span class=\"UFICommentBody\">800gr de chicons, 80 gr de beurre, 2 carottes, 1 oignon, 2dl de cr\u00e8me fraiche, 2 l de bouillon de volaille. Faire revenir dans le beurre oignons, carottes, chicons, et ensuite mettre le bouillon pour faire cuire, puis mixer et cr\u00e8me dans le bol ou assiette.<\/span><\/span><\/span><\/p>\n","protected":false},"excerpt":{"rendered":"<p>Page Facebook de l&rsquo;\u00e9v\u00e9nement SOMMAIRE : 1- Page de Pr\u00e9sentation du Chicon Bike Tour 2019 (page actuelle) 2- Fiches d\u2019inscription \u00e0 t\u00e9l\u00e9charger (nouveau) 3- Pr\u00e9sentation g\u00e9n\u00e9rale des diff\u00e9rents parcours VTT&#8230;<\/p>\n","protected":false},"author":1,"featured_media":0,"parent":12283,"menu_order":0,"comment_status":"closed","ping_status":"closed","template":"","meta":{"ngg_post_thumbnail":0,"jetpack_post_was_ever_published":false,"two_page_speed":[],"footnotes":""},"class_list":["post-12402","page","type-page","status-publish","hentry"],"jetpack_sharing_enabled":true,"jetpack_shortlink":"https:\/\/wp.me\/P8bXJp-3e2","_links":{"self":[{"href":"https:\/\/veloclubfaumont.fr\/index.php\/wp-json\/wp\/v2\/pages\/12402","targetHints":{"allow":["GET"]}}],"collection":[{"href":"https:\/\/veloclubfaumont.fr\/index.php\/wp-json\/wp\/v2\/pages"}],"about":[{"href":"https:\/\/veloclubfaumont.fr\/index.php\/wp-json\/wp\/v2\/types\/page"}],"author":[{"embeddable":true,"href":"https:\/\/veloclubfaumont.fr\/index.php\/wp-json\/wp\/v2\/users\/1"}],"replies":[{"embeddable":true,"href":"https:\/\/veloclubfaumont.fr\/index.php\/wp-json\/wp\/v2\/comments?post=12402"}],"version-history":[{"count":0,"href":"https:\/\/veloclubfaumont.fr\/index.php\/wp-json\/wp\/v2\/pages\/12402\/revisions"}],"up":[{"embeddable":true,"href":"https:\/\/veloclubfaumont.fr\/index.php\/wp-json\/wp\/v2\/pages\/12283"}],"wp:attachment":[{"href":"https:\/\/veloclubfaumont.fr\/index.php\/wp-json\/wp\/v2\/media?parent=12402"}],"curies":[{"name":"wp","href":"https:\/\/api.w.org\/{rel}","templated":true}]}}