{"id":12409,"date":"2018-10-10T12:44:34","date_gmt":"2018-10-10T10:44:34","guid":{"rendered":"http:\/\/veloclubfaumont.fr\/?page_id=12409"},"modified":"2018-12-31T10:37:04","modified_gmt":"2018-12-31T09:37:04","slug":"cbt-2019-le-22-familial-vtt","status":"publish","type":"page","link":"https:\/\/veloclubfaumont.fr\/index.php\/2019-2\/chicon-bike-tour-2019\/cbt-2019-les-parcours-vtt\/cbt-2019-le-22-familial-vtt\/","title":{"rendered":"CBT 2019 : le 22 familial VTT"},"content":{"rendered":"<p><strong>C<\/strong><strong>arte du 22km familial :&nbsp;<\/strong> (avec chemins agricoles, Terril de Leforest, Ravito et Voie Verte du P\u00e9v\u00e8le)<strong><br \/>\n<\/strong><\/p>\n<p style=\"text-align: center;\"><a href=\"https:\/\/veloclubfaumont.fr\/index.php\/2019-2\/chicon-bike-tour-2019\/cbt-2019-les-parcours-vtt\/cbt-2019-le-22-familial-vtt\/carte-22km-cbt-2019-3\/\" rel=\"attachment wp-att-12874\"><img loading=\"lazy\" decoding=\"async\" class=\"aligncenter size-large wp-image-12874\" src=\"https:\/\/veloclubfaumont.fr\/wp-content\/uploads\/2018\/11\/carte-22km-cbt-2019-1024x724.jpg\" alt=\"\" width=\"1024\" height=\"724\" srcset=\"https:\/\/veloclubfaumont.fr\/wp-content\/uploads\/2018\/11\/carte-22km-cbt-2019-1024x724.jpg 1024w, https:\/\/veloclubfaumont.fr\/wp-content\/uploads\/2018\/11\/carte-22km-cbt-2019-300x212.jpg 300w, https:\/\/veloclubfaumont.fr\/wp-content\/uploads\/2018\/11\/carte-22km-cbt-2019-768x543.jpg 768w, https:\/\/veloclubfaumont.fr\/wp-content\/uploads\/2018\/11\/carte-22km-cbt-2019.jpg 1346w\" sizes=\"auto, (max-width: 1024px) 100vw, 1024px\" \/><\/a>&nbsp;<a href=\"https:\/\/veloclubfaumont.fr\/index.php\/2019-2\/chicon-bike-tour-2019\/cbt-2019-les-parcours-vtt\/cbt-2019-le-22-familial-vtt\/carte22vtt-2\/\" rel=\"attachment wp-att-12875\">carte 22-25 VTT<\/a> (en PDF)<\/p>\n<p style=\"text-align: center;\"><iframe loading=\"lazy\" src=\"https:\/\/www.openrunner.com\/route\/8011264\/embed\/fr\/69784d385072415a4b3142462b346c4a7a474e475a34796f463441576e7465704c6f544f734d3069744f593d3a3ae552c215d96e2414e3ba48566463dcf4\" allowfullscreen=\"allowfullscreen\" data-mce-fragment=\"1\" width=\"450px\" height=\"580px\" frameborder=\"0\"><\/iframe><br \/>\n<em>Carte Openrunner du 22km ou 25 avec bonus (avec lien GPS)<\/em><\/p>\n<table style=\"border-collapse: collapse; width: 100%;\" border=\"1\">\n<tbody>\n<tr>\n<td style=\"width: 100%;\">\n<p style=\"text-align: justify;\"><strong><a href=\"https:\/\/veloclubfaumont.fr\/index.php\/2019-2\/chicon-bike-tour-2019\/cbt-2019-les-parcours-vtt\/lolo1\/\" rel=\"attachment wp-att-12851\"><img loading=\"lazy\" decoding=\"async\" class=\"alignright wp-image-12851 \" src=\"https:\/\/veloclubfaumont.fr\/wp-content\/uploads\/2018\/11\/lolo1.jpg\" alt=\"\" width=\"241\" height=\"321\" srcset=\"https:\/\/veloclubfaumont.fr\/wp-content\/uploads\/2018\/11\/lolo1.jpg 1200w, https:\/\/veloclubfaumont.fr\/wp-content\/uploads\/2018\/11\/lolo1-225x300.jpg 225w, https:\/\/veloclubfaumont.fr\/wp-content\/uploads\/2018\/11\/lolo1-768x1024.jpg 768w\" sizes=\"auto, (max-width: 241px) 100vw, 241px\" \/><\/a><span style=\"font-size: 18pt; color: #ff0000;\">NOUVEAUTE<\/span><\/strong><span style=\"font-size: 18pt; color: #ff0000;\"> : exceptionnellement cette ann\u00e9e, les VTT du <strong><em>Chicon Bike Tour<\/em><\/strong> pourront \u00e0 nouveau avoir acc\u00e8s au single des Sorci\u00e8res. La boucle de <strong>3km<\/strong> sera propos\u00e9e en bonus d\u00e8s le d\u00e9but de la rando. Vous aurez donc la possibilit\u00e9 de suivre un long passage en for\u00eat dans un site labellis\u00e9 <strong>NATURA 2000<\/strong>. Ceux qui ont eu la chance de le traverser durant notre nocturne VTT pourront le retrouver de jour et red\u00e9couvrir ce magnifique endroit.<\/span><\/p>\n<p><span style=\"color: #ff0000; font-size: 18pt;\">22km + 3km bonus = <strong>25km<\/strong> au total<\/span><\/td>\n<\/tr>\n<\/tbody>\n<\/table>\n<p style=\"text-align: center;\"><iframe loading=\"lazy\" src=\"https:\/\/www.youtube.com\/embed\/gQWpI-1Z0mI\" allowfullscreen=\"allowfullscreen\" width=\"853\" height=\"480\" frameborder=\"0\"><\/iframe><strong>boucle bonus de 3km avec single des Sorci\u00e8res \u00e0 ajouter ou non<\/strong>&nbsp;<\/p>\n<p style=\"text-align: justify;\">Le parcours <strong>22 km VTT<\/strong> s\u2019adresse avant tout aux d\u00e9butants en VTT. L\u2019essentiel du trac\u00e9 s\u2019effectuera sur des chemins assez carrossables. Certains passages seront quand m\u00eame d\u00e9licats (des grosses flaques et surtout de la boue seront pr\u00e9sentes \u00e0 certains endroits et un petit terril sera gravi), il faudra donc avoir un v\u00e9lo permettant de passer correctement ces obstacles. Un v\u00e9lo de ville ou un VTC seraient donc \u00e0 exclure\u2026 ou \u00e0 vos risques et p\u00e9rils\u2026 (D+ : 135 m)<\/p>\n<p style=\"text-align: center;\"><a href=\"https:\/\/veloclubfaumont.fr\/index.php\/2018-2\/chicon-bike-tour-2018\/cbt-2018-le-21-km-vtt\/111cbt-2017-vtt-retour\/\" rel=\"attachment wp-att-8489\"><img loading=\"lazy\" decoding=\"async\" class=\"aligncenter wp-image-8489\" src=\"https:\/\/veloclubfaumont.fr\/wp-content\/uploads\/2017\/10\/111CBT-2017-vtt-retour-1024x683.jpg\" sizes=\"auto, (max-width: 563px) 100vw, 563px\" srcset=\"https:\/\/veloclubfaumont.fr\/wp-content\/uploads\/2017\/10\/111CBT-2017-vtt-retour-1024x683.jpg 1024w, https:\/\/veloclubfaumont.fr\/wp-content\/uploads\/2017\/10\/111CBT-2017-vtt-retour-300x200.jpg 300w, https:\/\/veloclubfaumont.fr\/wp-content\/uploads\/2017\/10\/111CBT-2017-vtt-retour-768x512.jpg 768w, https:\/\/veloclubfaumont.fr\/wp-content\/uploads\/2017\/10\/111CBT-2017-vtt-retour.jpg 1192w\" alt=\"\" width=\"563\" height=\"376\"><\/a><em>d\u00e9part commun \u00e0 travers champs<\/em><\/p>\n<p style=\"text-align: center;\"><a href=\"https:\/\/veloclubfaumont.fr\/index.php\/2019-2\/chicon-bike-tour-2019\/cbt-2019-les-parcours-vtt\/cbt-2019-le-46km-sportif\/vcfaumont-2017-07-27-10h16m53s097-2\/\" rel=\"attachment wp-att-12859\"><img loading=\"lazy\" decoding=\"async\" class=\"aligncenter size-large wp-image-12859\" src=\"https:\/\/veloclubfaumont.fr\/wp-content\/uploads\/2018\/11\/vcfaumont-2017-07-27-10h16m53s097-1024x581.jpg\" alt=\"\" width=\"1024\" height=\"581\" srcset=\"https:\/\/veloclubfaumont.fr\/wp-content\/uploads\/2018\/11\/vcfaumont-2017-07-27-10h16m53s097-1024x581.jpg 1024w, https:\/\/veloclubfaumont.fr\/wp-content\/uploads\/2018\/11\/vcfaumont-2017-07-27-10h16m53s097-300x170.jpg 300w, https:\/\/veloclubfaumont.fr\/wp-content\/uploads\/2018\/11\/vcfaumont-2017-07-27-10h16m53s097-768x436.jpg 768w, https:\/\/veloclubfaumont.fr\/wp-content\/uploads\/2018\/11\/vcfaumont-2017-07-27-10h16m53s097-120x67.jpg 120w, https:\/\/veloclubfaumont.fr\/wp-content\/uploads\/2018\/11\/vcfaumont-2017-07-27-10h16m53s097.jpg 1344w\" sizes=\"auto, (max-width: 1024px) 100vw, 1024px\" \/><\/a><em>la Boucle du <strong>Single des Sorci\u00e8res<\/strong> de 3km (comme pour notre Nocturne)<\/em><br \/>\n<em>sera accessible en <strong>bonus<\/strong> d\u00e8s le d\u00e9but de la randonn\u00e9e<\/em><br \/>\n<em>A vous de voir si vous voulez ou non l\u2019ajouter au parcours choisi.<\/em><\/p>\n<p style=\"text-align: justify;\">Apr\u00e8s avoir rejoint Raimbeaucourt, vous vous dirigerez vers Leforest o\u00f9 vous pourrez faire le tour du fameux Terril. Juste apr\u00e8s, vous trouverez \u00e0 mi-parcours le ravitaillement \u00e0 12km.<\/p>\n<p style=\"text-align: center;\"><a href=\"https:\/\/veloclubfaumont.fr\/index.php\/2018-2\/chicon-bike-tour-2018\/cbt-2018-le-21-km-vtt\/dsc_0146-2\/\" rel=\"attachment wp-att-8481\"><img loading=\"lazy\" decoding=\"async\" class=\"aligncenter wp-image-8481\" src=\"https:\/\/veloclubfaumont.fr\/wp-content\/uploads\/2017\/10\/DSC_0146-1024x683.jpg\" sizes=\"auto, (max-width: 561px) 100vw, 561px\" srcset=\"https:\/\/veloclubfaumont.fr\/wp-content\/uploads\/2017\/10\/DSC_0146-1024x683.jpg 1024w, https:\/\/veloclubfaumont.fr\/wp-content\/uploads\/2017\/10\/DSC_0146-300x200.jpg 300w, https:\/\/veloclubfaumont.fr\/wp-content\/uploads\/2017\/10\/DSC_0146-768x512.jpg 768w, https:\/\/veloclubfaumont.fr\/wp-content\/uploads\/2017\/10\/DSC_0146.jpg 1060w\" alt=\"\" width=\"561\" height=\"374\"><\/a><em>petit tour autour du Terril de Leforest<\/em><\/p>\n<p style=\"text-align: center;\"><a href=\"https:\/\/veloclubfaumont.fr\/index.php\/2019-2\/chicon-bike-tour-2019\/cbt-2019-les-parcours-vtt\/cbt-2019-le-22-familial-vtt\/dsc_0045-6\/\" rel=\"attachment wp-att-12415\"><img loading=\"lazy\" decoding=\"async\" class=\"alignright size-large wp-image-12415\" src=\"https:\/\/veloclubfaumont.fr\/wp-content\/uploads\/2018\/10\/DSC_0045-1024x683.jpg\" alt=\"\" width=\"1024\" height=\"683\" srcset=\"https:\/\/veloclubfaumont.fr\/wp-content\/uploads\/2018\/10\/DSC_0045-1024x683.jpg 1024w, https:\/\/veloclubfaumont.fr\/wp-content\/uploads\/2018\/10\/DSC_0045-300x200.jpg 300w, https:\/\/veloclubfaumont.fr\/wp-content\/uploads\/2018\/10\/DSC_0045-768x512.jpg 768w, https:\/\/veloclubfaumont.fr\/wp-content\/uploads\/2018\/10\/DSC_0045.jpg 1152w\" sizes=\"auto, (max-width: 1024px) 100vw, 1024px\" \/><\/a><em>un ravito bien fourni vous attendra \u00e0 Leforest<\/em><\/p>\n<p><em>&nbsp;<\/em><\/p>\n<p style=\"text-align: center;\"><a href=\"https:\/\/veloclubfaumont.fr\/index.php\/2018-2\/chicon-bike-tour-2018\/cbt-2018-le-21-km-vtt\/dsc_0312-2\/\" rel=\"attachment wp-att-8478\"><img loading=\"lazy\" decoding=\"async\" class=\"aligncenter wp-image-8478\" src=\"https:\/\/veloclubfaumont.fr\/wp-content\/uploads\/2017\/10\/DSC_0312-1024x683.jpg\" sizes=\"auto, (max-width: 604px) 100vw, 604px\" srcset=\"https:\/\/veloclubfaumont.fr\/wp-content\/uploads\/2017\/10\/DSC_0312-1024x683.jpg 1024w, https:\/\/veloclubfaumont.fr\/wp-content\/uploads\/2017\/10\/DSC_0312-300x200.jpg 300w, https:\/\/veloclubfaumont.fr\/wp-content\/uploads\/2017\/10\/DSC_0312-768x512.jpg 768w, https:\/\/veloclubfaumont.fr\/wp-content\/uploads\/2017\/10\/DSC_0312.jpg 1060w\" alt=\"\" width=\"604\" height=\"403\"><\/a><em>on remonte ensuite vers Moncheaux<\/em><\/p>\n<p style=\"text-align: justify;\">Apr\u00e8s avoir repris des forces, vous allez devoir tout doucement monter vers la colline de Mons en P\u00e9v\u00e8le, pour ensuite descendre tranquillement vers Faumont en empruntant la Voie Verte du P\u00e9v\u00e8le. Arriv\u00e9 \u00e0 la salle, vous pourrez vous r\u00e9galer d\u2019une excellente <strong>soupe aux chicons<\/strong> maison, d\u2019un <strong>sandwich<\/strong> et d\u2019une <strong>boisson<\/strong> afin de vous remettre de vos \u00e9motions.&nbsp;<\/p>\n<p style=\"text-align: center;\"><em><a href=\"https:\/\/veloclubfaumont.fr\/index.php\/2018-2\/chicon-bike-tour-2018\/cbt-2018-le-21-km-vtt\/cbt2016\/\" rel=\"attachment wp-att-8479\"><img loading=\"lazy\" decoding=\"async\" class=\"aligncenter size-full wp-image-8479\" src=\"https:\/\/veloclubfaumont.fr\/wp-content\/uploads\/2017\/10\/cbt2016.jpg\" sizes=\"auto, (max-width: 580px) 100vw, 580px\" srcset=\"https:\/\/veloclubfaumont.fr\/wp-content\/uploads\/2017\/10\/cbt2016.jpg 580w, https:\/\/veloclubfaumont.fr\/wp-content\/uploads\/2017\/10\/cbt2016-300x225.jpg 300w\" alt=\"\" width=\"580\" height=\"435\"><\/a>Retour tranquille en descendant Mons en P\u00e9v\u00e8le via la Voie Verte<\/em><\/p>\n<p style=\"text-align: justify;\">Cerise sur le g\u00e2teau, un <strong>sachet de chicons<\/strong> vous sera offert pour garder le meilleur souvenir d\u2019une matin\u00e9e forte en \u00e9motions ! Une <strong>aire de lavage<\/strong> sera \u00e9galement disponible \u00e0 la sortie du Village quelques centaines de m\u00e8tres plus loin (que vous croiserez lors du d\u00e9part de la randonn\u00e9e) pour nettoyer vos montures qui risquent d&rsquo;en avoir besoin&#8230;<\/p>\n<p style=\"text-align: center;\"><a href=\"https:\/\/veloclubfaumont.fr\/index.php\/2018-2\/chicon-bike-tour-2018\/cbt-2018-le-21-km-vtt\/56cbt-2017-retour-salle-2\/\" rel=\"attachment wp-att-8482\"><img loading=\"lazy\" decoding=\"async\" class=\"aligncenter wp-image-8482\" src=\"https:\/\/veloclubfaumont.fr\/wp-content\/uploads\/2017\/10\/56CBT-2017-Retour-salle-1024x683.jpg\" sizes=\"auto, (max-width: 555px) 100vw, 555px\" srcset=\"https:\/\/veloclubfaumont.fr\/wp-content\/uploads\/2017\/10\/56CBT-2017-Retour-salle-1024x683.jpg 1024w, https:\/\/veloclubfaumont.fr\/wp-content\/uploads\/2017\/10\/56CBT-2017-Retour-salle-300x200.jpg 300w, https:\/\/veloclubfaumont.fr\/wp-content\/uploads\/2017\/10\/56CBT-2017-Retour-salle-768x512.jpg 768w, https:\/\/veloclubfaumont.fr\/wp-content\/uploads\/2017\/10\/56CBT-2017-Retour-salle.jpg 1060w\" alt=\"\" width=\"555\" height=\"371\"><\/a><em>Il est maintenant temps de reprendre des forces \u00e0 la salle !<\/em><\/p>\n<p>&nbsp;<\/p>\n<p style=\"text-align: center;\"><a href=\"https:\/\/veloclubfaumont.fr\/index.php\/2018-2\/chicon-bike-tour-2018\/cbt-2018-le-21-km-vtt\/16cbt-2017-lavage-vtt\/\" rel=\"attachment wp-att-8490\"><img loading=\"lazy\" decoding=\"async\" class=\"aligncenter wp-image-8490\" src=\"https:\/\/veloclubfaumont.fr\/wp-content\/uploads\/2017\/10\/16CBT-2017-lavage-vtt-1024x683.jpg\" sizes=\"auto, (max-width: 559px) 100vw, 559px\" srcset=\"https:\/\/veloclubfaumont.fr\/wp-content\/uploads\/2017\/10\/16CBT-2017-lavage-vtt-1024x683.jpg 1024w, https:\/\/veloclubfaumont.fr\/wp-content\/uploads\/2017\/10\/16CBT-2017-lavage-vtt-300x200.jpg 300w, https:\/\/veloclubfaumont.fr\/wp-content\/uploads\/2017\/10\/16CBT-2017-lavage-vtt-768x512.jpg 768w, https:\/\/veloclubfaumont.fr\/wp-content\/uploads\/2017\/10\/16CBT-2017-lavage-vtt.jpg 1060w\" alt=\"\" width=\"559\" height=\"373\"><\/a><em>plusieurs tuyaux seront \u00e0 votre disposition pour retrouver votre monture comme au d\u00e9but\u2026<\/em><\/p>\n<p style=\"text-align: justify;\">Tout ceux qui sont venus une fois au <em>Chicon Bike Tour<\/em> promettent tous de revenir \u00e0 Faumont l\u2019ann\u00e9e prochaine. Organisation et ambiance assur\u00e9es !<\/p>\n<div class=\"\" data-block=\"true\" data-editor=\"ackfh\" data-offset-key=\"f0cn9-0-0\">\n<div data-offset-key=\"f0lgn-0-0\">&nbsp;<\/div>\n<\/div>\n<div class=\"\" style=\"text-align: justify;\" data-block=\"true\" data-editor=\"ackfh\" data-offset-key=\"96ibb-0-0\"><strong><a href=\"https:\/\/veloclubfaumont.fr\/index.php\/chicon-bike-tour\/chicon-bike-tour-2017-partenaires-et-sponsors\/fleche-vtt\/\" rel=\"attachment wp-att-3818\"><img loading=\"lazy\" decoding=\"async\" class=\"size-medium wp-image-3818 alignright\" src=\"https:\/\/veloclubfaumont.fr\/wp-content\/uploads\/2016\/12\/fleche-vtt-300x118.jpg\" sizes=\"auto, (max-width: 300px) 100vw, 300px\" srcset=\"https:\/\/veloclubfaumont.fr\/wp-content\/uploads\/2016\/12\/fleche-vtt-300x118.jpg 300w, https:\/\/veloclubfaumont.fr\/wp-content\/uploads\/2016\/12\/fleche-vtt-768x301.jpg 768w, https:\/\/veloclubfaumont.fr\/wp-content\/uploads\/2016\/12\/fleche-vtt.jpg 800w\" alt=\"\" width=\"300\" height=\"118\"><\/a>Fl\u00e9chage : <\/strong>chevron vert \u00e0 la bombe sur le bitume + fl\u00e8che verte a\u00e9rienne + rubalise rouge et blanche dans les sous-bois.<\/div>\n","protected":false},"excerpt":{"rendered":"<p>Carte du 22km familial :&nbsp; (avec chemins agricoles, Terril de Leforest, Ravito et Voie Verte du P\u00e9v\u00e8le) &nbsp;carte 22-25 VTT (en PDF) Carte Openrunner du 22km ou 25 avec bonus&#8230;<\/p>\n","protected":false},"author":1,"featured_media":0,"parent":12301,"menu_order":0,"comment_status":"closed","ping_status":"closed","template":"","meta":{"ngg_post_thumbnail":0,"jetpack_post_was_ever_published":false,"two_page_speed":[],"footnotes":""},"class_list":["post-12409","page","type-page","status-publish","hentry"],"jetpack_sharing_enabled":true,"jetpack_shortlink":"https:\/\/wp.me\/P8bXJp-3e9","_links":{"self":[{"href":"https:\/\/veloclubfaumont.fr\/index.php\/wp-json\/wp\/v2\/pages\/12409","targetHints":{"allow":["GET"]}}],"collection":[{"href":"https:\/\/veloclubfaumont.fr\/index.php\/wp-json\/wp\/v2\/pages"}],"about":[{"href":"https:\/\/veloclubfaumont.fr\/index.php\/wp-json\/wp\/v2\/types\/page"}],"author":[{"embeddable":true,"href":"https:\/\/veloclubfaumont.fr\/index.php\/wp-json\/wp\/v2\/users\/1"}],"replies":[{"embeddable":true,"href":"https:\/\/veloclubfaumont.fr\/index.php\/wp-json\/wp\/v2\/comments?post=12409"}],"version-history":[{"count":0,"href":"https:\/\/veloclubfaumont.fr\/index.php\/wp-json\/wp\/v2\/pages\/12409\/revisions"}],"up":[{"embeddable":true,"href":"https:\/\/veloclubfaumont.fr\/index.php\/wp-json\/wp\/v2\/pages\/12301"}],"wp:attachment":[{"href":"https:\/\/veloclubfaumont.fr\/index.php\/wp-json\/wp\/v2\/media?parent=12409"}],"curies":[{"name":"wp","href":"https:\/\/api.w.org\/{rel}","templated":true}]}}