{"id":125,"date":"2016-12-10T09:42:48","date_gmt":"2016-12-10T08:42:48","guid":{"rendered":"http:\/\/veloclubfaumont.fr\/?page_id=125"},"modified":"2016-12-10T09:42:48","modified_gmt":"2016-12-10T08:42:48","slug":"chicon-bike-tour-2017-fiches-inscription-vttcyclomarche","status":"publish","type":"page","link":"https:\/\/veloclubfaumont.fr\/index.php\/2017-2\/chicon-bike-tour\/chicon-bike-tour-2017-fiches-inscription-vttcyclomarche\/","title":{"rendered":"Chicon Bike Tour 2017 : Fiches Inscription VTT\/Cyclo\/Marche"},"content":{"rendered":"<p>Si vous voulez prendre un peu d\u2019avance et remplir d\u00e8s \u00e0 pr\u00e9sent votre fiche d\u2019inscription, voici les fiches club et individuelles (cela \u00e9vitera les temps d&rsquo;attente \u00e0 la salle le jour J) :<\/p>\n<ol>\n<li>Les fiches Individuelles (VTT\/Cyclo\/Marche) : <strong><a href=\"https:\/\/veloclubfaumont.fr\/wp-content\/uploads\/2016\/12\/Bulletin-dinscription-individuel-CBT-2017.pdf\">Bulletin d&rsquo;inscription individuel CBT-2017<\/a><\/strong><\/li>\n<li>Les fiches Club VTT : <strong><a href=\"https:\/\/veloclubfaumont.fr\/wp-content\/uploads\/2016\/12\/Bulletin-dinscription-club-VTT-CBT-2017.pdf\">Bulletin d&rsquo;inscription club VTT CBT-2017<\/a><\/strong><\/li>\n<li>Les fiches Club Cyclo : <strong><a href=\"https:\/\/veloclubfaumont.fr\/wp-content\/uploads\/2016\/12\/Bulletin-dinscription-club-CYCLO-CBT2017.pdf\">Bulletin d&rsquo;inscription club CYCLO CBT2017<\/a><\/strong><\/li>\n<li>Les fiches Club Marche : <strong><a href=\"https:\/\/veloclubfaumont.fr\/wp-content\/uploads\/2016\/12\/Bulletin-dinscription-club-MARCHE-CBT2017.pdf\">Bulletin d&rsquo;inscription club MARCHE CBT2017<\/a><\/strong><\/li>\n<\/ol>\n<p>Si vous faites un ch\u00e8que, ce sera \u00e0 l\u2019ordre de <strong>V\u00e9loclub Faumont<\/strong><\/p>\n","protected":false},"excerpt":{"rendered":"<p>Si vous voulez prendre un peu d\u2019avance et remplir d\u00e8s \u00e0 pr\u00e9sent votre fiche d\u2019inscription, voici les fiches club et individuelles (cela \u00e9vitera les temps d&rsquo;attente \u00e0 la salle le&#8230;<\/p>\n","protected":false},"author":1,"featured_media":0,"parent":68,"menu_order":0,"comment_status":"closed","ping_status":"closed","template":"","meta":{"ngg_post_thumbnail":0,"jetpack_post_was_ever_published":false,"two_page_speed":[],"footnotes":""},"class_list":["post-125","page","type-page","status-publish","hentry"],"jetpack_sharing_enabled":true,"jetpack_shortlink":"https:\/\/wp.me\/P8bXJp-21","_links":{"self":[{"href":"https:\/\/veloclubfaumont.fr\/index.php\/wp-json\/wp\/v2\/pages\/125","targetHints":{"allow":["GET"]}}],"collection":[{"href":"https:\/\/veloclubfaumont.fr\/index.php\/wp-json\/wp\/v2\/pages"}],"about":[{"href":"https:\/\/veloclubfaumont.fr\/index.php\/wp-json\/wp\/v2\/types\/page"}],"author":[{"embeddable":true,"href":"https:\/\/veloclubfaumont.fr\/index.php\/wp-json\/wp\/v2\/users\/1"}],"replies":[{"embeddable":true,"href":"https:\/\/veloclubfaumont.fr\/index.php\/wp-json\/wp\/v2\/comments?post=125"}],"version-history":[{"count":0,"href":"https:\/\/veloclubfaumont.fr\/index.php\/wp-json\/wp\/v2\/pages\/125\/revisions"}],"up":[{"embeddable":true,"href":"https:\/\/veloclubfaumont.fr\/index.php\/wp-json\/wp\/v2\/pages\/68"}],"wp:attachment":[{"href":"https:\/\/veloclubfaumont.fr\/index.php\/wp-json\/wp\/v2\/media?parent=125"}],"curies":[{"name":"wp","href":"https:\/\/api.w.org\/{rel}","templated":true}]}}