{"id":12785,"date":"2018-11-24T11:13:26","date_gmt":"2018-11-24T10:13:26","guid":{"rendered":"http:\/\/veloclubfaumont.fr\/?page_id=12785"},"modified":"2018-12-26T15:43:40","modified_gmt":"2018-12-26T14:43:40","slug":"chicon-bike-tour-2019-les-parcours-cyclo","status":"publish","type":"page","link":"https:\/\/veloclubfaumont.fr\/index.php\/2019-2\/chicon-bike-tour-2019\/chicon-bike-tour-2019-les-parcours-cyclo\/","title":{"rendered":"Chicon Bike Tour 2019 : les parcours Cyclo"},"content":{"rendered":"<p style=\"text-align: justify;\">Voici la page g\u00e9n\u00e9rale o\u00f9 sont pr\u00e9sent\u00e9s les 2 parcours cyclos officiels. <strong><br \/>\n<\/strong><\/p>\n<p style=\"text-align: justify;\"><strong>RAPPEL : Pour les cyclos, les ravitaillements et l&rsquo;eau seront donn\u00e9s \u00e0 l&rsquo;inscription.<\/strong><\/p>\n<p style=\"text-align: justify;\">Pour le <strong>30 km<\/strong>, nous vous ferons aller vers Coutiches, Auchy-les-Orchies, Cappelle en P\u00e9v\u00e8le, Bers\u00e9e et Mons en P\u00e9v\u00e8le.<\/p>\n<p style=\"text-align: justify;\">Pour le <strong>45 km<\/strong>, idem au 30 km + Nomain, Cobrieux et Genech.<\/p>\n<p style=\"text-align: center;\"><a href=\"https:\/\/veloclubfaumont.fr\/index.php\/2018-2\/chicon-bike-tour-2018-2\/chicon-bike-tour-2018-les-parcours-cyclo\/sony-dsc-31\/\" rel=\"attachment wp-att-9073\"><img loading=\"lazy\" decoding=\"async\" class=\"aligncenter wp-image-9073 size-large\" src=\"https:\/\/veloclubfaumont.fr\/wp-content\/uploads\/2017\/12\/DSC06724-1024x686.jpg\" alt=\"\" width=\"1024\" height=\"686\" srcset=\"https:\/\/veloclubfaumont.fr\/wp-content\/uploads\/2017\/12\/DSC06724-1024x686.jpg 1024w, https:\/\/veloclubfaumont.fr\/wp-content\/uploads\/2017\/12\/DSC06724-300x201.jpg 300w, https:\/\/veloclubfaumont.fr\/wp-content\/uploads\/2017\/12\/DSC06724-768x514.jpg 768w, https:\/\/veloclubfaumont.fr\/wp-content\/uploads\/2017\/12\/DSC06724.jpg 1162w\" sizes=\"auto, (max-width: 1024px) 100vw, 1024px\" \/><\/a><em>Au d\u00e9part de Faumont<\/em><\/p>\n<p style=\"text-align: justify;\"><strong>Voir les cartes ci-dessous pour plus de d\u00e9tails (vous pouvez acc\u00e9der aux liens openrunner avec traces GPS en cliquant sur l&rsquo;icone en haut \u00e0 droit de la carte interactive) :<\/strong><\/p>\n<p style=\"text-align: center;\"><a href=\"https:\/\/veloclubfaumont.fr\/index.php\/2019-2\/chicon-bike-tour-2019\/chicon-bike-tour-2019-les-parcours-cyclo\/carte-cyclo-30-45km-3\/\" rel=\"attachment wp-att-13112\"><img loading=\"lazy\" decoding=\"async\" class=\"aligncenter size-full wp-image-13112\" src=\"https:\/\/veloclubfaumont.fr\/wp-content\/uploads\/2018\/12\/carte-cyclo-30-45km.jpg\" alt=\"\" width=\"1123\" height=\"1344\" srcset=\"https:\/\/veloclubfaumont.fr\/wp-content\/uploads\/2018\/12\/carte-cyclo-30-45km.jpg 1123w, https:\/\/veloclubfaumont.fr\/wp-content\/uploads\/2018\/12\/carte-cyclo-30-45km-251x300.jpg 251w, https:\/\/veloclubfaumont.fr\/wp-content\/uploads\/2018\/12\/carte-cyclo-30-45km-768x919.jpg 768w, https:\/\/veloclubfaumont.fr\/wp-content\/uploads\/2018\/12\/carte-cyclo-30-45km-856x1024.jpg 856w\" sizes=\"auto, (max-width: 1123px) 100vw, 1123px\" \/><\/a><em>Carte des 2 parcours cyclos<\/em><\/p>\n<p>&nbsp;<\/p>\n<p style=\"text-align: center;\"><a href=\"https:\/\/veloclubfaumont.fr\/index.php\/2019-2\/chicon-bike-tour-2019\/chicon-bike-tour-2019-les-parcours-cyclo\/carte-cyclo-30km-2\/\" rel=\"attachment wp-att-12787\"><img loading=\"lazy\" decoding=\"async\" class=\"size-large wp-image-12787 aligncenter\" src=\"https:\/\/veloclubfaumont.fr\/wp-content\/uploads\/2018\/11\/carte-cyclo-30km-689x1024.jpg\" alt=\"\" width=\"689\" height=\"1024\" srcset=\"https:\/\/veloclubfaumont.fr\/wp-content\/uploads\/2018\/11\/carte-cyclo-30km-689x1024.jpg 689w, https:\/\/veloclubfaumont.fr\/wp-content\/uploads\/2018\/11\/carte-cyclo-30km-202x300.jpg 202w, https:\/\/veloclubfaumont.fr\/wp-content\/uploads\/2018\/11\/carte-cyclo-30km.jpg 731w\" sizes=\"auto, (max-width: 689px) 100vw, 689px\" \/><\/a><em>Carte du 30 km cyclo<\/em><\/p>\n<p style=\"text-align: center;\"><iframe loading=\"lazy\" src=\"https:\/\/www.openrunner.com\/route\/8113225\/embed\/fr\/6d33444165636e6c3951536365316a2b62794f4b5a676f4b7138494d5543675a6c497878656a6f516648593d3a3a3778c87496c3a753ca7dbf96457a33d3\" allowfullscreen=\"allowfullscreen\" width=\"450px\" height=\"580px\" frameborder=\"0\"><\/iframe> &nbsp;<\/p>\n<p style=\"text-align: justify;\">&nbsp;<\/p>\n<p style=\"text-align: center;\"><img loading=\"lazy\" decoding=\"async\" class=\"size-large wp-image-8936 aligncenter\" src=\"https:\/\/veloclubfaumont.fr\/wp-content\/uploads\/2017\/11\/carte-cyclo-45km-806x1024.jpg\" alt=\"\" width=\"806\" height=\"1024\" srcset=\"https:\/\/veloclubfaumont.fr\/wp-content\/uploads\/2017\/11\/carte-cyclo-45km-806x1024.jpg 806w, https:\/\/veloclubfaumont.fr\/wp-content\/uploads\/2017\/11\/carte-cyclo-45km-236x300.jpg 236w, https:\/\/veloclubfaumont.fr\/wp-content\/uploads\/2017\/11\/carte-cyclo-45km-768x976.jpg 768w, https:\/\/veloclubfaumont.fr\/wp-content\/uploads\/2017\/11\/carte-cyclo-45km.jpg 880w\" sizes=\"auto, (max-width: 806px) 100vw, 806px\" \/><em>Carte du 45 km cyclo<\/em><\/p>\n<p style=\"text-align: center;\"><iframe loading=\"lazy\" src=\"https:\/\/www.openrunner.com\/route\/8136972\/embed\/fr\/4c50714e52716639572f43446e6e3761586866325839333470507a76446b685959622f42784d66674454633d3a3ac157c40e7089de8369de838942a588d4\" allowfullscreen=\"allowfullscreen\" width=\"450px\" height=\"580px\" frameborder=\"0\"><\/iframe> &nbsp;<\/p>\n","protected":false},"excerpt":{"rendered":"<p>Voici la page g\u00e9n\u00e9rale o\u00f9 sont pr\u00e9sent\u00e9s les 2 parcours cyclos officiels. RAPPEL : Pour les cyclos, les ravitaillements et l&rsquo;eau seront donn\u00e9s \u00e0 l&rsquo;inscription. Pour le 30 km, nous&#8230;<\/p>\n","protected":false},"author":1,"featured_media":0,"parent":12283,"menu_order":0,"comment_status":"closed","ping_status":"closed","template":"","meta":{"ngg_post_thumbnail":0,"jetpack_post_was_ever_published":false,"two_page_speed":[],"footnotes":""},"class_list":["post-12785","page","type-page","status-publish","hentry"],"jetpack_sharing_enabled":true,"jetpack_shortlink":"https:\/\/wp.me\/P8bXJp-3kd","_links":{"self":[{"href":"https:\/\/veloclubfaumont.fr\/index.php\/wp-json\/wp\/v2\/pages\/12785","targetHints":{"allow":["GET"]}}],"collection":[{"href":"https:\/\/veloclubfaumont.fr\/index.php\/wp-json\/wp\/v2\/pages"}],"about":[{"href":"https:\/\/veloclubfaumont.fr\/index.php\/wp-json\/wp\/v2\/types\/page"}],"author":[{"embeddable":true,"href":"https:\/\/veloclubfaumont.fr\/index.php\/wp-json\/wp\/v2\/users\/1"}],"replies":[{"embeddable":true,"href":"https:\/\/veloclubfaumont.fr\/index.php\/wp-json\/wp\/v2\/comments?post=12785"}],"version-history":[{"count":0,"href":"https:\/\/veloclubfaumont.fr\/index.php\/wp-json\/wp\/v2\/pages\/12785\/revisions"}],"up":[{"embeddable":true,"href":"https:\/\/veloclubfaumont.fr\/index.php\/wp-json\/wp\/v2\/pages\/12283"}],"wp:attachment":[{"href":"https:\/\/veloclubfaumont.fr\/index.php\/wp-json\/wp\/v2\/media?parent=12785"}],"curies":[{"name":"wp","href":"https:\/\/api.w.org\/{rel}","templated":true}]}}