{"id":12793,"date":"2018-11-24T11:35:57","date_gmt":"2018-11-24T10:35:57","guid":{"rendered":"http:\/\/veloclubfaumont.fr\/?page_id=12793"},"modified":"2018-12-08T14:15:02","modified_gmt":"2018-12-08T13:15:02","slug":"chicon-bike-tour-2019-les-parcours-marche","status":"publish","type":"page","link":"https:\/\/veloclubfaumont.fr\/index.php\/2019-2\/chicon-bike-tour-2019\/chicon-bike-tour-2019-les-parcours-marche\/","title":{"rendered":"Chicon Bike Tour 2019 : Les parcours Marche"},"content":{"rendered":"<p style=\"text-align: justify;\">Cette ann\u00e9e, le <strong>Chicon Bike Tour<\/strong> emm\u00e8nera comme d\u2019habitude les marcheurs autour de Faumont.<\/p>\n<p style=\"text-align: justify;\">Le plus grand parcours (14 km) vous fera aller vers le pav\u00e9 des Rois, puis vers la Voie Verte du P\u00e9v\u00e8le,&nbsp; Bers\u00e9e, puis retour par la Picterie. Bien \u00e9videmment, les amateurs de <strong>marche nordique<\/strong> pourront \u00e9galement venir s\u2019initier \u00e0 leur passion au <em>Chicon<\/em>. <strong>Tarif individuel : 3,50\u20ac &#8211; Tarif club : 3\u20ac<\/strong><\/p>\n<p style=\"text-align: center;\"><a href=\"https:\/\/veloclubfaumont.fr\/index.php\/2018-2\/chicon-bike-tour-2018-2\/chicon-bike-tour-2018-les-parcours-marche\/sony-dsc-29\/\" rel=\"attachment wp-att-9069\"><img loading=\"lazy\" decoding=\"async\" class=\"aligncenter size-large wp-image-9069\" src=\"https:\/\/veloclubfaumont.fr\/wp-content\/uploads\/2017\/12\/DSC06619-1024x686.jpg\" alt=\"\" width=\"1024\" height=\"686\" srcset=\"https:\/\/veloclubfaumont.fr\/wp-content\/uploads\/2017\/12\/DSC06619-1024x686.jpg 1024w, https:\/\/veloclubfaumont.fr\/wp-content\/uploads\/2017\/12\/DSC06619-300x201.jpg 300w, https:\/\/veloclubfaumont.fr\/wp-content\/uploads\/2017\/12\/DSC06619-768x514.jpg 768w, https:\/\/veloclubfaumont.fr\/wp-content\/uploads\/2017\/12\/DSC06619.jpg 1162w\" sizes=\"auto, (max-width: 1024px) 100vw, 1024px\" \/><\/a><em>Chemin du Roi de France<\/em><\/p>\n<p style=\"text-align: center;\"><a href=\"https:\/\/veloclubfaumont.fr\/index.php\/2018-2\/chicon-bike-tour-2018-2\/chicon-bike-tour-2018-les-parcours-marche\/sony-dsc-30\/\" rel=\"attachment wp-att-9071\"><img loading=\"lazy\" decoding=\"async\" class=\"aligncenter wp-image-9071 size-large\" src=\"https:\/\/veloclubfaumont.fr\/wp-content\/uploads\/2017\/12\/DSC06637-1024x686.jpg\" alt=\"\" width=\"1024\" height=\"686\" srcset=\"https:\/\/veloclubfaumont.fr\/wp-content\/uploads\/2017\/12\/DSC06637-1024x686.jpg 1024w, https:\/\/veloclubfaumont.fr\/wp-content\/uploads\/2017\/12\/DSC06637-300x201.jpg 300w, https:\/\/veloclubfaumont.fr\/wp-content\/uploads\/2017\/12\/DSC06637-768x514.jpg 768w, https:\/\/veloclubfaumont.fr\/wp-content\/uploads\/2017\/12\/DSC06637.jpg 1162w\" sizes=\"auto, (max-width: 1024px) 100vw, 1024px\" \/><\/a><em>un peu de bitume pour d\u00e9crotter ses chaussures<\/em><\/p>\n<p style=\"text-align: center;\"><a href=\"https:\/\/veloclubfaumont.fr\/index.php\/chicon-bike-tour-2019-les-parcours-marche\/sony-dsc-57\/\" rel=\"attachment wp-att-12795\"><img loading=\"lazy\" decoding=\"async\" class=\"aligncenter wp-image-12795 size-large\" src=\"https:\/\/veloclubfaumont.fr\/wp-content\/uploads\/2018\/11\/DSC00248-1024x686.jpg\" alt=\"\" width=\"1024\" height=\"686\" srcset=\"https:\/\/veloclubfaumont.fr\/wp-content\/uploads\/2018\/11\/DSC00248-1024x686.jpg 1024w, https:\/\/veloclubfaumont.fr\/wp-content\/uploads\/2018\/11\/DSC00248-300x201.jpg 300w, https:\/\/veloclubfaumont.fr\/wp-content\/uploads\/2018\/11\/DSC00248-768x514.jpg 768w, https:\/\/veloclubfaumont.fr\/wp-content\/uploads\/2018\/11\/DSC00248.jpg 1162w\" sizes=\"auto, (max-width: 1024px) 100vw, 1024px\" \/><\/a><em>Voie Verte du P\u00e9v\u00e8le<\/em><\/p>\n<p style=\"text-align: center;\"><a href=\"https:\/\/veloclubfaumont.fr\/index.php\/chicon-bike-tour-2019-les-parcours-marche\/img_5743\/\" rel=\"attachment wp-att-12796\"><img loading=\"lazy\" decoding=\"async\" class=\"aligncenter size-large wp-image-12796\" src=\"https:\/\/veloclubfaumont.fr\/wp-content\/uploads\/2018\/11\/IMG_5743-1024x682.jpg\" alt=\"\" width=\"1024\" height=\"682\" srcset=\"https:\/\/veloclubfaumont.fr\/wp-content\/uploads\/2018\/11\/IMG_5743-1024x682.jpg 1024w, https:\/\/veloclubfaumont.fr\/wp-content\/uploads\/2018\/11\/IMG_5743-300x200.jpg 300w, https:\/\/veloclubfaumont.fr\/wp-content\/uploads\/2018\/11\/IMG_5743-768x512.jpg 768w, https:\/\/veloclubfaumont.fr\/wp-content\/uploads\/2018\/11\/IMG_5743.jpg 1037w\" sizes=\"auto, (max-width: 1024px) 100vw, 1024px\" \/><\/a><em>Retour vers Faumont<\/em><\/p>\n<p style=\"text-align: center;\"><img loading=\"lazy\" decoding=\"async\" class=\"aligncenter size-large wp-image-12797\" src=\"https:\/\/veloclubfaumont.fr\/wp-content\/uploads\/2018\/11\/DSC_0185-1024x683.jpg\" alt=\"\" width=\"1024\" height=\"683\" srcset=\"https:\/\/veloclubfaumont.fr\/wp-content\/uploads\/2018\/11\/DSC_0185-1024x683.jpg 1024w, https:\/\/veloclubfaumont.fr\/wp-content\/uploads\/2018\/11\/DSC_0185-300x200.jpg 300w, https:\/\/veloclubfaumont.fr\/wp-content\/uploads\/2018\/11\/DSC_0185-768x512.jpg 768w\" sizes=\"auto, (max-width: 1024px) 100vw, 1024px\" \/><em>de&nbsp;retour \u00e0 la salle vous attendront un sandwich, un bol de soupe aux chicons, <\/em><br \/>\n<em>une boisson et un sachet de chicons en souvenir<\/em><\/p>\n<p style=\"text-align: justify;\">Tous les d\u00e9tails dans les cartes ci-dessous :<\/p>\n<p style=\"text-align: justify;\"><em>les 5 parcours :<\/em><\/p>\n<p style=\"text-align: center;\"><a href=\"https:\/\/veloclubfaumont.fr\/index.php\/chicon-bike-tour-2019-les-parcours-marche\/carte-marche-salle-qrcode-2\/\" rel=\"attachment wp-att-12794\"><img loading=\"lazy\" decoding=\"async\" class=\"aligncenter size-large wp-image-12794\" src=\"https:\/\/veloclubfaumont.fr\/wp-content\/uploads\/2018\/11\/carte-marche-salle-qrcode-1024x724.jpg\" alt=\"\" width=\"1024\" height=\"724\" srcset=\"https:\/\/veloclubfaumont.fr\/wp-content\/uploads\/2018\/11\/carte-marche-salle-qrcode-1024x724.jpg 1024w, https:\/\/veloclubfaumont.fr\/wp-content\/uploads\/2018\/11\/carte-marche-salle-qrcode-300x212.jpg 300w, https:\/\/veloclubfaumont.fr\/wp-content\/uploads\/2018\/11\/carte-marche-salle-qrcode-768x543.jpg 768w, https:\/\/veloclubfaumont.fr\/wp-content\/uploads\/2018\/11\/carte-marche-salle-qrcode.jpg 1058w\" sizes=\"auto, (max-width: 1024px) 100vw, 1024px\" \/><\/a><\/p>\n<p style=\"text-align: justify;\">&nbsp;<\/p>\n<p style=\"text-align: justify;\"><strong><em>le 4 km :<\/em><\/strong><a href=\"https:\/\/veloclubfaumont.fr\/index.php\/2018-2\/chicon-bike-tour-2018-2\/chicon-bike-tour-2018-les-parcours-marche\/marche-carte-4km\/\" rel=\"attachment wp-att-8783\"><img loading=\"lazy\" decoding=\"async\" class=\"size-full wp-image-8783 aligncenter\" src=\"https:\/\/veloclubfaumont.fr\/wp-content\/uploads\/2017\/11\/marche-carte-4km.jpg\" alt=\"\" width=\"717\" height=\"810\" srcset=\"https:\/\/veloclubfaumont.fr\/wp-content\/uploads\/2017\/11\/marche-carte-4km.jpg 717w, https:\/\/veloclubfaumont.fr\/wp-content\/uploads\/2017\/11\/marche-carte-4km-266x300.jpg 266w\" sizes=\"auto, (max-width: 717px) 100vw, 717px\" \/><\/a><\/p>\n<p style=\"text-align: justify;\">&nbsp;<\/p>\n<p style=\"text-align: justify;\"><strong><em>le 6 km :<\/em><\/strong><a href=\"https:\/\/veloclubfaumont.fr\/index.php\/2018-2\/chicon-bike-tour-2018-2\/chicon-bike-tour-2018-les-parcours-marche\/marche-carte-6km\/\" rel=\"attachment wp-att-8785\"><img loading=\"lazy\" decoding=\"async\" class=\"size-large wp-image-8785 aligncenter\" src=\"https:\/\/veloclubfaumont.fr\/wp-content\/uploads\/2017\/11\/marche-carte-6km.jpg\" alt=\"\" width=\"1020\" height=\"813\" srcset=\"https:\/\/veloclubfaumont.fr\/wp-content\/uploads\/2017\/11\/marche-carte-6km.jpg 1020w, https:\/\/veloclubfaumont.fr\/wp-content\/uploads\/2017\/11\/marche-carte-6km-300x239.jpg 300w, https:\/\/veloclubfaumont.fr\/wp-content\/uploads\/2017\/11\/marche-carte-6km-768x612.jpg 768w\" sizes=\"auto, (max-width: 1020px) 100vw, 1020px\" \/><\/a><\/p>\n<p style=\"text-align: justify;\">&nbsp;<\/p>\n<p style=\"text-align: justify;\">&nbsp;<\/p>\n<p style=\"text-align: justify;\"><em><strong>le 8 km :<\/strong><\/em><a href=\"https:\/\/veloclubfaumont.fr\/index.php\/2018-2\/chicon-bike-tour-2018-2\/chicon-bike-tour-2018-les-parcours-marche\/marche-carte-8km\/\" rel=\"attachment wp-att-8786\"><img loading=\"lazy\" decoding=\"async\" class=\"size-large wp-image-8786 aligncenter\" src=\"https:\/\/veloclubfaumont.fr\/wp-content\/uploads\/2017\/11\/marche-carte-8km.jpg\" alt=\"\" width=\"562\" height=\"593\" srcset=\"https:\/\/veloclubfaumont.fr\/wp-content\/uploads\/2017\/11\/marche-carte-8km.jpg 562w, https:\/\/veloclubfaumont.fr\/wp-content\/uploads\/2017\/11\/marche-carte-8km-284x300.jpg 284w\" sizes=\"auto, (max-width: 562px) 100vw, 562px\" \/><\/a><\/p>\n<p style=\"text-align: justify;\">&nbsp;<\/p>\n<p><strong><em>le 10 km :<\/em><\/strong><a href=\"https:\/\/veloclubfaumont.fr\/index.php\/2018-2\/chicon-bike-tour-2018-2\/chicon-bike-tour-2018-les-parcours-marche\/marche-carte-10km\/\" rel=\"attachment wp-att-8787\"><img loading=\"lazy\" decoding=\"async\" class=\"size-large wp-image-8787 aligncenter\" src=\"https:\/\/veloclubfaumont.fr\/wp-content\/uploads\/2017\/11\/marche-carte-10km.jpg\" alt=\"\" width=\"566\" height=\"836\" srcset=\"https:\/\/veloclubfaumont.fr\/wp-content\/uploads\/2017\/11\/marche-carte-10km.jpg 566w, https:\/\/veloclubfaumont.fr\/wp-content\/uploads\/2017\/11\/marche-carte-10km-203x300.jpg 203w\" sizes=\"auto, (max-width: 566px) 100vw, 566px\" \/><\/a>&nbsp;<script type=\"text\/javascript\" src=\"http:\/\/www.openrunner.com\/orservice\/inorser-script.php?key=mykey&amp;ser=S08&amp;id=8085324&amp;w=700&amp;h=400&amp;k=2&amp;m=0&amp;ts=1512299492\"><\/script><\/p>\n<p style=\"text-align: justify;\">&nbsp;<\/p>\n<p style=\"text-align: justify;\"><em><strong>le 14 km :<\/strong><\/em><a href=\"https:\/\/veloclubfaumont.fr\/index.php\/2018-2\/chicon-bike-tour-2018-2\/chicon-bike-tour-2018-les-parcours-marche\/marche-carte-14km\/\" rel=\"attachment wp-att-8788\"><img loading=\"lazy\" decoding=\"async\" class=\"size-large wp-image-8788 aligncenter\" src=\"https:\/\/veloclubfaumont.fr\/wp-content\/uploads\/2017\/11\/marche-carte-14km-1024x647.jpg\" alt=\"\" width=\"1024\" height=\"647\" srcset=\"https:\/\/veloclubfaumont.fr\/wp-content\/uploads\/2017\/11\/marche-carte-14km-1024x647.jpg 1024w, https:\/\/veloclubfaumont.fr\/wp-content\/uploads\/2017\/11\/marche-carte-14km-300x189.jpg 300w, https:\/\/veloclubfaumont.fr\/wp-content\/uploads\/2017\/11\/marche-carte-14km-768x485.jpg 768w, https:\/\/veloclubfaumont.fr\/wp-content\/uploads\/2017\/11\/marche-carte-14km.jpg 1140w\" sizes=\"auto, (max-width: 1024px) 100vw, 1024px\" \/><\/a><\/p>\n<p><script type=\"text\/javascript\" src=\"http:\/\/www.openrunner.com\/orservice\/inorser-script.php?key=mykey&amp;ser=S09&amp;id=8085350&amp;w=800&amp;h=500&amp;hp=128&amp;k=2&amp;m=0&amp;pa=0&amp;c=0&amp;ts=1511962698\"><\/script><\/p>\n","protected":false},"excerpt":{"rendered":"<p>Cette ann\u00e9e, le Chicon Bike Tour emm\u00e8nera comme d\u2019habitude les marcheurs autour de Faumont. Le plus grand parcours (14 km) vous fera aller vers le pav\u00e9 des Rois, puis vers&#8230;<\/p>\n","protected":false},"author":1,"featured_media":0,"parent":12283,"menu_order":0,"comment_status":"closed","ping_status":"closed","template":"","meta":{"ngg_post_thumbnail":0,"jetpack_post_was_ever_published":false,"two_page_speed":[],"footnotes":""},"class_list":["post-12793","page","type-page","status-publish","hentry"],"jetpack_sharing_enabled":true,"jetpack_shortlink":"https:\/\/wp.me\/P8bXJp-3kl","_links":{"self":[{"href":"https:\/\/veloclubfaumont.fr\/index.php\/wp-json\/wp\/v2\/pages\/12793","targetHints":{"allow":["GET"]}}],"collection":[{"href":"https:\/\/veloclubfaumont.fr\/index.php\/wp-json\/wp\/v2\/pages"}],"about":[{"href":"https:\/\/veloclubfaumont.fr\/index.php\/wp-json\/wp\/v2\/types\/page"}],"author":[{"embeddable":true,"href":"https:\/\/veloclubfaumont.fr\/index.php\/wp-json\/wp\/v2\/users\/1"}],"replies":[{"embeddable":true,"href":"https:\/\/veloclubfaumont.fr\/index.php\/wp-json\/wp\/v2\/comments?post=12793"}],"version-history":[{"count":0,"href":"https:\/\/veloclubfaumont.fr\/index.php\/wp-json\/wp\/v2\/pages\/12793\/revisions"}],"up":[{"embeddable":true,"href":"https:\/\/veloclubfaumont.fr\/index.php\/wp-json\/wp\/v2\/pages\/12283"}],"wp:attachment":[{"href":"https:\/\/veloclubfaumont.fr\/index.php\/wp-json\/wp\/v2\/media?parent=12793"}],"curies":[{"name":"wp","href":"https:\/\/api.w.org\/{rel}","templated":true}]}}