{"id":12955,"date":"2018-12-08T14:59:02","date_gmt":"2018-12-08T13:59:02","guid":{"rendered":"http:\/\/veloclubfaumont.fr\/?page_id=12955"},"modified":"2019-01-09T11:11:30","modified_gmt":"2019-01-09T10:11:30","slug":"bulletins-inscriptions-chicon-bike-tour-2019","status":"publish","type":"page","link":"https:\/\/veloclubfaumont.fr\/index.php\/2019-2\/chicon-bike-tour-2019\/bulletins-inscriptions-chicon-bike-tour-2019\/","title":{"rendered":"Bulletins inscriptions Chicon Bike Tour 2019"},"content":{"rendered":"<p>Si vous voulez prendre un peu d\u2019avance et remplir d\u00e8s \u00e0 pr\u00e9sent votre fiche d\u2019inscription, voici les fiches club et individuelles (cela \u00e9vitera les temps d\u2019attente \u00e0 la salle le jour J) :<\/p>\n<p>Les fiches Individuelles (VTT\/Cyclo\/Marche) : <a href=\"https:\/\/veloclubfaumont.fr\/index.php\/2019-2\/chicon-bike-tour-2019\/bulletins-inscriptions-chicon-bike-tour-2019\/bulletin-dinscription-individuel-cbt-2019-2\/\" rel=\"attachment wp-att-13467\">Bulletin d&rsquo;inscription individuel CBT 2019<\/a><\/p>\n<p>Les fiches Club VTT : <a href=\"https:\/\/veloclubfaumont.fr\/index.php\/2019-2\/chicon-bike-tour-2019\/bulletins-inscriptions-chicon-bike-tour-2019\/bulletin-dinscription-club-vtt-cbt-2019\/\" target=\"_blank\" rel=\"attachment noopener wp-att-12957\">Bulletin d&rsquo;inscription club VTT CBT 2019<\/a><\/p>\n<p>Les fiches Club Cyclo : <a href=\"https:\/\/veloclubfaumont.fr\/index.php\/2019-2\/chicon-bike-tour-2019\/bulletins-inscriptions-chicon-bike-tour-2019\/bulletin-dinscription-club-cyclo-cbt2019\/\" rel=\"attachment wp-att-12960\">Bulletin d&rsquo;inscription club CYCLO CBT 2019<\/a><\/p>\n<p>Les fiches Club Marche :<a href=\"https:\/\/veloclubfaumont.fr\/index.php\/2019-2\/chicon-bike-tour-2019\/bulletins-inscriptions-chicon-bike-tour-2019\/bulletin-dinscription-club-marche-cbt2019\/\" rel=\"attachment wp-att-12956\">Bulletin d&rsquo;inscription club MARCHE CBT<\/a> <a href=\"https:\/\/veloclubfaumont.fr\/index.php\/2019-2\/chicon-bike-tour-2019\/bulletins-inscriptions-chicon-bike-tour-2019\/bulletin-dinscription-club-marche-cbt2019\/\" target=\"_blank\" rel=\"attachment noopener wp-att-12956\">2019<\/a><\/p>\n<p>Si vous faites un ch\u00e8que, ce sera \u00e0 l\u2019ordre de <strong>V\u00e9loclub Faumont<\/strong><\/p>\n<p><a href=\"https:\/\/veloclubfaumont.fr\/index.php\/2019-2\/chicon-bike-tour-2019\/bulletins-inscriptions-chicon-bike-tour-2019\/bulletin-indiv-2019\/\" rel=\"attachment wp-att-13468\"><img loading=\"lazy\" decoding=\"async\" class=\"aligncenter size-full wp-image-13468\" src=\"https:\/\/veloclubfaumont.fr\/wp-content\/uploads\/2019\/01\/bulletin-indiv-2019.jpg\" alt=\"\" width=\"1347\" height=\"952\" srcset=\"https:\/\/veloclubfaumont.fr\/wp-content\/uploads\/2019\/01\/bulletin-indiv-2019.jpg 1347w, https:\/\/veloclubfaumont.fr\/wp-content\/uploads\/2019\/01\/bulletin-indiv-2019-300x212.jpg 300w, https:\/\/veloclubfaumont.fr\/wp-content\/uploads\/2019\/01\/bulletin-indiv-2019-768x543.jpg 768w, https:\/\/veloclubfaumont.fr\/wp-content\/uploads\/2019\/01\/bulletin-indiv-2019-1024x724.jpg 1024w\" sizes=\"auto, (max-width: 1347px) 100vw, 1347px\" \/><\/a><\/p>\n","protected":false},"excerpt":{"rendered":"<p>Si vous voulez prendre un peu d\u2019avance et remplir d\u00e8s \u00e0 pr\u00e9sent votre fiche d\u2019inscription, voici les fiches club et individuelles (cela \u00e9vitera les temps d\u2019attente \u00e0 la salle le&#8230;<\/p>\n","protected":false},"author":1,"featured_media":0,"parent":12283,"menu_order":0,"comment_status":"closed","ping_status":"closed","template":"","meta":{"ngg_post_thumbnail":0,"jetpack_post_was_ever_published":false,"two_page_speed":[],"footnotes":""},"class_list":["post-12955","page","type-page","status-publish","hentry"],"jetpack_sharing_enabled":true,"jetpack_shortlink":"https:\/\/wp.me\/P8bXJp-3mX","_links":{"self":[{"href":"https:\/\/veloclubfaumont.fr\/index.php\/wp-json\/wp\/v2\/pages\/12955","targetHints":{"allow":["GET"]}}],"collection":[{"href":"https:\/\/veloclubfaumont.fr\/index.php\/wp-json\/wp\/v2\/pages"}],"about":[{"href":"https:\/\/veloclubfaumont.fr\/index.php\/wp-json\/wp\/v2\/types\/page"}],"author":[{"embeddable":true,"href":"https:\/\/veloclubfaumont.fr\/index.php\/wp-json\/wp\/v2\/users\/1"}],"replies":[{"embeddable":true,"href":"https:\/\/veloclubfaumont.fr\/index.php\/wp-json\/wp\/v2\/comments?post=12955"}],"version-history":[{"count":0,"href":"https:\/\/veloclubfaumont.fr\/index.php\/wp-json\/wp\/v2\/pages\/12955\/revisions"}],"up":[{"embeddable":true,"href":"https:\/\/veloclubfaumont.fr\/index.php\/wp-json\/wp\/v2\/pages\/12283"}],"wp:attachment":[{"href":"https:\/\/veloclubfaumont.fr\/index.php\/wp-json\/wp\/v2\/media?parent=12955"}],"curies":[{"name":"wp","href":"https:\/\/api.w.org\/{rel}","templated":true}]}}