{"id":146,"date":"2016-12-10T10:30:33","date_gmt":"2016-12-10T09:30:33","guid":{"rendered":"http:\/\/veloclubfaumont.fr\/?page_id=146"},"modified":"2016-12-10T10:57:30","modified_gmt":"2016-12-10T09:57:30","slug":"apres-midi-de-cyclotourisme-en-famille","status":"publish","type":"page","link":"https:\/\/veloclubfaumont.fr\/index.php\/2016-2\/apres-midi-de-cyclotourisme-en-famille\/","title":{"rendered":"Apr\u00e8s-midi de cyclotourisme en famille"},"content":{"rendered":"<div class=\"entry-content clearfix\">\n<p><strong>MERCI aux 32 participants \u00e0 cette cyclo-d\u00e9couverte vers la \u00ab&nbsp;MER de FLINES&nbsp;\u00bb<\/strong><\/p>\n<div><a href=\"http:\/\/goo.gl\/photos\/SsR26Kcmbj56Dwbr9\"><img decoding=\"async\" src=\"http:\/\/img15.hostingpics.net\/pics\/198463DSC0018.jpg\" alt=\"\"><\/a><\/div>\n<div style=\"text-align: center;\"><em>Apr\u00e8s-midi en famille (25 septembre 2016)<\/em><\/div>\n<div>&nbsp;<\/div>\n<p><span class=\" _50f4\">Cette ann\u00e9e, la m\u00e9t\u00e9o n\u2019\u00e9tait pas tr\u00e8s cl\u00e9mente, pourtant la semaine et m\u00eame la matin\u00e9e \u00e9taient ensoleill\u00e9es\u2026 mais pas de chance, de gros nuages gris et quelques gouttes de pluie n\u2019ont cependant pas effray\u00e9 plusieurs dizaines de t\u00e9m\u00e9raires. <\/span><\/p>\n<p><span class=\" _50f4\">Les femmes, les hommes et bien \u00e9videmment les enfants \u00e9taient au rendez-vous du V\u00e9loclub faumontois \u00e0 14h30. Apr\u00e8s un bref accueil devant la maison des Associations, la troupe se dirigea vers la Voie Verte direction Bers\u00e9e. <\/span><\/p>\n<p style=\"text-align: center;\"><img loading=\"lazy\" decoding=\"async\" class=\"alignnone size-large wp-image-148\" src=\"https:\/\/veloclubfaumont.fr\/wp-content\/uploads\/2016\/12\/DSC_0048-1024x683.jpg\" alt=\"\" width=\"1024\" height=\"683\" srcset=\"https:\/\/veloclubfaumont.fr\/wp-content\/uploads\/2016\/12\/DSC_0048-1024x683.jpg 1024w, https:\/\/veloclubfaumont.fr\/wp-content\/uploads\/2016\/12\/DSC_0048-300x200.jpg 300w, https:\/\/veloclubfaumont.fr\/wp-content\/uploads\/2016\/12\/DSC_0048-768x512.jpg 768w, https:\/\/veloclubfaumont.fr\/wp-content\/uploads\/2016\/12\/DSC_0048.jpg 1152w\" sizes=\"auto, (max-width: 1024px) 100vw, 1024px\" \/><\/p>\n<p style=\"text-align: center;\"><em>La troupe quittant la Voie Verte<\/em><\/p>\n<p><span class=\" _50f4\">Malgr\u00e9 une petite chute de L\u00e9onie (la benjamine du groupe), nous partons direction Flines o\u00f9 nous avons retrouv\u00e9 le ravitaillement \u00e0 la Mer de Flines. C\u2019est \u00e0 ce moment l\u00e0 qu\u2019une tr\u00e8s l\u00e9g\u00e8re averse s\u2019est invit\u00e9e et nous a un peu refroidi sur place. Mais apr\u00e8s avoir bu un bon coup et pris quelques friandises, on \u00e9tait ragaillardi et nous avons rejoint Faumont par des pav\u00e9s et la piste cyclable de la grand route avec en prime le retour du soleil. <\/span><\/p>\n<p style=\"text-align: center;\"><img loading=\"lazy\" decoding=\"async\" class=\"alignnone size-large wp-image-149\" src=\"https:\/\/veloclubfaumont.fr\/wp-content\/uploads\/2016\/12\/DSC_0058-1024x683.jpg\" alt=\"\" width=\"1024\" height=\"683\" srcset=\"https:\/\/veloclubfaumont.fr\/wp-content\/uploads\/2016\/12\/DSC_0058-1024x683.jpg 1024w, https:\/\/veloclubfaumont.fr\/wp-content\/uploads\/2016\/12\/DSC_0058-300x200.jpg 300w, https:\/\/veloclubfaumont.fr\/wp-content\/uploads\/2016\/12\/DSC_0058-768x512.jpg 768w, https:\/\/veloclubfaumont.fr\/wp-content\/uploads\/2016\/12\/DSC_0058.jpg 1152w\" sizes=\"auto, (max-width: 1024px) 100vw, 1024px\" \/><\/p>\n<p style=\"text-align: center;\"><em>La troupe s\u2019\u00e9lance vers les routes de la r\u00e9gion<\/em><\/p>\n<p style=\"text-align: center;\">&nbsp;<\/p>\n<p style=\"text-align: center;\"><img loading=\"lazy\" decoding=\"async\" class=\"alignnone size-large wp-image-150\" src=\"https:\/\/veloclubfaumont.fr\/wp-content\/uploads\/2016\/12\/DSC_0105-1-1024x683.jpg\" alt=\"\" width=\"1024\" height=\"683\" srcset=\"https:\/\/veloclubfaumont.fr\/wp-content\/uploads\/2016\/12\/DSC_0105-1-1024x683.jpg 1024w, https:\/\/veloclubfaumont.fr\/wp-content\/uploads\/2016\/12\/DSC_0105-1-300x200.jpg 300w, https:\/\/veloclubfaumont.fr\/wp-content\/uploads\/2016\/12\/DSC_0105-1-768x512.jpg 768w, https:\/\/veloclubfaumont.fr\/wp-content\/uploads\/2016\/12\/DSC_0105-1.jpg 1152w\" sizes=\"auto, (max-width: 1024px) 100vw, 1024px\" \/><em>Attention \u00e0 la s\u00e9curit\u00e9\u2026 heureusement, tous s\u2019est tr\u00e8s bien pass\u00e9 !<\/em><\/p>\n<p style=\"text-align: center;\">&nbsp;<\/p>\n<p style=\"text-align: center;\"><img loading=\"lazy\" decoding=\"async\" class=\"alignnone size-large wp-image-151\" src=\"https:\/\/veloclubfaumont.fr\/wp-content\/uploads\/2016\/12\/DSC_0111-1024x683.jpg\" alt=\"\" width=\"1024\" height=\"683\" srcset=\"https:\/\/veloclubfaumont.fr\/wp-content\/uploads\/2016\/12\/DSC_0111-1024x683.jpg 1024w, https:\/\/veloclubfaumont.fr\/wp-content\/uploads\/2016\/12\/DSC_0111-300x200.jpg 300w, https:\/\/veloclubfaumont.fr\/wp-content\/uploads\/2016\/12\/DSC_0111-768x512.jpg 768w, https:\/\/veloclubfaumont.fr\/wp-content\/uploads\/2016\/12\/DSC_0111.jpg 1152w\" sizes=\"auto, (max-width: 1024px) 100vw, 1024px\" \/><em>Une pause bien m\u00e9rit\u00e9e \u00e0 la Mer de Flines<\/em><\/p>\n<p style=\"text-align: center;\">&nbsp;<\/p>\n<p style=\"text-align: center;\"><img loading=\"lazy\" decoding=\"async\" class=\"alignnone size-large wp-image-152 aligncenter\" src=\"https:\/\/veloclubfaumont.fr\/wp-content\/uploads\/2016\/12\/DSC_0156-1024x683.jpg\" alt=\"\" width=\"1024\" height=\"683\" srcset=\"https:\/\/veloclubfaumont.fr\/wp-content\/uploads\/2016\/12\/DSC_0156-1024x683.jpg 1024w, https:\/\/veloclubfaumont.fr\/wp-content\/uploads\/2016\/12\/DSC_0156-300x200.jpg 300w, https:\/\/veloclubfaumont.fr\/wp-content\/uploads\/2016\/12\/DSC_0156-768x512.jpg 768w, https:\/\/veloclubfaumont.fr\/wp-content\/uploads\/2016\/12\/DSC_0156.jpg 1152w\" sizes=\"auto, (max-width: 1024px) 100vw, 1024px\" \/><em>C\u2019est l\u2019heure de repartir vers Faumont<\/em><\/p>\n<p style=\"text-align: center;\">&nbsp;<\/p>\n<p><span class=\" _50f4\">Les plus jeunes ont pu r\u00e9cup\u00e9rer leur dipl\u00f4me attestant leur participation \u00e0 notre apr\u00e8s-midi cyclotouriste. <\/span><\/p>\n<p style=\"text-align: center;\"><em><img loading=\"lazy\" decoding=\"async\" class=\"alignnone size-large wp-image-153\" src=\"https:\/\/veloclubfaumont.fr\/wp-content\/uploads\/2016\/12\/DSC_0215-1024x683.jpg\" alt=\"\" width=\"1024\" height=\"683\" srcset=\"https:\/\/veloclubfaumont.fr\/wp-content\/uploads\/2016\/12\/DSC_0215-1024x683.jpg 1024w, https:\/\/veloclubfaumont.fr\/wp-content\/uploads\/2016\/12\/DSC_0215-300x200.jpg 300w, https:\/\/veloclubfaumont.fr\/wp-content\/uploads\/2016\/12\/DSC_0215-768x512.jpg 768w, https:\/\/veloclubfaumont.fr\/wp-content\/uploads\/2016\/12\/DSC_0215.jpg 1152w\" sizes=\"auto, (max-width: 1024px) 100vw, 1024px\" \/>Les plus jeunes repartent avec leur dipl\u00f4me<\/em><\/p>\n<p style=\"text-align: center;\">&nbsp;<\/p>\n<p style=\"text-align: center;\"><img loading=\"lazy\" decoding=\"async\" class=\"alignnone size-large wp-image-154\" src=\"https:\/\/veloclubfaumont.fr\/wp-content\/uploads\/2016\/12\/DSC_0219-1024x683.jpg\" alt=\"\" width=\"1024\" height=\"683\" srcset=\"https:\/\/veloclubfaumont.fr\/wp-content\/uploads\/2016\/12\/DSC_0219-1024x683.jpg 1024w, https:\/\/veloclubfaumont.fr\/wp-content\/uploads\/2016\/12\/DSC_0219-300x200.jpg 300w, https:\/\/veloclubfaumont.fr\/wp-content\/uploads\/2016\/12\/DSC_0219-768x512.jpg 768w, https:\/\/veloclubfaumont.fr\/wp-content\/uploads\/2016\/12\/DSC_0219.jpg 1152w\" sizes=\"auto, (max-width: 1024px) 100vw, 1024px\" \/><em>Merci encore \u00e0 Camille pour ses d\u00e9licieux cookies faits maison<\/em><\/p>\n<p><span class=\" _50f4\">Apr\u00e8s s\u2019\u00eatre r\u00e9gal\u00e9 d\u2019un bon cookie pr\u00e9par\u00e9 par Camille et bu le verre de l\u2019amiti\u00e9, c\u2019\u00e9tait le moment de retourner chez soi. Tout le monde avait l\u2019air ravi de cette petite escapade. <\/span><\/p>\n<p><span class=\" _50f4\">A bient\u00f4t le 15 janvier 2017 pour notre grande randonn\u00e9e, le fameux \u00ab&nbsp;<a href=\"https:\/\/veloclubfaumont.fr\/index.php\/archives\/chicon-bike-tour\/chicon-bike-tour-2017-presentation-generale\/\">Chicon Bike Tour<\/a>&nbsp;\u00bb !!! <\/span><\/p>\n<p><span class=\" _50f4\"><strong>Trace GPS<\/strong> ici : <a href=\"https:\/\/connect.garmin.com\/modern\/activity\/1378403459\" target=\"_blank\">https:\/\/connect.garmin.com\/modern\/activity\/1378403459<\/a><\/span><\/p>\n<p style=\"text-align: center;\">Toutes les photos de l\u2019\u00e9v\u00e9nement ici :<br \/>\n<a href=\"https:\/\/www.facebook.com\/1528374570756772\/photos\/?tab=album&amp;album_id=1739208509673376\" target=\"_blank\">Lien album photos Facebook<\/a>&nbsp; ou&nbsp; <a href=\"https:\/\/goo.gl\/photos\/SsR26Kcmbj56Dwbr9\" target=\"_blank\">Google+<\/a><\/p>\n<\/div>\n","protected":false},"excerpt":{"rendered":"<p>MERCI aux 32 participants \u00e0 cette cyclo-d\u00e9couverte vers la \u00ab&nbsp;MER de FLINES&nbsp;\u00bb Apr\u00e8s-midi en famille (25 septembre 2016) &nbsp; Cette ann\u00e9e, la m\u00e9t\u00e9o n\u2019\u00e9tait pas tr\u00e8s cl\u00e9mente, pourtant la semaine&#8230;<\/p>\n","protected":false},"author":1,"featured_media":0,"parent":28,"menu_order":0,"comment_status":"closed","ping_status":"closed","template":"","meta":{"ngg_post_thumbnail":0,"jetpack_post_was_ever_published":false,"two_page_speed":[],"footnotes":""},"class_list":["post-146","page","type-page","status-publish","hentry"],"jetpack_sharing_enabled":true,"jetpack_shortlink":"https:\/\/wp.me\/P8bXJp-2m","_links":{"self":[{"href":"https:\/\/veloclubfaumont.fr\/index.php\/wp-json\/wp\/v2\/pages\/146","targetHints":{"allow":["GET"]}}],"collection":[{"href":"https:\/\/veloclubfaumont.fr\/index.php\/wp-json\/wp\/v2\/pages"}],"about":[{"href":"https:\/\/veloclubfaumont.fr\/index.php\/wp-json\/wp\/v2\/types\/page"}],"author":[{"embeddable":true,"href":"https:\/\/veloclubfaumont.fr\/index.php\/wp-json\/wp\/v2\/users\/1"}],"replies":[{"embeddable":true,"href":"https:\/\/veloclubfaumont.fr\/index.php\/wp-json\/wp\/v2\/comments?post=146"}],"version-history":[{"count":0,"href":"https:\/\/veloclubfaumont.fr\/index.php\/wp-json\/wp\/v2\/pages\/146\/revisions"}],"up":[{"embeddable":true,"href":"https:\/\/veloclubfaumont.fr\/index.php\/wp-json\/wp\/v2\/pages\/28"}],"wp:attachment":[{"href":"https:\/\/veloclubfaumont.fr\/index.php\/wp-json\/wp\/v2\/media?parent=146"}],"curies":[{"name":"wp","href":"https:\/\/api.w.org\/{rel}","templated":true}]}}