{"id":156,"date":"2016-12-10T10:35:04","date_gmt":"2016-12-10T09:35:04","guid":{"rendered":"http:\/\/veloclubfaumont.fr\/?page_id=156"},"modified":"2017-01-21T10:43:29","modified_gmt":"2017-01-21T09:43:29","slug":"1ere-nocturne-vtt-faumontoise","status":"publish","type":"page","link":"https:\/\/veloclubfaumont.fr\/index.php\/2016-2\/1ere-nocturne-vtt-faumontoise\/","title":{"rendered":"1\u00e8re Nocturne VTT Faumontoise 2016"},"content":{"rendered":"<div class=\"mep_standard1\">\n<div class=\"meps_bloc_tbl\">\n<div class=\"meps_bloc_tbl_rw\">\n<div class=\"meps_bloc_tbl_cll\">\n<div align=\"center\"><a href=\"http:\/\/img4.hostingpics.net\/pics\/181910flyernocturnevttfaumont2016.jpg\" target=\"_blank\"><img decoding=\"async\" src=\"http:\/\/img4.hostingpics.net\/pics\/181910flyernocturnevttfaumont2016.jpg\"><\/a><\/div>\n<\/div>\n<\/div>\n<\/div>\n<\/div>\n<div class=\"mep_standard1\">\n<div class=\"meps_bloc_tbl\">\n<div class=\"meps_bloc_tbl_rw\">\n<div class=\"meps_bloc_tbl_cll\">\n<p style=\"text-align: justify;\"><em><span class=\" _50f4\">Merci aux quelques 170 VTTistes noctambules qui sont venus ce soir assister \u00e0 notre premi\u00e8re rando VTT nocturne. Les \u00e9chos au retour ont \u00e9t\u00e9 fort positifs. En esp\u00e9rant vous revoir encore plus nombreux \u00e0 notre prochaine nocturne le vendredi 25 ao\u00fbt 2017&#8230;<\/span><\/em><\/p>\n<p>&nbsp;<\/p>\n<ul>\n<li><strong>Pr\u00e9sentation de l&rsquo;\u00e9v\u00e9nement<\/strong><\/li>\n<\/ul>\n<p style=\"text-align: justify;\">Cette ann\u00e9e, nous avons d\u00e9cid\u00e9 d&rsquo;innover. 2015 fut l&rsquo;ann\u00e9e de la cr\u00e9ation de la <em><a href=\"https:\/\/veloclubfaumont.fr\/index.php\/2016-2\/seconde-ronde-de-la-fraise-2016\/\">Ronde de la Fraise<\/a><\/em> cyclo (d\u00e9sormais supprim\u00e9e) le jour de la f\u00eate des m\u00e8res. Or, la traditionnelle rando du P\u00e9v\u00e8le au Hainaut qui avait habituellement lieu le dernier dimanche d&rsquo;ao\u00fbt a \u00e9t\u00e9 supprim\u00e9e. Beaucoup de personnes nous r\u00e9clamaient donc une seconde rando VTT apr\u00e8s le grand succ\u00e8s du <em><a href=\"https:\/\/veloclubfaumont.fr\/index.php\/2016-2\/chicon-bike-tour-2016-le-compte-rendu\/\">Chicon Bike Tour<\/a><\/em>.<br \/>\nApr\u00e8s quelques br\u00e8ves h\u00e9sitations, nous avons accept\u00e9 la proposition de notre secr\u00e9taire Denis : organiser notre <strong>premi\u00e8re rando nocturne<\/strong>. C&rsquo;est donc avec un immense plaisir que nous vous proposerons apr\u00e8s la braderie organis\u00e9e par notre club une escapade \u00e0 la belle \u00e9toile dans la r\u00e9gion du P\u00e9v\u00e8le le samedi 27 ao\u00fbt 2016.<\/p>\n<p style=\"text-align: justify;\">Pr\u00e9parez donc votre <strong>gilet jaune r\u00e9fl\u00e9chissant<\/strong> (obligatoire dans chaque voiture et \u00e9galement sur notre rando), un <strong>bon \u00e9clairage<\/strong> avant avec si possible une lampe longue dur\u00e9e sur le cintre et une frontale en cas de panne, ainsi qu&rsquo;un \u00e9clairage arri\u00e8re pour bien se faire voir de celui qui vous suit). Bien \u00e9videmment, le <strong>casque<\/strong> sera \u00e9galement obligatoire.<br \/>\n<strong>Une plaque de guidon sera offerte aux 200 premiers inscrits. Le d\u00e9part sera group\u00e9 entre 20h30 et 21h00.<\/strong><\/p>\n<p>3 parcours \u00e9taient propos\u00e9s : <strong>un familial de 14 km<\/strong>, <strong>un plus physique de 25 km <\/strong>(avec possibilit\u00e9 d&rsquo;un bonus technique en faisant la mont\u00e9e de Mons en P\u00e9v\u00e8le qui la transformera en 28 km) et un <strong>plus costaud de 39 km<\/strong>.&nbsp; <strong>Deux ravitos <\/strong>seront disponibles le long des 2 plus grands parcours (le 28 et le 39, un seul sur le familial et le 25). Bien \u00e9videmment, au retour \u00e0 la salle, vous aurez droit \u00e0 un bon <strong>barbecue<\/strong> et une <strong>boisson<\/strong> pour vous remettre de vos \u00e9motions ainsi qu&rsquo;\u00e0 une animation musicale pour animer la sortie.<\/p>\n<p>&nbsp;<\/p>\n<\/div>\n<\/div>\n<\/div>\n<\/div>\n<div class=\"meps_bloc_tbl_cll\">\n<div class=\"mep_standard1\">\n<div class=\"meps_bloc_tbl\">\n<div class=\"meps_bloc_tbl_rw\">\n<div class=\"meps_bloc_tbl_cll\">\n<ul>\n<li><strong>Pr\u00e9sentation des Parcours propos\u00e9s<\/strong><\/li>\n<\/ul>\n<p>Pour cette premi\u00e8re \u00e9dition de notre Nocturne VTT, nous vous proposons 3 parcours de niveaux diff\u00e9rents :<\/p>\n<p>&#8211; Un <strong>trac\u00e9 familial de 14 km <\/strong>(sans r\u00e9elle difficult\u00e9 + travers\u00e9e de 2 bois dont un priv\u00e9 ouvert sp\u00e9cialement pour notre Nocturne)<br \/>\n&#8211; Un <strong>trac\u00e9 moyen de 25 km <\/strong>(mais assez roulant dans l&rsquo;ensemble)<br \/>\n<strong>&#8211; <\/strong>Un<strong> trac\u00e9 plus exigeant de 28 km<\/strong> (montant \u00e0 l&rsquo;antenne de Mons en P\u00e9v\u00e8le + descente un peu technique, mais avec un second ravito en prime)<br \/>\n&#8211; Un <strong>trac\u00e9 plus sportif de 39 km <\/strong>(les 2 bois + antenne MEP + chemins dans les p\u00e2tures de la P\u00e9v\u00e8le + plusieurs mont\u00e9es et descentes assez techniques de Mons en P\u00e9v\u00e8le) + 2 ravitos.<\/p>\n<p>Le d\u00e9part sera group\u00e9 entre 20h30 et 21h00.<\/p>\n<p style=\"text-align: justify;\"><u>Un fl\u00e9chage sur le parcours vous montrera les diverses bifurcations. A tout moment, celui qui se trouvera sur la trace du 25 ou du 28 aura la possibilit\u00e9 de bifurquer et ajouter une boucle bonus en allant vers la 39 sachant que cette derni\u00e8re revient sur la trace commune (voir cartes plus bas).<\/u><\/p>\n<p><strong>Un ou deux ravitos<\/strong> seront disponibles selon les trac\u00e9s. Au retour \u00e0 la salle, une <strong>boisson<\/strong> et un <strong>barbecue<\/strong> vous attendront apr\u00e8s ce bel effort.<\/p>\n<div><img decoding=\"async\" src=\"https:\/\/c1.staticflickr.com\/7\/6121\/6012427388_8159ed5e12_b.jpg\" alt=\"\"><\/div>\n<p style=\"text-align: justify;\">A noter que le <strong>Ravito 1<\/strong> (commun \u00e0 tous les parcours) se fera exceptionnellement au <em>Ch\u00e2teau de la Caignerie<\/em> (voir photo plus haut) qui nous ouvrira aimablement ses portes ainsi que l&rsquo;entr\u00e9e de son Bois priv\u00e9. Le <strong>Ravito 2<\/strong> (28 et 39 km) se fera au <em>Pas Roland<\/em> \u00e0 Mons en P\u00e9v\u00e8le (voir photo plus bas).<br \/>\nPour ceux qui auraient un probl\u00e8me technique ou une grosse fatigue, un \u00ab\u00a0Retour Salle direct\u00a0\u00bb sera disponible juste apr\u00e8s le ravito 1 sur le trac\u00e9 du 14 km.<\/p>\n<p>Un reportage photos de la reconnaissance du 39 km est disponible sur notre <a href=\"https:\/\/www.facebook.com\/veloclubfaumont\/photos\/?tab=album&amp;album_id=1716258045301756\" target=\"_blank\">page Facebook ici<\/a>.<\/p>\n<div style=\"text-align: center;\"><img decoding=\"async\" src=\"http:\/\/img4.hostingpics.net\/pics\/673438DSC0192.jpg\" alt=\"\"><br \/>\nLe \u00ab\u00a0<em>Pas Roland<\/em>\u00a0\u00bb \u00e0 Mons en P\u00e9v\u00e8le<\/div>\n<\/div>\n<\/div>\n<\/div>\n<\/div>\n<div id=\"wctamre0\" class=\"wctamre\">&nbsp;<\/div>\n<div class=\"mep_standard1\">\n<div class=\"meps_bloc_tbl\">\n<div class=\"meps_bloc_tbl_rw\">\n<div class=\"meps_bloc_tbl_cll\">\n<div align=\"center\"><a href=\"http:\/\/img15.hostingpics.net\/pics\/330494presentationdiverstracsnocturne.jpg\" target=\"_blank\"><img decoding=\"async\" src=\"http:\/\/img15.hostingpics.net\/pics\/330494presentationdiverstracsnocturne.jpg\"><\/a><\/div>\n<\/div>\n<\/div>\n<\/div>\n<\/div>\n<div class=\"mep_standard1\">\n<div class=\"meps_bloc_tbl\">\n<div class=\"meps_bloc_tbl_rw\">\n<div class=\"meps_bloc_tbl_cll\">\n<div style=\"text-align: justify;\"><strong>Carte des parcours propos\u00e9s<\/strong><br \/>\n<em>(A noter qu&rsquo;il y a aura un retour direct \u00e0 la salle juste apr\u00e8s le premier ravito<br \/>\npour celui qui aurait un probl\u00e8me technique ou autre et que les boucles bonus de la 39<br \/>\nsont accessibles pour celui qui est sur la 25 ou la 28) <\/em><\/div>\n<\/div>\n<\/div>\n<\/div>\n<\/div>\n<div class=\"mep_standard1\">\n<div class=\"meps_bloc_tbl\">\n<div class=\"meps_bloc_tbl_rw\">\n<div class=\"meps_bloc_tbl_cll\">\n<div class=\"conteneur_legende_hover\" align=\"center\"><a href=\"http:\/\/img15.hostingpics.net\/pics\/319145cartenocturne2016ign.jpg\" target=\"_blank\"><img decoding=\"async\" src=\"http:\/\/img15.hostingpics.net\/pics\/319145cartenocturne2016ign.jpg\" alt=\"Cliquez pour agrandir\"><\/a><\/div>\n<\/div>\n<\/div>\n<\/div>\n<\/div>\n<div id=\"wctamre1\" class=\"wctamre\" style=\"text-align: center;\">&nbsp;<em>Carte des 4 parcours<\/em><\/div>\n<div class=\"wctamre\" style=\"text-align: center;\">&nbsp;<\/div>\n<div class=\"wctamre\">&nbsp;<\/div>\n<div class=\"mep_standard1\">\n<div class=\"meps_bloc_tbl\">\n<div class=\"meps_bloc_tbl_rw\">\n<div class=\"meps_bloc_tbl_cll\">\n<div class=\"conteneur_legende_hover\" align=\"center\">\n<p><a href=\"http:\/\/img15.hostingpics.net\/pics\/489420cartesat.jpg\" target=\"_blank\"><img decoding=\"async\" src=\"http:\/\/img15.hostingpics.net\/pics\/489420cartesat.jpg\" alt=\"Cliquez pour agrandir\"><\/a><\/p>\n<div class=\"conteneur_legende\"><em>Carte satellite des 4 parcours<\/em><\/div>\n<div class=\"conteneur_legende\">&nbsp;<\/div>\n<div class=\"conteneur_legende\">&nbsp;<\/div>\n<\/div>\n<\/div>\n<\/div>\n<\/div>\n<\/div>\n<div class=\"mep_standard1\">\n<div class=\"meps_bloc_tbl\">\n<div class=\"meps_bloc_tbl_rw\">\n<div class=\"meps_bloc_tbl_cll\">\n<ul>\n<li><strong>Parcours familial de 14 km :<br \/>\n<\/strong><\/li>\n<\/ul>\n<\/div>\n<\/div>\n<\/div>\n<\/div>\n<div class=\"mep_standard1\">\n<div class=\"meps_bloc_tbl\">\n<div class=\"meps_bloc_tbl_rw\">\n<div class=\"meps_bloc_tbl_cll\">\n<div align=\"center\"><a href=\"http:\/\/img11.hostingpics.net\/pics\/797277trace14km.jpg\" target=\"_blank\"><img decoding=\"async\" src=\"http:\/\/img11.hostingpics.net\/pics\/797277trace14km.jpg\"><\/a><\/div>\n<\/div>\n<\/div>\n<\/div>\n<\/div>\n<div id=\"wctamre2\" class=\"wctamre\">&nbsp;<\/div>\n<div class=\"mep_standard1\">\n<div class=\"meps_bloc_tbl\">\n<div class=\"meps_bloc_tbl_rw\">\n<div class=\"meps_bloc_tbl_cll\">\n<ul>\n<li>&nbsp;<strong>Les 2 parcours interm\u00e9diaires :<br \/>\n<\/strong><\/li>\n<\/ul>\n<div><strong>&#8211; de 25 km (sans mont\u00e9e de l&rsquo;antenne de Mons en P\u00e9v\u00e8le)<br \/>\n&#8211; de 28 km (avec mont\u00e9e de l&rsquo;antenne de Mons en P\u00e9v\u00e8le)<\/strong><\/div>\n<\/div>\n<\/div>\n<\/div>\n<\/div>\n<div class=\"mep_standard1\">\n<div class=\"meps_bloc_tbl\">\n<div class=\"meps_bloc_tbl_rw\">\n<div class=\"meps_bloc_tbl_cll\">\n<div class=\"conteneur_legende_hover\" align=\"center\">\n<p><a href=\"http:\/\/img15.hostingpics.net\/pics\/838287trac25km.jpg\" target=\"_blank\"><img decoding=\"async\" src=\"http:\/\/img15.hostingpics.net\/pics\/838287trac25km.jpg\"><\/a><\/p>\n<div class=\"conteneur_legende\">Sans mont\u00e9e de l&rsquo;antenne de Mons en P\u00e9v\u00e8le<\/div>\n<\/div>\n<\/div>\n<div class=\"meps_bloc_tbl_cll\">\n<div class=\"conteneur_legende_hover\" align=\"center\">\n<p><a href=\"http:\/\/img15.hostingpics.net\/pics\/453761trac28km.jpg\" target=\"_blank\"><img decoding=\"async\" src=\"http:\/\/img15.hostingpics.net\/pics\/453761trac28km.jpg\"><\/a><\/p>\n<div class=\"conteneur_legende\"><em>Avec la mont\u00e9e de l&rsquo;antenne de Mons en P\u00e9v\u00e8le<\/em><\/div>\n<div class=\"conteneur_legende\">&nbsp;<\/div>\n<div class=\"conteneur_legende\">&nbsp;<\/div>\n<\/div>\n<\/div>\n<\/div>\n<\/div>\n<\/div>\n<div class=\"mep_standard1\">\n<div class=\"meps_bloc_tbl\">\n<div class=\"meps_bloc_tbl_rw\">\n<div class=\"meps_bloc_tbl_cll\">\n<ul>\n<li><strong>Le parcours de 39 km<\/strong><\/li>\n<\/ul>\n<\/div>\n<\/div>\n<\/div>\n<\/div>\n<div class=\"mep_standard1\">\n<div class=\"meps_bloc_tbl\">\n<div class=\"meps_bloc_tbl_rw\">\n<div class=\"meps_bloc_tbl_cll\">\n<div class=\"conteneur_legende_hover\" align=\"center\"><a href=\"http:\/\/img15.hostingpics.net\/pics\/940595trac39km.jpg\" target=\"_blank\"><img decoding=\"async\" src=\"http:\/\/img15.hostingpics.net\/pics\/940595trac39km.jpg\"><\/a><\/div>\n<\/div>\n<\/div>\n<\/div>\n<\/div>\n<\/div>\n<div class=\"meps_bloc_tbl_cll\">&nbsp;<\/div>\n<ul>\n<li class=\"meps_bloc_tbl_cll\"><strong>Photos et vid\u00e9os de l&rsquo;\u00e9dition 2016 :<\/strong><\/li>\n<\/ul>\n<div class=\"meps_bloc_tbl_cll\">\n<div class=\"mep_standard1\">\n<div class=\"meps_bloc_tbl\">\n<div class=\"meps_bloc_tbl_rw\">\n<div class=\"meps_bloc_tbl_cll\">\n<div align=\"center\"><img decoding=\"async\" src=\"http:\/\/img4.hostingpics.net\/pics\/516210DSC0029.jpg\"><\/div>\n<\/div>\n<\/div>\n<\/div>\n<\/div>\n<div class=\"mep_standard9\">\n<h1 style=\"text-align: center;\">Albums photos :<\/h1>\n<\/div>\n<div class=\"mep_standard1\">\n<div class=\"meps_bloc_tbl\">\n<div class=\"meps_bloc_tbl_rw\">\n<div class=\"meps_bloc_tbl_cll\" style=\"text-align: center;\">\n<div><strong>Albums Facebook<\/strong><br \/>\n<a href=\"https:\/\/www.facebook.com\/1528374570756772\/photos\/?tab=album&amp;album_id=1727079850886242\" target=\"_blank\">Accueil Salle<\/a><br \/>\n<a href=\"https:\/\/www.facebook.com\/1528374570756772\/photos\/?tab=album&amp;album_id=1727287784198782\" target=\"_blank\">D\u00e9part group\u00e9 \u00e0 20h45<\/a><br \/>\n<a href=\"https:\/\/www.facebook.com\/1528374570756772\/photos\/?tab=album&amp;album_id=1727494330844794\" target=\"_blank\">Les Ravitos<\/a><br \/>\n<a href=\"https:\/\/www.facebook.com\/1528374570756772\/photos\/?tab=album&amp;album_id=1727527577508136\" target=\"_blank\">Retour Salle<\/a><\/div>\n<\/div>\n<div class=\"meps_bloc_tbl_cll\">\n<div style=\"text-align: center;\"><strong>Albums Google+<\/strong><\/div>\n<div style=\"text-align: center;\"><a href=\"https:\/\/goo.gl\/photos\/HToCyLpkPrZSRR9s8\" target=\"_blank\">Accueil Salle<\/a><br \/>\n<a href=\"https:\/\/goo.gl\/photos\/KExbFjcpVLBkxmeG6\" target=\"_blank\">D\u00e9part group\u00e9 \u00e0 20h45<\/a><br \/>\n<a href=\"https:\/\/goo.gl\/photos\/5fkqvTixxASGGozGA\" target=\"_blank\">Les Ravitos<\/a><br \/>\n<a href=\"https:\/\/goo.gl\/photos\/YJQeqB3TFBLMZg9Y6\" target=\"_blank\">Retour Salle<\/a><\/div>\n<\/div>\n<\/div>\n<\/div>\n<\/div>\n<div class=\"mep_standard9\">\n<h1>Les vid\u00e9os<\/h1>\n<\/div>\n<div class=\"mep_standard1\">\n<div class=\"meps_bloc_tbl\">\n<div class=\"meps_bloc_tbl_rw\">\n<div class=\"meps_bloc_tbl_cll\" style=\"text-align: center;\">Vid\u00e9o de Damien des Renards des Sables de Flines-lez-R\u00e2ches :<\/div>\n<\/div>\n<\/div>\n<\/div>\n<div id=\"wctamre0\" class=\"wctamre\" style=\"text-align: center;\">&nbsp;<\/div>\n<div class=\"mep_standard1\">\n<div class=\"meps_bloc_tbl\">\n<div class=\"meps_bloc_tbl_rw\">\n<div class=\"meps_bloc_tbl_cll\" style=\"text-align: center;\"><iframe loading=\"lazy\" src=\"https:\/\/www.youtube.com\/embed\/8v8T_BQv8Xw\" allowfullscreen=\"allowfullscreen\" width=\"100%\" height=\"600\" frameborder=\"0\"><\/iframe><\/div>\n<div class=\"meps_bloc_tbl_cll\" style=\"text-align: center;\">&nbsp;<\/div>\n<\/div>\n<\/div>\n<\/div>\n<div class=\"mep_standard1\">&nbsp;<\/div>\n<\/div>\n","protected":false},"excerpt":{"rendered":"<p>Merci aux quelques 170 VTTistes noctambules qui sont venus ce soir assister \u00e0 notre premi\u00e8re rando VTT nocturne. Les \u00e9chos au retour ont \u00e9t\u00e9 fort positifs. En esp\u00e9rant vous revoir&#8230;<\/p>\n","protected":false},"author":1,"featured_media":0,"parent":28,"menu_order":0,"comment_status":"closed","ping_status":"closed","template":"","meta":{"ngg_post_thumbnail":0,"jetpack_post_was_ever_published":false,"two_page_speed":[],"footnotes":""},"class_list":["post-156","page","type-page","status-publish","hentry"],"jetpack_sharing_enabled":true,"jetpack_shortlink":"https:\/\/wp.me\/P8bXJp-2w","_links":{"self":[{"href":"https:\/\/veloclubfaumont.fr\/index.php\/wp-json\/wp\/v2\/pages\/156","targetHints":{"allow":["GET"]}}],"collection":[{"href":"https:\/\/veloclubfaumont.fr\/index.php\/wp-json\/wp\/v2\/pages"}],"about":[{"href":"https:\/\/veloclubfaumont.fr\/index.php\/wp-json\/wp\/v2\/types\/page"}],"author":[{"embeddable":true,"href":"https:\/\/veloclubfaumont.fr\/index.php\/wp-json\/wp\/v2\/users\/1"}],"replies":[{"embeddable":true,"href":"https:\/\/veloclubfaumont.fr\/index.php\/wp-json\/wp\/v2\/comments?post=156"}],"version-history":[{"count":0,"href":"https:\/\/veloclubfaumont.fr\/index.php\/wp-json\/wp\/v2\/pages\/156\/revisions"}],"up":[{"embeddable":true,"href":"https:\/\/veloclubfaumont.fr\/index.php\/wp-json\/wp\/v2\/pages\/28"}],"wp:attachment":[{"href":"https:\/\/veloclubfaumont.fr\/index.php\/wp-json\/wp\/v2\/media?parent=156"}],"curies":[{"name":"wp","href":"https:\/\/api.w.org\/{rel}","templated":true}]}}