{"id":15828,"date":"2019-09-11T15:05:19","date_gmt":"2019-09-11T13:05:19","guid":{"rendered":"http:\/\/veloclubfaumont.fr\/?page_id=15828"},"modified":"2020-01-08T09:50:12","modified_gmt":"2020-01-08T08:50:12","slug":"chicon-bike-tour-2020-les-parcours-vtt","status":"publish","type":"page","link":"https:\/\/veloclubfaumont.fr\/index.php\/chicon-bike-tour-2020-les-parcours-vtt\/","title":{"rendered":"Chicon Bike Tour 2020 : les parcours VTT"},"content":{"rendered":"<table style=\"width: 100%; border-collapse: collapse; background-color: #eb8d8d;\" border=\"1\">\n<tbody>\n<tr>\n<td style=\"width: 100%; text-align: justify;\"><span style=\"font-size: 14pt;\"><strong>Si le jour J, il y aura trop de boue dans le secteur final du 34 et 48km, on vous fera retrouver la salle par la Voie Verte du P\u00e9v\u00e8le (avec 2km en plus mais sans gadoue).<\/strong><\/span><\/td>\n<\/tr>\n<\/tbody>\n<\/table>\n<p style=\"text-align: justify;\">Cette ann\u00e9e, quelques petits changements concernant les parcours VTT. Le <strong>Single des Sorci\u00e8res<\/strong> qui \u00e9tait en bonus l&rsquo;an dernier est cette fois commun et donc accessible \u00e0 tous (comme pour notre derni\u00e8re Nocturne VTT d&rsquo;ao\u00fbt).<\/p>\n<p><span class=\"embed-youtube\" style=\"text-align:center; display: block;\"><iframe loading=\"lazy\" class=\"youtube-player\" width=\"640\" height=\"360\" src=\"https:\/\/www.youtube.com\/embed\/gQWpI-1Z0mI?version=3&#038;rel=1&#038;showsearch=0&#038;showinfo=1&#038;iv_load_policy=1&#038;fs=1&#038;hl=fr-FR&#038;autohide=2&#038;wmode=transparent\" allowfullscreen=\"true\" style=\"border:0;\" sandbox=\"allow-scripts allow-same-origin allow-popups allow-presentation\"><\/iframe><\/span><\/p>\n<p style=\"text-align: justify;\">Le passage \u00e0 travers Raimbeaucourt sera quant \u00e0 lui raccourci et le retour vers Faumont sera plus direct. Le <strong>34<\/strong> retrouvera la longue mont\u00e9e Ouest de Mons en P\u00e9v\u00e8le. Bien \u00e9videmment, les terrils traditionnels du CBT seront toujours l\u00e0 et le ravitaillement sera toujours pr\u00e9sent au pied du terril de Leforest (2 fois pour la <strong>48<\/strong> apr\u00e8s la boucle d&rsquo;Evin-Malmaison).<\/p>\n<p style=\"text-align: justify;\">A noter que le final du 34 et du 48 pourraient \u00eatre chang\u00e9 et allong\u00e9 un peu pour \u00e9viter une portion trop gadoueuse et bien casse-pattes. Les traces GPS risquent donc de changer sur place si le gel ne durcit pas le passage litigieux d&rsquo;ici l\u00e0&#8230;<\/p>\n<p style=\"text-align: justify;\"><strong>NOUVEAUTE<\/strong> <strong>pour le 48<\/strong> : outre le passage du single des Sorci\u00e8res d\u00e9sormais accessible \u00e0 tous (et non plus en bonus comme l&rsquo;an pass\u00e9), un nouveau <strong>single<\/strong> devrait \u00eatre ouvert du c\u00f4t\u00e9 d&rsquo;Evin-Malmaison (si la m\u00e9t\u00e9o le permet et si donc le chemin est praticable le jour J&#8230;). A noter qu&rsquo;il n&rsquo;apparait pas sur la carte, ce sera donc la surprise. Ce passage parfois sauvage sera signal\u00e9 en \u00ab\u00a0bonus hard\u00a0\u00bb (endroit parfois bien boueux et vicieux avec quelques racines glissantes mais sauvage et original (voir vid\u00e9o ci-dessous) et donc celui qui voudra l&rsquo;\u00e9viter pourra continuer tout droit).<\/p>\n<p><span class=\"embed-youtube\" style=\"text-align:center; display: block;\"><iframe loading=\"lazy\" class=\"youtube-player\" width=\"640\" height=\"360\" src=\"https:\/\/www.youtube.com\/embed\/dyV9HmLO1W8?version=3&#038;rel=1&#038;showsearch=0&#038;showinfo=1&#038;iv_load_policy=1&#038;fs=1&#038;hl=fr-FR&#038;autohide=2&#038;wmode=transparent\" allowfullscreen=\"true\" style=\"border:0;\" sandbox=\"allow-scripts allow-same-origin allow-popups allow-presentation\"><\/iframe><\/span><\/p>\n<p style=\"text-align: justify;\">Pour le passage \u00e0 Mons en P\u00e9v\u00e8le, on retrouvera le <strong>Pas Roland<\/strong> et les singles techniques qui s&rsquo;en suivent.<\/p>\n<p><strong>Diaporama-vid\u00e9o de la reconnaissance du 48km VTT :<\/strong><\/p>\n<p><span class=\"embed-youtube\" style=\"text-align:center; display: block;\"><iframe loading=\"lazy\" class=\"youtube-player\" width=\"640\" height=\"360\" src=\"https:\/\/www.youtube.com\/embed\/0o6yWwadP_4?version=3&#038;rel=1&#038;showsearch=0&#038;showinfo=1&#038;iv_load_policy=1&#038;fs=1&#038;hl=fr-FR&#038;autohide=2&#038;wmode=transparent\" allowfullscreen=\"true\" style=\"border:0;\" sandbox=\"allow-scripts allow-same-origin allow-popups allow-presentation\"><\/iframe><\/span><\/p>\n<p style=\"text-align: justify;\">Vous devriez donc bien vous amuser pour cette reprise apr\u00e8s les f\u00eates de fin d&rsquo;ann\u00e9e&#8230; \ud83d\ude09<\/p>\n<p style=\"text-align: justify;\">Tout cela avec un balisage de qualit\u00e9 (fl\u00e8ches vertes fluo a\u00e9riennes bien visibles + chevrons verts \u00e0 la bombe sur les parties bitum\u00e9es + fl\u00e8ches \u00e0 la chaux sur les terrils + rubalises dans les bois). Sauf erreur d&rsquo;inattention, on ne devrait donc pas se perdre au Chicon !!!<\/p>\n<p style=\"text-align: center;\"><img decoding=\"async\" src=\"https:\/\/veloclubfaumont.fr\/wp-content\/uploads\/2016\/12\/fleche-vtt-768x301.jpg\"><em>fl\u00e8che a\u00e9rienne bien visible tout le long des parcours VTT<br><\/em><\/p>\n<p style=\"text-align: center;\"><a href=\"https:\/\/veloclubfaumont.fr\/index.php\/chicon-bike-tour-2020-les-parcours-vtt\/img_20190119_150052-2\/\" rel=\"attachment wp-att-16171\"><img loading=\"lazy\" decoding=\"async\" class=\"aligncenter size-full wp-image-16171\" src=\"https:\/\/veloclubfaumont.fr\/wp-content\/uploads\/2019\/10\/IMG_20190119_150052.jpg\" alt=\"\" width=\"702\" height=\"936\" srcset=\"https:\/\/veloclubfaumont.fr\/wp-content\/uploads\/2019\/10\/IMG_20190119_150052.jpg 702w, https:\/\/veloclubfaumont.fr\/wp-content\/uploads\/2019\/10\/IMG_20190119_150052-225x300.jpg 225w\" sizes=\"auto, (max-width: 702px) 100vw, 702px\" \/><\/a><em>fl\u00e8che a\u00e9rienne + rappel des distances apr\u00e8s chaque bifurcation<br>pour \u00eatre certain(e) d&rsquo;\u00eatre sur le bon parcours choisi<\/em><\/p>\n<p style=\"text-align: center;\"><img loading=\"lazy\" decoding=\"async\" class=\"aligncenter size-full wp-image-16063\" src=\"https:\/\/veloclubfaumont.fr\/wp-content\/uploads\/2019\/10\/chevron.jpg\" alt=\"\" width=\"400\" height=\"271\" srcset=\"https:\/\/veloclubfaumont.fr\/wp-content\/uploads\/2019\/10\/chevron.jpg 400w, https:\/\/veloclubfaumont.fr\/wp-content\/uploads\/2019\/10\/chevron-300x203.jpg 300w\" sizes=\"auto, (max-width: 400px) 100vw, 400px\" \/><em>chevron vert \u00e0 la bombe sur le bitume omnipr\u00e9sent <\/em><br><em>pour assurer le coup en cas d&rsquo;absence de fl\u00e8che a\u00e9rienne<br>et pour pr\u00e9venir des changements de direction + croix bien visible <br>pour signaler les mauvaises directions<br><\/em><\/p>\n<p style=\"text-align: center;\"><a href=\"https:\/\/veloclubfaumont.fr\/index.php\/chicon-bike-tour-2020-les-parcours-vtt\/img_20190119_144833-2\/\" rel=\"attachment wp-att-16168\"><img loading=\"lazy\" decoding=\"async\" class=\"aligncenter size-full wp-image-16168\" src=\"https:\/\/veloclubfaumont.fr\/wp-content\/uploads\/2019\/10\/IMG_20190119_144833.jpg\" alt=\"\" width=\"702\" height=\"936\" srcset=\"https:\/\/veloclubfaumont.fr\/wp-content\/uploads\/2019\/10\/IMG_20190119_144833.jpg 702w, https:\/\/veloclubfaumont.fr\/wp-content\/uploads\/2019\/10\/IMG_20190119_144833-225x300.jpg 225w\" sizes=\"auto, (max-width: 702px) 100vw, 702px\" \/><\/a><em>des panneaux de bifurcation bien lisibles<\/em><\/p>\n<hr>\n<p style=\"text-align: justify;\">Voici maintenant les diff\u00e9rentes cartes des trac\u00e9s propos\u00e9s (aussi visibles \u00e0 la salle) avec celle des 3 parcours, puis chacun des parcours. A noter que chacune des cartes propose un QRCODE pour obtenir via son smartphone le lien \u00ab\u00a0openrunner\u00a0\u00bb afin de t\u00e9l\u00e9charger la trace GPS du parcours choisi.<\/p>\n<hr>\n<p style=\"text-align: center;\"><a href=\"https:\/\/veloclubfaumont.fr\/index.php\/chicon-bike-tour-2020-les-parcours-vtt\/carte-3-parcours-vtt-3\/\" rel=\"attachment wp-att-16685\"><img loading=\"lazy\" decoding=\"async\" class=\"alignright size-full wp-image-16685\" src=\"https:\/\/veloclubfaumont.fr\/wp-content\/uploads\/2019\/12\/carte-3-parcours-vtt.jpg\" alt=\"\" width=\"1346\" height=\"952\" srcset=\"https:\/\/veloclubfaumont.fr\/wp-content\/uploads\/2019\/12\/carte-3-parcours-vtt.jpg 1346w, https:\/\/veloclubfaumont.fr\/wp-content\/uploads\/2019\/12\/carte-3-parcours-vtt-300x212.jpg 300w, https:\/\/veloclubfaumont.fr\/wp-content\/uploads\/2019\/12\/carte-3-parcours-vtt-1024x724.jpg 1024w, https:\/\/veloclubfaumont.fr\/wp-content\/uploads\/2019\/12\/carte-3-parcours-vtt-768x543.jpg 768w\" sizes=\"auto, (max-width: 1346px) 100vw, 1346px\" \/><\/a><a href=\"https:\/\/veloclubfaumont.fr\/index.php\/chicon-bike-tour-2020-les-parcours-vtt\/carte-3-parcours-vtt-2\/\" rel=\"attachment wp-att-15833\">carte-3-parcours-VTT<\/a> (cliquez ici pour la version PDF)<\/p>\n<p>&nbsp;<\/p>\n<p style=\"text-align: center;\"><img loading=\"lazy\" decoding=\"async\" class=\"aligncenter size-full wp-image-15829\" src=\"https:\/\/veloclubfaumont.fr\/wp-content\/uploads\/2019\/09\/26-vtt.jpg\" alt=\"\" width=\"1346\" height=\"952\" srcset=\"https:\/\/veloclubfaumont.fr\/wp-content\/uploads\/2019\/09\/26-vtt.jpg 1346w, https:\/\/veloclubfaumont.fr\/wp-content\/uploads\/2019\/09\/26-vtt-300x212.jpg 300w, https:\/\/veloclubfaumont.fr\/wp-content\/uploads\/2019\/09\/26-vtt-768x543.jpg 768w, https:\/\/veloclubfaumont.fr\/wp-content\/uploads\/2019\/09\/26-vtt-1024x724.jpg 1024w\" sizes=\"auto, (max-width: 1346px) 100vw, 1346px\" \/><a href=\"https:\/\/veloclubfaumont.fr\/index.php\/chicon-bike-tour-2020-les-parcours-vtt\/carte26vtt\/\" rel=\"attachment wp-att-15834\">carte 26 vtt<\/a> (PDF)<\/p>\n<p>&nbsp;<\/p>\n<p style=\"text-align: center;\"><img loading=\"lazy\" decoding=\"async\" class=\"aligncenter size-full wp-image-15830\" src=\"https:\/\/veloclubfaumont.fr\/wp-content\/uploads\/2019\/09\/34-vtt.jpg\" alt=\"\" width=\"1346\" height=\"952\" srcset=\"https:\/\/veloclubfaumont.fr\/wp-content\/uploads\/2019\/09\/34-vtt.jpg 1346w, https:\/\/veloclubfaumont.fr\/wp-content\/uploads\/2019\/09\/34-vtt-300x212.jpg 300w, https:\/\/veloclubfaumont.fr\/wp-content\/uploads\/2019\/09\/34-vtt-768x543.jpg 768w, https:\/\/veloclubfaumont.fr\/wp-content\/uploads\/2019\/09\/34-vtt-1024x724.jpg 1024w\" sizes=\"auto, (max-width: 1346px) 100vw, 1346px\" \/><a href=\"https:\/\/veloclubfaumont.fr\/index.php\/chicon-bike-tour-2020-les-parcours-vtt\/carte34vtt\/\" rel=\"attachment wp-att-15835\">carte 34 vtt (PDF)<\/a><\/p>\n<p style=\"text-align: justify;\"><strong>Si le jour J, il y aura trop de boue dans le secteur final du 34 et 48km, on vous fera retrouver la salle par la Voie Verte du P\u00e9v\u00e8le (avec 2km en plus mais sans gadoue).<br><\/strong><\/p>\n<p style=\"text-align: center;\"><a href=\"https:\/\/veloclubfaumont.fr\/index.php\/chicon-bike-tour-2020-les-parcours-vtt\/48-vtt-2\/\" rel=\"attachment wp-att-16687\"><img loading=\"lazy\" decoding=\"async\" class=\"alignright size-full wp-image-16687\" src=\"https:\/\/veloclubfaumont.fr\/wp-content\/uploads\/2019\/12\/48-vtt.jpg\" alt=\"\" width=\"1588\" height=\"1123\" srcset=\"https:\/\/veloclubfaumont.fr\/wp-content\/uploads\/2019\/12\/48-vtt.jpg 1588w, https:\/\/veloclubfaumont.fr\/wp-content\/uploads\/2019\/12\/48-vtt-300x212.jpg 300w, https:\/\/veloclubfaumont.fr\/wp-content\/uploads\/2019\/12\/48-vtt-1024x724.jpg 1024w, https:\/\/veloclubfaumont.fr\/wp-content\/uploads\/2019\/12\/48-vtt-768x543.jpg 768w, https:\/\/veloclubfaumont.fr\/wp-content\/uploads\/2019\/12\/48-vtt-1536x1086.jpg 1536w\" sizes=\"auto, (max-width: 1588px) 100vw, 1588px\" \/><\/a><a href=\"https:\/\/veloclubfaumont.fr\/index.php\/chicon-bike-tour-2020-les-parcours-vtt\/carte48vtt-2\/\" target=\"_blank\" rel=\"attachment noopener wp-att-16688 noreferrer\">carte48vtt<\/a> (version PDF)<\/p>\n<p style=\"text-align: center;\"><iframe loading=\"lazy\" src=\"https:\/\/www.openrunner.com\/route\/10495721\/embed\/fr\/39434f415044486c36487a53666e344c37564669534e695566692f55754c75692f657452697375447549733d3a3a353e629327f7f17447c4e4584f08fc02\" allowfullscreen=\"allowfullscreen\" width=\"450px\" height=\"580px\" frameborder=\"0\"><\/iframe><\/p>\n<p style=\"text-align: center;\"><iframe loading=\"lazy\" src=\"https:\/\/www.openrunner.com\/route\/10479750\/embed\/fr\/44756569464b2f6e514f31473368347970716656412b4a44576d31616c31434b4f434f74466c43492b4b453d3a3a356504ffecae27233a5bda34fbf9f5d2\" allowfullscreen=\"allowfullscreen\" width=\"450px\" height=\"580px\" frameborder=\"0\"><\/iframe><\/p>\n<p style=\"text-align: center;\"><iframe loading=\"lazy\" src=\"https:\/\/www.openrunner.com\/route\/8011720\/embed\/fr\/645a694c756b556e73646932496d4267624c616d575a397a7a7976534b6847456c4e7352456c5a51374f513d3a3a35e81c8a6692e6e4bde1dbf2afaed408\" allowfullscreen=\"allowfullscreen\" width=\"450px\" height=\"580px\" frameborder=\"0\"><\/iframe><\/p>\n<p style=\"text-align: center;\"><em>Ci-dessus carte du 48 VTT officiel (avec section finale gadoueuse)<\/em><\/p>\n<p style=\"text-align: center;\"><em>Ci-dessous, la carte sans le secteur boueux (+ 2km) :<\/em><\/p>\n<p style=\"text-align: center;\"><iframe loading=\"lazy\" src=\"https:\/\/www.openrunner.com\/route\/10834684\/embed\/fr\/65794c7650576e5675423731412b3756513753427577307061443344454c777476337149312f57304b68553d3a3aab607c0f552d1b6ebae56d9d079b2880\" allowfullscreen=\"allowfullscreen\" width=\"450px\" height=\"580px\" frameborder=\"0\"><\/iframe><\/p>\n<p style=\"text-align: center;\">Diaporama du 48km VTT :<\/p>\n<p><span class=\"embed-youtube\" style=\"text-align:center; display: block;\"><iframe loading=\"lazy\" class=\"youtube-player\" width=\"640\" height=\"360\" src=\"https:\/\/www.youtube.com\/embed\/2sXeABKtsrM?version=3&#038;rel=1&#038;showsearch=0&#038;showinfo=1&#038;iv_load_policy=1&#038;fs=1&#038;hl=fr-FR&#038;autohide=2&#038;wmode=transparent\" allowfullscreen=\"true\" style=\"border:0;\" sandbox=\"allow-scripts allow-same-origin allow-popups allow-presentation\"><\/iframe><\/span><\/p>\n<p>&nbsp;<\/p>\n<p style=\"text-align: center;\">Retour sur le 49km de l&rsquo;<strong>\u00e9dition 2019<\/strong> <br>(qui ressemblera beaucoup \u00e0 celle de 2020) :<\/p>\n<p><span class=\"embed-youtube\" style=\"text-align:center; display: block;\"><iframe loading=\"lazy\" class=\"youtube-player\" width=\"640\" height=\"360\" src=\"https:\/\/www.youtube.com\/embed\/BMt06oaTDLY?version=3&#038;rel=1&#038;showsearch=0&#038;showinfo=1&#038;iv_load_policy=1&#038;fs=1&#038;hl=fr-FR&#038;autohide=2&#038;wmode=transparent\" allowfullscreen=\"true\" style=\"border:0;\" sandbox=\"allow-scripts allow-same-origin allow-popups allow-presentation\"><\/iframe><\/span><\/p>\n<p style=\"text-align: center;\">&nbsp;<\/p>\n<p style=\"text-align: center;\"><iframe loading=\"lazy\" style=\"border: none; overflow: hidden;\" src=\"https:\/\/www.facebook.com\/plugins\/video.php?href=https%3A%2F%2Fwww.facebook.com%2Frouelibre59%2Fvideos%2F573556883117062%2F&amp;show_text=0&amp;width=560\" scrolling=\"no\" allowfullscreen=\"allowfullscreen\" width=\"560\" height=\"315\" frameborder=\"0\"><\/iframe><\/p>\n\n\n<p><\/p>\n\n\n\n<p><\/p>\n","protected":false},"excerpt":{"rendered":"<p>Si le jour J, il y aura trop de boue dans le secteur final du 34 et 48km, on vous fera retrouver la salle par la Voie Verte du P\u00e9v\u00e8le&#8230;<\/p>\n","protected":false},"author":1,"featured_media":0,"parent":0,"menu_order":0,"comment_status":"closed","ping_status":"closed","template":"","meta":{"ngg_post_thumbnail":0,"jetpack_post_was_ever_published":false,"two_page_speed":[],"footnotes":""},"class_list":["post-15828","page","type-page","status-publish","hentry"],"jetpack_sharing_enabled":true,"jetpack_shortlink":"https:\/\/wp.me\/P8bXJp-47i","_links":{"self":[{"href":"https:\/\/veloclubfaumont.fr\/index.php\/wp-json\/wp\/v2\/pages\/15828","targetHints":{"allow":["GET"]}}],"collection":[{"href":"https:\/\/veloclubfaumont.fr\/index.php\/wp-json\/wp\/v2\/pages"}],"about":[{"href":"https:\/\/veloclubfaumont.fr\/index.php\/wp-json\/wp\/v2\/types\/page"}],"author":[{"embeddable":true,"href":"https:\/\/veloclubfaumont.fr\/index.php\/wp-json\/wp\/v2\/users\/1"}],"replies":[{"embeddable":true,"href":"https:\/\/veloclubfaumont.fr\/index.php\/wp-json\/wp\/v2\/comments?post=15828"}],"version-history":[{"count":0,"href":"https:\/\/veloclubfaumont.fr\/index.php\/wp-json\/wp\/v2\/pages\/15828\/revisions"}],"wp:attachment":[{"href":"https:\/\/veloclubfaumont.fr\/index.php\/wp-json\/wp\/v2\/media?parent=15828"}],"curies":[{"name":"wp","href":"https:\/\/api.w.org\/{rel}","templated":true}]}}