{"id":16036,"date":"2019-10-12T09:42:25","date_gmt":"2019-10-12T07:42:25","guid":{"rendered":"http:\/\/veloclubfaumont.fr\/?page_id=16036"},"modified":"2019-10-24T15:08:53","modified_gmt":"2019-10-24T13:08:53","slug":"chicon-bike-tour-2020-les-parcours-cyclo","status":"publish","type":"page","link":"https:\/\/veloclubfaumont.fr\/index.php\/chicon-bike-tour-2020-les-parcours-cyclo\/","title":{"rendered":"Chicon Bike Tour 2020 : les parcours cyclo"},"content":{"rendered":"<p style=\"text-align: justify;\">Cette ann\u00e9e, les parcours cyclos ont \u00e9t\u00e9 repens\u00e9es. En effet, tout le monde va se diriger vers les hauteurs de <strong>Mons en P\u00e9v\u00e8le<\/strong> pour descendre ensuite vers <strong>Bers\u00e9e<\/strong>. Ceux qui choisiront le 43km iront vers <strong>Nomain<\/strong>, puis <strong>Auchy lez Orchies<\/strong>, puis retrouveront le 30km vers <strong>Coutiches<\/strong> pour enfin retrouver la salle \u00e0 Faumont.<\/p>\n<p style=\"text-align: justify;\">Vous pouvez t\u00e9l\u00e9charger les traces GPS en flashant les QRCODE pour aller sur la page Openrunner du parcours choisi.<\/p>\n<p style=\"text-align: center;\"><a href=\"https:\/\/veloclubfaumont.fr\/index.php\/__trashed\/carte-cyclos-cbt-2020\/\" rel=\"attachment wp-att-16037\"><img loading=\"lazy\" decoding=\"async\" class=\"aligncenter size-full wp-image-16037\" src=\"https:\/\/veloclubfaumont.fr\/wp-content\/uploads\/2019\/10\/carte-cyclos-cbt-2020.jpg\" alt=\"\" width=\"1588\" height=\"1123\" srcset=\"https:\/\/veloclubfaumont.fr\/wp-content\/uploads\/2019\/10\/carte-cyclos-cbt-2020.jpg 1588w, https:\/\/veloclubfaumont.fr\/wp-content\/uploads\/2019\/10\/carte-cyclos-cbt-2020-300x212.jpg 300w, https:\/\/veloclubfaumont.fr\/wp-content\/uploads\/2019\/10\/carte-cyclos-cbt-2020-768x543.jpg 768w, https:\/\/veloclubfaumont.fr\/wp-content\/uploads\/2019\/10\/carte-cyclos-cbt-2020-1024x724.jpg 1024w\" sizes=\"auto, (max-width: 1588px) 100vw, 1588px\" \/><\/a><a href=\"https:\/\/veloclubfaumont.fr\/index.php\/__trashed\/carte-cyclos-cbt-2020-2\/\" target=\"_blank\" rel=\"attachment noopener wp-att-16038 noreferrer\">carte-cyclos en PDF<\/a><\/p>\n<table style=\"border-collapse: collapse; width: 100%;\" border=\"1\">\n<tbody>\n<tr>\n<td style=\"width: 50%; background-color: #2a96de; text-align: center;\"><span style=\"font-size: 18pt;\"><strong>30 km<\/strong><\/span><\/td>\n<td style=\"width: 50%; background-color: #f50a0a; text-align: center;\"><span style=\"font-size: 18pt;\"><strong>43 km<\/strong><\/span><\/td>\n<\/tr>\n<tr>\n<td style=\"width: 50%; text-align: center;\">D\u00e9part Faumont<\/td>\n<td style=\"width: 50%; text-align: center;\">D\u00e9part Faumont<\/td>\n<\/tr>\n<tr>\n<td style=\"width: 50%; text-align: center;\">Moncheaux<\/td>\n<td style=\"width: 50%; text-align: center;\">Moncheaux<\/td>\n<\/tr>\n<tr>\n<td style=\"width: 50%; text-align: center;\">Mons en P\u00e9v\u00e8le<\/td>\n<td style=\"width: 50%; text-align: center;\">Mons en P\u00e9v\u00e8le<\/td>\n<\/tr>\n<tr>\n<td style=\"width: 50%; text-align: center;\">Bers\u00e9e<\/td>\n<td style=\"width: 50%; text-align: center;\">Bers\u00e9e<\/td>\n<\/tr>\n<tr>\n<td style=\"width: 50%; text-align: center;\">Coutiches<\/td>\n<td style=\"width: 50%; text-align: center;\"><span style=\"color: #ff0000;\">Cappelle en P\u00e9v\u00e8le<\/span><\/td>\n<\/tr>\n<tr>\n<td style=\"width: 50%; text-align: center;\">Retour Faumont<\/td>\n<td style=\"width: 50%; text-align: center;\"><span style=\"color: #ff0000;\">Nomain<\/span><\/td>\n<\/tr>\n<tr>\n<td style=\"width: 50%; text-align: center;\">&nbsp;<\/td>\n<td style=\"width: 50%; text-align: center;\"><span style=\"color: #ff0000;\">Auchy-lez-Orchies<\/span><\/td>\n<\/tr>\n<tr>\n<td style=\"width: 50%; text-align: center;\">&nbsp;<\/td>\n<td style=\"width: 50%; text-align: center;\"><span style=\"color: #000000;\">Coutiches<\/span><\/td>\n<\/tr>\n<tr>\n<td style=\"width: 50%; text-align: center;\">&nbsp;<\/td>\n<td style=\"width: 50%; text-align: center;\">Retour Faumont<\/td>\n<\/tr>\n<\/tbody>\n<\/table>\n<hr>\n<p style=\"text-align: center;\"><span style=\"font-size: 14pt;\"><strong>Cartes individuelles openrunner des 30 et 43 km :<br \/>\n<\/strong><span style=\"font-size: 12pt;\">(<em>cliquez sur l&rsquo;icone en haut \u00e0 droite pour avoir la trace GPS<\/em>)<\/span><strong><br \/>\n<\/strong><\/span><\/p>\n<p style=\"text-align: center;\"><iframe loading=\"lazy\" src=\"https:\/\/www.openrunner.com\/route\/10601366\/embed\/fr\/4c775142564c7a724d4a4970474576426247727a6668592b7430432b54446c4173586c44626c35594254733d3a3a7eb1fca744b9463174e6baed967d2ef1\" allowfullscreen=\"allowfullscreen\" width=\"450px\" height=\"580px\" frameborder=\"0\"><\/iframe><\/p>\n<p style=\"text-align: center;\"><iframe loading=\"lazy\" src=\"https:\/\/www.openrunner.com\/route\/10601317\/embed\/fr\/454d6431364a41595768306369617755473979756c514a6a5662436967654948714a63783262443158366b3d3a3a998a5bc6479c9d2af7856293d7b1caf4\" allowfullscreen=\"allowfullscreen\" width=\"450px\" height=\"580px\" frameborder=\"0\"><\/iframe><\/p>\n","protected":false},"excerpt":{"rendered":"<p>Cette ann\u00e9e, les parcours cyclos ont \u00e9t\u00e9 repens\u00e9es. En effet, tout le monde va se diriger vers les hauteurs de Mons en P\u00e9v\u00e8le pour descendre ensuite vers Bers\u00e9e. Ceux qui&#8230;<\/p>\n","protected":false},"author":1,"featured_media":0,"parent":0,"menu_order":0,"comment_status":"closed","ping_status":"closed","template":"","meta":{"ngg_post_thumbnail":0,"jetpack_post_was_ever_published":false,"two_page_speed":[],"footnotes":""},"class_list":["post-16036","page","type-page","status-publish","hentry"],"jetpack_sharing_enabled":true,"jetpack_shortlink":"https:\/\/wp.me\/P8bXJp-4aE","_links":{"self":[{"href":"https:\/\/veloclubfaumont.fr\/index.php\/wp-json\/wp\/v2\/pages\/16036","targetHints":{"allow":["GET"]}}],"collection":[{"href":"https:\/\/veloclubfaumont.fr\/index.php\/wp-json\/wp\/v2\/pages"}],"about":[{"href":"https:\/\/veloclubfaumont.fr\/index.php\/wp-json\/wp\/v2\/types\/page"}],"author":[{"embeddable":true,"href":"https:\/\/veloclubfaumont.fr\/index.php\/wp-json\/wp\/v2\/users\/1"}],"replies":[{"embeddable":true,"href":"https:\/\/veloclubfaumont.fr\/index.php\/wp-json\/wp\/v2\/comments?post=16036"}],"version-history":[{"count":0,"href":"https:\/\/veloclubfaumont.fr\/index.php\/wp-json\/wp\/v2\/pages\/16036\/revisions"}],"wp:attachment":[{"href":"https:\/\/veloclubfaumont.fr\/index.php\/wp-json\/wp\/v2\/media?parent=16036"}],"curies":[{"name":"wp","href":"https:\/\/api.w.org\/{rel}","templated":true}]}}