{"id":16050,"date":"2019-10-12T10:01:24","date_gmt":"2019-10-12T08:01:24","guid":{"rendered":"http:\/\/veloclubfaumont.fr\/?page_id=16050"},"modified":"2019-10-26T08:51:49","modified_gmt":"2019-10-26T06:51:49","slug":"chicon-bike-tour-2020-les-parcours-marche","status":"publish","type":"page","link":"https:\/\/veloclubfaumont.fr\/index.php\/chicon-bike-tour-2020-les-parcours-marche\/","title":{"rendered":"Chicon Bike Tour 2020 : les parcours Marche"},"content":{"rendered":"<p style=\"text-align: justify;\">Cette ann\u00e9e, les parcours <strong>marche<\/strong> seront repens\u00e9s. Comme \u00e0 chaque fois, le balisage pour les marcheurs sera en jaune avec des marquages sous forme de \u00ab\u00a0main avec index directionnel\u00a0\u00bb sur le bitume et des fl\u00e8ches a\u00e9riennes bien visibles.<\/p>\n<p style=\"text-align: center;\"><a href=\"https:\/\/veloclubfaumont.fr\/index.php\/chicon-bike-tour-2020-les-parcours-marche\/dsc_0388-4\/\" rel=\"attachment wp-att-16179\"><img loading=\"lazy\" decoding=\"async\" class=\"aligncenter size-full wp-image-16179\" src=\"https:\/\/veloclubfaumont.fr\/wp-content\/uploads\/2019\/10\/DSC_0388.jpg\" alt=\"\" width=\"2304\" height=\"4096\" srcset=\"https:\/\/veloclubfaumont.fr\/wp-content\/uploads\/2019\/10\/DSC_0388.jpg 2304w, https:\/\/veloclubfaumont.fr\/wp-content\/uploads\/2019\/10\/DSC_0388-169x300.jpg 169w, https:\/\/veloclubfaumont.fr\/wp-content\/uploads\/2019\/10\/DSC_0388-768x1365.jpg 768w, https:\/\/veloclubfaumont.fr\/wp-content\/uploads\/2019\/10\/DSC_0388-576x1024.jpg 576w\" sizes=\"auto, (max-width: 2304px) 100vw, 2304px\" \/><\/a><\/p>\n<p style=\"text-align: justify;\">Apr\u00e8s un petit d\u00e9part commun, les 2 petites distances (<strong>5 et 8km<\/strong>) iront cette fois du c\u00f4t\u00e9 de Bers\u00e9e \u00e0 travers la campagne faumontoise&#8230;<\/p>\n<p style=\"text-align: center;\"><a href=\"https:\/\/veloclubfaumont.fr\/index.php\/chicon-bike-tour-2020-les-parcours-marche\/img_20181209_113555-2\/\" rel=\"attachment wp-att-16177\"><img loading=\"lazy\" decoding=\"async\" class=\"aligncenter size-full wp-image-16177\" src=\"https:\/\/veloclubfaumont.fr\/wp-content\/uploads\/2019\/10\/IMG_20181209_113555.jpg\" alt=\"\" width=\"702\" height=\"936\" srcset=\"https:\/\/veloclubfaumont.fr\/wp-content\/uploads\/2019\/10\/IMG_20181209_113555.jpg 702w, https:\/\/veloclubfaumont.fr\/wp-content\/uploads\/2019\/10\/IMG_20181209_113555-225x300.jpg 225w\" sizes=\"auto, (max-width: 702px) 100vw, 702px\" \/><\/a><em>vers Bers\u00e9e (les VTT y passeront en fin de matin\u00e9e)<br \/>\n<\/em><\/p>\n<p style=\"text-align: center;\"><a href=\"https:\/\/veloclubfaumont.fr\/index.php\/chicon-bike-tour-2020-les-parcours-marche\/img_20181209_114207-2\/\" rel=\"attachment wp-att-16178\"><img loading=\"lazy\" decoding=\"async\" class=\"aligncenter size-full wp-image-16178\" src=\"https:\/\/veloclubfaumont.fr\/wp-content\/uploads\/2019\/10\/IMG_20181209_114207.jpg\" alt=\"\" width=\"702\" height=\"936\" srcset=\"https:\/\/veloclubfaumont.fr\/wp-content\/uploads\/2019\/10\/IMG_20181209_114207.jpg 702w, https:\/\/veloclubfaumont.fr\/wp-content\/uploads\/2019\/10\/IMG_20181209_114207-225x300.jpg 225w\" sizes=\"auto, (max-width: 702px) 100vw, 702px\" \/><\/a><em>le retour vers Faumont par la Voie Verte<br \/>\n<\/em><\/p>\n<p>&nbsp;<\/p>\n<p style=\"text-align: justify;\">Quant aux 2 plus grands trac\u00e9s (<strong>10 et 13km<\/strong>), ils emprunteront la Voie Verte du P\u00e9v\u00e8le pour aller du c\u00f4t\u00e9 de <strong>Mons&nbsp; P\u00e9v\u00e8le<\/strong>. Le <strong>13km<\/strong> ajoutera une partie plus technique \u00e0 travers quelques chemins agricoles et un peu de d\u00e9nivel\u00e9 (les VTT y passeront aussi mais en fin de matin\u00e9e). Puis ce sera le retour vers Faumont \u00e0 travers champs&#8230;.<\/p>\n<p style=\"text-align: center;\"><a href=\"https:\/\/veloclubfaumont.fr\/index.php\/chicon-bike-tour-2020-les-parcours-marche\/dsc_0060-6\/\" rel=\"attachment wp-att-16184\"><img loading=\"lazy\" decoding=\"async\" class=\"aligncenter size-full wp-image-16184\" src=\"https:\/\/veloclubfaumont.fr\/wp-content\/uploads\/2019\/10\/DSC_0060.jpg\" alt=\"\" width=\"829\" height=\"553\" srcset=\"https:\/\/veloclubfaumont.fr\/wp-content\/uploads\/2019\/10\/DSC_0060.jpg 829w, https:\/\/veloclubfaumont.fr\/wp-content\/uploads\/2019\/10\/DSC_0060-300x200.jpg 300w, https:\/\/veloclubfaumont.fr\/wp-content\/uploads\/2019\/10\/DSC_0060-768x512.jpg 768w\" sizes=\"auto, (max-width: 829px) 100vw, 829px\" \/><\/a><em>Voie Verte du P\u00e9v\u00e8le<\/em><\/p>\n<p style=\"text-align: center;\"><a href=\"https:\/\/veloclubfaumont.fr\/index.php\/chicon-bike-tour-2020-les-parcours-marche\/img_20181209_111037-2\/\" rel=\"attachment wp-att-16176\"><img loading=\"lazy\" decoding=\"async\" class=\"aligncenter size-full wp-image-16176\" src=\"https:\/\/veloclubfaumont.fr\/wp-content\/uploads\/2019\/10\/IMG_20181209_111037.jpg\" alt=\"\" width=\"702\" height=\"936\" srcset=\"https:\/\/veloclubfaumont.fr\/wp-content\/uploads\/2019\/10\/IMG_20181209_111037.jpg 702w, https:\/\/veloclubfaumont.fr\/wp-content\/uploads\/2019\/10\/IMG_20181209_111037-225x300.jpg 225w\" sizes=\"auto, (max-width: 702px) 100vw, 702px\" \/><\/a><em>vers le Pas Roland de MEP<\/em><\/p>\n<p style=\"text-align: center;\"><a href=\"https:\/\/veloclubfaumont.fr\/index.php\/chicon-bike-tour-2020-les-parcours-marche\/img_20181209_111507-2\/\" rel=\"attachment wp-att-16175\"><img loading=\"lazy\" decoding=\"async\" class=\"aligncenter size-full wp-image-16175\" src=\"https:\/\/veloclubfaumont.fr\/wp-content\/uploads\/2019\/10\/IMG_20181209_111507.jpg\" alt=\"\" width=\"702\" height=\"936\" srcset=\"https:\/\/veloclubfaumont.fr\/wp-content\/uploads\/2019\/10\/IMG_20181209_111507.jpg 702w, https:\/\/veloclubfaumont.fr\/wp-content\/uploads\/2019\/10\/IMG_20181209_111507-225x300.jpg 225w\" sizes=\"auto, (max-width: 702px) 100vw, 702px\" \/><\/a><em>encore un peu de grimpette&#8230;<br \/>\nmais de beaux paysages vallonn\u00e9s aux alentours<\/em><\/p>\n<p style=\"text-align: center;\"><em><a href=\"https:\/\/veloclubfaumont.fr\/index.php\/chicon-bike-tour-2020-les-parcours-marche\/dsc_0011-9\/\" rel=\"attachment wp-att-16183\"><img loading=\"lazy\" decoding=\"async\" class=\"aligncenter size-full wp-image-16183\" src=\"https:\/\/veloclubfaumont.fr\/wp-content\/uploads\/2019\/10\/DSC_0011.jpg\" alt=\"\" width=\"829\" height=\"553\" srcset=\"https:\/\/veloclubfaumont.fr\/wp-content\/uploads\/2019\/10\/DSC_0011.jpg 829w, https:\/\/veloclubfaumont.fr\/wp-content\/uploads\/2019\/10\/DSC_0011-300x200.jpg 300w, https:\/\/veloclubfaumont.fr\/wp-content\/uploads\/2019\/10\/DSC_0011-768x512.jpg 768w\" sizes=\"auto, (max-width: 829px) 100vw, 829px\" \/><\/a>descente \u00e0 travers champs (les VTT la remonteront en fin de matin\u00e9e)<\/em><\/p>\n<p style=\"text-align: center;\"><a href=\"https:\/\/veloclubfaumont.fr\/index.php\/chicon-bike-tour-2020-les-parcours-marche\/dsc_0003-13\/\" rel=\"attachment wp-att-16182\"><img loading=\"lazy\" decoding=\"async\" class=\"aligncenter size-full wp-image-16182\" src=\"https:\/\/veloclubfaumont.fr\/wp-content\/uploads\/2019\/10\/DSC_0003.jpg\" alt=\"\" width=\"829\" height=\"553\" srcset=\"https:\/\/veloclubfaumont.fr\/wp-content\/uploads\/2019\/10\/DSC_0003.jpg 829w, https:\/\/veloclubfaumont.fr\/wp-content\/uploads\/2019\/10\/DSC_0003-300x200.jpg 300w, https:\/\/veloclubfaumont.fr\/wp-content\/uploads\/2019\/10\/DSC_0003-768x512.jpg 768w\" sizes=\"auto, (max-width: 829px) 100vw, 829px\" \/><\/a><em>retour vers Faumont (pr\u00e9voir de bonnes chaussures&#8230;)<\/em><\/p>\n<p style=\"text-align: center;\"><img decoding=\"async\" src=\"https:\/\/veloclubfaumont.fr\/wp-content\/uploads\/2017\/12\/DSC06619.jpg\"><br \/>\n<em>chemin des Rois vers la salle (grands parcours)<br \/>\n<\/em><\/p>\n<p style=\"text-align: center;\"><a href=\"https:\/\/veloclubfaumont.fr\/index.php\/chicon-bike-tour-2019-les-parcours-marche\/img_5743\/\" rel=\"attachment wp-att-12796\"><img loading=\"lazy\" decoding=\"async\" class=\"aligncenter size-large wp-image-12796\" src=\"https:\/\/veloclubfaumont.fr\/wp-content\/uploads\/2018\/11\/IMG_5743-1024x682.jpg\" sizes=\"auto, (max-width: 1024px) 100vw, 1024px\" srcset=\"https:\/\/veloclubfaumont.fr\/wp-content\/uploads\/2018\/11\/IMG_5743-1024x682.jpg 1024w, https:\/\/veloclubfaumont.fr\/wp-content\/uploads\/2018\/11\/IMG_5743-300x200.jpg 300w, https:\/\/veloclubfaumont.fr\/wp-content\/uploads\/2018\/11\/IMG_5743-768x512.jpg 768w, https:\/\/veloclubfaumont.fr\/wp-content\/uploads\/2018\/11\/IMG_5743.jpg 1037w\" alt=\"\" width=\"1024\" height=\"682\"><\/a><em>Retour vers Faumont (petits parcours)<br \/>\n<\/em><\/p>\n<p>&nbsp;<\/p>\n<p><img loading=\"lazy\" decoding=\"async\" class=\"aligncenter size-large wp-image-12797\" src=\"https:\/\/veloclubfaumont.fr\/wp-content\/uploads\/2018\/11\/DSC_0185-1024x683.jpg\" sizes=\"auto, (max-width: 1024px) 100vw, 1024px\" srcset=\"https:\/\/veloclubfaumont.fr\/wp-content\/uploads\/2018\/11\/DSC_0185-1024x683.jpg 1024w, https:\/\/veloclubfaumont.fr\/wp-content\/uploads\/2018\/11\/DSC_0185-300x200.jpg 300w, https:\/\/veloclubfaumont.fr\/wp-content\/uploads\/2018\/11\/DSC_0185-768x512.jpg 768w\" alt=\"\" width=\"1024\" height=\"683\"><\/p>\n<p style=\"text-align: center;\"><em>au retour \u00e0 la salle : <strong>sandwich<\/strong> + <strong>boisson<\/strong> + <strong>soupe aux chicons<\/strong><\/em><br \/>\n<em> + <strong>1 sachet de chicons<\/strong> en cadeau \u00e0 chacun(e) des participant(e)s<\/em><\/p>\n<hr>\n<p style=\"text-align: center;\"><strong>LES CARTES DES DIFF\u00c9RENTS PARCOURS PROPOSES :<\/strong><\/p>\n<p style=\"text-align: center;\"><a href=\"https:\/\/veloclubfaumont.fr\/index.php\/chicon-bike-tour-2020-les-parcours-marche\/carte-marche-cbt2020-2\/\" rel=\"attachment wp-att-16205\"><img loading=\"lazy\" decoding=\"async\" class=\"aligncenter size-full wp-image-16205\" src=\"https:\/\/veloclubfaumont.fr\/wp-content\/uploads\/2019\/10\/carte-marche-cbt2020-1.jpg\" alt=\"\" width=\"1346\" height=\"952\" srcset=\"https:\/\/veloclubfaumont.fr\/wp-content\/uploads\/2019\/10\/carte-marche-cbt2020-1.jpg 1346w, https:\/\/veloclubfaumont.fr\/wp-content\/uploads\/2019\/10\/carte-marche-cbt2020-1-300x212.jpg 300w, https:\/\/veloclubfaumont.fr\/wp-content\/uploads\/2019\/10\/carte-marche-cbt2020-1-768x543.jpg 768w, https:\/\/veloclubfaumont.fr\/wp-content\/uploads\/2019\/10\/carte-marche-cbt2020-1-1024x724.jpg 1024w\" sizes=\"auto, (max-width: 1346px) 100vw, 1346px\" \/><\/a><a href=\"https:\/\/veloclubfaumont.fr\/index.php\/chicon-bike-tour-2020-les-parcours-marche\/carte-marche-cbt-2020-2\/\" target=\"_blank\" rel=\"attachment noopener wp-att-16206 noreferrer\">carte-marche-cbt-2020<\/a> (carte tous parcours marche en PDF)<\/p>\n<hr>\n<p>&nbsp;<\/p>\n<p style=\"text-align: center;\"><span style=\"font-size: 18pt;\"><strong>Les diff\u00e9rentes cartes des parcours marche<br \/>\n<\/strong><\/span><span style=\"font-size: 18pt;\"><strong> selon la distance (avec traces GPS) :<\/p>\n<p><\/strong><\/span><\/p>\n<p style=\"text-align: center;\"><a href=\"https:\/\/veloclubfaumont.fr\/index.php\/chicon-bike-tour-2020-les-parcours-marche\/marche-5km-2\/\" rel=\"attachment wp-att-16200\"><img loading=\"lazy\" decoding=\"async\" class=\"aligncenter size-full wp-image-16200\" src=\"https:\/\/veloclubfaumont.fr\/wp-content\/uploads\/2019\/10\/marche-5km-1.jpg\" alt=\"\" width=\"1346\" height=\"952\" srcset=\"https:\/\/veloclubfaumont.fr\/wp-content\/uploads\/2019\/10\/marche-5km-1.jpg 1346w, https:\/\/veloclubfaumont.fr\/wp-content\/uploads\/2019\/10\/marche-5km-1-300x212.jpg 300w, https:\/\/veloclubfaumont.fr\/wp-content\/uploads\/2019\/10\/marche-5km-1-768x543.jpg 768w, https:\/\/veloclubfaumont.fr\/wp-content\/uploads\/2019\/10\/marche-5km-1-1024x724.jpg 1024w\" sizes=\"auto, (max-width: 1346px) 100vw, 1346px\" \/><\/a><a href=\"https:\/\/veloclubfaumont.fr\/index.php\/chicon-bike-tour-2020-les-parcours-marche\/carte-marche-cbt-2020-5km\/\" target=\"_blank\" rel=\"attachment noopener wp-att-16201 noreferrer\">carte-marche-cbt-2020-5KM<\/a> (carte 5km version PDF)<\/p>\n<p style=\"text-align: center;\"><iframe loading=\"lazy\" src=\"https:\/\/www.openrunner.com\/route\/10600943\/embed\/fr\/4a304351417938635665536a4d5a6b7132644e6c4e4966304d416e446a75317777726d6d6939326e594b453d3a3a3e14a644a44c1f8553ee9cffa01010e3\" allowfullscreen=\"allowfullscreen\" width=\"450px\" height=\"580px\" frameborder=\"0\"><\/iframe><\/p>\n<hr>\n<p style=\"text-align: center;\"><a href=\"https:\/\/veloclubfaumont.fr\/index.php\/chicon-bike-tour-2020-les-parcours-marche\/marche-8km\/\" rel=\"attachment wp-att-16052\"><img loading=\"lazy\" decoding=\"async\" class=\"aligncenter size-full wp-image-16052\" src=\"https:\/\/veloclubfaumont.fr\/wp-content\/uploads\/2019\/10\/marche-8km.jpg\" alt=\"\" width=\"1346\" height=\"952\" srcset=\"https:\/\/veloclubfaumont.fr\/wp-content\/uploads\/2019\/10\/marche-8km.jpg 1346w, https:\/\/veloclubfaumont.fr\/wp-content\/uploads\/2019\/10\/marche-8km-300x212.jpg 300w, https:\/\/veloclubfaumont.fr\/wp-content\/uploads\/2019\/10\/marche-8km-768x543.jpg 768w, https:\/\/veloclubfaumont.fr\/wp-content\/uploads\/2019\/10\/marche-8km-1024x724.jpg 1024w\" sizes=\"auto, (max-width: 1346px) 100vw, 1346px\" \/><\/a><a href=\"https:\/\/veloclubfaumont.fr\/index.php\/chicon-bike-tour-2020-les-parcours-marche\/carte-marche-cbt-2020-8km\/\" target=\"_blank\" rel=\"attachment noopener wp-att-16202 noreferrer\">carte-marche-cbt-2020-8KM<\/a>&nbsp; (carte 8km version PDF)<\/p>\n<p style=\"text-align: center;\"><iframe loading=\"lazy\" src=\"https:\/\/www.openrunner.com\/route\/10601002\/embed\/fr\/525754676b4e6567735a766b716b594f38612b4137374d49376b38694b577a7a566451617a4e64305a44673d3a3a83a66a38c668ed4146d5d004c60462bd\" allowfullscreen=\"allowfullscreen\" width=\"450px\" height=\"580px\" frameborder=\"0\"><\/iframe><\/p>\n<p style=\"text-align: center;\"><a href=\"https:\/\/veloclubfaumont.fr\/index.php\/chicon-bike-tour-2020-les-parcours-marche\/marche-10km\/\" rel=\"attachment wp-att-16053\"><img loading=\"lazy\" decoding=\"async\" class=\"aligncenter size-full wp-image-16053\" src=\"https:\/\/veloclubfaumont.fr\/wp-content\/uploads\/2019\/10\/marche-10km.jpg\" alt=\"\" width=\"1346\" height=\"952\" srcset=\"https:\/\/veloclubfaumont.fr\/wp-content\/uploads\/2019\/10\/marche-10km.jpg 1346w, https:\/\/veloclubfaumont.fr\/wp-content\/uploads\/2019\/10\/marche-10km-300x212.jpg 300w, https:\/\/veloclubfaumont.fr\/wp-content\/uploads\/2019\/10\/marche-10km-768x543.jpg 768w, https:\/\/veloclubfaumont.fr\/wp-content\/uploads\/2019\/10\/marche-10km-1024x724.jpg 1024w\" sizes=\"auto, (max-width: 1346px) 100vw, 1346px\" \/><\/a><a href=\"https:\/\/veloclubfaumont.fr\/index.php\/chicon-bike-tour-2020-les-parcours-marche\/carte-marche-cbt-2020-10km\/\" target=\"_blank\" rel=\"attachment noopener wp-att-16203 noreferrer\">carte-marche-cbt-2020-10KM<\/a> (carte 10km version PDF)<\/p>\n<p style=\"text-align: center;\"><iframe loading=\"lazy\" src=\"https:\/\/www.openrunner.com\/route\/10601060\/embed\/fr\/3350562b6e74446b38416867612b544d794e454a74356c4d424d623243612b53497754772b344964466b413d3a3a71a0620b8498d8e9d57411069b5213dd\" allowfullscreen=\"allowfullscreen\" width=\"450px\" height=\"580px\" frameborder=\"0\"><\/iframe><\/p>\n<hr>\n<p style=\"text-align: center;\"><a href=\"https:\/\/veloclubfaumont.fr\/index.php\/chicon-bike-tour-2020-les-parcours-marche\/marche-13km\/\" rel=\"attachment wp-att-16054\"><img loading=\"lazy\" decoding=\"async\" class=\"aligncenter size-full wp-image-16054\" src=\"https:\/\/veloclubfaumont.fr\/wp-content\/uploads\/2019\/10\/marche-13km.jpg\" alt=\"\" width=\"1346\" height=\"952\" srcset=\"https:\/\/veloclubfaumont.fr\/wp-content\/uploads\/2019\/10\/marche-13km.jpg 1346w, https:\/\/veloclubfaumont.fr\/wp-content\/uploads\/2019\/10\/marche-13km-300x212.jpg 300w, https:\/\/veloclubfaumont.fr\/wp-content\/uploads\/2019\/10\/marche-13km-768x543.jpg 768w, https:\/\/veloclubfaumont.fr\/wp-content\/uploads\/2019\/10\/marche-13km-1024x724.jpg 1024w\" sizes=\"auto, (max-width: 1346px) 100vw, 1346px\" \/><\/a><a href=\"https:\/\/veloclubfaumont.fr\/index.php\/chicon-bike-tour-2020-les-parcours-marche\/carte-marche-cbt-2020-13km\/\" target=\"_blank\" rel=\"attachment noopener wp-att-16204 noreferrer\">carte-marche-cbt-2020-13KM<\/a> (carte 13km version PDF)<\/p>\n<p style=\"text-align: center;\"><iframe loading=\"lazy\" src=\"https:\/\/www.openrunner.com\/route\/10601124\/embed\/fr\/6e72314b374f3251766341476f664e72382f466b7039732b686c35446d6d5051696274456a457a636a54343d3a3ab5a270ea518b8484cd1ac26f1e59f3a8\" allowfullscreen=\"allowfullscreen\" width=\"450px\" height=\"580px\" frameborder=\"0\"><\/iframe><\/p>\n<p>&nbsp;<\/p>\n","protected":false},"excerpt":{"rendered":"<p>Cette ann\u00e9e, les parcours marche seront repens\u00e9s. Comme \u00e0 chaque fois, le balisage pour les marcheurs sera en jaune avec des marquages sous forme de \u00ab\u00a0main avec index directionnel\u00a0\u00bb sur&#8230;<\/p>\n","protected":false},"author":1,"featured_media":0,"parent":0,"menu_order":0,"comment_status":"closed","ping_status":"closed","template":"","meta":{"ngg_post_thumbnail":0,"jetpack_post_was_ever_published":false,"two_page_speed":[],"footnotes":""},"class_list":["post-16050","page","type-page","status-publish","hentry"],"jetpack_sharing_enabled":true,"jetpack_shortlink":"https:\/\/wp.me\/P8bXJp-4aS","_links":{"self":[{"href":"https:\/\/veloclubfaumont.fr\/index.php\/wp-json\/wp\/v2\/pages\/16050","targetHints":{"allow":["GET"]}}],"collection":[{"href":"https:\/\/veloclubfaumont.fr\/index.php\/wp-json\/wp\/v2\/pages"}],"about":[{"href":"https:\/\/veloclubfaumont.fr\/index.php\/wp-json\/wp\/v2\/types\/page"}],"author":[{"embeddable":true,"href":"https:\/\/veloclubfaumont.fr\/index.php\/wp-json\/wp\/v2\/users\/1"}],"replies":[{"embeddable":true,"href":"https:\/\/veloclubfaumont.fr\/index.php\/wp-json\/wp\/v2\/comments?post=16050"}],"version-history":[{"count":0,"href":"https:\/\/veloclubfaumont.fr\/index.php\/wp-json\/wp\/v2\/pages\/16050\/revisions"}],"wp:attachment":[{"href":"https:\/\/veloclubfaumont.fr\/index.php\/wp-json\/wp\/v2\/media?parent=16050"}],"curies":[{"name":"wp","href":"https:\/\/api.w.org\/{rel}","templated":true}]}}