{"id":16071,"date":"2019-10-12T16:12:14","date_gmt":"2019-10-12T14:12:14","guid":{"rendered":"http:\/\/veloclubfaumont.fr\/?page_id=16071"},"modified":"2019-10-16T17:36:33","modified_gmt":"2019-10-16T15:36:33","slug":"chicon-bike-tour-2020-les-bulletins-dinscription","status":"publish","type":"page","link":"https:\/\/veloclubfaumont.fr\/index.php\/chicon-bike-tour-2020-les-bulletins-dinscription\/","title":{"rendered":"Chicon Bike Tour 2020 : les bulletins d&rsquo;inscription"},"content":{"rendered":"<p style=\"text-align: justify;\">Si vous voulez prendre un peu d\u2019avance et remplir d\u00e8s \u00e0 pr\u00e9sent votre fiche d\u2019inscription, voici les fiches club et individuelles (cela \u00e9vitera les temps d\u2019attente \u00e0 la salle le jour J) :<\/p>\n<p>Les fiches Individuelles (VTT\/Cyclo\/Marche) : <a href=\"https:\/\/veloclubfaumont.fr\/index.php\/chicon-bike-tour-2020-les-bulletins-dinscription\/bulletin-dinscription-individuel-cbt-2020\/\" rel=\"attachment wp-att-16098\">Bulletin d&rsquo;inscription individuel CBT-2020<\/a><\/p>\n<p>Les fiches Club VTT : <a href=\"https:\/\/veloclubfaumont.fr\/index.php\/chicon-bike-tour-2020-les-bulletins-dinscription\/bulletin-dinscription-club-vtt-cbt-2020\/\" rel=\"attachment wp-att-16097\">Bulletin d&rsquo;inscription club VTT CBT-2020<\/a><\/p>\n<p>Les fiches Club Cyclo : <a href=\"https:\/\/veloclubfaumont.fr\/index.php\/chicon-bike-tour-2020-les-bulletins-dinscription\/bulletin-dinscription-club-cyclo-cbt2020\/\" rel=\"attachment wp-att-16095\">Bulletin d&rsquo;inscription club CYCLO CBT 2020<\/a><\/p>\n<p>Les fiches Club Marche : <a href=\"https:\/\/veloclubfaumont.fr\/index.php\/chicon-bike-tour-2020-les-bulletins-dinscription\/bulletin-dinscription-club-marche-cbt2020\/\" rel=\"attachment wp-att-16096\">Bulletin d&rsquo;inscription club MARCHE CBT2020<\/a><\/p>\n<p>Si vous faites un ch\u00e8que, ce sera \u00e0 l\u2019ordre de <strong>V\u00e9loclub Faumont<\/strong><\/p>\n","protected":false},"excerpt":{"rendered":"<p>Si vous voulez prendre un peu d\u2019avance et remplir d\u00e8s \u00e0 pr\u00e9sent votre fiche d\u2019inscription, voici les fiches club et individuelles (cela \u00e9vitera les temps d\u2019attente \u00e0 la salle le&#8230;<\/p>\n","protected":false},"author":1,"featured_media":0,"parent":0,"menu_order":0,"comment_status":"closed","ping_status":"closed","template":"","meta":{"ngg_post_thumbnail":0,"jetpack_post_was_ever_published":false,"two_page_speed":[],"footnotes":""},"class_list":["post-16071","page","type-page","status-publish","hentry"],"jetpack_sharing_enabled":true,"jetpack_shortlink":"https:\/\/wp.me\/P8bXJp-4bd","_links":{"self":[{"href":"https:\/\/veloclubfaumont.fr\/index.php\/wp-json\/wp\/v2\/pages\/16071","targetHints":{"allow":["GET"]}}],"collection":[{"href":"https:\/\/veloclubfaumont.fr\/index.php\/wp-json\/wp\/v2\/pages"}],"about":[{"href":"https:\/\/veloclubfaumont.fr\/index.php\/wp-json\/wp\/v2\/types\/page"}],"author":[{"embeddable":true,"href":"https:\/\/veloclubfaumont.fr\/index.php\/wp-json\/wp\/v2\/users\/1"}],"replies":[{"embeddable":true,"href":"https:\/\/veloclubfaumont.fr\/index.php\/wp-json\/wp\/v2\/comments?post=16071"}],"version-history":[{"count":0,"href":"https:\/\/veloclubfaumont.fr\/index.php\/wp-json\/wp\/v2\/pages\/16071\/revisions"}],"wp:attachment":[{"href":"https:\/\/veloclubfaumont.fr\/index.php\/wp-json\/wp\/v2\/media?parent=16071"}],"curies":[{"name":"wp","href":"https:\/\/api.w.org\/{rel}","templated":true}]}}