{"id":167,"date":"2016-12-10T11:03:15","date_gmt":"2016-12-10T10:03:15","guid":{"rendered":"http:\/\/veloclubfaumont.fr\/?page_id=167"},"modified":"2017-05-20T14:40:36","modified_gmt":"2017-05-20T12:40:36","slug":"bantouzelle-nocturne-vtt","status":"publish","type":"page","link":"https:\/\/veloclubfaumont.fr\/index.php\/2016-2\/nos-grandes-sorties-2016\/bantouzelle-nocturne-vtt\/","title":{"rendered":"Bantouzelle : Nocturne VTT 2016"},"content":{"rendered":"<div class=\"mep_standard1\">\n<div class=\"meps_bloc_tbl\">\n<div class=\"meps_bloc_tbl_rw\">\n<div class=\"meps_bloc_tbl_cll\">\n<p style=\"text-align: justify;\">Le 4 mai 2016, Fil, Arno, David, Denis et Jean-Louis ont d\u00e9cid\u00e9 d&rsquo;innover et pour pr\u00e9parer notre nouveau prochain \u00e9v\u00e9nement qui aura le dernier samedi d&rsquo;ao\u00fbt, ils ont inaugur\u00e9 leur <a href=\"https:\/\/veloclubfaumont.fr\/index.php\/2016-2\/1ere-nocturne-vtt-faumontoise\/\">premi\u00e8re nocturne du groupe VCF<\/a>. Arriv\u00e9s dans ce petit village d\u00e8s 20h30, on est tr\u00e8s surpris par la foule qui a envahi les lieux. Plus un seul m\u00e8tre carr\u00e9 de libre. Il y a aussi une belle queue pour s&rsquo;inscrire mais l&rsquo;ambiance est d\u00e9j\u00e0 pr\u00e9sente avec un groupe mettant le feu au petit espace vert derri\u00e8re la salle des f\u00eate de Bantouzelle.<\/p>\n<p style=\"text-align: justify;\">\u00c7a y est<span class=\"text_exposed_show\">, nos tickets en poche, on peut faire quelques photos souvenirs et discuter avec quelques amis entrevus ici et l\u00e0.<\/span><\/p>\n<p style=\"text-align: justify;\">On \u00e9tait d\u00e9j\u00e0 venus \u00e0 Bantouzelle lors de leur rando (m\u00e9morable) d&rsquo;Halloween et ce fut donc avec une immense joie que nous sommes revenus chez nos amis des B\u00e9canes Sauvages, car on savait que l&rsquo;organisation et le parcours seraient au top. Juste derri\u00e8re le quad qui ouvre le bal, nous partons tous comme des fus\u00e9es dans les plaines vallonn\u00e9es de la r\u00e9gion.<\/p>\n<\/div>\n<\/div>\n<\/div>\n<div class=\"meps_bloc_tbl_cll\">&nbsp;<\/div>\n<\/div>\n<div class=\"mep_standard1\">\n<div class=\"meps_bloc_tbl\">\n<div class=\"meps_bloc_tbl_rw\">\n<div class=\"meps_bloc_tbl_cll\">\n<div class=\"\">\n<div class=\"conteneur_legende_hover\" align=\"center\">\n<p><img decoding=\"async\" src=\"http:\/\/img15.hostingpics.net\/pics\/163328IMG2398.jpg\"><em>Denis Fil JL Arno et David fin pr\u00eats pour affronter la nuit<\/em><\/p>\n<div class=\"conteneur_legende\">&nbsp;<\/div>\n<\/div>\n<\/div>\n<\/div>\n<\/div>\n<\/div>\n<\/div>\n<div id=\"wctamre0\" class=\"wctamre\">&nbsp;<\/div>\n<div class=\"mep_standard1\">\n<div class=\"meps_bloc_tbl\">\n<div class=\"meps_bloc_tbl_rw\">\n<div class=\"meps_bloc_tbl_cll\">\n<div class=\"conteneur_legende_hover\" align=\"center\">\n<p><img decoding=\"async\" src=\"http:\/\/img15.hostingpics.net\/pics\/801487IMG2396.jpg\"><em>Petit selfie avant de partir<\/em><\/p>\n<div class=\"conteneur_legende\">&nbsp;<\/div>\n<\/div>\n<\/div>\n<\/div>\n<\/div>\n<\/div>\n<div class=\"mep_standard1\">\n<div class=\"meps_bloc_tbl\">\n<div class=\"meps_bloc_tbl_rw\">\n<div class=\"meps_bloc_tbl_cll\">\n<div class=\"conteneur_legende_hover\" align=\"center\">\n<p><a href=\"http:\/\/img15.hostingpics.net\/pics\/132391268279177556b937a14bbo.jpg\"><img decoding=\"async\" src=\"http:\/\/img15.hostingpics.net\/pics\/132391268279177556b937a14bbo.jpg\"><\/a><em>VC Faumont en t\u00eate en attendant le d\u00e9part de la rando<\/em><\/p>\n<div class=\"conteneur_legende\">&nbsp;<\/div>\n<\/div>\n<\/div>\n<div class=\"meps_bloc_tbl_cll\">\n<div class=\"conteneur_legende_hover\" align=\"center\">\n<p><a href=\"http:\/\/img15.hostingpics.net\/pics\/728955268279241450147723ecbo.jpg\"><img decoding=\"async\" src=\"http:\/\/img15.hostingpics.net\/pics\/728955268279241450147723ecbo.jpg\"><\/a>Et c&rsquo;est parti<\/p>\n<div class=\"conteneur_legende\">&nbsp;<\/div>\n<\/div>\n<\/div>\n<\/div>\n<\/div>\n<\/div>\n<div class=\"mep_standard1\">\n<div class=\"meps_bloc_tbl\">\n<div class=\"meps_bloc_tbl_rw\">\n<div class=\"meps_bloc_tbl_cll\" style=\"text-align: justify;\"><span class=\"text_exposed_show\">D\u00e8s le d\u00e9part, les longues mont\u00e9es et les longues descentes nous mettent dans l&rsquo;ambiance. On ne va pas s&rsquo;ennuyer. Partis dans les premiers, nous ne sommes pas g\u00ean\u00e9s par des randonneurs moins agu\u00e9ris et c&rsquo;est avec une tr\u00e8s belle moyenne que nous arrivons au premier ravito. Il faut dire aussi qu&rsquo;avec la faible luminosit\u00e9, nous passons \u00e0 vive allure dans des passages d\u00e9licats que nous aurions pass\u00e9 au ralenti si il avait fait jour !!!<\/span><\/div>\n<div class=\"meps_bloc_tbl_cll\">&nbsp;<\/div>\n<\/div>\n<\/div>\n<\/div>\n<div class=\"mep_standard1\">\n<div class=\"meps_bloc_tbl\">\n<div class=\"meps_bloc_tbl_rw\">\n<div class=\"meps_bloc_tbl_cll\">\n<div class=\"\">\n<div class=\"conteneur_legende_hover\" align=\"center\">\n<p><a href=\"http:\/\/img15.hostingpics.net\/pics\/8858562655666342027478d065do.jpg\"><img decoding=\"async\" src=\"http:\/\/img15.hostingpics.net\/pics\/8858562655666342027478d065do.jpg\"><\/a><\/p>\n<p><em>David en pleine action<\/em><\/p>\n<div class=\"conteneur_legende\">&nbsp;<\/div>\n<\/div>\n<\/div>\n<\/div>\n<div class=\"meps_bloc_tbl_cll\">\n<div class=\"\">\n<div class=\"conteneur_legende_hover\" align=\"center\">\n<p><a href=\"http:\/\/img15.hostingpics.net\/pics\/5918742673547068239e7aa0a7co.jpg\"><img decoding=\"async\" src=\"http:\/\/img15.hostingpics.net\/pics\/5918742673547068239e7aa0a7co.jpg\"><\/a><\/p>\n<p><em>et Jean-Louis toujours tr\u00e8s \u00e9blouissant<\/em><\/p>\n<\/div>\n<\/div>\n<\/div>\n<\/div>\n<\/div>\n<\/div>\n<div id=\"wctamre1\" class=\"wctamre\">&nbsp;<\/div>\n<div class=\"mep_standard1\">\n<div class=\"meps_bloc_tbl\">\n<div class=\"meps_bloc_tbl_rw\">\n<div class=\"meps_bloc_tbl_cll\" style=\"text-align: justify;\"><span class=\"text_exposed_show\">Au point de contr\u00f4le, nous sommes chaleureusement accueillis par une belle brochette d&rsquo;amis ne se prenant pas une seconde au s\u00e9rieux&#8230; Apr\u00e8s s&rsquo;\u00eatre vite restaur\u00e9s, nous repartons et bien vite, nous croisons plein de curieux personnages : Gros Minet avec Titi dans un arbre, un village d&rsquo;indiens, des morts vivants (je crois&#8230;), Gargamel et des Schtroumpfs, Louis De Fun\u00e8s et la Soupe aux choux, des irr\u00e9ductibles Romains et m\u00eame la gendarmerie qui nous a tous flash\u00e9 dans une belle descente. Bref, on ne s&rsquo;est pas ennuy\u00e9, aussi bien sur le trac\u00e9 que sur l&rsquo;ambiance. Dommage que le retour soit un peu plus bitum\u00e9, mais il nous restait un passage casse-gueule avec des chemins aux orni\u00e8res plus que prononc\u00e9es qui en ont fait chut\u00e9 plus d&rsquo;un&#8230; !!! Pour le reste, nous avons b\u00e9n\u00e9fici\u00e9 d&rsquo;une m\u00e9t\u00e9o au top : sec, assez doux (au d\u00e9but du moins car ce fut un peu frisquet sur la fin). Le fl\u00e9chage \u00e9tait quasi parfait (on ne s&rsquo;est jamais tromp\u00e9). Mon \u00e9clairage a bien rempli ses fonctions : tout \u00e9tait bien \u00e9clair\u00e9, m\u00eame si je me suis fait une petite frayeur dans une belle descente quand mon c\u00e2ble d&rsquo;alimentation s&rsquo;est d\u00e9tach\u00e9 et que j&rsquo;ai d\u00e9val\u00e9 pendant une bonne centaine de m\u00e8tres une belle pente dans le noir complet !!!!<\/span><\/div>\n<div class=\"meps_bloc_tbl_cll\">&nbsp;<\/div>\n<\/div>\n<\/div>\n<\/div>\n<div class=\"mep_standard1\">\n<div class=\"meps_bloc_tbl\">\n<div class=\"meps_bloc_tbl_rw\">\n<div class=\"meps_bloc_tbl_cll\">\n<div class=\"\">\n<div class=\"conteneur_legende_hover\" align=\"center\">\n<p><a href=\"http:\/\/img15.hostingpics.net\/pics\/737448262247133739a6727ca81o.jpg\"><img decoding=\"async\" src=\"http:\/\/img15.hostingpics.net\/pics\/737448262247133739a6727ca81o.jpg\"><\/a><em>Au second ravito<\/em><\/p>\n<\/div>\n<\/div>\n<\/div>\n<\/div>\n<\/div>\n<div class=\"conteneur_legende\">&nbsp;<\/div>\n<div class=\"meps_bloc_tbl\">\n<div class=\"meps_bloc_tbl_rw\">\n<div class=\"meps_bloc_tbl_cll\">\n<div class=\"\">\n<div class=\"conteneur_legende_hover\" align=\"center\">\n<p><a href=\"http:\/\/img15.hostingpics.net\/pics\/1422032622393957478240ca8c0b.jpg\"><img decoding=\"async\" src=\"http:\/\/img15.hostingpics.net\/pics\/1422032622393957478240ca8c0b.jpg\"><\/a><em>Encore une dizaine de km et c&rsquo;est la fin<\/em><\/p>\n<\/div>\n<\/div>\n<div class=\"conteneur_legende\">&nbsp;<\/div>\n<\/div>\n<\/div>\n<\/div>\n<\/div>\n<div class=\"mep_standard1\">\n<div class=\"meps_bloc_tbl\">\n<div class=\"meps_bloc_tbl_rw\">\n<div class=\"meps_bloc_tbl_cll\">\n<p style=\"text-align: justify;\"><span class=\"text_exposed_show\">Arriv\u00e9s \u00e0 la salle, une belle file d&rsquo;attente nous attendait (faudrait aussi revoir la distribution pour que cela soit plus efficace&#8230;) et \u00e0 minuit, la fra\u00eecheur commen\u00e7ait \u00e0 poindre. Mais bon, nous \u00e9tions tous ravis par cette superbe soir\u00e9e, et ce fut avec joie que nous avons bu notre bi\u00e8re et notre sandwich saucisse. Un succ\u00e8s vraiment m\u00e9rit\u00e9. Une excellente m\u00e9t\u00e9o printani\u00e8re les a aid\u00e9, et c&rsquo;est tant mieux.<\/span><\/p>\n<p>Merci \u00e0 Jacques Grassart pour les photos.<\/p>\n<p>Voir \u00e9galement notre album photos sur <a href=\"https:\/\/www.facebook.com\/media\/set\/?set=a.1684456981815196.1073741991.1528374570756772&amp;type=3&amp;ref=notif&amp;notif_t=like&amp;notif_id=1462477667689723\" target=\"_blank\" rel=\"noopener noreferrer\">notre page Facebook<\/a>.<\/p>\n<p>Plus bas, voir la petite vid\u00e9o de Denis pour r\u00e9sumer cette excellente soir\u00e9e.<\/p>\n<\/div>\n<\/div>\n<\/div>\n<\/div>\n<div class=\"mep_standard1\">\n<div class=\"meps_bloc_tbl\">\n<div class=\"meps_bloc_tbl_rw\">\n<div class=\"meps_bloc_tbl_cll\">\n<div class=\"\" style=\"text-align: center;\"><iframe loading=\"lazy\" src=\"https:\/\/www.youtube.com\/embed\/ByDPa1q_nh0\" allowfullscreen=\"allowfullscreen\" data-mce-fragment=\"1\" width=\"100%\" height=\"600\" frameborder=\"0\"><\/iframe><\/div>\n<\/div>\n<\/div>\n<\/div>\n<\/div>\n<div>&nbsp;<\/div>\n","protected":false},"excerpt":{"rendered":"<p>Le 4 mai 2016, Fil, Arno, David, Denis et Jean-Louis ont d\u00e9cid\u00e9 d&rsquo;innover et pour pr\u00e9parer notre nouveau prochain \u00e9v\u00e9nement qui aura le dernier samedi d&rsquo;ao\u00fbt, ils ont inaugur\u00e9 leur&#8230;<\/p>\n","protected":false},"author":1,"featured_media":0,"parent":1467,"menu_order":0,"comment_status":"closed","ping_status":"closed","template":"","meta":{"ngg_post_thumbnail":0,"jetpack_post_was_ever_published":false,"two_page_speed":[],"footnotes":""},"class_list":["post-167","page","type-page","status-publish","hentry"],"jetpack_sharing_enabled":true,"jetpack_shortlink":"https:\/\/wp.me\/P8bXJp-2H","_links":{"self":[{"href":"https:\/\/veloclubfaumont.fr\/index.php\/wp-json\/wp\/v2\/pages\/167","targetHints":{"allow":["GET"]}}],"collection":[{"href":"https:\/\/veloclubfaumont.fr\/index.php\/wp-json\/wp\/v2\/pages"}],"about":[{"href":"https:\/\/veloclubfaumont.fr\/index.php\/wp-json\/wp\/v2\/types\/page"}],"author":[{"embeddable":true,"href":"https:\/\/veloclubfaumont.fr\/index.php\/wp-json\/wp\/v2\/users\/1"}],"replies":[{"embeddable":true,"href":"https:\/\/veloclubfaumont.fr\/index.php\/wp-json\/wp\/v2\/comments?post=167"}],"version-history":[{"count":0,"href":"https:\/\/veloclubfaumont.fr\/index.php\/wp-json\/wp\/v2\/pages\/167\/revisions"}],"up":[{"embeddable":true,"href":"https:\/\/veloclubfaumont.fr\/index.php\/wp-json\/wp\/v2\/pages\/1467"}],"wp:attachment":[{"href":"https:\/\/veloclubfaumont.fr\/index.php\/wp-json\/wp\/v2\/media?parent=167"}],"curies":[{"name":"wp","href":"https:\/\/api.w.org\/{rel}","templated":true}]}}