{"id":171,"date":"2016-12-10T11:06:04","date_gmt":"2016-12-10T10:06:04","guid":{"rendered":"http:\/\/veloclubfaumont.fr\/?page_id=171"},"modified":"2016-12-10T11:06:04","modified_gmt":"2016-12-10T10:06:04","slug":"lille-hardelot-2016","status":"publish","type":"page","link":"https:\/\/veloclubfaumont.fr\/index.php\/2016-2\/lille-hardelot-2016\/","title":{"rendered":"Lille-Hardelot 2016"},"content":{"rendered":"<div class=\"mep_standard1\">\n<div class=\"meps_bloc_tbl\">\n<div class=\"meps_bloc_tbl_rw\">\n<div class=\"meps_bloc_tbl_cll\">\n<p>Pour l&rsquo;\u00e9dition 2016 de Lille-Hardelot &#8230; Pas moins de 6 faumontois \u00e9taient au d\u00e9part de l&rsquo;une des plus festives randonn\u00e9e des Hauts de France &#8230; Fred, Olivier, Laurent, Sylvain, Vincent et Greg ont arpent\u00e9 les 157 km \u00e0 travers la Flandre et la C\u00f4te d&rsquo;Opale &#8230; 4 gros ravitos, pour les plus gourmands, andouillette, ailerons de poulet, sucr\u00e9 et sal\u00e9 en abondance&#8230;<\/p>\n<p>Les 1400 m de D+ n&rsquo;ont pas frein\u00e9 nos vaillants cyclos &#8230; tous sont bien arriv\u00e9s sur Hardelot avec le sourire et la satisfaction de l&rsquo;effort accompli &#8230; c&rsquo;est autour du verre de l&rsquo;amiti\u00e9 \u00e0 la sant\u00e9 du VC Faumont, que nos gars ont refait la Course &#8230;<\/p>\n<\/div>\n<div class=\"meps_bloc_tbl_cll\">&nbsp;<\/div>\n<\/div>\n<\/div>\n<\/div>\n<div class=\"mep_standard1\">\n<div class=\"meps_bloc_tbl\">\n<div class=\"meps_bloc_tbl_rw\">\n<div class=\"meps_bloc_tbl_cll\">\n<div align=\"center\"><a href=\"http:\/\/img15.hostingpics.net\/pics\/141166LH20160677.jpg\"><img decoding=\"async\" src=\"http:\/\/img15.hostingpics.net\/pics\/141166LH20160677.jpg\"><\/a><\/div>\n<\/div>\n<div class=\"meps_bloc_tbl_cll\">\n<div align=\"center\"><a href=\"http:\/\/img15.hostingpics.net\/pics\/508583LH20160678.jpg\"><img decoding=\"async\" src=\"http:\/\/img15.hostingpics.net\/pics\/508583LH20160678.jpg\"><\/a><\/div>\n<\/div>\n<\/div>\n<\/div>\n<\/div>\n<div class=\"mep_standard1\">\n<div class=\"meps_bloc_tbl\">\n<div class=\"meps_bloc_tbl_rw\">\n<div class=\"meps_bloc_tbl_cll\">\n<div align=\"center\"><a href=\"http:\/\/img15.hostingpics.net\/pics\/180314Sanstitre1.jpg\"><img decoding=\"async\" src=\"http:\/\/img15.hostingpics.net\/pics\/180314Sanstitre1.jpg\"><\/a><\/div>\n<\/div>\n<div class=\"meps_bloc_tbl_cll\">\n<div align=\"center\"><a href=\"http:\/\/img15.hostingpics.net\/pics\/609585Sanstitre3.jpg\"><img decoding=\"async\" src=\"http:\/\/img15.hostingpics.net\/pics\/609585Sanstitre3.jpg\"><\/a><\/div>\n<\/div>\n<div class=\"meps_bloc_tbl_cll\">\n<div align=\"center\"><a href=\"http:\/\/img15.hostingpics.net\/pics\/311316Sanstitre6.jpg\"><img decoding=\"async\" src=\"http:\/\/img15.hostingpics.net\/pics\/311316Sanstitre6.jpg\"><\/a><\/div>\n<\/div>\n<\/div>\n<\/div>\n<\/div>\n<div id=\"wctamre0\" class=\"wctamre\">&nbsp;<\/div>\n<div class=\"mep_standard1\">\n<div class=\"meps_bloc_tbl\">\n<div class=\"meps_bloc_tbl_rw\">\n<div class=\"meps_bloc_tbl_cll\">\n<div align=\"center\"><a href=\"http:\/\/img15.hostingpics.net\/pics\/721884LH20160518.jpg\"><img decoding=\"async\" src=\"http:\/\/img15.hostingpics.net\/pics\/721884LH20160518.jpg\"><\/a><\/div>\n<\/div>\n<div class=\"meps_bloc_tbl_cll\">\n<div align=\"center\"><a href=\"http:\/\/img15.hostingpics.net\/pics\/722093LH20161186.jpg\"><img decoding=\"async\" src=\"http:\/\/img15.hostingpics.net\/pics\/722093LH20161186.jpg\"><\/a><\/div>\n<\/div>\n<\/div>\n<\/div>\n<\/div>\n<div class=\"mep_standard1\">\n<div class=\"meps_bloc_tbl\">\n<div class=\"meps_bloc_tbl_rw\">\n<div class=\"meps_bloc_tbl_cll\">\n<div align=\"center\"><a href=\"http:\/\/img15.hostingpics.net\/pics\/645718Sanstitre3.jpg\"><img decoding=\"async\" src=\"http:\/\/img15.hostingpics.net\/pics\/645718Sanstitre3.jpg\"><\/a><\/div>\n<\/div>\n<div class=\"meps_bloc_tbl_cll\">\n<div align=\"center\"><a href=\"http:\/\/img15.hostingpics.net\/pics\/573514Sanstitre5.jpg\"><img decoding=\"async\" src=\"http:\/\/img15.hostingpics.net\/pics\/573514Sanstitre5.jpg\"><\/a><\/div>\n<\/div>\n<div class=\"meps_bloc_tbl_cll\">\n<div align=\"center\"><a href=\"http:\/\/img15.hostingpics.net\/pics\/595474Sanstitre4.jpg\"><img decoding=\"async\" src=\"http:\/\/img15.hostingpics.net\/pics\/595474Sanstitre4.jpg\"><\/a><\/div>\n<\/div>\n<\/div>\n<\/div>\n<\/div>\n<div class=\"mep_standard1\">\n<div class=\"meps_bloc_tbl\">\n<div class=\"meps_bloc_tbl_rw\">\n<div class=\"meps_bloc_tbl_cll\">\n<div align=\"center\"><a href=\"http:\/\/img15.hostingpics.net\/pics\/395324Sanstitre9.jpg\"><img decoding=\"async\" src=\"http:\/\/img15.hostingpics.net\/pics\/395324Sanstitre9.jpg\"><\/a><\/div>\n<\/div>\n<div class=\"meps_bloc_tbl_cll\">\n<div align=\"center\"><a href=\"http:\/\/img15.hostingpics.net\/pics\/745127Sanstitre92.jpg\"><img decoding=\"async\" src=\"http:\/\/img15.hostingpics.net\/pics\/745127Sanstitre92.jpg\"><\/a><\/div>\n<\/div>\n<div class=\"meps_bloc_tbl_cll\">\n<div align=\"center\"><a href=\"http:\/\/img15.hostingpics.net\/pics\/113742Sanstitre91.jpg\"><img decoding=\"async\" src=\"http:\/\/img15.hostingpics.net\/pics\/113742Sanstitre91.jpg\"><\/a><\/div>\n<\/div>\n<\/div>\n<\/div>\n<\/div>\n<div id=\"wctamre1\" class=\"wctamre\">&nbsp;<\/div>\n<div class=\"mep_standard1\">\n<div class=\"meps_bloc_tbl\">\n<div class=\"meps_bloc_tbl_rw\">\n<div class=\"meps_bloc_tbl_cll\">\n<div align=\"center\"><a href=\"http:\/\/img15.hostingpics.net\/pics\/297306Sanstitre95.jpg\"><img decoding=\"async\" src=\"http:\/\/img15.hostingpics.net\/pics\/297306Sanstitre95.jpg\"><\/a><\/div>\n<\/div>\n<div class=\"meps_bloc_tbl_cll\">\n<div align=\"center\"><img decoding=\"async\" src=\"http:\/\/img15.hostingpics.net\/pics\/257501Sanstitre96.jpg\"><\/div>\n<\/div>\n<\/div>\n<\/div>\n<\/div>\n","protected":false},"excerpt":{"rendered":"<p>Pour l&rsquo;\u00e9dition 2016 de Lille-Hardelot &#8230; Pas moins de 6 faumontois \u00e9taient au d\u00e9part de l&rsquo;une des plus festives randonn\u00e9e des Hauts de France &#8230; Fred, Olivier, Laurent, Sylvain, Vincent&#8230;<\/p>\n","protected":false},"author":1,"featured_media":0,"parent":28,"menu_order":0,"comment_status":"closed","ping_status":"closed","template":"","meta":{"ngg_post_thumbnail":0,"jetpack_post_was_ever_published":false,"two_page_speed":[],"footnotes":""},"class_list":["post-171","page","type-page","status-publish","hentry"],"jetpack_sharing_enabled":true,"jetpack_shortlink":"https:\/\/wp.me\/P8bXJp-2L","_links":{"self":[{"href":"https:\/\/veloclubfaumont.fr\/index.php\/wp-json\/wp\/v2\/pages\/171","targetHints":{"allow":["GET"]}}],"collection":[{"href":"https:\/\/veloclubfaumont.fr\/index.php\/wp-json\/wp\/v2\/pages"}],"about":[{"href":"https:\/\/veloclubfaumont.fr\/index.php\/wp-json\/wp\/v2\/types\/page"}],"author":[{"embeddable":true,"href":"https:\/\/veloclubfaumont.fr\/index.php\/wp-json\/wp\/v2\/users\/1"}],"replies":[{"embeddable":true,"href":"https:\/\/veloclubfaumont.fr\/index.php\/wp-json\/wp\/v2\/comments?post=171"}],"version-history":[{"count":0,"href":"https:\/\/veloclubfaumont.fr\/index.php\/wp-json\/wp\/v2\/pages\/171\/revisions"}],"up":[{"embeddable":true,"href":"https:\/\/veloclubfaumont.fr\/index.php\/wp-json\/wp\/v2\/pages\/28"}],"wp:attachment":[{"href":"https:\/\/veloclubfaumont.fr\/index.php\/wp-json\/wp\/v2\/media?parent=171"}],"curies":[{"name":"wp","href":"https:\/\/api.w.org\/{rel}","templated":true}]}}