{"id":173,"date":"2016-12-10T11:11:34","date_gmt":"2016-12-10T10:11:34","guid":{"rendered":"http:\/\/veloclubfaumont.fr\/?page_id=173"},"modified":"2017-01-24T18:30:33","modified_gmt":"2017-01-24T17:30:33","slug":"chicon-bike-tour-2016-le-compte-rendu","status":"publish","type":"page","link":"https:\/\/veloclubfaumont.fr\/index.php\/2016-2\/chicon-bike-tour-2016-le-compte-rendu\/","title":{"rendered":"Chicon Bike Tour 2016 : le compte-rendu"},"content":{"rendered":"<div class=\"mep_standard7\">\n<div class=\"meps_bloc_tbl\">\n<div class=\"meps_bloc_tbl_rw\">\n<div class=\"meps_bloc_tbl_cll\">\n<ul>\n<li><strong>Accueil \u00e0 la salle<\/strong><\/li>\n<\/ul>\n<div>C&rsquo;est sous un soleil radieux et une temp\u00e9rature hivernale que s&rsquo;est d\u00e9roul\u00e9e l&rsquo;\u00e9dition 2016 du Chicon Bike Tour 2016 \u00e0 Faumont.<\/div>\n<p>Pas moins de 1781 participants ont r\u00e9pondu pr\u00e9sents \u00e0 l&rsquo;appel du V\u00e9lo Club de Faumont, et de son pr\u00e9sident Gilles Barbieux, qui se r\u00e9jouit de cette belle r\u00e9ussite.<em><br \/>\n<\/em><\/p>\n<\/div>\n<div class=\"meps_bloc_tbl_cll\">\n<div class=\"conteneur_legende_hover\" align=\"center\">\n<p><a href=\"https:\/\/lh3.googleusercontent.com\/-ieuyPS4JbV0\/Vpu7q1alkCI\/AAAAAAAAHdg\/PKYMbgn-SIQ\/w1205-h803-no\/DSC_0120.JPG\"><img decoding=\"async\" src=\"https:\/\/lh3.googleusercontent.com\/-ieuyPS4JbV0\/Vpu7q1alkCI\/AAAAAAAAHdg\/PKYMbgn-SIQ\/w1205-h803-no\/DSC_0120.JPG\"><\/a><em>Il ne fait pas encore jour que les premiers marcheurs arrivent d\u00e9j\u00e0 \u00e0 la salle accueillis par notre mascotte Chiconnette et notre Pr\u00e9sident Gilles Barbieux<\/em><\/p>\n<div class=\"conteneur_legende\">&nbsp;<\/div>\n<\/div>\n<\/div>\n<\/div>\n<\/div>\n<\/div>\n<div class=\"mep_standard1\">\n<div class=\"meps_bloc_tbl\">\n<div class=\"meps_bloc_tbl_rw\">\n<div class=\"meps_bloc_tbl_cll\">\n<div class=\"conteneur_legende_hover\" align=\"center\">\n<p><a href=\"https:\/\/lh3.googleusercontent.com\/-7qx5xnGnebM\/Vpu8B_hGefI\/AAAAAAAAHe0\/yojRALeVtLA\/w1205-h803-no\/DSC_0131.JPG\"><img decoding=\"async\" src=\"https:\/\/lh3.googleusercontent.com\/-7qx5xnGnebM\/Vpu8B_hGefI\/AAAAAAAAHe0\/yojRALeVtLA\/w1205-h803-no\/DSC_0131.JPG\"><\/a><em>Nos amis de Comp\u00e9 Passion VTT de Pozi\u00e8res dans la Somme<\/em><\/p>\n<div class=\"conteneur_legende\">&nbsp;<\/div>\n<\/div>\n<\/div>\n<div class=\"meps_bloc_tbl_cll\">\n<div class=\"conteneur_legende_hover\" align=\"center\">\n<p><a href=\"https:\/\/lh3.googleusercontent.com\/-kq7yACnBJWg\/Vp5n-2MW2NI\/AAAAAAAAIbs\/f5o9q99u1mY\/w1205-h803-no\/DSC_0076.JPG\"><img decoding=\"async\" src=\"https:\/\/lh3.googleusercontent.com\/-kq7yACnBJWg\/Vp5n-2MW2NI\/AAAAAAAAIbs\/f5o9q99u1mY\/w1205-h803-no\/DSC_0076.JPG\"><\/a><em>Nos amis de la Team Picon de Thierache VTT venus de l&rsquo;Aisne<\/em><\/p>\n<div class=\"conteneur_legende\">&nbsp;<\/div>\n<\/div>\n<\/div>\n<\/div>\n<\/div>\n<\/div>\n<div class=\"mep_standard7\">\n<div class=\"meps_bloc_tbl\">\n<div class=\"meps_bloc_tbl_rw\">\n<div class=\"meps_bloc_tbl_cll\">\n<div class=\"conteneur_legende_hover\" align=\"center\">\n<p><a href=\"https:\/\/lh3.googleusercontent.com\/-4uuDIF9I_iM\/Vpu7Q4nnCpI\/AAAAAAAAHbQ\/_bS0PVpanME\/w1205-h803-no\/DSC_0085.JPG\"><img decoding=\"async\" src=\"https:\/\/lh3.googleusercontent.com\/-4uuDIF9I_iM\/Vpu7Q4nnCpI\/AAAAAAAAHbQ\/_bS0PVpanME\/w1205-h803-no\/DSC_0085.JPG\"><\/a><em>Nos amis Les B\u00e9canes Sauvages venus de Bantouzelles au-dessus de Cambrai<\/em><\/p>\n<\/div>\n<\/div>\n<div class=\"meps_bloc_tbl_cll\">\n<p>Ils sont venus des 4 coins de la r\u00e9gion, et m\u00eame de plus loin, d&rsquo;Arras \u00e0 Valenciennes, de la Thi\u00e9rache \u00e0 Dunkerque, leurs amis belges, les voisins Picards de la Somme et m\u00eame de l&rsquo;Oise!<br \/>\nLe <em>Chicon Bike Tour<\/em>, \u00e7a ne se rate pas !!!<\/p>\n<\/div>\n<\/div>\n<\/div>\n<\/div>\n<div id=\"wctamre0\" class=\"wctamre\">&nbsp;<\/div>\n<div class=\"mep_standard7\">\n<div class=\"meps_bloc_tbl\">\n<div class=\"meps_bloc_tbl_rw\">\n<div class=\"meps_bloc_tbl_cll\">\n<div style=\"text-align: center;\"><a href=\"https:\/\/lh5.googleusercontent.com\/-TCcO5TN5fEE\/Vp5o16rldJI\/AAAAAAAAIgE\/tAoPr7p0-oU\/w1205-h803-no\/DSC_0198.JPG\"><img decoding=\"async\" src=\"https:\/\/lh5.googleusercontent.com\/-TCcO5TN5fEE\/Vp5o16rldJI\/AAAAAAAAIgE\/tAoPr7p0-oU\/w1205-h803-no\/DSC_0198.JPG\" alt=\"\"><\/a><br \/>\n<em>Il est \u00e0 peine 9h00 et la salle est d\u00e9j\u00e0 noire de monde pour les inscriptions<\/em><\/div>\n<div>&nbsp;<\/div>\n<\/div>\n<\/div>\n<\/div>\n<\/div>\n<div class=\"mep_standard1\">\n<div class=\"meps_bloc_tbl\">\n<div class=\"meps_bloc_tbl_rw\">\n<div class=\"meps_bloc_tbl_cll\">\n<div class=\"conteneur_legende_hover\" align=\"center\">\n<p><a href=\"https:\/\/lh5.googleusercontent.com\/-iJnkDnQMmX4\/Vp5o4GmcALI\/AAAAAAAAIgc\/ufDt4hQ-abs\/w1205-h803-no\/DSC_0202.JPG\"><img decoding=\"async\" src=\"https:\/\/lh5.googleusercontent.com\/-iJnkDnQMmX4\/Vp5o4GmcALI\/AAAAAAAAIgc\/ufDt4hQ-abs\/w1205-h803-no\/DSC_0202.JPG\"><\/a><em>A la caisse les b\u00e9n\u00e9voles ne ch\u00f4ment pas mais gardent toujours le sourire l&rsquo;accueil \u00e0 Faumont est reconnu par tous<\/em><\/p>\n<div class=\"conteneur_legende\">&nbsp;<\/div>\n<\/div>\n<\/div>\n<div class=\"meps_bloc_tbl_cll\">\n<div class=\"conteneur_legende_hover\" align=\"center\">\n<p><a href=\"https:\/\/lh5.googleusercontent.com\/-fER_qkj5dyU\/Vp5nnn0hdaI\/AAAAAAAAIZg\/xnOhOqBaf3I\/w1199-h803-no\/DSC06587.JPG\"><img decoding=\"async\" src=\"https:\/\/lh5.googleusercontent.com\/-fER_qkj5dyU\/Vp5nnn0hdaI\/AAAAAAAAIZg\/xnOhOqBaf3I\/w1199-h803-no\/DSC06587.JPG\"><\/a><em>Devant la salle c&rsquo;est aussi l&rsquo;effervescence les rues de Faumont sont envahies de toutes parts<\/em><\/p>\n<\/div>\n<\/div>\n<\/div>\n<\/div>\n<\/div>\n<div id=\"wctamre1\" class=\"wctamre\">&nbsp;<\/div>\n<div class=\"mep_standard7\">\n<div class=\"meps_bloc_tbl\">\n<div class=\"meps_bloc_tbl_rw\">\n<div class=\"meps_bloc_tbl_cll\">\n<p>Le <em>Chicon Bike Tour<\/em> \u00e0 Faumont, c&rsquo;est d&rsquo;abord de la marche, avec 5 parcours propos\u00e9s aux randonneurs venus en nombre \u00e0 travers le village, de 4km pour se d\u00e9gourdir les jambes et jusqu&rsquo;\u00e0 13 km pour les plus aguerris.<\/p>\n<p>Il y avait aussi de la route, avec 2 parcours cyclo de 20 et 40 km, \u00e0 travers la P\u00e9v\u00e8le.<\/p>\n<p>Mais la discipline phare \u00e0 Faumont, c&rsquo;est le VTT sur 4 parcours diff\u00e9rents, allant de 25 \u00e0 47 km.<\/p>\n<\/div>\n<\/div>\n<\/div>\n<\/div>\n<div class=\"mep_standard1\">\n<div class=\"meps_bloc_tbl\">\n<div class=\"meps_bloc_tbl_rw\">\n<div class=\"meps_bloc_tbl_cll\">\n<div class=\"conteneur_legende_hover\" align=\"center\">\n<p><a href=\"https:\/\/lh3.googleusercontent.com\/-aft3dImZUjo\/Vp5nxto8ELI\/AAAAAAAAIak\/3m9gGtpeuIw\/w1199-h803-no\/DSC06593.JPG\"><img decoding=\"async\" src=\"https:\/\/lh3.googleusercontent.com\/-aft3dImZUjo\/Vp5nxto8ELI\/AAAAAAAAIak\/3m9gGtpeuIw\/w1199-h803-no\/DSC06593.JPG\"><\/a><em>Des VTTistes encore tout propres qui s&rsquo;\u00e9lancent ils ne s&rsquo;attendent pas encore \u00e0 la boue qu&rsquo;ils vont devoir affronter<\/em><\/p>\n<div class=\"conteneur_legende\">&nbsp;<\/div>\n<\/div>\n<\/div>\n<div class=\"meps_bloc_tbl_cll\">\n<div class=\"conteneur_legende_hover\" align=\"center\">\n<p><a href=\"https:\/\/lh5.googleusercontent.com\/-xWaYC53TQOQ\/Vp5nuiv6eWI\/AAAAAAAAIaI\/lDcMz50TZ14\/w1199-h803-no\/DSC06590.JPG\"><img decoding=\"async\" src=\"https:\/\/lh5.googleusercontent.com\/-xWaYC53TQOQ\/Vp5nuiv6eWI\/AAAAAAAAIaI\/lDcMz50TZ14\/w1199-h803-no\/DSC06590.JPG\"><\/a><em>Un groupe de marcheurs pr\u00eats \u00e0 d\u00e9couvrir la r\u00e9gion faumontoise<\/em><\/p>\n<\/div>\n<\/div>\n<\/div>\n<\/div>\n<\/div>\n<div class=\"mep_standard9\" style=\"text-align: center;\">&nbsp;<strong>Toutes les photos de l&rsquo;accueil avec la Chiconnette et la salle <\/strong><\/div>\n<div class=\"mep_standard9\" style=\"text-align: center;\"><strong>sont disponibles ici :<\/strong><br \/>\nSur Google+ : <a href=\"https:\/\/plus.google.com\/u\/0\/photos\/115246007743312042065\/albums\/6240786788197902689\" target=\"_blank\">Accueil Chiconnette<\/a>&nbsp; &#8211; <a href=\"https:\/\/plus.google.com\/u\/0\/photos\/115246007743312042065\/albums\/6241539444820991505\" target=\"_blank\">Accueil Salle<\/a><br \/>\nSur Facebook : <a href=\"https:\/\/www.facebook.com\/media\/set\/?set=a.1643843405876554.1073741966.1528374570756772&amp;type=3\" target=\"_blank\">Accueil Chiconnette<\/a>&nbsp; &#8211; <a href=\"https:\/\/www.facebook.com\/media\/set\/?set=a.1643850305875864.1073741967.1528374570756772&amp;type=3\" target=\"_blank\">Accueil Salle<\/a><\/div>\n<div class=\"mep_standard9\" style=\"text-align: center;\">&nbsp;<\/div>\n<p><!--more--><\/p>\n<div class=\"mep_standard9\" style=\"text-align: center;\">\n<div class=\"mep_standard7\">\n<div class=\"meps_bloc_tbl\">\n<div class=\"meps_bloc_tbl_rw\">\n<div class=\"meps_bloc_tbl_cll\">\n<ul>\n<li style=\"text-align: left;\"><strong>Les VTT<\/strong><\/li>\n<\/ul>\n<\/div>\n<div class=\"meps_bloc_tbl_cll\">\n<div style=\"text-align: left;\">Cette ann\u00e9e, 1073 v\u00e9t\u00e9tistes courageux (un record) ont pu s&rsquo;\u00e9clater sur 4 parcours diff\u00e9rents (25, 34, 38 et 47 km), alternant chemins roulants, bourbiers, terrils, singles en terrain glissant et autre sous-bois en passant m\u00eame par les secteurs pav\u00e9s. Les randonneurs ont pu escalader Mons en P\u00e9v\u00e8le, monter les terrils de Leforest et d&rsquo;Evin-Malmaison et terminer par les chemins de Raimbeaucourt.<\/div>\n<div style=\"text-align: left;\">&nbsp;<\/div>\n<\/div>\n<div class=\"meps_bloc_tbl_cll\">\n<div class=\"conteneur_legende_hover\" align=\"center\">\n<p><a href=\"https:\/\/lh5.googleusercontent.com\/-eb9BuFPLodg\/Vp1ZVZ5GOVI\/AAAAAAAAIFQ\/lhu5jq2nids\/w1199-h803-no\/DSC06752.JPG\"><img decoding=\"async\" src=\"https:\/\/lh5.googleusercontent.com\/-eb9BuFPLodg\/Vp1ZVZ5GOVI\/AAAAAAAAIFQ\/lhu5jq2nids\/w1199-h803-no\/DSC06752.JPG\"><\/a><\/p>\n<div class=\"conteneur_legende\"><em>Le CBT c&rsquo;est avant tout de la gadoue et cette \u00e9dition ne fera pas exception<\/em><\/div>\n<div class=\"conteneur_legende\">&nbsp;<\/div>\n<\/div>\n<\/div>\n<\/div>\n<\/div>\n<\/div>\n<div class=\"mep_standard1\">\n<div class=\"meps_bloc_tbl\">\n<div class=\"meps_bloc_tbl_rw\">\n<div class=\"meps_bloc_tbl_cll\">\n<div class=\"conteneur_legende_hover\" align=\"center\">\n<p><a href=\"https:\/\/lh3.googleusercontent.com\/-ShbQdU_zEOE\/Vp1gJIEQxiI\/AAAAAAAAIUg\/TE-Ix8wUi5E\/w1199-h803-no\/DSC06876.JPG\"><img decoding=\"async\" src=\"https:\/\/lh3.googleusercontent.com\/-ShbQdU_zEOE\/Vp1gJIEQxiI\/AAAAAAAAIUg\/TE-Ix8wUi5E\/w1199-h803-no\/DSC06876.JPG\"><\/a><\/p>\n<div class=\"conteneur_legende\"><em>La travers\u00e9e de la gadoue est parfois difficile<\/em><\/div>\n<div class=\"conteneur_legende\">&nbsp;<\/div>\n<\/div>\n<\/div>\n<div class=\"meps_bloc_tbl_cll\">\n<div class=\"conteneur_legende_hover\" align=\"center\">\n<p><a href=\"https:\/\/lh3.googleusercontent.com\/-8YUGA0LsFwM\/Vp1g96Gj87I\/AAAAAAAAIWE\/P_jXjy0i3pc\/w1199-h803-no\/DSC06889.JPG\" target=\"_blank\"><img decoding=\"async\" src=\"https:\/\/lh3.googleusercontent.com\/-8YUGA0LsFwM\/Vp1g96Gj87I\/AAAAAAAAIWE\/P_jXjy0i3pc\/w1199-h803-no\/DSC06889.JPG\"><\/a><\/p>\n<div class=\"conteneur_legende\"><em>Certains doivent m\u00eame mettre pieds \u00e0 terre<\/em><\/div>\n<div class=\"conteneur_legende\">&nbsp;<\/div>\n<\/div>\n<\/div>\n<\/div>\n<\/div>\n<\/div>\n<div class=\"mep_standard10\">\n<div class=\"meps_bloc_tbl\">\n<div class=\"meps_bloc_tbl_rw\">\n<div class=\"meps_bloc_tbl_cll\">\n<div class=\"conteneur_legende_hover\" align=\"center\">\n<p><a href=\"https:\/\/lh3.googleusercontent.com\/-LbfML6AcaTk\/VpwIN6X1aRI\/AAAAAAAAH-0\/aLM78xsWthU\/w1205-h803-no\/DSC_0209.JPG\"><img decoding=\"async\" src=\"https:\/\/lh3.googleusercontent.com\/-LbfML6AcaTk\/VpwIN6X1aRI\/AAAAAAAAH-0\/aLM78xsWthU\/w1205-h803-no\/DSC_0209.JPG\"><\/a><\/p>\n<div class=\"conteneur_legende\"><em>C&rsquo;est maintenant temps de faire une pause au ravito et prendre quelques forces avant de repartir affronter les terrils<\/em><\/div>\n<div class=\"conteneur_legende\">&nbsp;<\/div>\n<\/div>\n<\/div>\n<div class=\"meps_bloc_tbl_cll\" style=\"text-align: justify;\">M\u00eame si quelques randonneurs se sont perdus en chemin (une fl\u00e8che avait malheureusement \u00e9t\u00e9 tourn\u00e9e vers la mauvaise direction), la tr\u00e8s grande majorit\u00e9 des VTTistes ont r\u00e9ussi \u00e0 rejoindre le ravito. Ils ont pu profiter de friandises vari\u00e9es, de fruits, d&rsquo;une boisson ou m\u00eame de soupe chaude. Apr\u00e8s s&rsquo;\u00eatre requinqu\u00e9s, ils ont pu affronter le petit terril de Leforest puis le morceau de r\u00e9sistance : le grand terril d&rsquo;Evin-Malmaison (pour le 38 et le 47 km)<\/div>\n<\/div>\n<\/div>\n<\/div>\n<div id=\"wctamre0\" class=\"wctamre\">&nbsp;<\/div>\n<div class=\"mep_standard7\">\n<div class=\"meps_bloc_tbl\">\n<div class=\"meps_bloc_tbl_rw\">\n<div class=\"meps_bloc_tbl_cll\">\n<div class=\"conteneur_legende_hover\" align=\"center\">\n<p><a href=\"https:\/\/lh5.googleusercontent.com\/-TMFITEVtu7Q\/Vp5tJ0QU9wI\/AAAAAAAAIjQ\/KNHFlD3evqE\/w1205-h803-no\/DSC_0237.JPG\"><img decoding=\"async\" src=\"https:\/\/lh5.googleusercontent.com\/-TMFITEVtu7Q\/Vp5tJ0QU9wI\/AAAAAAAAIjQ\/KNHFlD3evqE\/w1205-h803-no\/DSC_0237.JPG\"><\/a><\/p>\n<div class=\"conteneur_legende\"><em>Les premiers VTTistes arrivant joyeusement au sommet du terril d&rsquo;Evin<\/em><\/div>\n<div class=\"conteneur_legende\">&nbsp;<\/div>\n<\/div>\n<\/div>\n<div class=\"meps_bloc_tbl_cll\">\n<div class=\"conteneur_legende_hover\" align=\"center\">\n<p><a href=\"https:\/\/lh3.googleusercontent.com\/-2V5W6JDvklc\/Vp5w7J1UtZI\/AAAAAAAAI3U\/g9hJKcw5F6Y\/w1205-h803-no\/DSC_0405.JPG\"><img decoding=\"async\" src=\"https:\/\/lh3.googleusercontent.com\/-2V5W6JDvklc\/Vp5w7J1UtZI\/AAAAAAAAI3U\/g9hJKcw5F6Y\/w1205-h803-no\/DSC_0405.JPG\"><\/a><\/p>\n<div class=\"conteneur_legende\"><em>Une petite descente avant de remonter<\/em><\/div>\n<div class=\"conteneur_legende\">&nbsp;<\/div>\n<\/div>\n<\/div>\n<\/div>\n<\/div>\n<\/div>\n<div class=\"mep_standard10\">\n<div class=\"meps_bloc_tbl\">\n<div class=\"meps_bloc_tbl_rw\">\n<div class=\"meps_bloc_tbl_cll\">\n<div class=\"conteneur_legende_hover\" align=\"center\">\n<p><a href=\"https:\/\/lh5.googleusercontent.com\/-SiLyODzepJQ\/Vp5xPYdUOTI\/AAAAAAAAI4w\/l1kOsqbyn-s\/w1205-h803-no\/DSC_0419.JPG\"><img decoding=\"async\" src=\"https:\/\/lh5.googleusercontent.com\/-SiLyODzepJQ\/Vp5xPYdUOTI\/AAAAAAAAI4w\/l1kOsqbyn-s\/w1205-h803-no\/DSC_0419.JPG\"><\/a><\/p>\n<div class=\"conteneur_legende\"><em>Une petite mont\u00e9e sympa avant&#8230;<\/em><\/div>\n<div class=\"conteneur_legende\">&nbsp;<\/div>\n<\/div>\n<\/div>\n<div class=\"meps_bloc_tbl_cll\">\n<div class=\"conteneur_legende_hover\" align=\"center\">\n<p><a href=\"https:\/\/lh5.googleusercontent.com\/-VPW_rGG7lyY\/Vp52EDUIfoI\/AAAAAAAAJi4\/5perk2cQXSw\/w1205-h803-no\/DSC_0776.JPG\"><img decoding=\"async\" src=\"https:\/\/lh5.googleusercontent.com\/-VPW_rGG7lyY\/Vp52EDUIfoI\/AAAAAAAAJi4\/5perk2cQXSw\/w1205-h803-no\/DSC_0776.JPG\"><\/a><\/p>\n<div class=\"conteneur_legende\"><em>&#8230;d&rsquo;affronter une pente assez ardue<\/em><\/div>\n<div class=\"conteneur_legende\">&nbsp;<\/div>\n<\/div>\n<\/div>\n<\/div>\n<\/div>\n<\/div>\n<div class=\"mep_standard7\">\n<div class=\"meps_bloc_tbl\">\n<div class=\"meps_bloc_tbl_rw\">\n<div class=\"meps_bloc_tbl_cll\">\n<div class=\"conteneur_legende_hover\" align=\"center\">\n<p><img decoding=\"async\" src=\"https:\/\/lh3.googleusercontent.com\/-uaB6S7Az2Gs\/Vp52fx5Rx8I\/AAAAAAAAJnw\/mieO31Ny7cY\/w1205-h803-no\/DSC_0816.JPG\"><\/p>\n<div class=\"conteneur_legende\"><em>Apr\u00e8s l&rsquo;effort le r\u00e9confort et une petite pause pour admirer le paysage et attendre les copains<\/em><\/div>\n<\/div>\n<\/div>\n<\/div>\n<\/div>\n<\/div>\n<div id=\"wctamre1\" class=\"wctamre\">&nbsp;<\/div>\n<div class=\"mep_standard10\">\n<div class=\"meps_bloc_tbl\">\n<div class=\"meps_bloc_tbl_rw\">\n<div class=\"meps_bloc_tbl_cll\">\n<div style=\"text-align: justify;\">Comme il n&rsquo;avait pas gel\u00e9, les pluies pr\u00e9c\u00e9dant la rando avaient rendu les chemins bien boueux et les flaques d&rsquo;eaux \u00e9taient nombreuses. Aussi bien les cyclistes que les v\u00e9los avaient besoin d&rsquo;un bon nettoyage. Juste avant d&rsquo;arriver \u00e0 la salle, les randonneurs pouvaient b\u00e9n\u00e9ficier d&rsquo;une station de lavage pour rendre leur monture aussi propre que possible. Apr\u00e8s cela, ce fut enfin le retour \u00e0 la salle pour b\u00e9n\u00e9ficier d&rsquo;une collation bien m\u00e9rit\u00e9e.<\/div>\n<div style=\"text-align: left;\">&nbsp;<\/div>\n<\/div>\n<div class=\"meps_bloc_tbl_cll\">\n<div class=\"conteneur_legende_hover\" align=\"center\">\n<p><a href=\"https:\/\/lh3.googleusercontent.com\/-he4RSWK_MzA\/Vp6DfK0wABI\/AAAAAAAAJ-Q\/yXSNnKE0NIA\/w1205-h803-no\/DSC_0982.JPG\"><img decoding=\"async\" src=\"https:\/\/lh3.googleusercontent.com\/-he4RSWK_MzA\/Vp6DfK0wABI\/AAAAAAAAJ-Q\/yXSNnKE0NIA\/w1205-h803-no\/DSC_0982.JPG\"><\/a><\/p>\n<div class=\"conteneur_legende\"><em>Il est maintenant temps de laver les v\u00e9los qui en ont bien besoin<\/em><\/div>\n<div class=\"conteneur_legende\">&nbsp;<\/div>\n<\/div>\n<\/div>\n<\/div>\n<div class=\"conteneur_legende\">Diaporama :<\/div>\n<\/div>\n<p><iframe loading=\"lazy\" src=\"https:\/\/www.youtube.com\/embed\/YR2oHKK8x1o\" allowfullscreen=\"allowfullscreen\" width=\"560\" height=\"315\" frameborder=\"0\"><\/iframe><\/p>\n<\/div>\n<div class=\"conteneur_legende\">&nbsp;<\/div>\n<div class=\"mep_standard10\">&nbsp;<\/div>\n<div class=\"mep_standard1\">\n<div class=\"meps_bloc_tbl\">\n<div class=\"meps_bloc_tbl_rw\">\n<div class=\"meps_bloc_tbl_cll\"><iframe loading=\"lazy\" src=\"https:\/\/www.youtube.com\/embed\/-Cdgj2ZHdHk\" allowfullscreen=\"allowfullscreen\" data-mce-fragment=\"1\" width=\"100%\" height=\"600\" frameborder=\"0\"><\/iframe><\/div>\n<\/div>\n<\/div>\n<\/div>\n<div class=\"mep_standard9\">\n<div class=\"meps_bloc_tbl\">\n<div class=\"meps_bloc_tbl_rw\">\n<div class=\"meps_bloc_tbl_cll\">\n<div>&nbsp;<\/div>\n<div><span style=\"text-decoration: underline;\">Toutes les photos VTT sont disponibles sur<\/span><br \/>\nGoogle+ : <a href=\"https:\/\/plus.google.com\/photos\/115246007743312042065\/albums\/6241242248282827009\" target=\"_blank\">La gadoue &#8211; <\/a><a href=\"http:\/\/plus.google.com\/u\/0\/photos\/115246007743312042065\/albums\/6240871501777869729\" target=\"_blank\">Ravito &#8211; <\/a><a href=\"https:\/\/plus.google.com\/u\/0\/photos\/115246007743312042065\/albums\/6241545462620602449\" target=\"_blank\">Terril d&rsquo;Evin &#8211; <\/a><a href=\"https:\/\/plus.google.com\/u\/0\/photos\/115246007743312042065\/albums\/6241570702439389185\" target=\"_blank\">Lavage (VTT)<\/a><br \/>\nFacebook : <a href=\"https:\/\/www.facebook.com\/media\/set\/?set=a.1644280159166212.1073741975.1528374570756772&amp;type=3\" target=\"_blank\">La gadoue <\/a>&#8211; <a href=\"https:\/\/www.facebook.com\/media\/set\/?set=a.1643992202528341.1073741972.1528374570756772&amp;type=3\" target=\"_blank\">Ravito &#8211; <\/a><a href=\"https:\/\/www.facebook.com\/media\/set\/?set=a.1643867745874120.1073741968.1528374570756772&amp;type=3\" target=\"_blank\">Terril d&rsquo;Evin (1) &#8211; <\/a><a href=\"https:\/\/www.facebook.com\/media\/set\/?set=a.1643941582533403.1073741969.1528374570756772&amp;type=3\" target=\"_blank\">Terril d&rsquo;Evin (2)<\/a><br \/>\n<a href=\"https:\/\/www.facebook.com\/media\/set\/?set=a.1643972972530264.1073741970.1528374570756772&amp;type=3\" target=\"_blank\">Terril d&rsquo;Evin&nbsp; (3) &#8211; <\/a><a href=\"https:\/\/www.facebook.com\/media\/set\/?set=a.1643983205862574.1073741971.1528374570756772&amp;type=3\" target=\"_blank\">Terril d&rsquo;Evin (4) &#8211; <\/a><a href=\"https:\/\/www.facebook.com\/media\/set\/?set=a.1644246475836247.1073741973.1528374570756772&amp;type=3\" target=\"_blank\">Lavage (VTT)<\/a><\/div>\n<div>&nbsp;<\/div>\n<div>&nbsp;<\/div>\n<\/div>\n<\/div>\n<\/div>\n<\/div>\n<\/div>\n<p style=\"text-align: center;\"><!--more--><br \/>\n<iframe loading=\"lazy\" src=\"https:\/\/player.vimeo.com\/video\/117885354\" allowfullscreen=\"allowfullscreen\" width=\"640\" height=\"360\" frameborder=\"0\"><\/iframe><\/p>\n<p style=\"text-align: center;\"><em><a href=\"https:\/\/vimeo.com\/117885354\">Chicon Bike Tour 2015<\/a> par <a href=\"https:\/\/vimeo.com\/user18055272\">Charles CORNU<\/a> sur <a href=\"https:\/\/vimeo.com\">Vimeo<\/a>.<\/em><\/p>\n","protected":false},"excerpt":{"rendered":"<p>Accueil \u00e0 la salle C&rsquo;est sous un soleil radieux et une temp\u00e9rature hivernale que s&rsquo;est d\u00e9roul\u00e9e l&rsquo;\u00e9dition 2016 du Chicon Bike Tour 2016 \u00e0 Faumont. Pas moins de 1781 participants&#8230;<\/p>\n","protected":false},"author":1,"featured_media":0,"parent":28,"menu_order":0,"comment_status":"closed","ping_status":"closed","template":"","meta":{"ngg_post_thumbnail":0,"jetpack_post_was_ever_published":false,"two_page_speed":[],"footnotes":""},"class_list":["post-173","page","type-page","status-publish","hentry"],"jetpack_sharing_enabled":true,"jetpack_shortlink":"https:\/\/wp.me\/P8bXJp-2N","_links":{"self":[{"href":"https:\/\/veloclubfaumont.fr\/index.php\/wp-json\/wp\/v2\/pages\/173","targetHints":{"allow":["GET"]}}],"collection":[{"href":"https:\/\/veloclubfaumont.fr\/index.php\/wp-json\/wp\/v2\/pages"}],"about":[{"href":"https:\/\/veloclubfaumont.fr\/index.php\/wp-json\/wp\/v2\/types\/page"}],"author":[{"embeddable":true,"href":"https:\/\/veloclubfaumont.fr\/index.php\/wp-json\/wp\/v2\/users\/1"}],"replies":[{"embeddable":true,"href":"https:\/\/veloclubfaumont.fr\/index.php\/wp-json\/wp\/v2\/comments?post=173"}],"version-history":[{"count":0,"href":"https:\/\/veloclubfaumont.fr\/index.php\/wp-json\/wp\/v2\/pages\/173\/revisions"}],"up":[{"embeddable":true,"href":"https:\/\/veloclubfaumont.fr\/index.php\/wp-json\/wp\/v2\/pages\/28"}],"wp:attachment":[{"href":"https:\/\/veloclubfaumont.fr\/index.php\/wp-json\/wp\/v2\/media?parent=173"}],"curies":[{"name":"wp","href":"https:\/\/api.w.org\/{rel}","templated":true}]}}