{"id":184,"date":"2016-12-10T12:17:08","date_gmt":"2016-12-10T11:17:08","guid":{"rendered":"http:\/\/veloclubfaumont.fr\/?page_id=184"},"modified":"2019-10-09T10:32:43","modified_gmt":"2019-10-09T08:32:43","slug":"chicon-bike-tour-2015","status":"publish","type":"page","link":"https:\/\/veloclubfaumont.fr\/index.php\/2015-2\/chicon-bike-tour-2015\/","title":{"rendered":"Chicon Bike Tour 2015"},"content":{"rendered":"<div style=\"text-align: justify;\">\n<p><span style=\"font-size: x-large;\"><span style=\"font-size: medium;\"><img loading=\"lazy\" decoding=\"async\" class=\"alignleft wp-image-185 size-medium\" src=\"https:\/\/veloclubfaumont.fr\/wp-content\/uploads\/2016\/12\/AFFICHE-CBT-2015-light-211x300.jpg\" width=\"211\" height=\"300\" srcset=\"https:\/\/veloclubfaumont.fr\/wp-content\/uploads\/2016\/12\/AFFICHE-CBT-2015-light-211x300.jpg 211w, https:\/\/veloclubfaumont.fr\/wp-content\/uploads\/2016\/12\/AFFICHE-CBT-2015-light-768x1090.jpg 768w, https:\/\/veloclubfaumont.fr\/wp-content\/uploads\/2016\/12\/AFFICHE-CBT-2015-light-722x1024.jpg 722w, https:\/\/veloclubfaumont.fr\/wp-content\/uploads\/2016\/12\/AFFICHE-CBT-2015-light.jpg 1000w\" sizes=\"auto, (max-width: 211px) 100vw, 211px\" \/>Cette ann\u00e9e, le Chicon Bike Tour 2015 a eu lieu le dimanche 18 janvier 2015. <a href=\"https:\/\/www.facebook.com\/events\/360245094140321\/?ref_dashboard_filter=upcoming\" target=\"_blank\" rel=\"noopener noreferrer\">Page Facebook de l&rsquo;\u00e9v\u00e8nement<\/a>. A noter que pour les parcours VTT, il y a eu un 20km familial sans r\u00e9elles difficult\u00e9s mis \u00e0 part de la boue \u00e0 quelques endroits (n&rsquo;ayant pas de ravito, on vous donnera une collation au d\u00e9part \u00e0 la salle), mais les 30 et 40 seront en r\u00e9alit\u00e9 un 35 et un 46 km avec 2 terrils et un ravito \u00e0 mi-parcours.<\/span><\/span><\/p>\n<p>L<span style=\"font-size: medium;\">e d\u00e9part de la rando s&rsquo;est fait dans la salle des f\u00eates de Faumont, qui se situe en plein coeur du village sur la route nationale entre R\u00e2ches\/Douai et Pont \u00e0 Marcq\/Seclin (aucun soucis pour trouver, il suffit de rentrer Faumont centre-ville dans votre GPS)<\/span>.&nbsp;<span style=\"font-size: large;\">Il y aura finalement 5 parcours pour la marche : 4-6-8-11-13 km<\/span><\/p>\n<p><span style=\"font-size: medium;\">Tarifs : <\/span>VTT : licenci\u00e9s 4 \u20ac ; non licenci\u00e9s 4,50 \u20ac<\/p>\n<p>Cyclos : licenci\u00e9s 3\u20ac ; non licenci\u00e9s 3,50 \u20ac<\/p>\n<p>Marche : 3 \u20ac<\/p>\n<p><span style=\"font-size: x-large;\"><strong><a href=\"http:\/\/www.openrunner.com\/index.php?id=4049715\" target=\"_blank\" rel=\"noopener noreferrer\">Trac\u00e9 GPS 22 km<\/a><br \/><a href=\"http:\/\/www.openrunner.com\/index.php?id=4043323\" target=\"_blank\" rel=\"noopener noreferrer\">Trac\u00e9 GPS 35 km<\/a><br \/><a href=\"http:\/\/www.openrunner.com\/index.php?id=2997809\" target=\"_blank\" rel=\"noopener noreferrer\">Trac\u00e9 GPS 46 km<\/a>&nbsp; <\/strong><\/span><\/p>\n<\/div>\n<p style=\"text-align: center;\">&nbsp;<\/p>\n<!-- default-view.php -->\n<div\n\tclass=\"ngg-galleryoverview default-view  ngg-ajax-pagination-none\"\n\tid=\"ngg-gallery-c2ce2c3c2777b736f0c096c4b3dc6da5-1\">\n\n\t\t<!-- Thumbnails -->\n\t\t\t\t<div id=\"ngg-image-0\" class=\"ngg-gallery-thumbnail-box ngg-3-columns\" >\n\t\t\t\t        <div class=\"ngg-gallery-thumbnail\">\n            <a href=\"https:\/\/veloclubfaumont.fr\/wp-content\/gallery\/cbt-2015\/DSC_0034.JPG\"\n               title=\"\"\n               data-src=\"https:\/\/veloclubfaumont.fr\/wp-content\/gallery\/cbt-2015\/DSC_0034.JPG\"\n               data-thumbnail=\"https:\/\/veloclubfaumont.fr\/wp-content\/gallery\/cbt-2015\/thumbs\/thumbs_DSC_0034.JPG\"\n               data-image-id=\"1\"\n               data-title=\"DSC_0034\"\n               data-description=\"\"\n               data-image-slug=\"dsc_0034\"\n               class=\"ngg-fancybox\" rel=\"c2ce2c3c2777b736f0c096c4b3dc6da5\">\n                <img\n                    title=\"DSC_0034\"\n                    alt=\"DSC_0034\"\n                    src=\"https:\/\/veloclubfaumont.fr\/wp-content\/gallery\/cbt-2015\/thumbs\/thumbs_DSC_0034.JPG\"\n                    width=\"240\"\n                    height=\"160\"\n                    style=\"max-width:100%;\"\n                \/>\n            <\/a>\n        <\/div>\n\t\t\t\t\t\t\t<\/div> \n\t\t\t\n\t\t\t\t<div id=\"ngg-image-1\" class=\"ngg-gallery-thumbnail-box ngg-3-columns\" >\n\t\t\t\t        <div class=\"ngg-gallery-thumbnail\">\n            <a href=\"https:\/\/veloclubfaumont.fr\/wp-content\/gallery\/cbt-2015\/DSC_0105.JPG\"\n               title=\"\"\n               data-src=\"https:\/\/veloclubfaumont.fr\/wp-content\/gallery\/cbt-2015\/DSC_0105.JPG\"\n               data-thumbnail=\"https:\/\/veloclubfaumont.fr\/wp-content\/gallery\/cbt-2015\/thumbs\/thumbs_DSC_0105.JPG\"\n               data-image-id=\"2\"\n               data-title=\"DSC_0105\"\n               data-description=\"\"\n               data-image-slug=\"dsc_0105\"\n               class=\"ngg-fancybox\" rel=\"c2ce2c3c2777b736f0c096c4b3dc6da5\">\n                <img\n                    title=\"DSC_0105\"\n                    alt=\"DSC_0105\"\n                    src=\"https:\/\/veloclubfaumont.fr\/wp-content\/gallery\/cbt-2015\/thumbs\/thumbs_DSC_0105.JPG\"\n                    width=\"240\"\n                    height=\"160\"\n                    style=\"max-width:100%;\"\n                \/>\n            <\/a>\n        <\/div>\n\t\t\t\t\t\t\t<\/div> \n\t\t\t\n\t\t\t\t<div id=\"ngg-image-2\" class=\"ngg-gallery-thumbnail-box ngg-3-columns\" >\n\t\t\t\t        <div class=\"ngg-gallery-thumbnail\">\n            <a href=\"https:\/\/veloclubfaumont.fr\/wp-content\/gallery\/cbt-2015\/DSC_0291.JPG\"\n               title=\"\"\n               data-src=\"https:\/\/veloclubfaumont.fr\/wp-content\/gallery\/cbt-2015\/DSC_0291.JPG\"\n               data-thumbnail=\"https:\/\/veloclubfaumont.fr\/wp-content\/gallery\/cbt-2015\/thumbs\/thumbs_DSC_0291.JPG\"\n               data-image-id=\"3\"\n               data-title=\"DSC_0291\"\n               data-description=\"\"\n               data-image-slug=\"dsc_0291\"\n               class=\"ngg-fancybox\" rel=\"c2ce2c3c2777b736f0c096c4b3dc6da5\">\n                <img\n                    title=\"DSC_0291\"\n                    alt=\"DSC_0291\"\n                    src=\"https:\/\/veloclubfaumont.fr\/wp-content\/gallery\/cbt-2015\/thumbs\/thumbs_DSC_0291.JPG\"\n                    width=\"240\"\n                    height=\"160\"\n                    style=\"max-width:100%;\"\n                \/>\n            <\/a>\n        <\/div>\n\t\t\t\t\t\t\t<\/div> \n\t\t\t\n\t\t\t\t<div id=\"ngg-image-3\" class=\"ngg-gallery-thumbnail-box ngg-3-columns\" >\n\t\t\t\t        <div class=\"ngg-gallery-thumbnail\">\n            <a href=\"https:\/\/veloclubfaumont.fr\/wp-content\/gallery\/cbt-2015\/DSC_0473.JPG\"\n               title=\"\"\n               data-src=\"https:\/\/veloclubfaumont.fr\/wp-content\/gallery\/cbt-2015\/DSC_0473.JPG\"\n               data-thumbnail=\"https:\/\/veloclubfaumont.fr\/wp-content\/gallery\/cbt-2015\/thumbs\/thumbs_DSC_0473.JPG\"\n               data-image-id=\"4\"\n               data-title=\"DSC_0473\"\n               data-description=\"\"\n               data-image-slug=\"dsc_0473\"\n               class=\"ngg-fancybox\" rel=\"c2ce2c3c2777b736f0c096c4b3dc6da5\">\n                <img\n                    title=\"DSC_0473\"\n                    alt=\"DSC_0473\"\n                    src=\"https:\/\/veloclubfaumont.fr\/wp-content\/gallery\/cbt-2015\/thumbs\/thumbs_DSC_0473.JPG\"\n                    width=\"240\"\n                    height=\"160\"\n                    style=\"max-width:100%;\"\n                \/>\n            <\/a>\n        <\/div>\n\t\t\t\t\t\t\t<\/div> \n\t\t\t\n\t\t\t\t<div id=\"ngg-image-4\" class=\"ngg-gallery-thumbnail-box ngg-3-columns\" >\n\t\t\t\t        <div class=\"ngg-gallery-thumbnail\">\n            <a href=\"https:\/\/veloclubfaumont.fr\/wp-content\/gallery\/cbt-2015\/DSC_0524.JPG\"\n               title=\"\"\n               data-src=\"https:\/\/veloclubfaumont.fr\/wp-content\/gallery\/cbt-2015\/DSC_0524.JPG\"\n               data-thumbnail=\"https:\/\/veloclubfaumont.fr\/wp-content\/gallery\/cbt-2015\/thumbs\/thumbs_DSC_0524.JPG\"\n               data-image-id=\"5\"\n               data-title=\"DSC_0524\"\n               data-description=\"\"\n               data-image-slug=\"dsc_0524\"\n               class=\"ngg-fancybox\" rel=\"c2ce2c3c2777b736f0c096c4b3dc6da5\">\n                <img\n                    title=\"DSC_0524\"\n                    alt=\"DSC_0524\"\n                    src=\"https:\/\/veloclubfaumont.fr\/wp-content\/gallery\/cbt-2015\/thumbs\/thumbs_DSC_0524.JPG\"\n                    width=\"240\"\n                    height=\"160\"\n                    style=\"max-width:100%;\"\n                \/>\n            <\/a>\n        <\/div>\n\t\t\t\t\t\t\t<\/div> \n\t\t\t\n\t\t\t\t<div id=\"ngg-image-5\" class=\"ngg-gallery-thumbnail-box ngg-3-columns\" >\n\t\t\t\t        <div class=\"ngg-gallery-thumbnail\">\n            <a href=\"https:\/\/veloclubfaumont.fr\/wp-content\/gallery\/cbt-2015\/DSC_0746.JPG\"\n               title=\"\"\n               data-src=\"https:\/\/veloclubfaumont.fr\/wp-content\/gallery\/cbt-2015\/DSC_0746.JPG\"\n               data-thumbnail=\"https:\/\/veloclubfaumont.fr\/wp-content\/gallery\/cbt-2015\/thumbs\/thumbs_DSC_0746.JPG\"\n               data-image-id=\"6\"\n               data-title=\"DSC_0746\"\n               data-description=\"\"\n               data-image-slug=\"dsc_0746\"\n               class=\"ngg-fancybox\" rel=\"c2ce2c3c2777b736f0c096c4b3dc6da5\">\n                <img\n                    title=\"DSC_0746\"\n                    alt=\"DSC_0746\"\n                    src=\"https:\/\/veloclubfaumont.fr\/wp-content\/gallery\/cbt-2015\/thumbs\/thumbs_DSC_0746.JPG\"\n                    width=\"240\"\n                    height=\"160\"\n                    style=\"max-width:100%;\"\n                \/>\n            <\/a>\n        <\/div>\n\t\t\t\t\t\t\t<\/div> \n\t\t\t\n\t\t\t\t<div id=\"ngg-image-6\" class=\"ngg-gallery-thumbnail-box ngg-3-columns\" >\n\t\t\t\t        <div class=\"ngg-gallery-thumbnail\">\n            <a href=\"https:\/\/veloclubfaumont.fr\/wp-content\/gallery\/cbt-2015\/DSC_0750.JPG\"\n               title=\"\"\n               data-src=\"https:\/\/veloclubfaumont.fr\/wp-content\/gallery\/cbt-2015\/DSC_0750.JPG\"\n               data-thumbnail=\"https:\/\/veloclubfaumont.fr\/wp-content\/gallery\/cbt-2015\/thumbs\/thumbs_DSC_0750.JPG\"\n               data-image-id=\"7\"\n               data-title=\"DSC_0750\"\n               data-description=\"\"\n               data-image-slug=\"dsc_0750\"\n               class=\"ngg-fancybox\" rel=\"c2ce2c3c2777b736f0c096c4b3dc6da5\">\n                <img\n                    title=\"DSC_0750\"\n                    alt=\"DSC_0750\"\n                    src=\"https:\/\/veloclubfaumont.fr\/wp-content\/gallery\/cbt-2015\/thumbs\/thumbs_DSC_0750.JPG\"\n                    width=\"240\"\n                    height=\"160\"\n                    style=\"max-width:100%;\"\n                \/>\n            <\/a>\n        <\/div>\n\t\t\t\t\t\t\t<\/div> \n\t\t\t\n\t\t\t\t<div id=\"ngg-image-7\" class=\"ngg-gallery-thumbnail-box ngg-3-columns\" >\n\t\t\t\t        <div class=\"ngg-gallery-thumbnail\">\n            <a href=\"https:\/\/veloclubfaumont.fr\/wp-content\/gallery\/cbt-2015\/DSC_0773.JPG\"\n               title=\"\"\n               data-src=\"https:\/\/veloclubfaumont.fr\/wp-content\/gallery\/cbt-2015\/DSC_0773.JPG\"\n               data-thumbnail=\"https:\/\/veloclubfaumont.fr\/wp-content\/gallery\/cbt-2015\/thumbs\/thumbs_DSC_0773.JPG\"\n               data-image-id=\"8\"\n               data-title=\"DSC_0773\"\n               data-description=\"\"\n               data-image-slug=\"dsc_0773\"\n               class=\"ngg-fancybox\" rel=\"c2ce2c3c2777b736f0c096c4b3dc6da5\">\n                <img\n                    title=\"DSC_0773\"\n                    alt=\"DSC_0773\"\n                    src=\"https:\/\/veloclubfaumont.fr\/wp-content\/gallery\/cbt-2015\/thumbs\/thumbs_DSC_0773.JPG\"\n                    width=\"240\"\n                    height=\"160\"\n                    style=\"max-width:100%;\"\n                \/>\n            <\/a>\n        <\/div>\n\t\t\t\t\t\t\t<\/div> \n\t\t\t\n\t\t\t\t<div id=\"ngg-image-8\" class=\"ngg-gallery-thumbnail-box ngg-3-columns\" >\n\t\t\t\t        <div class=\"ngg-gallery-thumbnail\">\n            <a href=\"https:\/\/veloclubfaumont.fr\/wp-content\/gallery\/cbt-2015\/DSC_0786.JPG\"\n               title=\"\"\n               data-src=\"https:\/\/veloclubfaumont.fr\/wp-content\/gallery\/cbt-2015\/DSC_0786.JPG\"\n               data-thumbnail=\"https:\/\/veloclubfaumont.fr\/wp-content\/gallery\/cbt-2015\/thumbs\/thumbs_DSC_0786.JPG\"\n               data-image-id=\"9\"\n               data-title=\"DSC_0786\"\n               data-description=\"\"\n               data-image-slug=\"dsc_0786\"\n               class=\"ngg-fancybox\" rel=\"c2ce2c3c2777b736f0c096c4b3dc6da5\">\n                <img\n                    title=\"DSC_0786\"\n                    alt=\"DSC_0786\"\n                    src=\"https:\/\/veloclubfaumont.fr\/wp-content\/gallery\/cbt-2015\/thumbs\/thumbs_DSC_0786.JPG\"\n                    width=\"240\"\n                    height=\"160\"\n                    style=\"max-width:100%;\"\n                \/>\n            <\/a>\n        <\/div>\n\t\t\t\t\t\t\t<\/div> \n\t\t\t\n\t\t\t\t<div id=\"ngg-image-9\" class=\"ngg-gallery-thumbnail-box ngg-3-columns\" >\n\t\t\t\t        <div class=\"ngg-gallery-thumbnail\">\n            <a href=\"https:\/\/veloclubfaumont.fr\/wp-content\/gallery\/cbt-2015\/DSC_0813.JPG\"\n               title=\"\"\n               data-src=\"https:\/\/veloclubfaumont.fr\/wp-content\/gallery\/cbt-2015\/DSC_0813.JPG\"\n               data-thumbnail=\"https:\/\/veloclubfaumont.fr\/wp-content\/gallery\/cbt-2015\/thumbs\/thumbs_DSC_0813.JPG\"\n               data-image-id=\"10\"\n               data-title=\"DSC_0813\"\n               data-description=\"\"\n               data-image-slug=\"dsc_0813\"\n               class=\"ngg-fancybox\" rel=\"c2ce2c3c2777b736f0c096c4b3dc6da5\">\n                <img\n                    title=\"DSC_0813\"\n                    alt=\"DSC_0813\"\n                    src=\"https:\/\/veloclubfaumont.fr\/wp-content\/gallery\/cbt-2015\/thumbs\/thumbs_DSC_0813.JPG\"\n                    width=\"240\"\n                    height=\"160\"\n                    style=\"max-width:100%;\"\n                \/>\n            <\/a>\n        <\/div>\n\t\t\t\t\t\t\t<\/div> \n\t\t\t\n\t\t\t\t<div id=\"ngg-image-10\" class=\"ngg-gallery-thumbnail-box ngg-3-columns\" >\n\t\t\t\t        <div class=\"ngg-gallery-thumbnail\">\n            <a href=\"https:\/\/veloclubfaumont.fr\/wp-content\/gallery\/cbt-2015\/DSC_0829.JPG\"\n               title=\"\"\n               data-src=\"https:\/\/veloclubfaumont.fr\/wp-content\/gallery\/cbt-2015\/DSC_0829.JPG\"\n               data-thumbnail=\"https:\/\/veloclubfaumont.fr\/wp-content\/gallery\/cbt-2015\/thumbs\/thumbs_DSC_0829.JPG\"\n               data-image-id=\"11\"\n               data-title=\"DSC_0829\"\n               data-description=\"\"\n               data-image-slug=\"dsc_0829\"\n               class=\"ngg-fancybox\" rel=\"c2ce2c3c2777b736f0c096c4b3dc6da5\">\n                <img\n                    title=\"DSC_0829\"\n                    alt=\"DSC_0829\"\n                    src=\"https:\/\/veloclubfaumont.fr\/wp-content\/gallery\/cbt-2015\/thumbs\/thumbs_DSC_0829.JPG\"\n                    width=\"240\"\n                    height=\"160\"\n                    style=\"max-width:100%;\"\n                \/>\n            <\/a>\n        <\/div>\n\t\t\t\t\t\t\t<\/div> \n\t\t\t\n\t\t\t\t<div id=\"ngg-image-11\" class=\"ngg-gallery-thumbnail-box ngg-3-columns\" >\n\t\t\t\t        <div class=\"ngg-gallery-thumbnail\">\n            <a href=\"https:\/\/veloclubfaumont.fr\/wp-content\/gallery\/cbt-2015\/DSC_0840.JPG\"\n               title=\"\"\n               data-src=\"https:\/\/veloclubfaumont.fr\/wp-content\/gallery\/cbt-2015\/DSC_0840.JPG\"\n               data-thumbnail=\"https:\/\/veloclubfaumont.fr\/wp-content\/gallery\/cbt-2015\/thumbs\/thumbs_DSC_0840.JPG\"\n               data-image-id=\"12\"\n               data-title=\"DSC_0840\"\n               data-description=\"\"\n               data-image-slug=\"dsc_0840\"\n               class=\"ngg-fancybox\" rel=\"c2ce2c3c2777b736f0c096c4b3dc6da5\">\n                <img\n                    title=\"DSC_0840\"\n                    alt=\"DSC_0840\"\n                    src=\"https:\/\/veloclubfaumont.fr\/wp-content\/gallery\/cbt-2015\/thumbs\/thumbs_DSC_0840.JPG\"\n                    width=\"240\"\n                    height=\"160\"\n                    style=\"max-width:100%;\"\n                \/>\n            <\/a>\n        <\/div>\n\t\t\t\t\t\t\t<\/div> \n\t\t\t\n\t\t\t\t<div id=\"ngg-image-12\" class=\"ngg-gallery-thumbnail-box ngg-3-columns\" >\n\t\t\t\t        <div class=\"ngg-gallery-thumbnail\">\n            <a href=\"https:\/\/veloclubfaumont.fr\/wp-content\/gallery\/cbt-2015\/DSC_0867.JPG\"\n               title=\"\"\n               data-src=\"https:\/\/veloclubfaumont.fr\/wp-content\/gallery\/cbt-2015\/DSC_0867.JPG\"\n               data-thumbnail=\"https:\/\/veloclubfaumont.fr\/wp-content\/gallery\/cbt-2015\/thumbs\/thumbs_DSC_0867.JPG\"\n               data-image-id=\"13\"\n               data-title=\"DSC_0867\"\n               data-description=\"\"\n               data-image-slug=\"dsc_0867\"\n               class=\"ngg-fancybox\" rel=\"c2ce2c3c2777b736f0c096c4b3dc6da5\">\n                <img\n                    title=\"DSC_0867\"\n                    alt=\"DSC_0867\"\n                    src=\"https:\/\/veloclubfaumont.fr\/wp-content\/gallery\/cbt-2015\/thumbs\/thumbs_DSC_0867.JPG\"\n                    width=\"240\"\n                    height=\"160\"\n                    style=\"max-width:100%;\"\n                \/>\n            <\/a>\n        <\/div>\n\t\t\t\t\t\t\t<\/div> \n\t\t\t\n\t\t\t\t<div id=\"ngg-image-13\" class=\"ngg-gallery-thumbnail-box ngg-3-columns\" >\n\t\t\t\t        <div class=\"ngg-gallery-thumbnail\">\n            <a href=\"https:\/\/veloclubfaumont.fr\/wp-content\/gallery\/cbt-2015\/presidentcbt2015.JPG\"\n               title=\"\"\n               data-src=\"https:\/\/veloclubfaumont.fr\/wp-content\/gallery\/cbt-2015\/presidentcbt2015.JPG\"\n               data-thumbnail=\"https:\/\/veloclubfaumont.fr\/wp-content\/gallery\/cbt-2015\/thumbs\/thumbs_presidentcbt2015.JPG\"\n               data-image-id=\"14\"\n               data-title=\"presidentcbt2015\"\n               data-description=\"\"\n               data-image-slug=\"presidentcbt2015\"\n               class=\"ngg-fancybox\" rel=\"c2ce2c3c2777b736f0c096c4b3dc6da5\">\n                <img\n                    title=\"presidentcbt2015\"\n                    alt=\"presidentcbt2015\"\n                    src=\"https:\/\/veloclubfaumont.fr\/wp-content\/gallery\/cbt-2015\/thumbs\/thumbs_presidentcbt2015.JPG\"\n                    width=\"240\"\n                    height=\"160\"\n                    style=\"max-width:100%;\"\n                \/>\n            <\/a>\n        <\/div>\n\t\t\t\t\t\t\t<\/div> \n\t\t\t\n\t\n\t<br style=\"clear: both\" \/>\n\n\t\n\t\t<!-- Pagination -->\n\t<div class='ngg-clear'><\/div>\t<\/div>\n\n<p style=\"text-align: center;\">&nbsp;<\/p>\n<div style=\"text-align: center;\"><span style=\"font-size: large;\"><strong><u>Albums photos complets ici :<\/u><\/strong><\/span><br \/><span style=\"font-size: medium;\"><strong><span style=\"font-size: x-large;\"><span style=\"font-size: large;\"><a href=\"https:\/\/plus.google.com\/photos\/115246007743312042065\/albums\/6105764899000828321\" target=\"_blank\" rel=\"noopener noreferrer\">l&rsquo;accueil \u00e0 la salle<\/a><br \/><a href=\"https:\/\/plus.google.com\/photos\/115246007743312042065\/albums\/6105778656182731313\">Les VTT \u00e0 Mons en P\u00e9v\u00e8le<\/a><\/span><\/span><\/strong><\/span><br \/><span style=\"font-size: large;\"><strong><a href=\"https:\/\/plus.google.com\/photos\/115246007743312042065\/albums\/6105806359864339185\" target=\"_blank\" rel=\"noopener noreferrer\">Les VTT sur le terril d&rsquo;Evin Malmaison<\/a><\/strong><br \/><strong><a href=\"https:\/\/plus.google.com\/u\/0\/photos\/115246007743312042065\/albums\/6106098112146885569\" target=\"_blank\" rel=\"noopener noreferrer\">Ravito VTT<\/a><br \/><a href=\"https:\/\/plus.google.com\/u\/0\/photos\/115246007743312042065\/albums\/6106101760740575713\" target=\"_blank\" rel=\"noopener noreferrer\">Talus de Leforest<\/a><br \/><a href=\"https:\/\/plus.google.com\/u\/0\/photos\/115246007743312042065\/albums\/6106104692438244657\" target=\"_blank\" rel=\"noopener noreferrer\">Bike Wash<\/a><br \/><a href=\"https:\/\/plus.google.com\/u\/0\/photos\/115246007743312042065\/albums\/6106108132706138849\" target=\"_blank\" rel=\"noopener noreferrer\">Retour \u00e0 la salle<\/a><br \/><a href=\"https:\/\/plus.google.com\/u\/0\/photos\/115246007743312042065\/albums\/6106112778944724225\" target=\"_blank\" rel=\"noopener noreferrer\">Nettoyage de la salle<\/a><\/strong><\/span><\/div>\n<div style=\"text-align: center;\">\n<p><em>Diaporama de l&rsquo;\u00e9dition 2015<\/em> :<\/p>\n<p><iframe loading=\"lazy\" src=\"https:\/\/www.youtube.com\/embed\/Z6gyTdS08Qk\" allowfullscreen=\"allowfullscreen\" width=\"560\" height=\"315\" frameborder=\"0\"><\/iframe><\/p>\n<table class=\" aligncenter\" style=\"height: 177px; width: 545px;\" width=\"571\" cellspacing=\"1\" cellpadding=\"1\" border=\"0\">\n<tbody>\n<tr style=\"height: 177px;\">\n<td style=\"width: 373px; height: 177px;\"><span style=\"font-size: large;\"><strong>Autres reportages photos ext\u00e9rieurs :<\/strong><br \/><a href=\"https:\/\/www.facebook.com\/media\/set\/?set=a.10152459311361486.1073741904.173934156485&amp;type=1&amp;pnref=story\" target=\"_blank\" rel=\"noopener noreferrer\">VTT5962 (Facebook)<\/a><br \/><a href=\"http:\/\/gcolin.jalbum.net\/Cyclos\/2015\/Janvier\/18.11Vtt-Faumont\/index.html\" target=\"_blank\" rel=\"noopener noreferrer\">G\u00e9rard Colin<\/a><br \/><a href=\"http:\/\/lesbecanessauvages.skyrock.com\/3242050017-Chicon-Bike-Tour.html\" target=\"_blank\" rel=\"noopener noreferrer\">Les B\u00e9canes Sauvages<\/a><br \/><a href=\"http:\/\/vttjpp.skyrock.com\/3242017575-De-retour-du-chicon-bike-tour.html\" target=\"_blank\" rel=\"noopener noreferrer\">Blog VTTjpp<\/a><\/span><\/td>\n<td style=\"width: 119px; height: 177px;\">\n<p><strong><span style=\"font-size: large;\">Vid\u00e9os VTT :<\/span><\/strong><br \/><a href=\"http:\/\/www.google.fr\/url?sa=t&amp;rct=j&amp;q=&amp;esrc=s&amp;source=video&amp;cd=3&amp;cad=rja&amp;uact=8&amp;ved=0CCkQtwIwAg&amp;url=http%3A%2F%2Fwww.youtube.com%2Fwatch%3Fv%3DL5sV3H2WYVQ&amp;ei=QXi_VJG7Hob1auzkgLgD&amp;usg=AFQjCNGn1qjWdQJfsivba0qIebc4MBV3Hw&amp;bvm=bv.83829542,d.d2s\" target=\"_blank\" rel=\"noopener noreferrer\"><span style=\"font-size: large;\">Ch&rsquo;Seb<\/span><\/a><br \/><a href=\"https:\/\/www.youtube.com\/watch?v=maTNpKeK9lE&amp;feature=youtube_gdata\" target=\"_blank\" rel=\"noopener noreferrer\"><span style=\"font-size: large;\">Eric B<\/span><\/a><br \/><a href=\"http:\/\/www.google.fr\/url?sa=t&amp;rct=j&amp;q=&amp;esrc=s&amp;source=video&amp;cd=2&amp;cad=rja&amp;uact=8&amp;ved=0CCMQtwIwAQ&amp;url=http%3A%2F%2Fwww.youtube.com%2Fwatch%3Fv%3DO5xMwz-U4VE&amp;ei=ynm_VIe7KIfhaLDSgrAL&amp;usg=AFQjCNFmZv9wK4fSMIAIBzI3oal7vZKSLQ\"><span style=\"font-size: large;\">JPP<\/span><\/a><br \/><a href=\"http:\/\/www.dailymotion.com\/video\/x2ezz3r_chicon-bike2015_sport\" target=\"_blank\" rel=\"noopener noreferrer\"><span style=\"font-size: large;\">Nico<\/span><\/a><\/p>\n<\/td>\n<\/tr>\n<\/tbody>\n<\/table>\n<\/div>\n<p><iframe loading=\"lazy\" title=\"Faumont\" frameborder=\"0\" width=\"500\" height=\"281\" src=\"https:\/\/geo.dailymotion.com\/player.html?video=x2fnhax&#038;\" allowfullscreen allow=\"autoplay; fullscreen; picture-in-picture; web-share\"><\/iframe><\/p>\n","protected":false},"excerpt":{"rendered":"<p>Cette ann\u00e9e, le Chicon Bike Tour 2015 a eu lieu le dimanche 18 janvier 2015. Page Facebook de l&rsquo;\u00e9v\u00e8nement. A noter que pour les parcours VTT, il y a eu&#8230;<\/p>\n","protected":false},"author":1,"featured_media":0,"parent":30,"menu_order":0,"comment_status":"closed","ping_status":"closed","template":"","meta":{"ngg_post_thumbnail":0,"jetpack_post_was_ever_published":false,"two_page_speed":[],"footnotes":""},"class_list":["post-184","page","type-page","status-publish","hentry"],"jetpack_sharing_enabled":true,"jetpack_shortlink":"https:\/\/wp.me\/P8bXJp-2Y","_links":{"self":[{"href":"https:\/\/veloclubfaumont.fr\/index.php\/wp-json\/wp\/v2\/pages\/184","targetHints":{"allow":["GET"]}}],"collection":[{"href":"https:\/\/veloclubfaumont.fr\/index.php\/wp-json\/wp\/v2\/pages"}],"about":[{"href":"https:\/\/veloclubfaumont.fr\/index.php\/wp-json\/wp\/v2\/types\/page"}],"author":[{"embeddable":true,"href":"https:\/\/veloclubfaumont.fr\/index.php\/wp-json\/wp\/v2\/users\/1"}],"replies":[{"embeddable":true,"href":"https:\/\/veloclubfaumont.fr\/index.php\/wp-json\/wp\/v2\/comments?post=184"}],"version-history":[{"count":0,"href":"https:\/\/veloclubfaumont.fr\/index.php\/wp-json\/wp\/v2\/pages\/184\/revisions"}],"up":[{"embeddable":true,"href":"https:\/\/veloclubfaumont.fr\/index.php\/wp-json\/wp\/v2\/pages\/30"}],"wp:attachment":[{"href":"https:\/\/veloclubfaumont.fr\/index.php\/wp-json\/wp\/v2\/media?parent=184"}],"curies":[{"name":"wp","href":"https:\/\/api.w.org\/{rel}","templated":true}]}}