{"id":1995,"date":"2016-12-17T14:50:19","date_gmt":"2016-12-17T13:50:19","guid":{"rendered":"http:\/\/veloclubfaumont.fr\/?page_id=1995"},"modified":"2019-10-09T10:17:14","modified_gmt":"2019-10-09T08:17:14","slug":"archives-2007-2006","status":"publish","type":"page","link":"https:\/\/veloclubfaumont.fr\/index.php\/archives\/archives-2007-2006\/","title":{"rendered":"Archives : 2007-2006"},"content":{"rendered":"<p>Avant Internet, notre Pr\u00e9sident Gilles Barbieux confectionnait sur papier des magazines (Cyclo&rsquo; Mag) relatant les diverses sorties et \u00e9v\u00e9nements du club. Voici en PDF les 3 num\u00e9ros sortis en 2007 :<\/p>\n<ul>\n<li><strong><a href=\"https:\/\/veloclubfaumont.fr\/wp-content\/uploads\/2017\/01\/le-cyclomag.pdf\" target=\"_blank\" rel=\"noopener noreferrer\">Cyclo Mag 1<\/a> <\/strong>(janvier-f\u00e9vrier-mars 2007)<\/li>\n<li><strong><a href=\"https:\/\/veloclubfaumont.fr\/wp-content\/uploads\/2016\/12\/le-cyclomag-2.pdf\" target=\"_blank\" rel=\"attachment noopener wp-att-4824 noreferrer\">Cyclo Mag 2<\/a><\/strong> (mars-avril-mai-juin 2007)<\/li>\n<li><a href=\"https:\/\/veloclubfaumont.fr\/wp-content\/uploads\/2016\/12\/Le-cyclomag-3.pdf\" target=\"_blank\" rel=\"noopener noreferrer\"><strong>Cyclo Mag 3<\/strong><\/a> (juin-juillet-ao\u00fbt-septembre-octobre 2007)<\/li>\n<\/ul>\n<p>&nbsp;<\/p>\n<ul>\n<li>\n<h4><em>Chicon Bike Tour 2007<\/em><\/h4>\n<\/li>\n<\/ul>\n<p><a name=\"top\"><\/a>851 participants r\u00e9partis en 253 marcheurs, 154 routiers et 444 Vttistes sont venus randonner ce dimanche matin \u00e0 Faumont. <a href=\"http:\/\/tignon.andre.free.fr\/report.php?id=519\" target=\"_blank\" rel=\"noopener noreferrer\">Reportage d&rsquo;Andr\u00e9 Tignon<\/a>.<\/p>\n<p style=\"text-align: center;\"><div id=\"grid-gallery-42-17940\" data-gg-id=\"42\" data-title=\"Chicon Bike Tour 2007\" data-grid-type=\"0\" data-offset=\"5.3\" data-area-position=\"center\" data-icons=\"false\" data-preloader=\"\" data-width=\"215\" data-height=\"215\" data-padding=\"\" data-quicksand=\"disabled\" data-quicksand-duration=\"none\" data-popup-theme=\"theme_6\" data-popup-type=\"pretty-photo\" data-popup-image-text=\"title\" data-popup-widthsize=\"auto\" data-popup-heightsize=\"auto\" data-popup-i18n-words=\"{&quot;close&quot;:&quot;fermer&quot;,&quot;next&quot;:&quot;suivant&quot;,&quot;previous&quot;:&quot;pr\\u00e9c\\u00e9dent&quot;,&quot;start_slideshow&quot;:&quot;d\\u00e9marrer le diaporama&quot;,&quot;stop_slideshow&quot;:&quot;arr\\u00e9ter le diaporama&quot;,&quot;image&quot;:&quot;image&quot;,&quot;of&quot;:&quot;de&quot;,&quot;prev&quot;:&quot;pr\\u00e9c.&quot;,&quot;cExpand&quot;:&quot;Agrandir&quot;,&quot;cPrevious&quot;:&quot;Pr\\u00e9c\\u00e9dent&quot;,&quot;cNext&quot;:&quot;Suivant&quot;,&quot;cExpandStr&quot;:&quot;Agrandir l&#039;image&quot;,&quot;cRotate&quot;:&quot;Pivoter&quot;,&quot;cDetails&quot;:&quot;Details&quot;}\" data-popup-slideshow=\"false\" data-popup-slideshow-speed=\"2500\" data-popup-hoverstop=\"true\" data-popup-slideshow-auto=\"false\" data-popup-background=\"\" data-popup-transparency=\"30\" data-popup-disable-history=\"\" data-popup-disable-changed-url=\"\" data-popup-border-type=\"\" data-popup-border-color=\"\" data-popup-border-width=\"\" data-popup-border-enable=\"\" data-fullscreen=\"false\" data-hide-tooltip=\"\" data-caption-font-family=\"\" data-caption-text-size=\"14px\" data-is-mobile=\"0\" data-caption-mobile=\"false\" data-hide-long-tltp-title=\"0\" data-caption-disabled-on-mobile=\"false\" data-popup-placement-type=\"0\" data-social-sharing=\"{&quot;enabled&quot;:null,&quot;gallerySharing&quot;:{&quot;enabled&quot;:null,&quot;position&quot;:null},&quot;imageSharing&quot;:{&quot;enabled&quot;:null,&quot;wrapperClass&quot;:&quot; vertical &quot;},&quot;popupSharing&quot;:{&quot;enabled&quot;:null,&quot;wrapperClass&quot;:&quot; vertical &quot;}}\" class=\"grid-gallery grid-gallery-fixed \" style=\" width:100%; height:auto; margin-left:auto; margin-right:auto;position:relative;\"> <div class=\"gallery-loading\"> <div class=\"blocks\"> <div class=\"block\"><\/div> <div class=\"block\"><\/div> <div class=\"block\"><\/div> <div class=\"block\"><\/div> <\/div> <\/div> <div class=\"gallery-sharing-top\"><\/div> <div id=\"photos-42\" class=\"grid-gallery-photos\"><a id=\"gg-42-1124\" class=\"gg-link \" data-attachment-id=\"1996\" href=\"https:\/\/veloclubfaumont.fr\/wp-content\/uploads\/2016\/12\/02Caisse.jpg?gid=42\" target=\"_self\" title=\"02Caisse\" data-rel=\"prettyPhoto[pp_gal]\" style=\"border-radius:0px;\" ><FIGURE class=\"grid-gallery-caption\" data-grid-gallery-type=\"quarter-slide-up\" data-index=\"0\" style=\"display:none;border-radius:0px;; margin:5.3px; width:215px;\" ><div class=\"crop\" style=\" width:215px; height:215px; overflow:hidden;\"><img decoding=\"async\" src=\"http:\/\/veloclubfaumont.fr\/wp-content\/uploads\/2016\/12\/02Caisse-215x215.jpg\" class=\"ggImg\" alt=\"02Caisse\" title=\"02Caisse\" data-description=\"02Caisse\" data-caption=\"02Caisse\" data-title=\"02Caisse\" style=\" width:215px; height:215px;\" \/><\/div><FIGCAPTION class=\"\" data-alpha=\"5\" style=\"color:#ffffff; background-color:#6f0000; font-size:14px; text-align:2; font-family:;\" ><div class=\"grid-gallery-figcaption-wrap\" style=\" vertical-align:;\"><\/div><\/FIGCAPTION><\/FIGURE><\/a><a id=\"gg-42-1125\" class=\"gg-link \" data-attachment-id=\"1997\" href=\"https:\/\/veloclubfaumont.fr\/wp-content\/uploads\/2016\/12\/05Pain.jpg?gid=42\" target=\"_self\" title=\"05Pain\" data-rel=\"prettyPhoto[pp_gal]\" style=\"border-radius:0px;\" ><FIGURE class=\"grid-gallery-caption\" data-grid-gallery-type=\"quarter-slide-up\" data-index=\"1\" style=\"display:none;border-radius:0px;; margin:5.3px; width:215px;\" ><div class=\"crop\" style=\" width:215px; height:215px; overflow:hidden;\"><img decoding=\"async\" src=\"http:\/\/veloclubfaumont.fr\/wp-content\/uploads\/2016\/12\/05Pain-215x215.jpg\" class=\"ggImg\" alt=\"05Pain\" title=\"05Pain\" data-description=\"05Pain\" data-caption=\"05Pain\" data-title=\"05Pain\" style=\" width:215px; height:215px;\" \/><\/div><FIGCAPTION class=\"\" data-alpha=\"5\" style=\"color:#ffffff; background-color:#6f0000; font-size:14px; text-align:2; font-family:;\" ><div class=\"grid-gallery-figcaption-wrap\" style=\" vertical-align:;\"><\/div><\/FIGCAPTION><\/FIGURE><\/a><a id=\"gg-42-1126\" class=\"gg-link \" data-attachment-id=\"1998\" href=\"https:\/\/veloclubfaumont.fr\/wp-content\/uploads\/2016\/12\/06Marche.jpg?gid=42\" target=\"_self\" title=\"06Marche\" data-rel=\"prettyPhoto[pp_gal]\" style=\"border-radius:0px;\" ><FIGURE class=\"grid-gallery-caption\" data-grid-gallery-type=\"quarter-slide-up\" data-index=\"2\" style=\"display:none;border-radius:0px;; margin:5.3px; width:215px;\" ><div class=\"crop\" style=\" width:215px; height:215px; overflow:hidden;\"><img decoding=\"async\" src=\"http:\/\/veloclubfaumont.fr\/wp-content\/uploads\/2016\/12\/06Marche-215x215.jpg\" class=\"ggImg\" alt=\"06Marche\" title=\"06Marche\" data-description=\"06Marche\" data-caption=\"06Marche\" data-title=\"06Marche\" style=\" width:215px; height:215px;\" \/><\/div><FIGCAPTION class=\"\" data-alpha=\"5\" style=\"color:#ffffff; background-color:#6f0000; font-size:14px; text-align:2; font-family:;\" ><div class=\"grid-gallery-figcaption-wrap\" style=\" vertical-align:;\"><\/div><\/FIGCAPTION><\/FIGURE><\/a><a id=\"gg-42-1127\" class=\"gg-link \" data-attachment-id=\"1999\" href=\"https:\/\/veloclubfaumont.fr\/wp-content\/uploads\/2016\/12\/10Partir2.jpg?gid=42\" target=\"_self\" title=\"10Partir2\" data-rel=\"prettyPhoto[pp_gal]\" style=\"border-radius:0px;\" ><FIGURE class=\"grid-gallery-caption\" data-grid-gallery-type=\"quarter-slide-up\" data-index=\"3\" style=\"display:none;border-radius:0px;; margin:5.3px; width:215px;\" ><div class=\"crop\" style=\" width:215px; height:215px; overflow:hidden;\"><img decoding=\"async\" src=\"http:\/\/veloclubfaumont.fr\/wp-content\/uploads\/2016\/12\/10Partir2-215x215.jpg\" class=\"ggImg\" alt=\"10Partir2\" title=\"10Partir2\" data-description=\"10Partir2\" data-caption=\"10Partir2\" data-title=\"10Partir2\" style=\" width:215px; height:215px;\" \/><\/div><FIGCAPTION class=\"\" data-alpha=\"5\" style=\"color:#ffffff; background-color:#6f0000; font-size:14px; text-align:2; font-family:;\" ><div class=\"grid-gallery-figcaption-wrap\" style=\" vertical-align:;\"><\/div><\/FIGCAPTION><\/FIGURE><\/a><a id=\"gg-42-1128\" class=\"gg-link \" data-attachment-id=\"2000\" href=\"https:\/\/veloclubfaumont.fr\/wp-content\/uploads\/2016\/12\/13VttChamps.jpg?gid=42\" target=\"_self\" title=\"13VttChamps\" data-rel=\"prettyPhoto[pp_gal]\" style=\"border-radius:0px;\" ><FIGURE class=\"grid-gallery-caption\" data-grid-gallery-type=\"quarter-slide-up\" data-index=\"4\" style=\"display:none;border-radius:0px;; margin:5.3px; width:215px;\" ><div class=\"crop\" style=\" width:215px; height:215px; overflow:hidden;\"><img decoding=\"async\" src=\"http:\/\/veloclubfaumont.fr\/wp-content\/uploads\/2016\/12\/13VttChamps-215x215.jpg\" class=\"ggImg\" alt=\"13VttChamps\" title=\"13VttChamps\" data-description=\"13VttChamps\" data-caption=\"13VttChamps\" data-title=\"13VttChamps\" style=\" width:215px; height:215px;\" \/><\/div><FIGCAPTION class=\"\" data-alpha=\"5\" style=\"color:#ffffff; background-color:#6f0000; font-size:14px; text-align:2; font-family:;\" ><div class=\"grid-gallery-figcaption-wrap\" style=\" vertical-align:;\"><\/div><\/FIGCAPTION><\/FIGURE><\/a><a id=\"gg-42-1129\" class=\"gg-link \" data-attachment-id=\"2001\" href=\"https:\/\/veloclubfaumont.fr\/wp-content\/uploads\/2016\/12\/14CramRoute.jpg?gid=42\" target=\"_self\" title=\"14CramRoute\" data-rel=\"prettyPhoto[pp_gal]\" style=\"border-radius:0px;\" ><FIGURE class=\"grid-gallery-caption\" data-grid-gallery-type=\"quarter-slide-up\" data-index=\"5\" style=\"display:none;border-radius:0px;; margin:5.3px; width:215px;\" ><div class=\"crop\" style=\" width:215px; height:215px; overflow:hidden;\"><img decoding=\"async\" src=\"http:\/\/veloclubfaumont.fr\/wp-content\/uploads\/2016\/12\/14CramRoute-215x215.jpg\" class=\"ggImg\" alt=\"14CramRoute\" title=\"14CramRoute\" data-description=\"14CramRoute\" data-caption=\"14CramRoute\" data-title=\"14CramRoute\" style=\" width:215px; height:215px;\" \/><\/div><FIGCAPTION class=\"\" data-alpha=\"5\" style=\"color:#ffffff; background-color:#6f0000; font-size:14px; text-align:2; font-family:;\" ><div class=\"grid-gallery-figcaption-wrap\" style=\" vertical-align:;\"><\/div><\/FIGCAPTION><\/FIGURE><\/a><a id=\"gg-42-1130\" class=\"gg-link \" data-attachment-id=\"2002\" href=\"https:\/\/veloclubfaumont.fr\/wp-content\/uploads\/2016\/12\/19RavitoBus.jpg?gid=42\" target=\"_self\" title=\"19RavitoBus\" data-rel=\"prettyPhoto[pp_gal]\" style=\"border-radius:0px;\" ><FIGURE class=\"grid-gallery-caption\" data-grid-gallery-type=\"quarter-slide-up\" data-index=\"6\" style=\"display:none;border-radius:0px;; margin:5.3px; width:215px;\" ><div class=\"crop\" style=\" width:215px; height:215px; overflow:hidden;\"><img decoding=\"async\" src=\"http:\/\/veloclubfaumont.fr\/wp-content\/uploads\/2016\/12\/19RavitoBus-215x215.jpg\" class=\"ggImg\" alt=\"19RavitoBus\" title=\"19RavitoBus\" data-description=\"19RavitoBus\" data-caption=\"19RavitoBus\" data-title=\"19RavitoBus\" style=\" width:215px; height:215px;\" \/><\/div><FIGCAPTION class=\"\" data-alpha=\"5\" style=\"color:#ffffff; background-color:#6f0000; font-size:14px; text-align:2; font-family:;\" ><div class=\"grid-gallery-figcaption-wrap\" style=\" vertical-align:;\"><\/div><\/FIGCAPTION><\/FIGURE><\/a><a id=\"gg-42-1131\" class=\"gg-link \" data-attachment-id=\"2003\" href=\"https:\/\/veloclubfaumont.fr\/wp-content\/uploads\/2016\/12\/23Passage2.jpg?gid=42\" target=\"_self\" title=\"23Passage2\" data-rel=\"prettyPhoto[pp_gal]\" style=\"border-radius:0px;\" ><FIGURE class=\"grid-gallery-caption\" data-grid-gallery-type=\"quarter-slide-up\" data-index=\"7\" style=\"display:none;border-radius:0px;; margin:5.3px; width:215px;\" ><div class=\"crop\" style=\" width:215px; height:215px; overflow:hidden;\"><img decoding=\"async\" src=\"http:\/\/veloclubfaumont.fr\/wp-content\/uploads\/2016\/12\/23Passage2-215x215.jpg\" class=\"ggImg\" alt=\"23Passage2\" title=\"23Passage2\" data-description=\"23Passage2\" data-caption=\"23Passage2\" data-title=\"23Passage2\" style=\" width:215px; height:215px;\" \/><\/div><FIGCAPTION class=\"\" data-alpha=\"5\" style=\"color:#ffffff; background-color:#6f0000; font-size:14px; text-align:2; font-family:;\" ><div class=\"grid-gallery-figcaption-wrap\" style=\" vertical-align:;\"><\/div><\/FIGCAPTION><\/FIGURE><\/a><a id=\"gg-42-1132\" class=\"gg-link \" data-attachment-id=\"2004\" href=\"https:\/\/veloclubfaumont.fr\/wp-content\/uploads\/2016\/12\/25BikeWash.jpg?gid=42\" target=\"_self\" title=\"25BikeWash\" data-rel=\"prettyPhoto[pp_gal]\" style=\"border-radius:0px;\" ><FIGURE class=\"grid-gallery-caption\" data-grid-gallery-type=\"quarter-slide-up\" data-index=\"8\" style=\"display:none;border-radius:0px;; margin:5.3px; width:215px;\" ><div class=\"crop\" style=\" width:215px; height:215px; overflow:hidden;\"><img decoding=\"async\" src=\"http:\/\/veloclubfaumont.fr\/wp-content\/uploads\/2016\/12\/25BikeWash-215x215.jpg\" class=\"ggImg\" alt=\"25BikeWash\" title=\"25BikeWash\" data-description=\"25BikeWash\" data-caption=\"25BikeWash\" data-title=\"25BikeWash\" style=\" width:215px; height:215px;\" \/><\/div><FIGCAPTION class=\"\" data-alpha=\"5\" style=\"color:#ffffff; background-color:#6f0000; font-size:14px; text-align:2; font-family:;\" ><div class=\"grid-gallery-figcaption-wrap\" style=\" vertical-align:;\"><\/div><\/FIGCAPTION><\/FIGURE><\/a><a id=\"gg-42-1133\" class=\"gg-link \" data-attachment-id=\"2005\" href=\"https:\/\/veloclubfaumont.fr\/wp-content\/uploads\/2016\/12\/28Chicon.jpg?gid=42\" target=\"_self\" title=\"28Chicon\" data-rel=\"prettyPhoto[pp_gal]\" style=\"border-radius:0px;\" ><FIGURE class=\"grid-gallery-caption\" data-grid-gallery-type=\"quarter-slide-up\" data-index=\"9\" style=\"display:none;border-radius:0px;; margin:5.3px; width:215px;\" ><div class=\"crop\" style=\" width:215px; height:215px; overflow:hidden;\"><img decoding=\"async\" src=\"http:\/\/veloclubfaumont.fr\/wp-content\/uploads\/2016\/12\/28Chicon-215x215.jpg\" class=\"ggImg\" alt=\"28Chicon\" title=\"28Chicon\" data-description=\"28Chicon\" data-caption=\"28Chicon\" data-title=\"28Chicon\" style=\" width:215px; height:215px;\" \/><\/div><FIGCAPTION class=\"\" data-alpha=\"5\" style=\"color:#ffffff; background-color:#6f0000; font-size:14px; text-align:2; font-family:;\" ><div class=\"grid-gallery-figcaption-wrap\" style=\" vertical-align:;\"><\/div><\/FIGCAPTION><\/FIGURE><\/a><a id=\"gg-42-1134\" class=\"gg-link \" data-attachment-id=\"2006\" href=\"https:\/\/veloclubfaumont.fr\/wp-content\/uploads\/2016\/12\/31Marche.jpg?gid=42\" target=\"_self\" title=\"31Marche\" data-rel=\"prettyPhoto[pp_gal]\" style=\"border-radius:0px;\" ><FIGURE class=\"grid-gallery-caption\" data-grid-gallery-type=\"quarter-slide-up\" data-index=\"10\" style=\"display:none;border-radius:0px;; margin:5.3px; width:215px;\" ><div class=\"crop\" style=\" width:215px; height:215px; overflow:hidden;\"><img decoding=\"async\" src=\"http:\/\/veloclubfaumont.fr\/wp-content\/uploads\/2016\/12\/31Marche-215x215.jpg\" class=\"ggImg\" alt=\"31Marche\" title=\"31Marche\" data-description=\"31Marche\" data-caption=\"31Marche\" data-title=\"31Marche\" style=\" width:215px; height:215px;\" \/><\/div><FIGCAPTION class=\"\" data-alpha=\"5\" style=\"color:#ffffff; background-color:#6f0000; font-size:14px; text-align:2; font-family:;\" ><div class=\"grid-gallery-figcaption-wrap\" style=\" vertical-align:;\"><\/div><\/FIGCAPTION><\/FIGURE><\/a><a id=\"gg-42-1135\" class=\"gg-link \" data-attachment-id=\"2007\" href=\"https:\/\/veloclubfaumont.fr\/wp-content\/uploads\/2016\/12\/33Salle.jpg?gid=42\" target=\"_self\" title=\"33Salle\" data-rel=\"prettyPhoto[pp_gal]\" style=\"border-radius:0px;\" ><FIGURE class=\"grid-gallery-caption\" data-grid-gallery-type=\"quarter-slide-up\" data-index=\"11\" style=\"display:none;border-radius:0px;; margin:5.3px; width:215px;\" ><div class=\"crop\" style=\" width:215px; height:215px; overflow:hidden;\"><img decoding=\"async\" src=\"http:\/\/veloclubfaumont.fr\/wp-content\/uploads\/2016\/12\/33Salle-215x215.jpg\" class=\"ggImg\" alt=\"33Salle\" title=\"33Salle\" data-description=\"33Salle\" data-caption=\"33Salle\" data-title=\"33Salle\" style=\" width:215px; height:215px;\" \/><\/div><FIGCAPTION class=\"\" data-alpha=\"5\" style=\"color:#ffffff; background-color:#6f0000; font-size:14px; text-align:2; font-family:;\" ><div class=\"grid-gallery-figcaption-wrap\" style=\" vertical-align:;\"><\/div><\/FIGCAPTION><\/FIGURE><\/a><a id=\"gg-42-1136\" class=\"gg-link \" data-attachment-id=\"2008\" href=\"https:\/\/veloclubfaumont.fr\/wp-content\/uploads\/2016\/12\/34BarbieuxBalai.jpg?gid=42\" target=\"_self\" title=\"34BarbieuxBalai\" data-rel=\"prettyPhoto[pp_gal]\" style=\"border-radius:0px;\" ><FIGURE class=\"grid-gallery-caption\" data-grid-gallery-type=\"quarter-slide-up\" data-index=\"12\" style=\"display:none;border-radius:0px;; margin:5.3px; width:215px;\" ><div class=\"crop\" style=\" width:215px; height:215px; overflow:hidden;\"><img decoding=\"async\" src=\"http:\/\/veloclubfaumont.fr\/wp-content\/uploads\/2016\/12\/34BarbieuxBalai-215x215.jpg\" class=\"ggImg\" alt=\"34BarbieuxBalai\" title=\"34BarbieuxBalai\" data-description=\"34BarbieuxBalai\" data-caption=\"34BarbieuxBalai\" data-title=\"34BarbieuxBalai\" style=\" width:215px; height:215px;\" \/><\/div><FIGCAPTION class=\"\" data-alpha=\"5\" style=\"color:#ffffff; background-color:#6f0000; font-size:14px; text-align:2; font-family:;\" ><div class=\"grid-gallery-figcaption-wrap\" style=\" vertical-align:;\"><\/div><\/FIGCAPTION><\/FIGURE><\/a><a id=\"gg-42-1137\" class=\"gg-link \" data-attachment-id=\"2009\" href=\"https:\/\/veloclubfaumont.fr\/wp-content\/uploads\/2016\/12\/00000068.jpg?gid=42\" target=\"_self\" title=\"00000068\" data-rel=\"prettyPhoto[pp_gal]\" style=\"border-radius:0px;\" ><FIGURE class=\"grid-gallery-caption\" data-grid-gallery-type=\"quarter-slide-up\" data-index=\"13\" style=\"display:none;border-radius:0px;; margin:5.3px; width:215px;\" ><div class=\"crop\" style=\" width:215px; height:215px; overflow:hidden;\"><img decoding=\"async\" src=\"http:\/\/veloclubfaumont.fr\/wp-content\/uploads\/2016\/12\/00000068-215x215.jpg\" class=\"ggImg\" alt=\"00000068\" title=\"00000068\" data-description=\"00000068\" data-caption=\"00000068\" data-title=\"00000068\" style=\" width:215px; height:215px;\" \/><\/div><FIGCAPTION class=\"\" data-alpha=\"5\" style=\"color:#ffffff; background-color:#6f0000; font-size:14px; text-align:2; font-family:;\" ><div class=\"grid-gallery-figcaption-wrap\" style=\" vertical-align:;\"><\/div><\/FIGCAPTION><\/FIGURE><\/a><a id=\"gg-42-1138\" class=\"gg-link \" data-attachment-id=\"2010\" href=\"https:\/\/veloclubfaumont.fr\/wp-content\/uploads\/2016\/12\/faumont210107_111.jpg?gid=42\" target=\"_self\" title=\"faumont210107_111\" data-rel=\"prettyPhoto[pp_gal]\" style=\"border-radius:0px;\" ><FIGURE class=\"grid-gallery-caption\" data-grid-gallery-type=\"quarter-slide-up\" data-index=\"14\" style=\"display:none;border-radius:0px;; margin:5.3px; width:215px;\" ><div class=\"crop\" style=\" width:215px; height:215px; overflow:hidden;\"><img decoding=\"async\" src=\"http:\/\/veloclubfaumont.fr\/wp-content\/uploads\/2016\/12\/faumont210107_111-215x215.jpg\" class=\"ggImg\" alt=\"faumont210107_111\" title=\"faumont210107_111\" data-description=\"faumont210107_111\" data-caption=\"faumont210107_111\" data-title=\"faumont210107_111\" style=\" width:215px; height:215px;\" \/><\/div><FIGCAPTION class=\"\" data-alpha=\"5\" style=\"color:#ffffff; background-color:#6f0000; font-size:14px; text-align:2; font-family:;\" ><div class=\"grid-gallery-figcaption-wrap\" style=\" vertical-align:;\"><\/div><\/FIGCAPTION><\/FIGURE><\/a><a id=\"gg-42-1139\" class=\"gg-link \" data-attachment-id=\"2011\" href=\"https:\/\/veloclubfaumont.fr\/wp-content\/uploads\/2016\/12\/faumont210107_237.jpg?gid=42\" target=\"_self\" title=\"faumont210107_237\" data-rel=\"prettyPhoto[pp_gal]\" style=\"border-radius:0px;\" ><FIGURE class=\"grid-gallery-caption\" data-grid-gallery-type=\"quarter-slide-up\" data-index=\"15\" style=\"display:none;border-radius:0px;; margin:5.3px; width:215px;\" ><div class=\"crop\" style=\" width:215px; height:215px; overflow:hidden;\"><img decoding=\"async\" src=\"http:\/\/veloclubfaumont.fr\/wp-content\/uploads\/2016\/12\/faumont210107_237-215x215.jpg\" class=\"ggImg\" alt=\"faumont210107_237\" title=\"faumont210107_237\" data-description=\"faumont210107_237\" data-caption=\"faumont210107_237\" data-title=\"faumont210107_237\" style=\" width:215px; height:215px;\" \/><\/div><FIGCAPTION class=\"\" data-alpha=\"5\" style=\"color:#ffffff; background-color:#6f0000; font-size:14px; text-align:2; font-family:;\" ><div class=\"grid-gallery-figcaption-wrap\" style=\" vertical-align:;\"><\/div><\/FIGCAPTION><\/FIGURE><\/a><a id=\"gg-42-1140\" class=\"gg-link \" data-attachment-id=\"2012\" href=\"https:\/\/veloclubfaumont.fr\/wp-content\/uploads\/2016\/12\/faumont210107_247.jpg?gid=42\" target=\"_self\" title=\"faumont210107_247\" data-rel=\"prettyPhoto[pp_gal]\" style=\"border-radius:0px;\" ><FIGURE class=\"grid-gallery-caption\" data-grid-gallery-type=\"quarter-slide-up\" data-index=\"16\" style=\"display:none;border-radius:0px;; margin:5.3px; width:215px;\" ><div class=\"crop\" style=\" width:215px; height:215px; overflow:hidden;\"><img decoding=\"async\" src=\"http:\/\/veloclubfaumont.fr\/wp-content\/uploads\/2016\/12\/faumont210107_247-215x215.jpg\" class=\"ggImg\" alt=\"faumont210107_247\" title=\"faumont210107_247\" data-description=\"faumont210107_247\" data-caption=\"faumont210107_247\" data-title=\"faumont210107_247\" style=\" width:215px; height:215px;\" \/><\/div><FIGCAPTION class=\"\" data-alpha=\"5\" style=\"color:#ffffff; background-color:#6f0000; font-size:14px; text-align:2; font-family:;\" ><div class=\"grid-gallery-figcaption-wrap\" style=\" vertical-align:;\"><\/div><\/FIGCAPTION><\/FIGURE><\/a><a id=\"gg-42-1141\" class=\"gg-link \" data-attachment-id=\"2013\" href=\"https:\/\/veloclubfaumont.fr\/wp-content\/uploads\/2016\/12\/faumont210107_254.jpg?gid=42\" target=\"_self\" title=\"faumont210107_254\" data-rel=\"prettyPhoto[pp_gal]\" style=\"border-radius:0px;\" ><FIGURE class=\"grid-gallery-caption\" data-grid-gallery-type=\"quarter-slide-up\" data-index=\"17\" style=\"display:none;border-radius:0px;; margin:5.3px; width:215px;\" ><div class=\"crop\" style=\" width:215px; height:215px; overflow:hidden;\"><img decoding=\"async\" src=\"http:\/\/veloclubfaumont.fr\/wp-content\/uploads\/2016\/12\/faumont210107_254-215x215.jpg\" class=\"ggImg\" alt=\"faumont210107_254\" title=\"faumont210107_254\" data-description=\"faumont210107_254\" data-caption=\"faumont210107_254\" data-title=\"faumont210107_254\" style=\" width:215px; height:215px;\" \/><\/div><FIGCAPTION class=\"\" data-alpha=\"5\" style=\"color:#ffffff; background-color:#6f0000; font-size:14px; text-align:2; font-family:;\" ><div class=\"grid-gallery-figcaption-wrap\" style=\" vertical-align:;\"><\/div><\/FIGCAPTION><\/FIGURE><\/a> <div class=\"grid-gallery-clearfix\"><\/div> <\/div> <div class=\"gallery-sharing-bottom\"><\/div> <div class=\"grid-gallery-clearfix\"><\/div> <\/div> <!-- Gallery by Supsystic plugin1.15.12 --><\/p>\n<p style=\"text-align: center;\">&nbsp;<\/p>\n<ul>\n<li><span style=\"font-size: 14pt;\"><strong><em>Chicon Bike Tour 2006 :<br \/>\n<\/em><\/strong><\/span><\/li>\n<\/ul>\n<p><iframe loading=\"lazy\" title=\"vtt Faumont\" frameborder=\"0\" width=\"500\" height=\"375\" src=\"https:\/\/geo.dailymotion.com\/player.html?video=x11ynw&#038;\" allowfullscreen allow=\"autoplay; fullscreen; picture-in-picture; web-share\"><\/iframe><\/p>\n<ul>\n<li style=\"text-align: left;\">\n<h4><em>Rando des G\u00e9ants 2006 \u00e0 Douai<\/em><\/h4>\n<\/li>\n<\/ul>\n<p><a href=\"https:\/\/veloclubfaumont.fr\/index.php\/archives\/archives-2007-2006\/douai-geant-aout-2juillet2006\/\" rel=\"attachment wp-att-2016\"><img loading=\"lazy\" decoding=\"async\" class=\"aligncenter size-full wp-image-2016\" src=\"https:\/\/veloclubfaumont.fr\/wp-content\/uploads\/2016\/12\/douai-geant-aout-2juillet2006-.jpg\" alt=\"\" width=\"450\" height=\"337\" srcset=\"https:\/\/veloclubfaumont.fr\/wp-content\/uploads\/2016\/12\/douai-geant-aout-2juillet2006-.jpg 450w, https:\/\/veloclubfaumont.fr\/wp-content\/uploads\/2016\/12\/douai-geant-aout-2juillet2006--300x225.jpg 300w\" sizes=\"auto, (max-width: 450px) 100vw, 450px\" \/><\/a> <a href=\"https:\/\/veloclubfaumont.fr\/index.php\/archives\/archives-2007-2006\/douai-geant-aout2006\/\" rel=\"attachment wp-att-2017\"><img loading=\"lazy\" decoding=\"async\" class=\"aligncenter size-full wp-image-2017\" src=\"https:\/\/veloclubfaumont.fr\/wp-content\/uploads\/2016\/12\/douai-geant-aout2006.jpg\" alt=\"\" width=\"450\" height=\"338\" srcset=\"https:\/\/veloclubfaumont.fr\/wp-content\/uploads\/2016\/12\/douai-geant-aout2006.jpg 450w, https:\/\/veloclubfaumont.fr\/wp-content\/uploads\/2016\/12\/douai-geant-aout2006-300x225.jpg 300w\" sizes=\"auto, (max-width: 450px) 100vw, 450px\" \/><\/a><\/p>\n<ul>\n<li>\n<h4><em>Ronde des Rois 2006 \u00e0 Roubaix<\/em><\/h4>\n<\/li>\n<\/ul>\n<p style=\"text-align: center;\"><a href=\"https:\/\/veloclubfaumont.fr\/index.php\/archives\/archives-2007-2006\/rondedesrois-roubaix-2006\/\" rel=\"attachment wp-att-2034\"><img loading=\"lazy\" decoding=\"async\" class=\"aligncenter size-full wp-image-2034\" src=\"https:\/\/veloclubfaumont.fr\/wp-content\/uploads\/2016\/12\/rondedesrois-roubaix-2006.jpg\" alt=\"\" width=\"450\" height=\"338\" srcset=\"https:\/\/veloclubfaumont.fr\/wp-content\/uploads\/2016\/12\/rondedesrois-roubaix-2006.jpg 450w, https:\/\/veloclubfaumont.fr\/wp-content\/uploads\/2016\/12\/rondedesrois-roubaix-2006-300x225.jpg 300w\" sizes=\"auto, (max-width: 450px) 100vw, 450px\" \/><\/a><\/p>\n","protected":false},"excerpt":{"rendered":"<p>Avant Internet, notre Pr\u00e9sident Gilles Barbieux confectionnait sur papier des magazines (Cyclo&rsquo; Mag) relatant les diverses sorties et \u00e9v\u00e9nements du club. Voici en PDF les 3 num\u00e9ros sortis en 2007&#8230;<\/p>\n","protected":false},"author":1,"featured_media":0,"parent":36,"menu_order":0,"comment_status":"closed","ping_status":"closed","template":"","meta":{"ngg_post_thumbnail":0,"jetpack_post_was_ever_published":false,"two_page_speed":[],"footnotes":""},"class_list":["post-1995","page","type-page","status-publish","hentry"],"jetpack_sharing_enabled":true,"jetpack_shortlink":"https:\/\/wp.me\/P8bXJp-wb","_links":{"self":[{"href":"https:\/\/veloclubfaumont.fr\/index.php\/wp-json\/wp\/v2\/pages\/1995","targetHints":{"allow":["GET"]}}],"collection":[{"href":"https:\/\/veloclubfaumont.fr\/index.php\/wp-json\/wp\/v2\/pages"}],"about":[{"href":"https:\/\/veloclubfaumont.fr\/index.php\/wp-json\/wp\/v2\/types\/page"}],"author":[{"embeddable":true,"href":"https:\/\/veloclubfaumont.fr\/index.php\/wp-json\/wp\/v2\/users\/1"}],"replies":[{"embeddable":true,"href":"https:\/\/veloclubfaumont.fr\/index.php\/wp-json\/wp\/v2\/comments?post=1995"}],"version-history":[{"count":0,"href":"https:\/\/veloclubfaumont.fr\/index.php\/wp-json\/wp\/v2\/pages\/1995\/revisions"}],"up":[{"embeddable":true,"href":"https:\/\/veloclubfaumont.fr\/index.php\/wp-json\/wp\/v2\/pages\/36"}],"wp:attachment":[{"href":"https:\/\/veloclubfaumont.fr\/index.php\/wp-json\/wp\/v2\/media?parent=1995"}],"curies":[{"name":"wp","href":"https:\/\/api.w.org\/{rel}","templated":true}]}}