{"id":2045,"date":"2016-12-17T16:24:41","date_gmt":"2016-12-17T15:24:41","guid":{"rendered":"http:\/\/veloclubfaumont.fr\/?page_id=2045"},"modified":"2016-12-17T16:29:38","modified_gmt":"2016-12-17T15:29:38","slug":"du-pevele-au-hainaut-2011","status":"publish","type":"page","link":"https:\/\/veloclubfaumont.fr\/index.php\/archives\/2011-2\/du-pevele-au-hainaut-2011\/","title":{"rendered":"Du P\u00e9v\u00e8le au Hainaut 2011"},"content":{"rendered":"<div>Une m\u00e9t\u00e9o incertaine la semaine pr\u00e9c\u00e9dente et un temps perturb\u00e9 la veille de cette nouvelle \u00e9dition de nos randonn\u00e9es, a fait baiss\u00e9 la participation \u00e0 notre manifestation.<\/div>\n<div>&nbsp;<\/div>\n<div>Toutefois, 412 participants&nbsp; sont venus nous dont 297 cyclos qui ont parcouru les circuits de 25 &#8211; 55 et 90km. 16 d&rsquo;entre eux se sont \u00e9lanc\u00e9s sur le grand parcours de 175km.<\/div>\n<div>&nbsp;<\/div>\n<div>Du c\u00f4t\u00e9 des V\u00e9t\u00e9tistes les circuits de 20 &#8211; 30 et 40km ont rassembl\u00e9 88 participants.<\/div>\n<div>Enfin, 27 marcheurs ont sillonn\u00e9 la campagne faumontoise.<\/div>\n<div>&nbsp;<\/div>\n<div>Merci aux nombreux b\u00e9n\u00e9voles, et \u00e0 la municipalit\u00e9.<\/div>\n<div>&nbsp;<\/div>\n<div style=\"text-align: center;\"><div id=\"grid-gallery-45-53617\" data-gg-id=\"45\" data-title=\"Du P\u00e9v\u00e8le au Hainaut 2011\" data-grid-type=\"0\" data-offset=\"5.3\" data-area-position=\"center\" data-icons=\"false\" data-preloader=\"\" data-width=\"215\" data-height=\"215\" data-padding=\"\" data-quicksand=\"disabled\" data-quicksand-duration=\"none\" data-popup-theme=\"theme_6\" data-popup-type=\"pretty-photo\" data-popup-image-text=\"title\" data-popup-widthsize=\"auto\" data-popup-heightsize=\"auto\" data-popup-i18n-words=\"{&quot;close&quot;:&quot;fermer&quot;,&quot;next&quot;:&quot;suivant&quot;,&quot;previous&quot;:&quot;pr\\u00e9c\\u00e9dent&quot;,&quot;start_slideshow&quot;:&quot;d\\u00e9marrer le diaporama&quot;,&quot;stop_slideshow&quot;:&quot;arr\\u00e9ter le diaporama&quot;,&quot;image&quot;:&quot;image&quot;,&quot;of&quot;:&quot;de&quot;,&quot;prev&quot;:&quot;pr\\u00e9c.&quot;,&quot;cExpand&quot;:&quot;Agrandir&quot;,&quot;cPrevious&quot;:&quot;Pr\\u00e9c\\u00e9dent&quot;,&quot;cNext&quot;:&quot;Suivant&quot;,&quot;cExpandStr&quot;:&quot;Agrandir l&#039;image&quot;,&quot;cRotate&quot;:&quot;Pivoter&quot;,&quot;cDetails&quot;:&quot;Details&quot;}\" data-popup-slideshow=\"false\" data-popup-slideshow-speed=\"2500\" data-popup-hoverstop=\"true\" data-popup-slideshow-auto=\"false\" data-popup-background=\"\" data-popup-transparency=\"30\" data-popup-disable-history=\"\" data-popup-disable-changed-url=\"\" data-popup-border-type=\"\" data-popup-border-color=\"\" data-popup-border-width=\"\" data-popup-border-enable=\"\" data-fullscreen=\"false\" data-hide-tooltip=\"\" data-caption-font-family=\"\" data-caption-text-size=\"14px\" data-is-mobile=\"0\" data-caption-mobile=\"false\" data-hide-long-tltp-title=\"0\" data-caption-disabled-on-mobile=\"false\" data-popup-placement-type=\"0\" data-social-sharing=\"{&quot;enabled&quot;:null,&quot;gallerySharing&quot;:{&quot;enabled&quot;:null,&quot;position&quot;:null},&quot;imageSharing&quot;:{&quot;enabled&quot;:null,&quot;wrapperClass&quot;:&quot; vertical &quot;},&quot;popupSharing&quot;:{&quot;enabled&quot;:null,&quot;wrapperClass&quot;:&quot; vertical &quot;}}\" class=\"grid-gallery grid-gallery-fixed \" style=\" width:100%; height:auto; margin-left:auto; margin-right:auto;position:relative;\"> <div class=\"gallery-loading\"> <div class=\"blocks\"> <div class=\"block\"><\/div> <div class=\"block\"><\/div> <div class=\"block\"><\/div> <div class=\"block\"><\/div> <\/div> <\/div> <div class=\"gallery-sharing-top\"><\/div> <div id=\"photos-45\" class=\"grid-gallery-photos\"><a id=\"gg-45-1154\" class=\"gg-link \" data-attachment-id=\"2060\" href=\"https:\/\/veloclubfaumont.fr\/wp-content\/uploads\/2016\/12\/randos-aout-2011-20-.jpg?gid=45\" target=\"_self\" title=\"\" data-rel=\"prettyPhoto[pp_gal]\" style=\"border-radius:0px;\" ><FIGURE class=\"grid-gallery-caption\" data-grid-gallery-type=\"quarter-slide-up\" data-index=\"0\" style=\"display:none;border-radius:0px;; margin:5.3px; width:215px;\" ><div class=\"crop\" style=\" width:215px; height:215px; overflow:hidden;\"><img decoding=\"async\" src=\"http:\/\/veloclubfaumont.fr\/wp-content\/uploads\/2016\/12\/randos-aout-2011-20--215x215.jpg\" class=\"ggImg\" alt=\"\" title=\"\" data-description=\"\" data-caption=\"\" data-title=\"\" style=\" width:215px; height:215px;\" \/><\/div><FIGCAPTION class=\"\" data-alpha=\"5\" style=\"color:#ffffff; background-color:#6f0000; font-size:14px; text-align:2; font-family:;\" ><div class=\"grid-gallery-figcaption-wrap\" style=\" vertical-align:;\"><\/div><\/FIGCAPTION><\/FIGURE><\/a><a id=\"gg-45-1155\" class=\"gg-link \" data-attachment-id=\"2059\" href=\"https:\/\/veloclubfaumont.fr\/wp-content\/uploads\/2016\/12\/randos-aout-2011-18-.jpg?gid=45\" target=\"_self\" title=\"\" data-rel=\"prettyPhoto[pp_gal]\" style=\"border-radius:0px;\" ><FIGURE class=\"grid-gallery-caption\" data-grid-gallery-type=\"quarter-slide-up\" data-index=\"1\" style=\"display:none;border-radius:0px;; margin:5.3px; width:215px;\" ><div class=\"crop\" style=\" width:215px; height:215px; overflow:hidden;\"><img decoding=\"async\" src=\"http:\/\/veloclubfaumont.fr\/wp-content\/uploads\/2016\/12\/randos-aout-2011-18--215x215.jpg\" class=\"ggImg\" alt=\"\" title=\"\" data-description=\"\" data-caption=\"\" data-title=\"\" style=\" width:215px; height:215px;\" \/><\/div><FIGCAPTION class=\"\" data-alpha=\"5\" style=\"color:#ffffff; background-color:#6f0000; font-size:14px; text-align:2; font-family:;\" ><div class=\"grid-gallery-figcaption-wrap\" style=\" vertical-align:;\"><\/div><\/FIGCAPTION><\/FIGURE><\/a><a id=\"gg-45-1156\" class=\"gg-link \" data-attachment-id=\"2057\" href=\"https:\/\/veloclubfaumont.fr\/wp-content\/uploads\/2016\/12\/randos-aout-2011-13-.jpg?gid=45\" target=\"_self\" title=\"\" data-rel=\"prettyPhoto[pp_gal]\" style=\"border-radius:0px;\" ><FIGURE class=\"grid-gallery-caption\" data-grid-gallery-type=\"quarter-slide-up\" data-index=\"2\" style=\"display:none;border-radius:0px;; margin:5.3px; width:215px;\" ><div class=\"crop\" style=\" width:215px; height:215px; overflow:hidden;\"><img decoding=\"async\" src=\"http:\/\/veloclubfaumont.fr\/wp-content\/uploads\/2016\/12\/randos-aout-2011-13--215x215.jpg\" class=\"ggImg\" alt=\"\" title=\"\" data-description=\"\" data-caption=\"\" data-title=\"\" style=\" width:215px; height:215px;\" \/><\/div><FIGCAPTION class=\"\" data-alpha=\"5\" style=\"color:#ffffff; background-color:#6f0000; font-size:14px; text-align:2; font-family:;\" ><div class=\"grid-gallery-figcaption-wrap\" style=\" vertical-align:;\"><\/div><\/FIGCAPTION><\/FIGURE><\/a><a id=\"gg-45-1157\" class=\"gg-link \" data-attachment-id=\"2055\" href=\"https:\/\/veloclubfaumont.fr\/wp-content\/uploads\/2016\/12\/randos-aout-2011-11-.jpg?gid=45\" target=\"_self\" title=\"\" data-rel=\"prettyPhoto[pp_gal]\" style=\"border-radius:0px;\" ><FIGURE class=\"grid-gallery-caption\" data-grid-gallery-type=\"quarter-slide-up\" data-index=\"3\" style=\"display:none;border-radius:0px;; margin:5.3px; width:215px;\" ><div class=\"crop\" style=\" width:215px; height:215px; overflow:hidden;\"><img decoding=\"async\" src=\"http:\/\/veloclubfaumont.fr\/wp-content\/uploads\/2016\/12\/randos-aout-2011-11--215x215.jpg\" class=\"ggImg\" alt=\"\" title=\"\" data-description=\"\" data-caption=\"\" data-title=\"\" style=\" width:215px; height:215px;\" \/><\/div><FIGCAPTION class=\"\" data-alpha=\"5\" style=\"color:#ffffff; background-color:#6f0000; font-size:14px; text-align:2; font-family:;\" ><div class=\"grid-gallery-figcaption-wrap\" style=\" vertical-align:;\"><\/div><\/FIGCAPTION><\/FIGURE><\/a><a id=\"gg-45-1158\" class=\"gg-link \" data-attachment-id=\"2054\" href=\"https:\/\/veloclubfaumont.fr\/wp-content\/uploads\/2016\/12\/randos-aout-2011-9-.jpg?gid=45\" target=\"_self\" title=\"\" data-rel=\"prettyPhoto[pp_gal]\" style=\"border-radius:0px;\" ><FIGURE class=\"grid-gallery-caption\" data-grid-gallery-type=\"quarter-slide-up\" data-index=\"4\" style=\"display:none;border-radius:0px;; margin:5.3px; width:215px;\" ><div class=\"crop\" style=\" width:215px; height:215px; overflow:hidden;\"><img decoding=\"async\" src=\"http:\/\/veloclubfaumont.fr\/wp-content\/uploads\/2016\/12\/randos-aout-2011-9--215x215.jpg\" class=\"ggImg\" alt=\"\" title=\"\" data-description=\"\" data-caption=\"\" data-title=\"\" style=\" width:215px; height:215px;\" \/><\/div><FIGCAPTION class=\"\" data-alpha=\"5\" style=\"color:#ffffff; background-color:#6f0000; font-size:14px; text-align:2; font-family:;\" ><div class=\"grid-gallery-figcaption-wrap\" style=\" vertical-align:;\"><\/div><\/FIGCAPTION><\/FIGURE><\/a><a id=\"gg-45-1159\" class=\"gg-link \" data-attachment-id=\"2053\" href=\"https:\/\/veloclubfaumont.fr\/wp-content\/uploads\/2016\/12\/randos-aout-2011-8-.jpg?gid=45\" target=\"_self\" title=\"\" data-rel=\"prettyPhoto[pp_gal]\" style=\"border-radius:0px;\" ><FIGURE class=\"grid-gallery-caption\" data-grid-gallery-type=\"quarter-slide-up\" data-index=\"5\" style=\"display:none;border-radius:0px;; margin:5.3px; width:215px;\" ><div class=\"crop\" style=\" width:215px; height:215px; overflow:hidden;\"><img decoding=\"async\" src=\"http:\/\/veloclubfaumont.fr\/wp-content\/uploads\/2016\/12\/randos-aout-2011-8--215x215.jpg\" class=\"ggImg\" alt=\"\" title=\"\" data-description=\"\" data-caption=\"\" data-title=\"\" style=\" width:215px; height:215px;\" \/><\/div><FIGCAPTION class=\"\" data-alpha=\"5\" style=\"color:#ffffff; background-color:#6f0000; font-size:14px; text-align:2; font-family:;\" ><div class=\"grid-gallery-figcaption-wrap\" style=\" vertical-align:;\"><\/div><\/FIGCAPTION><\/FIGURE><\/a><a id=\"gg-45-1160\" class=\"gg-link \" data-attachment-id=\"2052\" href=\"https:\/\/veloclubfaumont.fr\/wp-content\/uploads\/2016\/12\/randos-aout-2011-7-.jpg?gid=45\" target=\"_self\" title=\"\" data-rel=\"prettyPhoto[pp_gal]\" style=\"border-radius:0px;\" ><FIGURE class=\"grid-gallery-caption\" data-grid-gallery-type=\"quarter-slide-up\" data-index=\"6\" style=\"display:none;border-radius:0px;; margin:5.3px; width:215px;\" ><div class=\"crop\" style=\" width:215px; height:215px; overflow:hidden;\"><img decoding=\"async\" src=\"http:\/\/veloclubfaumont.fr\/wp-content\/uploads\/2016\/12\/randos-aout-2011-7--215x215.jpg\" class=\"ggImg\" alt=\"\" title=\"\" data-description=\"\" data-caption=\"\" data-title=\"\" style=\" width:215px; height:215px;\" \/><\/div><FIGCAPTION class=\"\" data-alpha=\"5\" style=\"color:#ffffff; background-color:#6f0000; font-size:14px; text-align:2; font-family:;\" ><div class=\"grid-gallery-figcaption-wrap\" style=\" vertical-align:;\"><\/div><\/FIGCAPTION><\/FIGURE><\/a><a id=\"gg-45-1161\" class=\"gg-link \" data-attachment-id=\"2051\" href=\"https:\/\/veloclubfaumont.fr\/wp-content\/uploads\/2016\/12\/randos-aout-2011-6-.jpg?gid=45\" target=\"_self\" title=\"\" data-rel=\"prettyPhoto[pp_gal]\" style=\"border-radius:0px;\" ><FIGURE class=\"grid-gallery-caption\" data-grid-gallery-type=\"quarter-slide-up\" data-index=\"7\" style=\"display:none;border-radius:0px;; margin:5.3px; width:215px;\" ><div class=\"crop\" style=\" width:215px; height:215px; overflow:hidden;\"><img decoding=\"async\" src=\"http:\/\/veloclubfaumont.fr\/wp-content\/uploads\/2016\/12\/randos-aout-2011-6--215x215.jpg\" class=\"ggImg\" alt=\"\" title=\"\" data-description=\"\" data-caption=\"\" data-title=\"\" style=\" width:215px; height:215px;\" \/><\/div><FIGCAPTION class=\"\" data-alpha=\"5\" style=\"color:#ffffff; background-color:#6f0000; font-size:14px; text-align:2; font-family:;\" ><div class=\"grid-gallery-figcaption-wrap\" style=\" vertical-align:;\"><\/div><\/FIGCAPTION><\/FIGURE><\/a><a id=\"gg-45-1162\" class=\"gg-link \" data-attachment-id=\"2050\" href=\"https:\/\/veloclubfaumont.fr\/wp-content\/uploads\/2016\/12\/randos-aout-2011-5-.jpg?gid=45\" target=\"_self\" title=\"\" data-rel=\"prettyPhoto[pp_gal]\" style=\"border-radius:0px;\" ><FIGURE class=\"grid-gallery-caption\" data-grid-gallery-type=\"quarter-slide-up\" data-index=\"8\" style=\"display:none;border-radius:0px;; margin:5.3px; width:215px;\" ><div class=\"crop\" style=\" width:215px; height:215px; overflow:hidden;\"><img decoding=\"async\" src=\"http:\/\/veloclubfaumont.fr\/wp-content\/uploads\/2016\/12\/randos-aout-2011-5--215x215.jpg\" class=\"ggImg\" alt=\"\" title=\"\" data-description=\"\" data-caption=\"\" data-title=\"\" style=\" width:215px; height:215px;\" \/><\/div><FIGCAPTION class=\"\" data-alpha=\"5\" style=\"color:#ffffff; background-color:#6f0000; font-size:14px; text-align:2; font-family:;\" ><div class=\"grid-gallery-figcaption-wrap\" style=\" vertical-align:;\"><\/div><\/FIGCAPTION><\/FIGURE><\/a><a id=\"gg-45-1163\" class=\"gg-link \" data-attachment-id=\"2049\" href=\"https:\/\/veloclubfaumont.fr\/wp-content\/uploads\/2016\/12\/randos-aout-2011-4-.jpg?gid=45\" target=\"_self\" title=\"\" data-rel=\"prettyPhoto[pp_gal]\" style=\"border-radius:0px;\" ><FIGURE class=\"grid-gallery-caption\" data-grid-gallery-type=\"quarter-slide-up\" data-index=\"9\" style=\"display:none;border-radius:0px;; margin:5.3px; width:215px;\" ><div class=\"crop\" style=\" width:215px; height:215px; overflow:hidden;\"><img decoding=\"async\" src=\"http:\/\/veloclubfaumont.fr\/wp-content\/uploads\/2016\/12\/randos-aout-2011-4--215x215.jpg\" class=\"ggImg\" alt=\"\" title=\"\" data-description=\"\" data-caption=\"\" data-title=\"\" style=\" width:215px; height:215px;\" \/><\/div><FIGCAPTION class=\"\" data-alpha=\"5\" style=\"color:#ffffff; background-color:#6f0000; font-size:14px; text-align:2; font-family:;\" ><div class=\"grid-gallery-figcaption-wrap\" style=\" vertical-align:;\"><\/div><\/FIGCAPTION><\/FIGURE><\/a><a id=\"gg-45-1164\" class=\"gg-link \" data-attachment-id=\"2048\" href=\"https:\/\/veloclubfaumont.fr\/wp-content\/uploads\/2016\/12\/randos-aout-2011-3-.jpg?gid=45\" target=\"_self\" title=\"\" data-rel=\"prettyPhoto[pp_gal]\" style=\"border-radius:0px;\" ><FIGURE class=\"grid-gallery-caption\" data-grid-gallery-type=\"quarter-slide-up\" data-index=\"10\" style=\"display:none;border-radius:0px;; margin:5.3px; width:215px;\" ><div class=\"crop\" style=\" width:215px; height:215px; overflow:hidden;\"><img decoding=\"async\" src=\"http:\/\/veloclubfaumont.fr\/wp-content\/uploads\/2016\/12\/randos-aout-2011-3--215x215.jpg\" class=\"ggImg\" alt=\"\" title=\"\" data-description=\"\" data-caption=\"\" data-title=\"\" style=\" width:215px; height:215px;\" \/><\/div><FIGCAPTION class=\"\" data-alpha=\"5\" style=\"color:#ffffff; background-color:#6f0000; font-size:14px; text-align:2; font-family:;\" ><div class=\"grid-gallery-figcaption-wrap\" style=\" vertical-align:;\"><\/div><\/FIGCAPTION><\/FIGURE><\/a><a id=\"gg-45-1165\" class=\"gg-link \" data-attachment-id=\"2047\" href=\"https:\/\/veloclubfaumont.fr\/wp-content\/uploads\/2016\/12\/randos-aout-2011-2-.jpg?gid=45\" target=\"_self\" title=\"randos-aout-2011-2-\" data-rel=\"prettyPhoto[pp_gal]\" style=\"border-radius:0px;\" ><FIGURE class=\"grid-gallery-caption\" data-grid-gallery-type=\"quarter-slide-up\" data-index=\"11\" style=\"display:none;border-radius:0px;; margin:5.3px; width:215px;\" ><div class=\"crop\" style=\" width:215px; height:215px; overflow:hidden;\"><img decoding=\"async\" src=\"http:\/\/veloclubfaumont.fr\/wp-content\/uploads\/2016\/12\/randos-aout-2011-2--215x215.jpg\" class=\"ggImg\" alt=\"randos-aout-2011-2-\" title=\"randos-aout-2011-2-\" data-description=\"randos-aout-2011-2-\" data-caption=\"randos-aout-2011-2-\" data-title=\"randos-aout-2011-2-\" style=\" width:215px; height:215px;\" \/><\/div><FIGCAPTION class=\"\" data-alpha=\"5\" style=\"color:#ffffff; background-color:#6f0000; font-size:14px; text-align:2; font-family:;\" ><div class=\"grid-gallery-figcaption-wrap\" style=\" vertical-align:;\"><\/div><\/FIGCAPTION><\/FIGURE><\/a><a id=\"gg-45-1166\" class=\"gg-link \" data-attachment-id=\"2046\" href=\"https:\/\/veloclubfaumont.fr\/wp-content\/uploads\/2016\/12\/aout-2011-1-.jpg?gid=45\" target=\"_self\" title=\"\" data-rel=\"prettyPhoto[pp_gal]\" style=\"border-radius:0px;\" ><FIGURE class=\"grid-gallery-caption\" data-grid-gallery-type=\"quarter-slide-up\" data-index=\"12\" style=\"display:none;border-radius:0px;; margin:5.3px; width:215px;\" ><div class=\"crop\" style=\" width:215px; height:215px; overflow:hidden;\"><img decoding=\"async\" src=\"http:\/\/veloclubfaumont.fr\/wp-content\/uploads\/2016\/12\/aout-2011-1--215x215.jpg\" class=\"ggImg\" alt=\"\" title=\"\" data-description=\"\" data-caption=\"\" data-title=\"\" style=\" width:215px; height:215px;\" \/><\/div><FIGCAPTION class=\"\" data-alpha=\"5\" style=\"color:#ffffff; background-color:#6f0000; font-size:14px; text-align:2; font-family:;\" ><div class=\"grid-gallery-figcaption-wrap\" style=\" vertical-align:;\"><\/div><\/FIGCAPTION><\/FIGURE><\/a><a id=\"gg-45-1167\" class=\"gg-link \" data-attachment-id=\"2056\" href=\"https:\/\/veloclubfaumont.fr\/wp-content\/uploads\/2016\/12\/randos-aout-2011-12-.jpg?gid=45\" target=\"_self\" title=\"\" data-rel=\"prettyPhoto[pp_gal]\" style=\"border-radius:0px;\" ><FIGURE class=\"grid-gallery-caption\" data-grid-gallery-type=\"quarter-slide-up\" data-index=\"13\" style=\"display:none;border-radius:0px;; margin:5.3px; width:215px;\" ><div class=\"crop\" style=\" width:215px; height:215px; overflow:hidden;\"><img decoding=\"async\" src=\"http:\/\/veloclubfaumont.fr\/wp-content\/uploads\/2016\/12\/randos-aout-2011-12--215x215.jpg\" class=\"ggImg\" alt=\"\" title=\"\" data-description=\"\" data-caption=\"H.Vannoti et C.Th\u00e9ron deux orch\u00e9siens qui ont termin\u00e9 quelques jours auparavant le &quot;Paris-Brest-Paris&quot;\" data-title=\"\" style=\" width:215px; height:215px;\" \/><\/div><FIGCAPTION class=\"\" data-alpha=\"5\" style=\"color:#ffffff; background-color:#6f0000; font-size:14px; text-align:2; font-family:;\" ><div class=\"grid-gallery-figcaption-wrap\" style=\" vertical-align:;\"><div class=\"gg-image-caption fitvidsignore\" style=\"font-size:14px;\"><object type=\"none\/none\">H.Vannoti et C.Th\u00e9ron deux orch\u00e9siens qui ont termin\u00e9 quelques jours auparavant le &quot;Paris-Brest-Paris&quot; <\/object><\/div><\/div><\/FIGCAPTION><\/FIGURE><\/a><a id=\"gg-45-1168\" class=\"gg-link \" data-attachment-id=\"2058\" href=\"https:\/\/veloclubfaumont.fr\/wp-content\/uploads\/2016\/12\/randos-aout-2011-14-.jpg?gid=45\" target=\"_self\" title=\"\" data-rel=\"prettyPhoto[pp_gal]\" style=\"border-radius:0px;\" ><FIGURE class=\"grid-gallery-caption\" data-grid-gallery-type=\"quarter-slide-up\" data-index=\"14\" style=\"display:none;border-radius:0px;; margin:5.3px; width:215px;\" ><div class=\"crop\" style=\" width:215px; height:215px; overflow:hidden;\"><img decoding=\"async\" src=\"http:\/\/veloclubfaumont.fr\/wp-content\/uploads\/2016\/12\/randos-aout-2011-14--215x215.jpg\" class=\"ggImg\" alt=\"\" title=\"\" data-description=\"\" data-caption=\"Les repr\u00e9sentant du CODEP 59 de la FFCT \u00e9taient venus pr\u00e9senter les actions de la f\u00e9d\u00e9ration\" data-title=\"\" style=\" width:215px; height:215px;\" \/><\/div><FIGCAPTION class=\"\" data-alpha=\"5\" style=\"color:#ffffff; background-color:#6f0000; font-size:14px; text-align:2; font-family:;\" ><div class=\"grid-gallery-figcaption-wrap\" style=\" vertical-align:;\"><div class=\"gg-image-caption fitvidsignore\" style=\"font-size:14px;\"><object type=\"none\/none\">Les repr\u00e9sentant du CODEP 59 de la FFCT \u00e9taient venus pr\u00e9senter les actions de la f\u00e9d\u00e9ration <\/object><\/div><\/div><\/FIGCAPTION><\/FIGURE><\/a> <div class=\"grid-gallery-clearfix\"><\/div> <\/div> <div class=\"gallery-sharing-bottom\"><\/div> <div class=\"grid-gallery-clearfix\"><\/div> <\/div> <!-- Gallery by Supsystic plugin1.15.12 --><\/div>\n","protected":false},"excerpt":{"rendered":"<p>Une m\u00e9t\u00e9o incertaine la semaine pr\u00e9c\u00e9dente et un temps perturb\u00e9 la veille de cette nouvelle \u00e9dition de nos randonn\u00e9es, a fait baiss\u00e9 la participation \u00e0 notre manifestation. &nbsp; Toutefois, 412&#8230;<\/p>\n","protected":false},"author":1,"featured_media":0,"parent":73,"menu_order":0,"comment_status":"closed","ping_status":"closed","template":"","meta":{"ngg_post_thumbnail":0,"jetpack_post_was_ever_published":false,"two_page_speed":[],"footnotes":""},"class_list":["post-2045","page","type-page","status-publish","hentry"],"jetpack_sharing_enabled":true,"jetpack_shortlink":"https:\/\/wp.me\/P8bXJp-wZ","_links":{"self":[{"href":"https:\/\/veloclubfaumont.fr\/index.php\/wp-json\/wp\/v2\/pages\/2045","targetHints":{"allow":["GET"]}}],"collection":[{"href":"https:\/\/veloclubfaumont.fr\/index.php\/wp-json\/wp\/v2\/pages"}],"about":[{"href":"https:\/\/veloclubfaumont.fr\/index.php\/wp-json\/wp\/v2\/types\/page"}],"author":[{"embeddable":true,"href":"https:\/\/veloclubfaumont.fr\/index.php\/wp-json\/wp\/v2\/users\/1"}],"replies":[{"embeddable":true,"href":"https:\/\/veloclubfaumont.fr\/index.php\/wp-json\/wp\/v2\/comments?post=2045"}],"version-history":[{"count":0,"href":"https:\/\/veloclubfaumont.fr\/index.php\/wp-json\/wp\/v2\/pages\/2045\/revisions"}],"up":[{"embeddable":true,"href":"https:\/\/veloclubfaumont.fr\/index.php\/wp-json\/wp\/v2\/pages\/73"}],"wp:attachment":[{"href":"https:\/\/veloclubfaumont.fr\/index.php\/wp-json\/wp\/v2\/media?parent=2045"}],"curies":[{"name":"wp","href":"https:\/\/api.w.org\/{rel}","templated":true}]}}