{"id":2065,"date":"2016-12-17T16:40:57","date_gmt":"2016-12-17T15:40:57","guid":{"rendered":"http:\/\/veloclubfaumont.fr\/?page_id=2065"},"modified":"2016-12-17T16:40:57","modified_gmt":"2016-12-17T15:40:57","slug":"assemblee-generale-2011","status":"publish","type":"page","link":"https:\/\/veloclubfaumont.fr\/index.php\/archives\/2011-2\/assemblee-generale-2011\/","title":{"rendered":"Assembl\u00e9e G\u00e9n\u00e9rale 2011"},"content":{"rendered":"<p><span style=\"font-size: 12pt;\">Comme chaque ann\u00e9e d\u00e9but d\u00e9cembre, les membres du club sont invit\u00e9s \u00e0 participer aux travaux d&rsquo;assembl\u00e9e g\u00e9n\u00e9rale et \u00e0 renouveler leurs cotisations pour la saison 2012.<\/p>\n<p>Des remerciements sont adress\u00e9s \u00e0 la municipalit\u00e9 pour l&rsquo;aide technique et financi\u00e8re ainsi que pour l&rsquo;achat des gants d&rsquo;\u00e9t\u00e9 et l&rsquo;acc\u00e8s \u00e0 un local dans la maison des Associations.<\/p>\n<p>Les membres du clubs sont \u00e9galement remerci\u00e9s pour leur investissement dans la vie du club, ainsi que les b\u00e9n\u00e9voles ext\u00e9rieurs au club qui apportent leur soutien dans les diff\u00e9rentes manifestations organis\u00e9es.<\/p>\n<p>Jean-Marie LEGRAIN repr\u00e9sentant le CODEP 59 de la FFCT est remerci\u00e9 de sa visite.<\/p>\n<p><strong><u><em>LES BILANS :<\/em><\/u><\/strong><br \/>\nLes effectifs sont en augmentation en 2011 (36 licenci\u00e9s&nbsp;: 25 cyclos et 11 v\u00e9t\u00e9tistes), ils \u00e9taient de 12 en 2006. L&rsquo;activit\u00e9 Route et VTT est dans l&rsquo;ensemble bonne. Le club participe aux brevets locaux, r\u00e9gionaux et belges.<\/p>\n<p><em><u>Pour les VTT <\/u>:<\/em><br \/>\nCASSEL TROPHY &#8211; ENFER VERT &#8211; PARIS-ROUBAIX &#8211; PEVEL&rsquo;TOUR &#8211; RAID SCARPE-ESCAUT.<\/p>\n<p><em><u>Pour les Cyclos<\/u> :<\/em><br \/>\nBrevets Randonneurs Mondiaux 200 &#8211; 300 et 400km<br \/>\nLes PICARDES &#8211; Randonn\u00e9e Permanente \u00ab\u00a0Le Dormeur du Val\u00a0\u00bb et la diagonale de France : BREST-PERPIGNAN.<\/span><\/p>\n<p><span style=\"font-size: 12pt;\"> Le club apporte \u00e9galement son aide \u00e0 l&rsquo;ESGF pour l&rsquo;organisation de la course p\u00e9destre des Hameaux en mars.<\/span><\/p>\n<p><span style=\"font-size: 12pt;\"> <em><u><strong>LES ORGANISATIONS EN&nbsp;2011 :<\/strong> <\/u><\/em><\/span><\/p>\n<p><span style=\"font-size: 12pt;\"> <u>Dimanche 16 janvier<\/u> : le \u00ab\u00a0<em><strong>Chicon Bike Tour<\/strong><\/em>\u00a0\u00bb a r\u00e9uni 1330 participants<\/span><\/p>\n<p><span style=\"font-size: 12pt;\"> <u>Samedi 27 ao\u00fbt<\/u> : la <strong>braderie<\/strong> a doublement souffert de la m\u00e9t\u00e9o et de la concurrence, c&rsquo;est donc une ann\u00e9e moyenne.<\/p>\n<p><u>Dimanche 28 ao\u00fbt <\/u>: Randonn\u00e9e \u00ab\u00a0<em><strong>Du P\u00e9v\u00e8le&#8230;Au Hainaut<\/strong><\/em>\u00ab\u00a0.<br \/>\nLa participation a diminu\u00e9 par rapport \u00e0 2010 (518) avec 412 participants cette ann\u00e9e, dont 16 seulement sur le parcours de 175km. N\u00e9anmoins ce grand parcours reste maintenu pour 2012. Il sera en grande partie modifi\u00e9. Il se dirigera plus vers LEUZE en HAINAUT et approchera les Ardennes Flamandes.<br \/>\nLa communication pour cet \u00e9v\u00e8nement sera renforc\u00e9e.<\/p>\n<p><u>Samedi 17 et Dimanche 18 septembre<\/u> : <strong>Voyage itin\u00e9rant au Mont Noir<\/strong>.<br \/>\n16 membres du club et deux accompagnateurs ont particip\u00e9 \u00e0 ce voyage, qui vu son succ\u00e8s sera reconduit en 2012 : direction l&rsquo;Avesnois. Didier, propose d&rsquo;ores et d\u00e9j\u00e0 comme h\u00e9bergement le Relais Eco V\u00e9lo : base VTT \u00e0 Ferri\u00e8re la Grande.<\/p>\n<p><u>Dimanche 25 septembre<\/u> : <em><strong>APRES-MIDI de CYCLOTOURISME en FAMILLE<\/strong><\/em>.<br \/>\nEn partenariat avec le CODEP 59 de la FFCT nous organisons chaque ann\u00e9e une balade ouverte \u00e0 toutes et \u00e0 tous. Cette ann\u00e9e gr\u00e2ce a une excellente m\u00e9t\u00e9o, 50 personnes ont particip\u00e9.<br \/>\nLa visite de la Mer de Flines avec collation sur place a plu aux participants.<br \/>\nDes dipl\u00f4mes furent remis au retour au local.<\/p>\n<p><u>Dimanche 30 octobre<\/u> : <strong>COCHON GRILLE<\/strong><br \/>\nAfin de remercier les membres du club et les b\u00e9n\u00e9voles un repas fut offert.<br \/>\n84 convives \u00e9taient rassembl\u00e9s dans la salle des f\u00eates dans une excellente ambiance.<\/p>\n<p><em><strong><u>BILAN FINANCIER :<\/u><\/strong><\/em><br \/>\nEmile notre tr\u00e9sorier pr\u00e9senta de fa\u00e7on claire et limpide la comptabilit\u00e9 de l&rsquo;ann\u00e9e \u00e9coul\u00e9e.<br \/>\nGr\u00e2ce \u00e0 une saine gestion le budget est \u00e9quilibr\u00e9. 62 polaires seront remis \u00e0 tous les b\u00e9n\u00e9voles \u00e0 l&rsquo;occasion du \u00ab\u00a0Chicon Bike Tour\u00a0\u00bb.<\/span><br \/>\n<span style=\"font-size: 12pt;\"> &nbsp;<\/span><\/p>\n<div><span style=\"font-size: 12pt;\"><em><strong><u>SORTIES du JEUDI&nbsp;: <\/u><\/strong><\/em><br \/>\nDaniel fait le point des sorties du Jeudi et rappelle qu&rsquo;elles sont ouvertes \u00e0 tous, m\u00eame aux non-licenci\u00e9s.<br \/>\nLa dur\u00e9e de la sortie n&rsquo;exc\u00e8de pas 2h00 \u00e0 allure mod\u00e9r\u00e9e.<\/span><\/p>\n<p><span style=\"font-size: 12pt;\"> <em><strong><u>PDIPR :<\/u><\/strong><\/em><br \/>\nPar convention avec le CODEP 59 de la FFCT et le Conseil G\u00e9n\u00e9ral, le club effectue&nbsp;la \u00ab\u00a0surveillance\u00a0\u00bb de l&rsquo;\u00e9tat et du balisage du circuit \u00ab\u00a0Le Carembault\u00a0\u00bb<br \/>\nUne indemnit\u00e9 forfaitaire est per\u00e7ue pour cette op\u00e9ration.<\/p>\n<p><em><strong><u>CLASSEMENT DEPARTEMENTAL <\/u>:<\/strong><\/em><br \/>\nLors de l&rsquo;assembl\u00e9e g\u00e9n\u00e9rale du CODEP 59 \u00e0 ORCHIES, le&nbsp;r\u00e9sultat du challenge d\u00e9partemental a \u00e9t\u00e9 annonc\u00e9. Le &nbsp;VC Faumont termine 4\u00e9me au challenge route pond\u00e9r\u00e9 sur 100 clubs du Nord.<br \/>\nAu cours de cette m\u00eame assembl\u00e9e, Jo\u00eblle VAN LAER f\u00e9minine du club re\u00e7u le dipl\u00f4me du m\u00e9rite du cyclotourisme pour services rendus \u00e0 la f\u00e9d\u00e9ration et \u00e0 ses membres.<\/p>\n<p><em><strong><u>PROJETS et ORGANISATIONS 2012<\/u><\/strong><\/em><em><strong> :<\/strong><\/em><\/span><\/p>\n<p><span style=\"font-size: 12pt;\"> 15 janvier : Chicon Bike Tour<br \/>\n22 janvier : Reprise officielle de l&rsquo;activit\u00e9<br \/>\n10 juin : Paris-Roubaix Cyclos<br \/>\n15 juin : Diagonale de France : Hendaye-Strasbourg<br \/>\n25 ao\u00fbt : Braderie du VCF<br \/>\n26 ao\u00fbt : Randonn\u00e9es \u00ab\u00a0Du P\u00e9v\u00e8le&#8230;Au Hainaut&#8230;\u00a0\u00bb<br \/>\n15 et 16 septembre : Voyage Itin\u00e9rant en Avesnois<br \/>\n26 septembre : Apr\u00e8s-midi de cyclotourisme en famille<br \/>\n08 d\u00e9cembre : Assembl\u00e9e g\u00e9nrale du club.<\/p>\n<p><em><strong><u>ELECTION du TIERS SORTANT :<\/u><\/strong><\/em><br \/>\nLes membres sortants cette ann\u00e9e \u00e9taient : Gilles BARBIEUX &#8211; Fr\u00e9d\u00e9ric BONDUE et Roger DELPORTE tous trois ont \u00e9t\u00e9 r\u00e9\u00e9lus.<br \/>\nGilles COURTOIS succ\u00e8de&nbsp;\u00e0 Jo\u00eblle VAN LAER partie dans le sud.<\/p>\n<p><em><u><strong>CHALLENGE PARTICIPATION 2011 :<\/strong> <\/u><\/em><\/span><br \/>\n<span style=\"font-size: 12pt;\"> &nbsp;<\/span><\/div>\n<div><span style=\"font-size: 12pt;\">Roger qui a en charge l&rsquo;\u00e9tablissement du classement de la participation des membres aux sorties du dimanche de fin janvier \u00e0 fin octobre pour les cyclos et fin novembre pour les v\u00e9t\u00e9tistes \u00e9nonce le palmar\u00e8s 2011 :<\/span><\/div>\n<div><span style=\"font-size: 12pt;\"><br \/>\n<strong><u>ROUTE<\/u> <\/strong>: 1er Patrick LEFEBVRE (37 sorties) &#8211; 2\u00e9me Fr\u00e9d\u00e9ric BONDUE<br \/>\n(36 sorties)&nbsp;&nbsp;&#8211; 3\u00e9me Laurent LECLUSE (30 sorties).<br \/>\n<strong><u>VTT<\/u><\/strong> : 1er Sylvain DUHAMEL (24 sorties) &#8211; 2\u00e9me St\u00e9phane VLAMYNCK (22 sorties) &#8211; 3\u00e9mes ex-aequo Olivier JABOURECK et Denis RATON (20 sorties).<\/span><\/div>\n<div>&nbsp;<\/div>\n<div style=\"text-align: center;\"><div id=\"grid-gallery-46-8594\" data-gg-id=\"46\" data-title=\"AG 2011\" data-grid-type=\"0\" data-offset=\"5.3\" data-area-position=\"center\" data-icons=\"false\" data-preloader=\"\" data-width=\"215\" data-height=\"215\" data-padding=\"\" data-quicksand=\"disabled\" data-quicksand-duration=\"none\" data-popup-theme=\"theme_6\" data-popup-type=\"pretty-photo\" data-popup-image-text=\"title\" data-popup-widthsize=\"auto\" data-popup-heightsize=\"auto\" data-popup-i18n-words=\"{&quot;close&quot;:&quot;fermer&quot;,&quot;next&quot;:&quot;suivant&quot;,&quot;previous&quot;:&quot;pr\\u00e9c\\u00e9dent&quot;,&quot;start_slideshow&quot;:&quot;d\\u00e9marrer le diaporama&quot;,&quot;stop_slideshow&quot;:&quot;arr\\u00e9ter le diaporama&quot;,&quot;image&quot;:&quot;image&quot;,&quot;of&quot;:&quot;de&quot;,&quot;prev&quot;:&quot;pr\\u00e9c.&quot;,&quot;cExpand&quot;:&quot;Agrandir&quot;,&quot;cPrevious&quot;:&quot;Pr\\u00e9c\\u00e9dent&quot;,&quot;cNext&quot;:&quot;Suivant&quot;,&quot;cExpandStr&quot;:&quot;Agrandir l&#039;image&quot;,&quot;cRotate&quot;:&quot;Pivoter&quot;,&quot;cDetails&quot;:&quot;Details&quot;}\" data-popup-slideshow=\"false\" data-popup-slideshow-speed=\"2500\" data-popup-hoverstop=\"true\" data-popup-slideshow-auto=\"false\" data-popup-background=\"\" data-popup-transparency=\"30\" data-popup-disable-history=\"\" data-popup-disable-changed-url=\"\" data-popup-border-type=\"\" data-popup-border-color=\"\" data-popup-border-width=\"\" data-popup-border-enable=\"\" data-fullscreen=\"false\" data-hide-tooltip=\"\" data-caption-font-family=\"\" data-caption-text-size=\"14px\" data-is-mobile=\"0\" data-caption-mobile=\"false\" data-hide-long-tltp-title=\"0\" data-caption-disabled-on-mobile=\"false\" data-popup-placement-type=\"0\" data-social-sharing=\"{&quot;enabled&quot;:null,&quot;gallerySharing&quot;:{&quot;enabled&quot;:null,&quot;position&quot;:null},&quot;imageSharing&quot;:{&quot;enabled&quot;:null,&quot;wrapperClass&quot;:&quot; vertical &quot;},&quot;popupSharing&quot;:{&quot;enabled&quot;:null,&quot;wrapperClass&quot;:&quot; vertical &quot;}}\" class=\"grid-gallery grid-gallery-fixed \" style=\" width:100%; height:auto; margin-left:auto; margin-right:auto;position:relative;\"> <div class=\"gallery-loading\"> <div class=\"blocks\"> <div class=\"block\"><\/div> <div class=\"block\"><\/div> <div class=\"block\"><\/div> <div class=\"block\"><\/div> <\/div> <\/div> <div class=\"gallery-sharing-top\"><\/div> <div id=\"photos-46\" class=\"grid-gallery-photos\"><a id=\"gg-46-1169\" class=\"gg-link \" data-attachment-id=\"2066\" href=\"https:\/\/veloclubfaumont.fr\/wp-content\/uploads\/2016\/12\/ag-2011-2-.jpg?gid=46\" target=\"_self\" title=\"\" data-rel=\"prettyPhoto[pp_gal]\" style=\"border-radius:0px;\" ><FIGURE class=\"grid-gallery-caption\" data-grid-gallery-type=\"quarter-slide-up\" data-index=\"0\" style=\"display:none;border-radius:0px;; margin:5.3px; width:215px;\" ><div class=\"crop\" style=\" width:215px; height:215px; overflow:hidden;\"><img decoding=\"async\" src=\"http:\/\/veloclubfaumont.fr\/wp-content\/uploads\/2016\/12\/ag-2011-2--215x215.jpg\" class=\"ggImg\" alt=\"\" title=\"\" data-description=\"\" data-caption=\"\" data-title=\"\" style=\" width:215px; height:215px;\" \/><\/div><FIGCAPTION class=\"\" data-alpha=\"5\" style=\"color:#ffffff; background-color:#6f0000; font-size:14px; text-align:2; font-family:;\" ><div class=\"grid-gallery-figcaption-wrap\" style=\" vertical-align:;\"><\/div><\/FIGCAPTION><\/FIGURE><\/a><a id=\"gg-46-1170\" class=\"gg-link \" data-attachment-id=\"2067\" href=\"https:\/\/veloclubfaumont.fr\/wp-content\/uploads\/2016\/12\/ag-2011-3-.jpg?gid=46\" target=\"_self\" title=\"\" data-rel=\"prettyPhoto[pp_gal]\" style=\"border-radius:0px;\" ><FIGURE class=\"grid-gallery-caption\" data-grid-gallery-type=\"quarter-slide-up\" data-index=\"1\" style=\"display:none;border-radius:0px;; margin:5.3px; width:215px;\" ><div class=\"crop\" style=\" width:215px; height:215px; overflow:hidden;\"><img decoding=\"async\" src=\"http:\/\/veloclubfaumont.fr\/wp-content\/uploads\/2016\/12\/ag-2011-3--215x215.jpg\" class=\"ggImg\" alt=\"\" title=\"\" data-description=\"\" data-caption=\"\" data-title=\"\" style=\" width:215px; height:215px;\" \/><\/div><FIGCAPTION class=\"\" data-alpha=\"5\" style=\"color:#ffffff; background-color:#6f0000; font-size:14px; text-align:2; font-family:;\" ><div class=\"grid-gallery-figcaption-wrap\" style=\" vertical-align:;\"><\/div><\/FIGCAPTION><\/FIGURE><\/a><a id=\"gg-46-1171\" class=\"gg-link \" data-attachment-id=\"2068\" href=\"https:\/\/veloclubfaumont.fr\/wp-content\/uploads\/2016\/12\/ag-2011-4-.jpg?gid=46\" target=\"_self\" title=\"\" data-rel=\"prettyPhoto[pp_gal]\" style=\"border-radius:0px;\" ><FIGURE class=\"grid-gallery-caption\" data-grid-gallery-type=\"quarter-slide-up\" data-index=\"2\" style=\"display:none;border-radius:0px;; margin:5.3px; width:215px;\" ><div class=\"crop\" style=\" width:215px; height:215px; overflow:hidden;\"><img decoding=\"async\" src=\"http:\/\/veloclubfaumont.fr\/wp-content\/uploads\/2016\/12\/ag-2011-4--215x215.jpg\" class=\"ggImg\" alt=\"\" title=\"\" data-description=\"\" data-caption=\"\" data-title=\"\" style=\" width:215px; height:215px;\" \/><\/div><FIGCAPTION class=\"\" data-alpha=\"5\" style=\"color:#ffffff; background-color:#6f0000; font-size:14px; text-align:2; font-family:;\" ><div class=\"grid-gallery-figcaption-wrap\" style=\" vertical-align:;\"><\/div><\/FIGCAPTION><\/FIGURE><\/a><a id=\"gg-46-1172\" class=\"gg-link \" data-attachment-id=\"2069\" href=\"https:\/\/veloclubfaumont.fr\/wp-content\/uploads\/2016\/12\/ag-2011-5-.jpg?gid=46\" target=\"_self\" title=\"\" data-rel=\"prettyPhoto[pp_gal]\" style=\"border-radius:0px;\" ><FIGURE class=\"grid-gallery-caption\" data-grid-gallery-type=\"quarter-slide-up\" data-index=\"3\" style=\"display:none;border-radius:0px;; margin:5.3px; width:215px;\" ><div class=\"crop\" style=\" width:215px; height:215px; overflow:hidden;\"><img decoding=\"async\" src=\"http:\/\/veloclubfaumont.fr\/wp-content\/uploads\/2016\/12\/ag-2011-5--215x215.jpg\" class=\"ggImg\" alt=\"\" title=\"\" data-description=\"\" data-caption=\"\" data-title=\"\" style=\" width:215px; height:215px;\" \/><\/div><FIGCAPTION class=\"\" data-alpha=\"5\" style=\"color:#ffffff; background-color:#6f0000; font-size:14px; text-align:2; font-family:;\" ><div class=\"grid-gallery-figcaption-wrap\" style=\" vertical-align:;\"><\/div><\/FIGCAPTION><\/FIGURE><\/a><a id=\"gg-46-1173\" class=\"gg-link \" data-attachment-id=\"2070\" href=\"https:\/\/veloclubfaumont.fr\/wp-content\/uploads\/2016\/12\/ag-2011-7-.jpg?gid=46\" target=\"_self\" title=\"\" data-rel=\"prettyPhoto[pp_gal]\" style=\"border-radius:0px;\" ><FIGURE class=\"grid-gallery-caption\" data-grid-gallery-type=\"quarter-slide-up\" data-index=\"4\" style=\"display:none;border-radius:0px;; margin:5.3px; width:215px;\" ><div class=\"crop\" style=\" width:215px; height:215px; overflow:hidden;\"><img decoding=\"async\" src=\"http:\/\/veloclubfaumont.fr\/wp-content\/uploads\/2016\/12\/ag-2011-7--215x215.jpg\" class=\"ggImg\" alt=\"\" title=\"\" data-description=\"\" data-caption=\"\" data-title=\"\" style=\" width:215px; height:215px;\" \/><\/div><FIGCAPTION class=\"\" data-alpha=\"5\" style=\"color:#ffffff; background-color:#6f0000; font-size:14px; text-align:2; font-family:;\" ><div class=\"grid-gallery-figcaption-wrap\" style=\" vertical-align:;\"><\/div><\/FIGCAPTION><\/FIGURE><\/a><a id=\"gg-46-1174\" class=\"gg-link \" data-attachment-id=\"2071\" href=\"https:\/\/veloclubfaumont.fr\/wp-content\/uploads\/2016\/12\/ag-2011-8-.jpg?gid=46\" target=\"_self\" title=\"\" data-rel=\"prettyPhoto[pp_gal]\" style=\"border-radius:0px;\" ><FIGURE class=\"grid-gallery-caption\" data-grid-gallery-type=\"quarter-slide-up\" data-index=\"5\" style=\"display:none;border-radius:0px;; margin:5.3px; width:215px;\" ><div class=\"crop\" style=\" width:215px; height:215px; overflow:hidden;\"><img decoding=\"async\" src=\"http:\/\/veloclubfaumont.fr\/wp-content\/uploads\/2016\/12\/ag-2011-8--215x215.jpg\" class=\"ggImg\" alt=\"\" title=\"\" data-description=\"\" data-caption=\"\" data-title=\"\" style=\" width:215px; height:215px;\" \/><\/div><FIGCAPTION class=\"\" data-alpha=\"5\" style=\"color:#ffffff; background-color:#6f0000; font-size:14px; text-align:2; font-family:;\" ><div class=\"grid-gallery-figcaption-wrap\" style=\" vertical-align:;\"><\/div><\/FIGCAPTION><\/FIGURE><\/a><a id=\"gg-46-1175\" class=\"gg-link \" data-attachment-id=\"2073\" href=\"https:\/\/veloclubfaumont.fr\/wp-content\/uploads\/2016\/12\/ag-2011-11-.jpg?gid=46\" target=\"_self\" title=\"\" data-rel=\"prettyPhoto[pp_gal]\" style=\"border-radius:0px;\" ><FIGURE class=\"grid-gallery-caption\" data-grid-gallery-type=\"quarter-slide-up\" data-index=\"6\" style=\"display:none;border-radius:0px;; margin:5.3px; width:215px;\" ><div class=\"crop\" style=\" width:215px; height:215px; overflow:hidden;\"><img decoding=\"async\" src=\"http:\/\/veloclubfaumont.fr\/wp-content\/uploads\/2016\/12\/ag-2011-11--215x215.jpg\" class=\"ggImg\" alt=\"\" title=\"\" data-description=\"\" data-caption=\"Patrick gagne le challenge cyclo\" data-title=\"\" style=\" width:215px; height:215px;\" \/><\/div><FIGCAPTION class=\"\" data-alpha=\"5\" style=\"color:#ffffff; background-color:#6f0000; font-size:14px; text-align:2; font-family:;\" ><div class=\"grid-gallery-figcaption-wrap\" style=\" vertical-align:;\"><div class=\"gg-image-caption fitvidsignore\" style=\"font-size:14px;\"><object type=\"none\/none\">Patrick gagne le challenge cyclo <\/object><\/div><\/div><\/FIGCAPTION><\/FIGURE><\/a><a id=\"gg-46-1176\" class=\"gg-link \" data-attachment-id=\"2072\" href=\"https:\/\/veloclubfaumont.fr\/wp-content\/uploads\/2016\/12\/ag-2011-10-.jpg?gid=46\" target=\"_self\" title=\"\" data-rel=\"prettyPhoto[pp_gal]\" style=\"border-radius:0px;\" ><FIGURE class=\"grid-gallery-caption\" data-grid-gallery-type=\"quarter-slide-up\" data-index=\"7\" style=\"display:none;border-radius:0px;; margin:5.3px; width:215px;\" ><div class=\"crop\" style=\" width:215px; height:215px; overflow:hidden;\"><img decoding=\"async\" src=\"http:\/\/veloclubfaumont.fr\/wp-content\/uploads\/2016\/12\/ag-2011-10--215x215.jpg\" class=\"ggImg\" alt=\"\" title=\"\" data-description=\"\" data-caption=\"Sylvain gagne le challenge VTT\" data-title=\"\" style=\" width:215px; height:215px;\" \/><\/div><FIGCAPTION class=\"\" data-alpha=\"5\" style=\"color:#ffffff; background-color:#6f0000; font-size:14px; text-align:2; font-family:;\" ><div class=\"grid-gallery-figcaption-wrap\" style=\" vertical-align:;\"><div class=\"gg-image-caption fitvidsignore\" style=\"font-size:14px;\"><object type=\"none\/none\">Sylvain gagne le challenge VTT <\/object><\/div><\/div><\/FIGCAPTION><\/FIGURE><\/a><a id=\"gg-46-1177\" class=\"gg-link \" data-attachment-id=\"2074\" href=\"https:\/\/veloclubfaumont.fr\/wp-content\/uploads\/2016\/12\/ag-2011-13-.jpg?gid=46\" target=\"_self\" title=\"\" data-rel=\"prettyPhoto[pp_gal]\" style=\"border-radius:0px;\" ><FIGURE class=\"grid-gallery-caption\" data-grid-gallery-type=\"quarter-slide-up\" data-index=\"8\" style=\"display:none;border-radius:0px;; margin:5.3px; width:215px;\" ><div class=\"crop\" style=\" width:215px; height:215px; overflow:hidden;\"><img decoding=\"async\" src=\"http:\/\/veloclubfaumont.fr\/wp-content\/uploads\/2016\/12\/ag-2011-13--215x215.jpg\" class=\"ggImg\" alt=\"\" title=\"\" data-description=\"\" data-caption=\"Une partie des dames qui apportent une aide pr\u00e9cieuse au club\" data-title=\"\" style=\" width:215px; height:215px;\" \/><\/div><FIGCAPTION class=\"\" data-alpha=\"5\" style=\"color:#ffffff; background-color:#6f0000; font-size:14px; text-align:2; font-family:;\" ><div class=\"grid-gallery-figcaption-wrap\" style=\" vertical-align:;\"><div class=\"gg-image-caption fitvidsignore\" style=\"font-size:14px;\"><object type=\"none\/none\">Une partie des dames qui apportent une aide pr\u00e9cieuse au club <\/object><\/div><\/div><\/FIGCAPTION><\/FIGURE><\/a><a id=\"gg-46-1178\" class=\"gg-link \" data-attachment-id=\"2075\" href=\"https:\/\/veloclubfaumont.fr\/wp-content\/uploads\/2016\/12\/ag-2011-21-.jpg?gid=46\" target=\"_self\" title=\"\" data-rel=\"prettyPhoto[pp_gal]\" style=\"border-radius:0px;\" ><FIGURE class=\"grid-gallery-caption\" data-grid-gallery-type=\"quarter-slide-up\" data-index=\"9\" style=\"display:none;border-radius:0px;; margin:5.3px; width:215px;\" ><div class=\"crop\" style=\" width:215px; height:215px; overflow:hidden;\"><img decoding=\"async\" src=\"http:\/\/veloclubfaumont.fr\/wp-content\/uploads\/2016\/12\/ag-2011-21--215x215.jpg\" class=\"ggImg\" alt=\"\" title=\"\" data-description=\"\" data-caption=\"\" data-title=\"\" style=\" width:215px; height:215px;\" \/><\/div><FIGCAPTION class=\"\" data-alpha=\"5\" style=\"color:#ffffff; background-color:#6f0000; font-size:14px; text-align:2; font-family:;\" ><div class=\"grid-gallery-figcaption-wrap\" style=\" vertical-align:;\"><\/div><\/FIGCAPTION><\/FIGURE><\/a> <div class=\"grid-gallery-clearfix\"><\/div> <\/div> <div class=\"gallery-sharing-bottom\"><\/div> <div class=\"grid-gallery-clearfix\"><\/div> <\/div> <!-- Gallery by Supsystic plugin1.15.12 --><\/div>\n","protected":false},"excerpt":{"rendered":"<p>Comme chaque ann\u00e9e d\u00e9but d\u00e9cembre, les membres du club sont invit\u00e9s \u00e0 participer aux travaux d&rsquo;assembl\u00e9e g\u00e9n\u00e9rale et \u00e0 renouveler leurs cotisations pour la saison 2012. Des remerciements sont adress\u00e9s&#8230;<\/p>\n","protected":false},"author":1,"featured_media":0,"parent":73,"menu_order":0,"comment_status":"closed","ping_status":"closed","template":"","meta":{"ngg_post_thumbnail":0,"jetpack_post_was_ever_published":false,"two_page_speed":[],"footnotes":""},"class_list":["post-2065","page","type-page","status-publish","hentry"],"jetpack_sharing_enabled":true,"jetpack_shortlink":"https:\/\/wp.me\/P8bXJp-xj","_links":{"self":[{"href":"https:\/\/veloclubfaumont.fr\/index.php\/wp-json\/wp\/v2\/pages\/2065","targetHints":{"allow":["GET"]}}],"collection":[{"href":"https:\/\/veloclubfaumont.fr\/index.php\/wp-json\/wp\/v2\/pages"}],"about":[{"href":"https:\/\/veloclubfaumont.fr\/index.php\/wp-json\/wp\/v2\/types\/page"}],"author":[{"embeddable":true,"href":"https:\/\/veloclubfaumont.fr\/index.php\/wp-json\/wp\/v2\/users\/1"}],"replies":[{"embeddable":true,"href":"https:\/\/veloclubfaumont.fr\/index.php\/wp-json\/wp\/v2\/comments?post=2065"}],"version-history":[{"count":0,"href":"https:\/\/veloclubfaumont.fr\/index.php\/wp-json\/wp\/v2\/pages\/2065\/revisions"}],"up":[{"embeddable":true,"href":"https:\/\/veloclubfaumont.fr\/index.php\/wp-json\/wp\/v2\/pages\/73"}],"wp:attachment":[{"href":"https:\/\/veloclubfaumont.fr\/index.php\/wp-json\/wp\/v2\/media?parent=2065"}],"curies":[{"name":"wp","href":"https:\/\/api.w.org\/{rel}","templated":true}]}}