{"id":26,"date":"2016-12-09T23:05:53","date_gmt":"2016-12-09T22:05:53","guid":{"rendered":"http:\/\/veloclubfaumont.fr\/?page_id=26"},"modified":"2017-10-18T13:55:26","modified_gmt":"2017-10-18T11:55:26","slug":"2017-2","status":"publish","type":"page","link":"https:\/\/veloclubfaumont.fr\/index.php\/2017-2\/","title":{"rendered":"2017"},"content":{"rendered":"<p>Tous les \u00e9v\u00e9nements majeurs de l&rsquo;ann\u00e9e 2017 seront disponibles ici.<\/p>\n<p><em><a href=\"https:\/\/veloclubfaumont.fr\/index.php\/2017\/09\/25\/apres-midi-de-cyclotourisme-en-famille-2017\/\">Apr\u00e8s-Midi de cyclotourisme en famille 2017<\/a><\/em><\/p>\n<p><em><a href=\"https:\/\/veloclubfaumont.fr\/index.php\/2017\/08\/28\/nocturne-vtt-faumont-2017-photos-videos-et-reportages\/\">Nocturne VTT 2017<\/a><\/em><\/p>\n<p><a href=\"https:\/\/veloclubfaumont.fr\/index.php\/2017\/08\/30\/vide-grenier-2017-les-photos\/\"><em>Braderie 2017<\/em><\/a><\/p>\n<p><a href=\"https:\/\/veloclubfaumont.fr\/index.php\/2017-2\/chicon-bike-tour\/chicon-bike-tour-2017-le-reportage\/\"><em>&nbsp;Chicon Bike Tour 2017<\/em><\/a><\/p>\n","protected":false},"excerpt":{"rendered":"<p>Tous les \u00e9v\u00e9nements majeurs de l&rsquo;ann\u00e9e 2017 seront disponibles ici. Apr\u00e8s-Midi de cyclotourisme en famille 2017 Nocturne VTT 2017 Braderie 2017 &nbsp;Chicon Bike Tour 2017<\/p>\n","protected":false},"author":1,"featured_media":0,"parent":0,"menu_order":0,"comment_status":"closed","ping_status":"closed","template":"","meta":{"ngg_post_thumbnail":0,"jetpack_post_was_ever_published":false,"two_page_speed":[],"footnotes":""},"class_list":["post-26","page","type-page","status-publish","hentry"],"jetpack_sharing_enabled":true,"jetpack_shortlink":"https:\/\/wp.me\/P8bXJp-q","_links":{"self":[{"href":"https:\/\/veloclubfaumont.fr\/index.php\/wp-json\/wp\/v2\/pages\/26","targetHints":{"allow":["GET"]}}],"collection":[{"href":"https:\/\/veloclubfaumont.fr\/index.php\/wp-json\/wp\/v2\/pages"}],"about":[{"href":"https:\/\/veloclubfaumont.fr\/index.php\/wp-json\/wp\/v2\/types\/page"}],"author":[{"embeddable":true,"href":"https:\/\/veloclubfaumont.fr\/index.php\/wp-json\/wp\/v2\/users\/1"}],"replies":[{"embeddable":true,"href":"https:\/\/veloclubfaumont.fr\/index.php\/wp-json\/wp\/v2\/comments?post=26"}],"version-history":[{"count":0,"href":"https:\/\/veloclubfaumont.fr\/index.php\/wp-json\/wp\/v2\/pages\/26\/revisions"}],"wp:attachment":[{"href":"https:\/\/veloclubfaumont.fr\/index.php\/wp-json\/wp\/v2\/media?parent=26"}],"curies":[{"name":"wp","href":"https:\/\/api.w.org\/{rel}","templated":true}]}}