{"id":26983,"date":"2021-05-27T19:54:23","date_gmt":"2021-05-27T17:54:23","guid":{"rendered":"http:\/\/veloclubfaumont.fr\/?page_id=26983"},"modified":"2023-02-16T10:35:05","modified_gmt":"2023-02-16T09:35:05","slug":"nocturne-vtt-faumont-2021","status":"publish","type":"page","link":"https:\/\/veloclubfaumont.fr\/index.php\/nocturne-vtt-faumont-2021\/","title":{"rendered":"Nocturne VTT Faumont 2021"},"content":{"rendered":"<p style=\"text-align: center;\"><a href=\"https:\/\/veloclubfaumont.fr\/index.php\/2021\/08\/28\/nocturne-vtt-faumont-2021-les-photos\/\"><span style=\"color: #ff0000;\"><strong><span style=\"font-size: 18pt;\">Photos, vid\u00e9os et reportages de notre Nocturne 2021<\/span><\/strong><\/span><\/a><\/p>\n<p>A noter que les inscriptions pourront aussi se faire sur place mais au prix de 6\u20ac au lieu de 5\u20ac (3\u20ac pour les &#8211; de 16 ans).<\/p>\n<h4 style=\"text-align: left;\"><span style=\"color: #000000;\"><strong><em>Nous avons l&rsquo;accord de la Pr\u00e9fecture et donc la Nocturne VTT pr\u00e9vue le 27 ao\u00fbt 2021 \u00e0 partir de 19h00 aura lieu&#8230; sauf si le variant delta ne joue pas les trouble-f\u00eate d&rsquo;ici l\u00e0&#8230; <\/em><\/strong><\/span><\/h4>\n<h3 style=\"text-align: center;\"><span style=\"color: #000000;\"><strong><em><span style=\"color: #800080;\">Suites aux annonces gouvernementales, le Pass Sanitaire sera r\u00e9clam\u00e9 <br>pour les plus de 17 ans lors de l&rsquo;accueil aux inscriptions <br>et le port du masque sera obligatoire lors des regroupements.<\/span><br><\/em><\/strong><\/span><\/h3>\n<p style=\"text-align: center;\"><img loading=\"lazy\" decoding=\"async\" class=\"aligncenter size-full wp-image-27104\" src=\"https:\/\/veloclubfaumont.fr\/wp-content\/uploads\/2021\/07\/poster-2021.jpg\" alt=\"\" width=\"670\" height=\"960\" srcset=\"https:\/\/veloclubfaumont.fr\/wp-content\/uploads\/2021\/07\/poster-2021.jpg 670w, https:\/\/veloclubfaumont.fr\/wp-content\/uploads\/2021\/07\/poster-2021-209x300.jpg 209w\" sizes=\"auto, (max-width: 670px) 100vw, 670px\" \/><\/p>\n<hr>\n<p style=\"text-align: center;\"><a href=\"https:\/\/veloclubfaumont.fr\/wp-content\/uploads\/2021\/08\/pass-sanitaire.jpg\"><img loading=\"lazy\" decoding=\"async\" class=\"aligncenter size-full wp-image-27211\" src=\"https:\/\/veloclubfaumont.fr\/wp-content\/uploads\/2021\/08\/pass-sanitaire.jpg\" alt=\"\" width=\"674\" height=\"960\" srcset=\"https:\/\/veloclubfaumont.fr\/wp-content\/uploads\/2021\/08\/pass-sanitaire.jpg 674w, https:\/\/veloclubfaumont.fr\/wp-content\/uploads\/2021\/08\/pass-sanitaire-211x300.jpg 211w\" sizes=\"auto, (max-width: 674px) 100vw, 674px\" \/><\/a><strong><em>pass sanitaire \u00e0 l&rsquo;entr\u00e9e des inscriptions + masque obligatoires sur les lieux de regroupements<\/em><\/strong><\/p>\n<p>Un grand parking (\u00e9clair\u00e9) dans la p\u00e2ture pr\u00e8s de l&rsquo;\u00e9glise pour se garer (en face des inscriptions) :<\/p>\n<div style=\"width: 1413px\" class=\"wp-caption aligncenter\"><img loading=\"lazy\" decoding=\"async\" src=\"https:\/\/lh3.googleusercontent.com\/5n2WOAL3aObxEQC0t4YAX4FmkhHCD9IaVrqAeJ7tLpCwZ4PsskwuSlbmCV80qfK9DxckVyW0aJvZJ0iYj-yMMpUZNBHkjgvlsdqBHkUijSCEP5kmi5T9YRikWJlaj_TcnfxThBOtNSXoO0ABjj-rEaHkW0s7YupFB5Kraoa8aWMDro1nZq52DVUh12aBhs02Qa_pPt1wS4KyFCvSoIxIYwFzh2MRI3ECkmI61KNduCZDjugjRm0oMm4Iyg8zHx1HUZ43urTT9beI-BdncBO2_rD5lJRZaDeZ4W2kudXXDFsEdbo_wC-sv4VAIxD28bbzxc_m1LWugw3II9cCuOzE2E9BQIivJbjXO-Q1UpO3SGdA5hNxZ1llyW0iZ9dJYyrvECbf9zX03phZTlEA683YHPiSjR4kiA1iBqFzCIIT3nvBoJP1_QVlkJMmTQK3FCaFooenPl2zAs9-CBbLqaldxmXDWg6-WkYVWs-YFcqh0F4mlV-sUL4lyVfbA20i9qG0Rj4eedye2FtyGNfduY-JljWU5YHXE6KDwWTAXajjS-HfNaCN0_asouAhRTBZpeUHys8wuu4EIn6y06Nm9rc6i5sswlMsbwe2AA0Blkj1T5yXii83gdm-zpkpxNgSN_yZaAxiRINuBbLHeEaHpLnrSgBq5lWEx3WYiA=w1403-h935-no\" alt=\"\" width=\"1403\" height=\"935\"><p class=\"wp-caption-text\"><em>Un vaste parking dans une p\u00e2ture (\u00e9clair\u00e9e) sera toujours accessible en face de la salle<\/em><\/p><\/div>\n<p><strong>Inscriptions en ligne 5\u20ac (3\u20ac pour les &#8211; de 16 ans)<\/strong> (\u00e0 prix r\u00e9duit via <a href=\"https:\/\/www.helloasso.com\/associations\/velo-club-faumontois\/evenements\/nocturne-vtt-faumont-5eme-edition?fbclid=IwAR01J4gslAnwrtps0rYiPZobEqrGJUgH98Oq5epsFodsYt-pULRIJRwGhG8\" target=\"_blank\" rel=\"noopener\">helloasso<\/a>) et <strong>sur place \u00e0 6\u20ac<\/strong> (dans la cour de l&rsquo;\u00e9cole primaire \u00e0 c\u00f4t\u00e9 de la salle des f\u00eates au centre-ville de Faumont) d\u00e8s 19h00. Une nouveaut\u00e9 cette ann\u00e9e, le paiement par CB, ApplePay <span class=\"pq6dq46d tbxw36s4 knj5qynh kvgmc6g5 ditlmg2l oygrvhab nvdbi5me sf5mxxl7 gl3lb2sf hhz5lgdu\"><img loading=\"lazy\" decoding=\"async\" src=\"https:\/\/static.xx.fbcdn.net\/images\/emoji.php\/v9\/tb7\/1.5\/16\/1f4b4.png\" alt=\"&#x1f4b4;\" width=\"16\" height=\"16\"><\/span> sera possible&#8230;. avec <strong>une surprise aux 100 premiers inscrits<\/strong> <span class=\"pq6dq46d tbxw36s4 knj5qynh kvgmc6g5 ditlmg2l oygrvhab nvdbi5me sf5mxxl7 gl3lb2sf hhz5lgdu\"><img loading=\"lazy\" decoding=\"async\" src=\"https:\/\/static.xx.fbcdn.net\/images\/emoji.php\/v9\/tdd\/1.5\/16\/1f381.png\" alt=\"&#x1f381;\" width=\"16\" height=\"16\"><\/span><\/p>\n<p style=\"text-align: center;\"><em>Pour ceux et celles qui s&rsquo;inscriront sur place, voici les fiches d&rsquo;inscriptions que vous pouvez imprimer et remplir <br>afin de mieux respecter les gestes barri\u00e8res \ud83d\ude09<\/em><img loading=\"lazy\" decoding=\"async\" class=\"aligncenter size-full wp-image-27262\" src=\"https:\/\/veloclubfaumont.fr\/wp-content\/uploads\/2021\/08\/fiche-inscription.png\" alt=\"\" width=\"1787\" height=\"2409\" srcset=\"https:\/\/veloclubfaumont.fr\/wp-content\/uploads\/2021\/08\/fiche-inscription.png 1787w, https:\/\/veloclubfaumont.fr\/wp-content\/uploads\/2021\/08\/fiche-inscription-223x300.png 223w, https:\/\/veloclubfaumont.fr\/wp-content\/uploads\/2021\/08\/fiche-inscription-760x1024.png 760w, https:\/\/veloclubfaumont.fr\/wp-content\/uploads\/2021\/08\/fiche-inscription-768x1035.png 768w, https:\/\/veloclubfaumont.fr\/wp-content\/uploads\/2021\/08\/fiche-inscription-1139x1536.png 1139w, https:\/\/veloclubfaumont.fr\/wp-content\/uploads\/2021\/08\/fiche-inscription-1519x2048.png 1519w\" sizes=\"auto, (max-width: 1787px) 100vw, 1787px\" \/><a href=\"https:\/\/veloclubfaumont.fr\/wp-content\/uploads\/2021\/08\/fiche-inscription.pdf\" target=\"_blank\" rel=\"noopener\">fiche-inscription<\/a> (version PDF)<\/p>\n<p>&nbsp;<\/p>\n<p style=\"text-align: center;\"><iframe loading=\"lazy\" style=\"border: 0;\" src=\"https:\/\/www.google.com\/maps\/embed?pb=!4v1628163065141!6m8!1m7!1sJB95ucE5j394zb2ude_g_g!2m2!1d50.45773709084347!2d3.136809313067232!3f82.02885659313984!4f-4.110239640485474!5f0.7820865974627469\" allowfullscreen=\"allowfullscreen\" width=\"600\" height=\"450\"><\/iframe><\/p>\n<p style=\"text-align: center;\"><em>Lien Google Maps du lieu de rassemblement<\/em> : <a href=\"https:\/\/goo.gl\/maps\/VsXAUeCjRtmGhMXA7\" target=\"_blank\" rel=\"noopener\">https:\/\/goo.gl\/maps\/VsXAUeCjRtmGhMXA7<\/a><\/p>\n<div style=\"width: 1392px\" class=\"wp-caption aligncenter\"><img loading=\"lazy\" decoding=\"async\" src=\"https:\/\/lh3.googleusercontent.com\/sd-Zi3Jo6D2KcB7FVPGLi8b6r8IEasnE0sc45FvSjOJVDMhUS2No2fQhx48tkW53Zz9dFTXvP4ThwaQa5ooLfp-XeRLUKjSXQxNlFJtoY5uXmB0L3PgeEUr3lSBxqpYxQhuLpnG_RBiDZUphAmy0Qk2D1fsfAkupynggFw4huqxj5fFnYgRBGUZC1w1m-CBiyFVihs_FD0yS11XnQE2mVgvKj3w505saMmINbQo7vruzfApJATn163BgOf3j78UPB4c6PyuFTzVZYv_6NfcIPd0MEttj8uVLjnoKkcgd-GwgLlQAl4PvD0NV3QMUH71s5sl7pQ5BjsikfhfRYmKTV595SEFdH6Lb-IqMWLe0AuKbyrkEXIcslQMVl2l5YDw9jUbD9zvfmhmthiZxZHcpZjO2SZ0uh4x-JnBefhGmNowAc9pG0nv5PFL7MTZhuTNAbZDBfKEx8PSqRr148odVrsFK3BTATy4A4zBDu9kI3QiObBPgBgdGGyaJwGFRVCKP7cLT3z3TpYolVL7u0h_GFL9CadvxStTPopi3-kOoYEkntfxNJ_p7WZw97vfFoYNkAcOxxzncCeoqXu3xq_LN3kp0ZWMRtUemIcyKUkZg05PMpjKzZzcQP4tWtoLBw1jWeVDo5M2o9kq7YJXAfYrEP49f8yE9LI7UkRzLwbbLNZZjPwaLvpklIu_cx6al-wP-dh6Cb5MpelW_AUWT0oTNoJkxrQ=w1382-h922-no\" alt=\"\" width=\"1382\" height=\"922\"><p class=\"wp-caption-text\"><em>Validation des d\u00e9parts en ligne sur le site HelloAsso<\/em><\/p><\/div>\n<p>D\u00e9part libre d\u00e8s 19h00 et jusque 21h00 (et non plus group\u00e9 pour \u00e9viter les trop gros regroupements et pr\u00e9server au mieux la distanciation physique et sanitaire). Inscriptions sur place dans la cour de <a href=\"https:\/\/www.google.fr\/maps\/place\/Ecole+Primaire+Desbordes+Valmore\/@50.4579501,3.1349234,17z\/data=!3m1!4b1!4m12!1m6!3m5!1s0x47c2c56b7d5c9ecd:0xa7df7a334bd097bc!2sEcole+Primaire+Desbordes+Valmore!8m2!3d50.4578357!4d3.1371433!3m4!1s0x47c2c56b7d5c9ecd:0xa7df7a334bd097bc!8m2!3d50.4578357!4d3.1371433\">l&rsquo;\u00e9cole primaire<\/a>, juste \u00e0 c\u00f4t\u00e9 de la salle des f\u00eates avec un vaste parking en face pr\u00e8s de l&rsquo;\u00e9glise en plein centre-ville.<\/p>\n<p><img loading=\"lazy\" decoding=\"async\" class=\"alignnone size-full\" src=\"https:\/\/lh3.googleusercontent.com\/OwvpMIqjDBMmG3TvVSJJpajxG5quiIUppQbwr3sykn7v12Z68CwzQIx0fLLnTCpqvdDwnIoeWdv0J6AZuEX7ZvpSafL1BSe4eIllX2rS8yXARg3xI5jQ1AdHNBli_r_iWPzpvN4imsA3eqUIWctSNw9U5pxlGZ0f-OfQOyevzTG6tSpIBAP7mbbUSioEhewETw1gnqa8FoOrvR3FkPHQtb8ZK1Qwf1vHmKQIh6sGNDxFsFJWD-bXUf7kfsQVlPaQMY_H-jpdd2VUFuIkRMEgbPhPdu3XK9vNvQsbeOKzlDuxBGDdpqARpao1Lnylwsxj_ScBZO80pE6VQBITqxzCChrB4_abFt537uxtczCXwEH5bz0I-StlLV75lL3E4hWLlUdA8bzJXJiS1qbRIBG8jx5ozBf-K1GPIVIGxxcTMCYn7AZjc28PugqHp-RcjRxLiRoLdhSI96j9hnUuiIGNhETJc3G_8WyPsyB8d6XOWxJ1kifxQ7tLXI1-Qk1QLRxFojL3vceqCSlWgLnSHW3w92FnhAJzhG7bHWpZR1y5jfRp6ecdLYVmfBBtpBwvv4SyZYHlaNbLV0bTm-6TGWm1yO2FkXguHE8ibbPaAxN3TiH8opDGLZAuhEFgbtn2kcExElSM3SddvCZL79G9mC1K1nWmOUkMDO0_tA=w1403-h935-no\" width=\"1403\" height=\"935\"><em>Une buvette et quelques sucreries en attendant l&rsquo;heure de d\u00e9part choisie.<\/em><\/p>\n<h3><span style=\"color: #ff0000;\"><em>Changement de derni\u00e8re minute : le ravito \u00e0 mi-parcours pr\u00e9vu pour le 50km est annul\u00e9 pour raisons sanitaires. Tout le monde aura une collation \u00e0 l&rsquo;inscription au d\u00e9part. U<strong>n point eau sera aussi pr\u00e9vu pour remplir les gourdes (qu&rsquo;il ne faudra donc ne pas oublier !!!)<\/strong><br><\/em><\/span><\/h3>\n<div style=\"width: 1392px\" class=\"wp-caption aligncenter\"><img loading=\"lazy\" decoding=\"async\" src=\"https:\/\/lh3.googleusercontent.com\/i9HZXBccMLT1jgNo-C8XvSGevmLDC5hTlzn_mwZa2ndOx4E2PX2wIk-uTb8KEqnsSVeaEyo2TF-MXkDlrVck-IxMt2qOPFwk6wPmATFbKtnZ6nPo45m3AaPeBLiNu2G0ttoDD9NMbZ1Vzyfd_zjOEoJ5VXGBI_t4kajyos9jC-OFnKV_wriX-jxCqFIK3JB5Ml8Joeq1NgXkHl4ePWORhCPvpnrWF3h1VHEElp44JM6QIgHiCTRPO_E-14pUMbl26ue_hkphHgXfvLO7UH7dld9mAEutFYhEmp-fi-8x6CX9oERmzI726wERSR7vldUyUTWzZfrp2Up-3Gsj3GdlZhbgvb31-peYwbg1VyEhinf4QCM5qHIIVWpq_GupiuR1_jXsBpD5bf2qQ21UFB525rwgR9BgXAna93CFG_0X5JKskew61p79TVfhQCioBS0AxbgDXwaBd-8DhFvsFbGGyCH4222Ne3PjTqo0-DrsEMaxO67TnPY_rv32GRX13cbjbqIEurWk05FM9vB6TGZ5b2fXxkE6gaZLzn2LUMTqWaz6eGyDhaPjcV05bbgquPfTS-o-oMXmzWXDnXz5bE41sB5iQipDuibRbP2pHcsAeABdZS6RNg3LIZ2McHqZj_nqfUe12D6cPzBD5zovnQGLK_FSDmoNWv-PnQ=w1382-h922-no\" alt=\"Un bon BBQ \u00e0 votre retour \u00e0 la salle\" width=\"1382\" height=\"922\"><p class=\"wp-caption-text\"><em>Barbecue au retour sur le parking de la salle des f\u00eates.<\/em><\/p><\/div>\n<p>&nbsp;<\/p>\n<h2>Trace du Grand Parcours <strong>:<\/strong><\/h2>\n<p><span style=\"color: #ff0000;\"><strong>Le 50 km<\/strong><\/span> (qui fera en fait <strong>49 km<\/strong> sur le terrain) aura un d\u00e9part vers le Ch\u00e2teau de Faumont \u2013 Single des Sorci\u00e8res \u2013 Ravito &#8211; Terril de Leforest \u2013 Single du Bois du Golf de Thumeries \u2013 Antenne de Mons en P\u00e9v\u00e8le \u2013 Bers\u00e9e \u2013 Faumont. A noter que la trace est un peu longue pour une Nocturne, mais elle sera assez roulante avec quelques passages techniques pour contenter les amateurs de sensations.<\/p>\n<p style=\"text-align: center;\"><a href=\"https:\/\/veloclubfaumont.fr\/wp-content\/uploads\/2021\/08\/carte-49-1-1.png\"><img loading=\"lazy\" decoding=\"async\" class=\"aligncenter size-full wp-image-27258\" src=\"https:\/\/veloclubfaumont.fr\/wp-content\/uploads\/2021\/08\/carte-49-1-1.png\" alt=\"\" width=\"1470\" height=\"1042\" srcset=\"https:\/\/veloclubfaumont.fr\/wp-content\/uploads\/2021\/08\/carte-49-1-1.png 1470w, https:\/\/veloclubfaumont.fr\/wp-content\/uploads\/2021\/08\/carte-49-1-1-300x213.png 300w, https:\/\/veloclubfaumont.fr\/wp-content\/uploads\/2021\/08\/carte-49-1-1-1024x726.png 1024w, https:\/\/veloclubfaumont.fr\/wp-content\/uploads\/2021\/08\/carte-49-1-1-768x544.png 768w\" sizes=\"auto, (max-width: 1470px) 100vw, 1470px\" \/><\/a>(la \u00ab\u00a050\u00a0\u00bb fera en fait 49 km sur le terrain)<\/p>\n<p style=\"text-align: center;\"><iframe loading=\"lazy\" src=\"https:\/\/www.openrunner.com\/route\/13331865\/embed\/fr\/337166555259646d34655436324d61335574376267534842684b2b2f31334b69792b41324c476875554b553d3a3a3849934f05b9473512ea108e094c7e57\" allowfullscreen=\"allowfullscreen\" data-mce-fragment=\"1\" width=\"450px\" height=\"580px\" frameborder=\"0\"><\/iframe><br><em>(vous pouvez t\u00e9l\u00e9charger la trace GPX en cliquant sur l\u2019icone OPENRUNNER en haut \u00e0 droite)<\/em><br><strong><em>ATTENTION : la partie priv\u00e9e dans le Ch\u00e2teau ne sera accessible que lors de la rando !!!<\/em><\/strong><\/p>\n<p style=\"text-align: center;\"><a href=\"https:\/\/veloclubfaumont.fr\/wp-content\/uploads\/2021\/08\/D-49.png\"><img loading=\"lazy\" decoding=\"async\" class=\"aligncenter size-full wp-image-27183\" src=\"https:\/\/veloclubfaumont.fr\/wp-content\/uploads\/2021\/08\/D-49.png\" alt=\"\" width=\"969\" height=\"291\" srcset=\"https:\/\/veloclubfaumont.fr\/wp-content\/uploads\/2021\/08\/D-49.png 969w, https:\/\/veloclubfaumont.fr\/wp-content\/uploads\/2021\/08\/D-49-300x90.png 300w, https:\/\/veloclubfaumont.fr\/wp-content\/uploads\/2021\/08\/D-49-768x231.png 768w\" sizes=\"auto, (max-width: 969px) 100vw, 969px\" \/><\/a>300 m de D+ sur la 50 (qui fera 49 km)<\/p>\n<h2><strong>Le 25<\/strong><\/h2>\n<p>La trace du <span style=\"color: #008000;\"><strong>25 km (qui fera 22km sur le terrain)<\/strong><\/span> reprendra la premi\u00e8re boucle du 50 (en passant donc dans le Bois du Ch\u00e2teau, la Voie du Sucre, les sentiers agricoles de Raimbeaucourt, le Single des Sorci\u00e8res, le Bois de l&rsquo;Aum\u00f4ne et les Argili\u00e8res. Comme le passage par le ravito se fera sur la seconde boucle du 50, <strong>une collation sera donn\u00e9e au d\u00e9part lors de l&rsquo;inscription<\/strong>.<\/p>\n<p style=\"text-align: center;\"><a href=\"https:\/\/veloclubfaumont.fr\/wp-content\/uploads\/2021\/08\/carte-22km.png\"><img loading=\"lazy\" decoding=\"async\" class=\"aligncenter size-full wp-image-27185\" src=\"https:\/\/veloclubfaumont.fr\/wp-content\/uploads\/2021\/08\/carte-22km.png\" alt=\"\" width=\"1456\" height=\"1070\" srcset=\"https:\/\/veloclubfaumont.fr\/wp-content\/uploads\/2021\/08\/carte-22km.png 1456w, https:\/\/veloclubfaumont.fr\/wp-content\/uploads\/2021\/08\/carte-22km-300x220.png 300w, https:\/\/veloclubfaumont.fr\/wp-content\/uploads\/2021\/08\/carte-22km-1024x753.png 1024w, https:\/\/veloclubfaumont.fr\/wp-content\/uploads\/2021\/08\/carte-22km-768x564.png 768w\" sizes=\"auto, (max-width: 1456px) 100vw, 1456px\" \/><\/a><em>pas de ravito sur la 25 mais une collation \u00e0 prendre aux inscriptions avant de partir<\/em><\/p>\n<p style=\"text-align: center;\"><a href=\"https:\/\/veloclubfaumont.fr\/wp-content\/uploads\/2021\/08\/23D.png\"><img loading=\"lazy\" decoding=\"async\" class=\"aligncenter size-full wp-image-27186\" src=\"https:\/\/veloclubfaumont.fr\/wp-content\/uploads\/2021\/08\/23D.png\" alt=\"\" width=\"969\" height=\"290\" srcset=\"https:\/\/veloclubfaumont.fr\/wp-content\/uploads\/2021\/08\/23D.png 969w, https:\/\/veloclubfaumont.fr\/wp-content\/uploads\/2021\/08\/23D-300x90.png 300w, https:\/\/veloclubfaumont.fr\/wp-content\/uploads\/2021\/08\/23D-768x230.png 768w\" sizes=\"auto, (max-width: 969px) 100vw, 969px\" \/><\/a>100 m de D+ sur la <strong>25<\/strong><\/p>\n<p style=\"text-align: center;\"><iframe loading=\"lazy\" src=\"https:\/\/www.openrunner.com\/route\/13368360\/embed\/fr\/6238783545774454536278324846475137377a6133453064714657365479337069727561436d596e4f68633d3a3a0d05a52f1c0ca7ed38db0c567522dc62\" allowfullscreen=\"allowfullscreen\" width=\"450px\" height=\"580px\" frameborder=\"0\"><\/iframe><br><em>(vous pouvez t\u00e9l\u00e9charger la trace GPX en cliquant sur l\u2019icone OPENRUNNER en haut \u00e0 droite)<\/em><br><strong><em>ATTENTION : la partie priv\u00e9e dans le Ch\u00e2teau ne sera accessible que lors de la rando !!!<\/em><\/strong><\/p>\n<hr>\n\n\n<p><\/p>\n\n\n<p style=\"text-align: center;\">&nbsp;<\/p>\n<p>&nbsp;<\/p>\n<p>&nbsp;<\/p>","protected":false},"excerpt":{"rendered":"<p>Photos, vid\u00e9os et reportages de notre Nocturne 2021 A noter que les inscriptions pourront aussi se faire sur place mais au prix de 6\u20ac au lieu de 5\u20ac (3\u20ac pour&#8230;<\/p>\n","protected":false},"author":1,"featured_media":0,"parent":0,"menu_order":0,"comment_status":"closed","ping_status":"closed","template":"","meta":{"ngg_post_thumbnail":0,"jetpack_post_was_ever_published":false,"two_page_speed":[],"footnotes":""},"class_list":["post-26983","page","type-page","status-publish","hentry"],"jetpack_sharing_enabled":true,"jetpack_shortlink":"https:\/\/wp.me\/P8bXJp-71d","_links":{"self":[{"href":"https:\/\/veloclubfaumont.fr\/index.php\/wp-json\/wp\/v2\/pages\/26983","targetHints":{"allow":["GET"]}}],"collection":[{"href":"https:\/\/veloclubfaumont.fr\/index.php\/wp-json\/wp\/v2\/pages"}],"about":[{"href":"https:\/\/veloclubfaumont.fr\/index.php\/wp-json\/wp\/v2\/types\/page"}],"author":[{"embeddable":true,"href":"https:\/\/veloclubfaumont.fr\/index.php\/wp-json\/wp\/v2\/users\/1"}],"replies":[{"embeddable":true,"href":"https:\/\/veloclubfaumont.fr\/index.php\/wp-json\/wp\/v2\/comments?post=26983"}],"version-history":[{"count":0,"href":"https:\/\/veloclubfaumont.fr\/index.php\/wp-json\/wp\/v2\/pages\/26983\/revisions"}],"wp:attachment":[{"href":"https:\/\/veloclubfaumont.fr\/index.php\/wp-json\/wp\/v2\/media?parent=26983"}],"curies":[{"name":"wp","href":"https:\/\/api.w.org\/{rel}","templated":true}]}}