{"id":26987,"date":"2021-05-27T20:01:22","date_gmt":"2021-05-27T18:01:22","guid":{"rendered":"http:\/\/veloclubfaumont.fr\/?page_id=26987"},"modified":"2022-05-05T19:16:30","modified_gmt":"2022-05-05T17:16:30","slug":"2021-2","status":"publish","type":"page","link":"https:\/\/veloclubfaumont.fr\/index.php\/2021-2\/","title":{"rendered":"2021"},"content":{"rendered":"<p><strong>Chicon Bike Tour 2021<\/strong> (annul\u00e9 cause COVID)<\/p>\n<p><a href=\"https:\/\/veloclubfaumont.fr\/index.php\/nocturne-vtt-faumont-2021\/\"><strong>Nocturne VTT de Faumont<\/strong> <strong>2021<\/strong><\/a><\/p>\n<p><a href=\"https:\/\/veloclubfaumont.fr\/index.php\/2021\/11\/27\/assemblee-generale-2021\/\"><strong>Assembl\u00e9e G\u00e9n\u00e9rale 2021<\/strong><\/a><\/p>\n","protected":false},"excerpt":{"rendered":"<p>Chicon Bike Tour 2021 (annul\u00e9 cause COVID) Nocturne VTT de Faumont 2021 Assembl\u00e9e G\u00e9n\u00e9rale 2021<\/p>\n","protected":false},"author":1,"featured_media":0,"parent":0,"menu_order":0,"comment_status":"closed","ping_status":"closed","template":"","meta":{"ngg_post_thumbnail":0,"jetpack_post_was_ever_published":false,"two_page_speed":[],"footnotes":""},"class_list":["post-26987","page","type-page","status-publish","hentry"],"jetpack_sharing_enabled":true,"jetpack_shortlink":"https:\/\/wp.me\/P8bXJp-71h","_links":{"self":[{"href":"https:\/\/veloclubfaumont.fr\/index.php\/wp-json\/wp\/v2\/pages\/26987","targetHints":{"allow":["GET"]}}],"collection":[{"href":"https:\/\/veloclubfaumont.fr\/index.php\/wp-json\/wp\/v2\/pages"}],"about":[{"href":"https:\/\/veloclubfaumont.fr\/index.php\/wp-json\/wp\/v2\/types\/page"}],"author":[{"embeddable":true,"href":"https:\/\/veloclubfaumont.fr\/index.php\/wp-json\/wp\/v2\/users\/1"}],"replies":[{"embeddable":true,"href":"https:\/\/veloclubfaumont.fr\/index.php\/wp-json\/wp\/v2\/comments?post=26987"}],"version-history":[{"count":0,"href":"https:\/\/veloclubfaumont.fr\/index.php\/wp-json\/wp\/v2\/pages\/26987\/revisions"}],"wp:attachment":[{"href":"https:\/\/veloclubfaumont.fr\/index.php\/wp-json\/wp\/v2\/media?parent=26987"}],"curies":[{"name":"wp","href":"https:\/\/api.w.org\/{rel}","templated":true}]}}