{"id":272,"date":"2016-12-10T14:20:46","date_gmt":"2016-12-10T13:20:46","guid":{"rendered":"http:\/\/veloclubfaumont.fr\/?page_id=272"},"modified":"2016-12-17T15:56:37","modified_gmt":"2016-12-17T14:56:37","slug":"chicon-bike-tour-2012","status":"publish","type":"page","link":"https:\/\/veloclubfaumont.fr\/index.php\/2012-2\/chicon-bike-tour-2012\/","title":{"rendered":"Chicon Bike Tour 2012"},"content":{"rendered":"<p><span style=\"font-size: medium;\"><img loading=\"lazy\" decoding=\"async\" class=\"alignleft wp-image-275 size-medium\" src=\"https:\/\/veloclubfaumont.fr\/wp-content\/uploads\/2016\/12\/index-212x300.jpg\" width=\"212\" height=\"300\" srcset=\"https:\/\/veloclubfaumont.fr\/wp-content\/uploads\/2016\/12\/index-212x300.jpg 212w, https:\/\/veloclubfaumont.fr\/wp-content\/uploads\/2016\/12\/index.jpg 560w\" sizes=\"auto, (max-width: 212px) 100vw, 212px\" \/>Apr\u00e8s l&rsquo;\u00e9dition 2011 qui avait connu une forte&nbsp;progression avec 1330 participants, (900 en 2010) cette nouvelle \u00e9dition a v\u00e9ritablement rencontr\u00e9 un franc succ\u00e8s avec <strong><span style=\"font-size: large;\">1811 participants <\/span><\/strong><span style=\"font-size: large;\">dont<\/span> 998 VTT &#8211; 537 Marcheurs et 276 Cyclos.<\/span><\/p>\n<p style=\"text-align: left;\"><span style=\"font-size: medium;\">L&rsquo;organisation compl\u00e8tement revue et la capacit\u00e9 d&rsquo;accueil augment\u00e9e gr\u00e2ce \u00e0 l&rsquo;installation de chapiteaux a permis d&rsquo;am\u00e9liorer les flux. N\u00e9anmoins compte tenu du nombre de participants, l&rsquo;attente \u00e0 a quand m\u00eame eu lieu \u00e0 l&rsquo;entr\u00e9e de la salle et nous nous excusons pour ce d\u00e9sagr\u00e9ment.<\/span><\/p>\n<p><span style=\"font-size: medium;\"><br \/>\nMais tout le monde a obtenu la prestation propos\u00e9e : boisson &#8211; sandwich &#8211; soupe au chicons et sachet de chicons pour un prix d&rsquo;inscription tr\u00e8s d\u00e9mocratique.&nbsp;<\/span><\/p>\n<p><img loading=\"lazy\" decoding=\"async\" class=\"size-full wp-image-273 aligncenter\" src=\"https:\/\/veloclubfaumont.fr\/wp-content\/uploads\/2016\/12\/CBT2012GILLES-032.jpg\" alt=\"\" width=\"536\" height=\"402\" srcset=\"https:\/\/veloclubfaumont.fr\/wp-content\/uploads\/2016\/12\/CBT2012GILLES-032.jpg 536w, https:\/\/veloclubfaumont.fr\/wp-content\/uploads\/2016\/12\/CBT2012GILLES-032-300x225.jpg 300w\" sizes=\"auto, (max-width: 536px) 100vw, 536px\" \/><\/p>\n<p><img loading=\"lazy\" decoding=\"async\" class=\"size-full wp-image-274\" src=\"https:\/\/veloclubfaumont.fr\/wp-content\/uploads\/2016\/12\/chicon-bike-tour-2012-julien-053.jpg\" alt=\"\" width=\"922\" height=\"617\" srcset=\"https:\/\/veloclubfaumont.fr\/wp-content\/uploads\/2016\/12\/chicon-bike-tour-2012-julien-053.jpg 922w, https:\/\/veloclubfaumont.fr\/wp-content\/uploads\/2016\/12\/chicon-bike-tour-2012-julien-053-300x201.jpg 300w, https:\/\/veloclubfaumont.fr\/wp-content\/uploads\/2016\/12\/chicon-bike-tour-2012-julien-053-768x514.jpg 768w\" sizes=\"auto, (max-width: 922px) 100vw, 922px\" \/><\/p>\n<p><span style=\"font-size: medium;\">Nous vous donnons d&rsquo;ores et d\u00e9j\u00e0 rendez-vous le 20 janvier 2013 pour cet incontournable <em><strong>CHICON BIKE TOUR<\/strong><\/em>&nbsp;dont&nbsp;&nbsp;l&rsquo;organisation sera de nouveau remani\u00e9e pour vous accueillir dans les meilleures conditions possibles.<\/span><\/p>\n<p><span style=\"font-size: medium;\">Les 63 b\u00e9n\u00e9voles pr\u00e9sents pour vous servir, vous remercient de votre visite et vous disent :<br \/>\nA l&rsquo;ann\u00e9e prochaine&#8230;<\/span><\/p>\n<p style=\"text-align: center;\"><a href=\"https:\/\/goo.gl\/photos\/33jKyWYED6maRze17\" target=\"_blank\">Toutes les photos sur Google+<\/a><\/p>\n<p style=\"text-align: center;\"><a href=\"http:\/\/jalbum.net\/fr\/browse\/user\/album\/1255614;jsessionid=19n9t9cbwrx9u1s1nv43beoffs\" target=\"_blank\">Reportage photos<\/a> de G\u00e9rard Colin<\/p>\n<p style=\"text-align: center;\">Reportage en 3 parties d&rsquo;Andr\u00e9 Tignon : <a href=\"http:\/\/tignon.andre.free.fr\/report.php?id=1360\" target=\"_blank\">1<\/a> &#8211; <a href=\"http:\/\/tignon.andre.free.fr\/report.php?id=1361\" target=\"_blank\">2<\/a> &#8211; <a href=\"http:\/\/tignon.andre.free.fr\/report.php?id=1362\" target=\"_blank\">3<\/a><\/p>\n","protected":false},"excerpt":{"rendered":"<p>Apr\u00e8s l&rsquo;\u00e9dition 2011 qui avait connu une forte&nbsp;progression avec 1330 participants, (900 en 2010) cette nouvelle \u00e9dition a v\u00e9ritablement rencontr\u00e9 un franc succ\u00e8s avec 1811 participants dont 998 VTT &#8211;&#8230;<\/p>\n","protected":false},"author":1,"featured_media":0,"parent":71,"menu_order":0,"comment_status":"closed","ping_status":"closed","template":"","meta":{"ngg_post_thumbnail":0,"jetpack_post_was_ever_published":false,"two_page_speed":[],"footnotes":""},"class_list":["post-272","page","type-page","status-publish","hentry"],"jetpack_sharing_enabled":true,"jetpack_shortlink":"https:\/\/wp.me\/P8bXJp-4o","_links":{"self":[{"href":"https:\/\/veloclubfaumont.fr\/index.php\/wp-json\/wp\/v2\/pages\/272","targetHints":{"allow":["GET"]}}],"collection":[{"href":"https:\/\/veloclubfaumont.fr\/index.php\/wp-json\/wp\/v2\/pages"}],"about":[{"href":"https:\/\/veloclubfaumont.fr\/index.php\/wp-json\/wp\/v2\/types\/page"}],"author":[{"embeddable":true,"href":"https:\/\/veloclubfaumont.fr\/index.php\/wp-json\/wp\/v2\/users\/1"}],"replies":[{"embeddable":true,"href":"https:\/\/veloclubfaumont.fr\/index.php\/wp-json\/wp\/v2\/comments?post=272"}],"version-history":[{"count":0,"href":"https:\/\/veloclubfaumont.fr\/index.php\/wp-json\/wp\/v2\/pages\/272\/revisions"}],"up":[{"embeddable":true,"href":"https:\/\/veloclubfaumont.fr\/index.php\/wp-json\/wp\/v2\/pages\/71"}],"wp:attachment":[{"href":"https:\/\/veloclubfaumont.fr\/index.php\/wp-json\/wp\/v2\/media?parent=272"}],"curies":[{"name":"wp","href":"https:\/\/api.w.org\/{rel}","templated":true}]}}