{"id":28775,"date":"2022-09-12T17:08:55","date_gmt":"2022-09-12T15:08:55","guid":{"rendered":"http:\/\/veloclubfaumont.fr\/?page_id=28775"},"modified":"2023-01-25T10:10:24","modified_gmt":"2023-01-25T09:10:24","slug":"2023-2","status":"publish","type":"page","link":"https:\/\/veloclubfaumont.fr\/index.php\/2023-2\/","title":{"rendered":"CBT 2023"},"content":{"rendered":"<p><em><strong>Chicon Bike Tour 2023<\/strong><\/em> :<\/p>\n<p>NOUVEAU : <a href=\"https:\/\/veloclubfaumont.fr\/index.php\/2023\/01\/23\/le-chicon-bike-tour-2023-photos-et-videos\/\">Les photos et les Vid\u00e9os<\/a><\/p>\n<p style=\"text-align: center;\"><a href=\"https:\/\/veloclubfaumont.fr\/wp-content\/uploads\/2023\/01\/DSC_0905-scaled.jpg\"><img loading=\"lazy\" decoding=\"async\" class=\"aligncenter size-large wp-image-29687\" src=\"https:\/\/veloclubfaumont.fr\/wp-content\/uploads\/2023\/01\/DSC_0905-1024x683.jpg\" alt=\"\" width=\"1024\" height=\"683\" srcset=\"https:\/\/veloclubfaumont.fr\/wp-content\/uploads\/2023\/01\/DSC_0905-1024x683.jpg 1024w, https:\/\/veloclubfaumont.fr\/wp-content\/uploads\/2023\/01\/DSC_0905-300x200.jpg 300w, https:\/\/veloclubfaumont.fr\/wp-content\/uploads\/2023\/01\/DSC_0905-768x512.jpg 768w, https:\/\/veloclubfaumont.fr\/wp-content\/uploads\/2023\/01\/DSC_0905-1536x1024.jpg 1536w, https:\/\/veloclubfaumont.fr\/wp-content\/uploads\/2023\/01\/DSC_0905-2048x1365.jpg 2048w\" sizes=\"auto, (max-width: 1024px) 100vw, 1024px\" \/><\/a><\/p>\n<ul>\n<li><a href=\"https:\/\/www.facebook.com\/events\/1485086431964360\" target=\"_blank\" rel=\"noopener\">Page Facebook de l&rsquo;\u00e9v\u00e9nement<\/a><\/li>\n<li><a href=\"https:\/\/veloclubfaumont.fr\/index.php\/chicon-bike-tour-2023-les-infos\/\">Les infos g\u00e9n\u00e9rales<\/a><\/li>\n<li><a href=\"https:\/\/veloclubfaumont.fr\/index.php\/chicon-bike-tour-2023\/\">Les parcours VTT<\/a><\/li>\n<li><a href=\"https:\/\/veloclubfaumont.fr\/index.php\/chicon-bike-tour-2023-les-parcours-marche\/\">Les parcours Marche<\/a><\/li>\n<li><a href=\"https:\/\/veloclubfaumont.fr\/index.php\/chicon-bike-tour-2023-les-fiches-dinscription\/\">Les Fiches d&rsquo;Inscription<\/a><\/li>\n<li><a href=\"https:\/\/veloclubfaumont.fr\/index.php\/2023\/01\/01\/reconnaissance-31km-du-chicon-bike-tour-2023\/\"><span style=\"text-decoration: underline;\">Reconnaissance 31 km<\/span><\/a><\/li>\n<li><a href=\"https:\/\/veloclubfaumont.fr\/index.php\/2023\/01\/08\/flechage-sur-le-bitume-du-chicon-bike-tour\/\">Fl\u00e9chage \u00e0 la bombe<\/a><\/li>\n<li><a href=\"https:\/\/veloclubfaumont.fr\/index.php\/2023\/01\/15\/flechage-aerien-du-cbt-2023\/\">Fl\u00e9chage a\u00e9rien<\/a><\/li>\n<li><a href=\"https:\/\/veloclubfaumont.fr\/index.php\/2023\/01\/23\/le-chicon-bike-tour-2023-photos-et-videos\/\">Photos, Vid\u00e9os, Reportages et Livre d&rsquo;Or<\/a><\/li>\n<\/ul>\n<p style=\"text-align: center;\"><a href=\"https:\/\/veloclubfaumont.fr\/wp-content\/uploads\/2022\/12\/Flyer-CBT-2023.jpeg\"><img loading=\"lazy\" decoding=\"async\" class=\"aligncenter size-large wp-image-29388\" src=\"https:\/\/veloclubfaumont.fr\/wp-content\/uploads\/2022\/12\/Flyer-CBT-2023-724x1024.jpeg\" alt=\"\" width=\"724\" height=\"1024\" srcset=\"https:\/\/veloclubfaumont.fr\/wp-content\/uploads\/2022\/12\/Flyer-CBT-2023-724x1024.jpeg 724w, https:\/\/veloclubfaumont.fr\/wp-content\/uploads\/2022\/12\/Flyer-CBT-2023-212x300.jpeg 212w, https:\/\/veloclubfaumont.fr\/wp-content\/uploads\/2022\/12\/Flyer-CBT-2023-768x1086.jpeg 768w, https:\/\/veloclubfaumont.fr\/wp-content\/uploads\/2022\/12\/Flyer-CBT-2023-1086x1536.jpeg 1086w, https:\/\/veloclubfaumont.fr\/wp-content\/uploads\/2022\/12\/Flyer-CBT-2023.jpeg 1448w\" sizes=\"auto, (max-width: 724px) 100vw, 724px\" \/><\/a><\/p>\n","protected":false},"excerpt":{"rendered":"<p>Chicon Bike Tour 2023 : NOUVEAU : Les photos et les Vid\u00e9os Page Facebook de l&rsquo;\u00e9v\u00e9nement Les infos g\u00e9n\u00e9rales Les parcours VTT Les parcours Marche Les Fiches d&rsquo;Inscription Reconnaissance 31&#8230;<\/p>\n","protected":false},"author":1,"featured_media":29388,"parent":0,"menu_order":0,"comment_status":"closed","ping_status":"closed","template":"","meta":{"ngg_post_thumbnail":0,"jetpack_post_was_ever_published":false,"two_page_speed":[],"footnotes":""},"class_list":["post-28775","page","type-page","status-publish","has-post-thumbnail","hentry"],"jetpack_sharing_enabled":true,"jetpack_shortlink":"https:\/\/wp.me\/P8bXJp-7u7","_links":{"self":[{"href":"https:\/\/veloclubfaumont.fr\/index.php\/wp-json\/wp\/v2\/pages\/28775","targetHints":{"allow":["GET"]}}],"collection":[{"href":"https:\/\/veloclubfaumont.fr\/index.php\/wp-json\/wp\/v2\/pages"}],"about":[{"href":"https:\/\/veloclubfaumont.fr\/index.php\/wp-json\/wp\/v2\/types\/page"}],"author":[{"embeddable":true,"href":"https:\/\/veloclubfaumont.fr\/index.php\/wp-json\/wp\/v2\/users\/1"}],"replies":[{"embeddable":true,"href":"https:\/\/veloclubfaumont.fr\/index.php\/wp-json\/wp\/v2\/comments?post=28775"}],"version-history":[{"count":0,"href":"https:\/\/veloclubfaumont.fr\/index.php\/wp-json\/wp\/v2\/pages\/28775\/revisions"}],"wp:featuredmedia":[{"embeddable":true,"href":"https:\/\/veloclubfaumont.fr\/index.php\/wp-json\/wp\/v2\/media\/29388"}],"wp:attachment":[{"href":"https:\/\/veloclubfaumont.fr\/index.php\/wp-json\/wp\/v2\/media?parent=28775"}],"curies":[{"name":"wp","href":"https:\/\/api.w.org\/{rel}","templated":true}]}}