{"id":28802,"date":"2022-09-14T15:37:34","date_gmt":"2022-09-14T13:37:34","guid":{"rendered":"http:\/\/veloclubfaumont.fr\/?page_id=28802"},"modified":"2023-01-23T19:06:24","modified_gmt":"2023-01-23T18:06:24","slug":"chicon-bike-tour-2023-les-infos","status":"publish","type":"page","link":"https:\/\/veloclubfaumont.fr\/index.php\/chicon-bike-tour-2023-les-infos\/","title":{"rendered":"Chicon Bike Tour 2023 : les infos"},"content":{"rendered":"<p style=\"text-align: center;\"><a href=\"https:\/\/veloclubfaumont.fr\/wp-content\/uploads\/2022\/12\/Flyer-CBT-2023.jpeg\"><img loading=\"lazy\" decoding=\"async\" class=\"aligncenter size-large wp-image-29388\" src=\"https:\/\/veloclubfaumont.fr\/wp-content\/uploads\/2022\/12\/Flyer-CBT-2023-724x1024.jpeg\" alt=\"\" width=\"724\" height=\"1024\" srcset=\"https:\/\/veloclubfaumont.fr\/wp-content\/uploads\/2022\/12\/Flyer-CBT-2023-724x1024.jpeg 724w, https:\/\/veloclubfaumont.fr\/wp-content\/uploads\/2022\/12\/Flyer-CBT-2023-212x300.jpeg 212w, https:\/\/veloclubfaumont.fr\/wp-content\/uploads\/2022\/12\/Flyer-CBT-2023-768x1086.jpeg 768w, https:\/\/veloclubfaumont.fr\/wp-content\/uploads\/2022\/12\/Flyer-CBT-2023-1086x1536.jpeg 1086w, https:\/\/veloclubfaumont.fr\/wp-content\/uploads\/2022\/12\/Flyer-CBT-2023.jpeg 1448w\" sizes=\"auto, (max-width: 724px) 100vw, 724px\" \/><\/a><\/p>\n<div id=\"attachment_29488\" style=\"width: 869px\" class=\"wp-caption aligncenter\"><a href=\"https:\/\/chicon-bike-tour-vtt.adeorun.com\/?occurrence=2023-01-23\"><img loading=\"lazy\" decoding=\"async\" aria-describedby=\"caption-attachment-29488\" class=\"wp-image-29488 size-full\" src=\"https:\/\/veloclubfaumont.fr\/wp-content\/uploads\/2022\/12\/plaque-1.jpeg\" alt=\"\" width=\"859\" height=\"605\" srcset=\"https:\/\/veloclubfaumont.fr\/wp-content\/uploads\/2022\/12\/plaque-1.jpeg 859w, https:\/\/veloclubfaumont.fr\/wp-content\/uploads\/2022\/12\/plaque-1-300x211.jpeg 300w, https:\/\/veloclubfaumont.fr\/wp-content\/uploads\/2022\/12\/plaque-1-768x541.jpeg 768w\" sizes=\"auto, (max-width: 859px) 100vw, 859px\" \/><\/a><p id=\"caption-attachment-29488\" class=\"wp-caption-text\">cliquez sur l&rsquo;affiche pour acc\u00e9der aux <a href=\"https:\/\/chicon-bike-tour-vtt.adeorun.com\/\" target=\"_blank\" rel=\"noopener\">inscriptions en ligne<\/a><\/p><\/div>\n<p style=\"text-align: center;\"><em>1400 plaques de cadre pour les VTT (offerte pas notre partenaire <span style=\"text-decoration: underline;\"><strong><a href=\"https:\/\/energievelo.fr\/pages\/energie-velo-orchies\" target=\"_blank\" rel=\"noopener\">ENERGIE VELO ORCHIES)<\/a><\/strong><\/span><\/em><\/p>\n<p>1- Pr\u00e9sentation du <em><strong>Chicon Bike Tour 2023 <\/strong><\/em>(page actuelle)<\/p>\n<p>2- <a href=\"https:\/\/veloclubfaumont.fr\/index.php\/chicon-bike-tour-2023\/\">Pr\u00e9sentation des parcours VTT\/Gravel<\/a> &#8211; <a href=\"https:\/\/veloclubfaumont.fr\/index.php\/2023\/01\/01\/reconnaissance-31km-du-chicon-bike-tour-2023\/\">Reconnaissance du 31 km VTT<\/a> &#8211; <a href=\"https:\/\/veloclubfaumont.fr\/index.php\/2023\/01\/15\/flechage-aerien-du-cbt-2023\/\"><span style=\"text-decoration: underline;\">Fl\u00e9chage des parcours<\/span><\/a><\/p>\n<p>3- <a href=\"https:\/\/veloclubfaumont.fr\/index.php\/chicon-bike-tour-2023-les-parcours-marche\/\">Pr\u00e9sentation des parcours Marche<\/a><\/p>\n<p>4- <a href=\"https:\/\/www.facebook.com\/events\/1485086431964360\/\" target=\"_blank\" rel=\"noopener\">Page \u00c9v\u00e9nement sur Facebook<\/a><\/p>\n<p>5- <a href=\"https:\/\/veloclubfaumont.fr\/index.php\/2018-2\/chicon-bike-tour-2018-2\/chicon-bike-tour-2018-presentation-generale\/chicon-bike-tour-2018-partenaires-et-sponsors\/\">Nos Sponsors et partenaires<\/a><\/p>\n<p>6- <a href=\"https:\/\/veloclubfaumont.fr\/index.php\/chicon-bike-tour-2023-les-fiches-dinscription\/\">Fiches d&rsquo;inscription pour paiement sur place + Lien Inscription en Ligne<\/a><\/p>\n<p>7- <a href=\"https:\/\/veloclubfaumont.fr\/index.php\/2023\/01\/23\/le-chicon-bike-tour-2023-photos-et-videos\/\"><span style=\"text-decoration: underline;\">Photos et lien Reportages<\/span><\/a> (NOUVEAU)<\/p>\n<p>8- Livre d&rsquo;or et remerciements (\u00e0 venir)<\/p>\n<p style=\"text-align: center;\"><a href=\"https:\/\/youtu.be\/A8YxOedkCJo\"><strong><img loading=\"lazy\" decoding=\"async\" class=\"aligncenter wp-image-83 size-large\" src=\"https:\/\/veloclubfaumont.fr\/wp-content\/uploads\/2016\/12\/DSC_0105-1024x683.jpg\" sizes=\"auto, (max-width: 1024px) 100vw, 1024px\" srcset=\"https:\/\/veloclubfaumont.fr\/wp-content\/uploads\/2016\/12\/DSC_0105-1024x683.jpg 1024w, https:\/\/veloclubfaumont.fr\/wp-content\/uploads\/2016\/12\/DSC_0105-300x200.jpg 300w, https:\/\/veloclubfaumont.fr\/wp-content\/uploads\/2016\/12\/DSC_0105-768x512.jpg 768w, https:\/\/veloclubfaumont.fr\/wp-content\/uploads\/2016\/12\/DSC_0105.jpg 1152w\" width=\"1024\" height=\"683\"><\/strong><\/a><em>accueil \u00e0 la salle des f\u00eates de Faumont (en plein centre-ville) d\u00e8s 7h30<br \/>\n<\/em><\/p>\n<p style=\"text-align: center;\"><em><img loading=\"lazy\" decoding=\"async\" class=\"alignnone size-large\" src=\"https:\/\/lh3.googleusercontent.com\/pw\/AL9nZEVDGOLpFXMBl7GypHN2tq2vapSVlsILwFKlJxuPQypm3JV27JGqlDhmEbHNt_wSiPJLxzLSUn_xE48JaUhJcU56lu3RZEHp7GHSPFRJAwcLrJdoV9rsYSf64rEFRnF8QW_BidR6_h1a27qJCsszzVG_zA=w1138-h759-no?authuser=0\" width=\"1138\" height=\"759\"><\/em><br \/>\n<em>photo souvenir avec le Chicon, embl\u00e8me de notre \u00e9v\u00e9nement<\/em><\/p>\n<p style=\"text-align: center;\"><img loading=\"lazy\" decoding=\"async\" class=\"alignnone size-large\" src=\"https:\/\/lh3.googleusercontent.com\/pw\/AL9nZEWiTfqrfsuJEENhoa8IbsjVgtE7sQR2hSJmprjdt09B3Eu5qJBnMT24F_ddTZzJKa1RMO-rX0fcCwhEgDQvdQ1NsWsctZ0Eh4CdPLs7gI2UQ7ECXfg2QYc_q_8wa1t7ImZ5Ap2TEfaYSexU4zVfnwcPqw=w1138-h759-no?authuser=0\" width=\"1138\" height=\"759\"><br \/>\n<em>inscriptions dans la salle<br \/>\n(pr\u00e9senter votre mail de confirmation sur votre t\u00e9l\u00e9phone portable pour les inscription <a href=\"https:\/\/chicon-bike-tour-vtt.adeorun.com\/\" target=\"_blank\" rel=\"noopener\"><span style=\"text-decoration: underline;\"><strong>INTERNET<\/strong><\/span><\/a>)<br \/>\n<\/em><\/p>\n<p style=\"text-align: justify;\">Le <strong>22 janvier 2023<\/strong>, apr\u00e8s les f\u00eates de fin d\u2019ann\u00e9e, le V\u00e9loclub de Faumont (entre Douai et Orchies) organise sa fameuse randonn\u00e9e avec 4 parcours <a href=\"https:\/\/veloclubfaumont.fr\/index.php\/chicon-bike-tour-2023\/\"><strong>VTT\/Gravel<\/strong><\/a> et 3 parcours <a href=\"https:\/\/veloclubfaumont.fr\/index.php\/chicon-bike-tour-2023-les-parcours-marche\/\"><strong>Marche<\/strong><\/a> (in\u00e9dits aussi) de 5 &#8211; 7 et 11 km autour de la P\u00e9v\u00e8le (tarifs en bas de page).<\/p>\n<p style=\"text-align: center;\"><img loading=\"lazy\" decoding=\"async\" class=\"alignnone size-large\" src=\"https:\/\/lh3.googleusercontent.com\/pw\/AL9nZEXvOfNpW4SA8_bjeq6gBcORuPV5XSTCXfUsyZAeoaAdKDjPNz9Q4MCK9fucb8yIQqQ_WB5GjRVZ6Oc_jb2H4vHqtn-WULlJod7rn0vjZ-YWslVr6R4EeT917fWHUjCn8rhxME9pc9ySgAeUb2-NKQMHTQ=w1138-h759-no?authuser=0\" width=\"1138\" height=\"759\">en 2020, on vous a m\u00eame accueilli dehors au retour de la rando !<\/p>\n<p style=\"text-align: center;\"><span style=\"color: #ff0000; font-size: 18pt;\"><strong>ATTENTION : cette ann\u00e9e, pas de circuits cyclos, il faudra donc sortir les GRAVELS pour faire les circuits VTT propos\u00e9s !!<\/strong><\/span><\/p>\n<p style=\"text-align: justify;\">Au retour \u00e0 la salle : une <strong>soupe aux chicons<\/strong> + un <strong>sandwich<\/strong> + une <strong>boisson<\/strong> au retour et un <strong>sachet de chicons en cadeau<\/strong> \u00e0 chacun des participants. Plusieurs <strong>photographes<\/strong> \u00e0 la salle et sur les parcours.<\/p>\n<p style=\"text-align: center;\"><img loading=\"lazy\" decoding=\"async\" class=\"alignnone size-large\" src=\"https:\/\/lh3.googleusercontent.com\/pw\/AL9nZEWp6ZzSL0hdAxRpMYLVfIe0E04_KV-EMOBAfFfOqY9PskZUjSwQlOXztrcY7o0GikcdAVIMRWQFYYLXxDM75GY2c0Nzf02dJvN6-qUbjOVq8U0Emj2AqdpyNCyZkoVuzIcfuZcby0ZdkE8vNbSatE8SbA=w1138-h759-no?authuser=0\" width=\"1138\" height=\"759\"><br \/>\n<em>une organisation bien rod\u00e9e sans trop d&rsquo;attente au retour<\/em><\/p>\n<p style=\"text-align: justify;\"><strong><img loading=\"lazy\" decoding=\"async\" class=\"alignleft wp-image-86 \" src=\"https:\/\/veloclubfaumont.fr\/wp-content\/uploads\/2016\/12\/DSC_0291-300x200.jpg\" sizes=\"auto, (max-width: 300px) 100vw, 300px\" srcset=\"https:\/\/veloclubfaumont.fr\/wp-content\/uploads\/2016\/12\/DSC_0291-300x200.jpg 300w, https:\/\/veloclubfaumont.fr\/wp-content\/uploads\/2016\/12\/DSC_0291-768x512.jpg 768w, https:\/\/veloclubfaumont.fr\/wp-content\/uploads\/2016\/12\/DSC_0291-1024x683.jpg 1024w, https:\/\/veloclubfaumont.fr\/wp-content\/uploads\/2016\/12\/DSC_0291.jpg 1152w\" width=\"446\" height=\"298\"><a href=\"https:\/\/veloclubfaumont.fr\/index.php\/chicon-bike-tour-2023\/\">4 parcours VTT\/GRAVEL<\/a><\/strong> : <strong>22<\/strong> \u2013 <strong>31<\/strong> &#8211; <strong>41<\/strong> et <strong>49<\/strong> <strong>km<\/strong> avec <strong>1 ravito<\/strong> sur le <strong>22<\/strong> et le <strong>31<\/strong> (avant le terril de Leforest) + <strong>1 second<\/strong> <strong>ravito<\/strong> au m\u00eame endroit pour le <strong>41<\/strong> et le <strong>49<\/strong> apr\u00e8s la boucle vers le Terril d&rsquo;Evin-Malmaison.&nbsp;&nbsp;<\/p>\n<p>A noter que tous les parcours <strong>VTT<\/strong> sont accessibles en <strong>GRAVEL<\/strong> !<\/p>\n<p>&nbsp;<\/p>\n<p style=\"text-align: center;\"><img loading=\"lazy\" decoding=\"async\" class=\"alignnone size-large\" src=\"https:\/\/lh3.googleusercontent.com\/pw\/AL9nZEVJBtsjDQ8jLBC8d3_5Wzc6WoVbFW-9d6XVlBEW4SV4Vq48LJvAMeWg__C1jYshPblJVSA7JEmFbtppS-sHnbIGfS9pdY7Vb1_7gKeqioRivWajLsVKVcinAh63mWI-Lwch1USgwfEUL_v6FU8RMHmikw=w1138-h759-no?authuser=0\" width=\"1138\" height=\"759\"><em>le ravito de Leforest (uniquement pour tous les VTT\/Gravel) &#8211; 2 fois pour les 41 et 49 km<br \/>\navec notamment des oranges et des bananes de notre partenaire <strong>O&rsquo;TERA AVELIN<\/strong> + soupe chaude + sp\u00e9culos + biscuits + barre bretonne + bien d&rsquo;autres gourmandises !<br \/>\n<\/em><\/p>\n<p style=\"text-align: center;\"><span style=\"color: #ff0000;\"><strong>ATTENTION<\/strong> : Pensez \u00e0 prendre votre bidon ou votre \u00e9cocup pour le ravitaillement en eau pour les VTT !!<br \/>\n<\/span><span style=\"color: #ff0000;\">(on \u00e9vite au mieux les gobelets jetables)<\/span><\/p>\n<table class=\"aligncenter\" style=\"height: 387px; width: 502px;\" border=\"1\">\n<tbody>\n<tr style=\"height: 387px;\">\n<td style=\"width: 492.667px; text-align: center; height: 387px;\" colspan=\"2\"><a href=\"https:\/\/veloclubfaumont.fr\/index.php\/chicon-bike-tour-2023-les-parcours-marche\/\"><strong>3 nouveaux Parcours marche<\/strong><\/a> : <strong>5, 7 <\/strong>ou <strong>11<\/strong> <strong>km<\/strong><img loading=\"lazy\" decoding=\"async\" class=\"aligncenter wp-image-87 size-large\" src=\"https:\/\/veloclubfaumont.fr\/wp-content\/uploads\/2016\/12\/DSC06643-1024x686.jpg\" sizes=\"auto, (max-width: 300px) 100vw, 300px\" srcset=\"https:\/\/veloclubfaumont.fr\/wp-content\/uploads\/2016\/12\/DSC06643-300x201.jpg 300w, https:\/\/veloclubfaumont.fr\/wp-content\/uploads\/2016\/12\/DSC06643-768x514.jpg 768w, https:\/\/veloclubfaumont.fr\/wp-content\/uploads\/2016\/12\/DSC06643-1024x686.jpg 1024w, https:\/\/veloclubfaumont.fr\/wp-content\/uploads\/2016\/12\/DSC06643.jpg 1162w\" alt=\"\" width=\"1024\" height=\"686\"><\/td>\n<\/tr>\n<\/tbody>\n<\/table>\n<p style=\"text-align: center;\"><em>(pas de ravito pour les marcheurs, mais une gaufre + une bouteille d&rsquo;eau Cristalline Louise \u00e0 prendre \u00e0 la salle aux inscriptions)<\/em><\/p>\n<table style=\"border-collapse: collapse; width: 100%; height: 666px;\" border=\"1\">\n<tbody>\n<tr style=\"height: 666px;\">\n<td style=\"width: 53.2143%; text-align: center; height: 666px;\"><em><strong>Fl\u00e9chage en vert pour les VTT :<br \/>\n<\/strong><\/em>&nbsp;&nbsp;&nbsp;&nbsp;&nbsp;&nbsp;&nbsp;<\/p>\n<p>&nbsp;<\/p>\n<p><img decoding=\"async\" src=\"https:\/\/veloclubfaumont.fr\/wp-content\/uploads\/2016\/12\/fleche-vtt-768x301.jpg\"><em>fl\u00e8che a\u00e9rienne<\/em><\/p>\n<p>&nbsp;<\/p>\n<p><img loading=\"lazy\" decoding=\"async\" class=\"alignnone size-large\" src=\"https:\/\/i1.wp.com\/veloclubfaumont.fr\/wp-content\/uploads\/2019\/10\/chevron.jpg?w=400\" width=\"400\" height=\"271\"><em>chevron vert au sol<\/em><\/td>\n<td style=\"width: 46.7857%; text-align: center; height: 666px;\"><strong><em>Panneaux de bifurcation VTT<a href=\"https:\/\/veloclubfaumont.fr\/wp-content\/uploads\/2022\/12\/flechage-bifurc-vtt.jpg\"><img loading=\"lazy\" decoding=\"async\" class=\"aligncenter  wp-image-29464\" src=\"https:\/\/veloclubfaumont.fr\/wp-content\/uploads\/2022\/12\/flechage-bifurc-vtt.jpg\" alt=\"\" width=\"234\" height=\"305\" srcset=\"https:\/\/veloclubfaumont.fr\/wp-content\/uploads\/2022\/12\/flechage-bifurc-vtt.jpg 511w, https:\/\/veloclubfaumont.fr\/wp-content\/uploads\/2022\/12\/flechage-bifurc-vtt-230x300.jpg 230w\" sizes=\"auto, (max-width: 234px) 100vw, 234px\" \/><\/a><\/em><\/strong>&nbsp;&nbsp;&nbsp;&nbsp;&nbsp;&nbsp;&nbsp;<\/p>\n<hr>\n<p><strong><em>Fl\u00e9chage en jaune pour les marcheurs :<\/em><\/strong><a href=\"https:\/\/veloclubfaumont.fr\/wp-content\/uploads\/2022\/12\/marche-fleche.jpg\"><img loading=\"lazy\" decoding=\"async\" class=\"aligncenter size-full wp-image-29462\" src=\"https:\/\/veloclubfaumont.fr\/wp-content\/uploads\/2022\/12\/marche-fleche.jpg\" alt=\"\" width=\"919\" height=\"622\" srcset=\"https:\/\/veloclubfaumont.fr\/wp-content\/uploads\/2022\/12\/marche-fleche.jpg 919w, https:\/\/veloclubfaumont.fr\/wp-content\/uploads\/2022\/12\/marche-fleche-300x203.jpg 300w, https:\/\/veloclubfaumont.fr\/wp-content\/uploads\/2022\/12\/marche-fleche-768x520.jpg 768w\" sizes=\"auto, (max-width: 919px) 100vw, 919px\" \/><\/a><\/td>\n<\/tr>\n<\/tbody>\n<\/table>\n<p style=\"text-align: justify;\">Accueil \u00e0 la salle des f\u00eates de Faumont, en plein centre-ville 742, rue nationale (voie principale entre R\u00e2ches et Seclin). Inscription et d\u00e9part de 7h30 \u00e0 10h00. Bonne ambiance assur\u00e9e.<\/p>\n<p><strong>Faumont<\/strong> se situe entre Orchies et Douai :<\/p>\n<div style=\"text-align: center;\"><iframe loading=\"lazy\" src=\"https:\/\/www.google.com\/maps\/embed?pb=!1m18!1m12!1m3!1d5080.229547170024!2d3.136463915154953!3d50.4575873947326!2m3!1f0!2f0!3f0!3m2!1i1024!2i768!4f13.1!3m3!1m2!1s0x47c2cfcf6c4a8b29%3A0x4de9d4ead86e6e55!2s767+Rue+nationale%2C+59310+Faumont!5e0!3m2!1sfr!2sfr!4v1474799079666\" allowfullscreen=\"allowfullscreen\" data-mce-fragment=\"1\" width=\"600\" height=\"450\" frameborder=\"0\"><\/iframe><\/div>\n<p style=\"text-align: justify;\"><strong>Participation : <\/strong>inscription en ligne sur le <a href=\"https:\/\/chicon-bike-tour-vtt.adeorun.com\/?occurrence=2023-01-23\" target=\"_blank\" rel=\"noopener\"><span style=\"text-decoration: underline;\"><strong>site ADEORUN<\/strong><\/span><\/a> pour \u00e9viter la longue file \u00e0 la salle ou inscription sur place (les <strong>bulletins d\u2019inscriptions<\/strong> sont d&rsquo;ores et d\u00e9j\u00e0 <a href=\"https:\/\/veloclubfaumont.fr\/index.php\/chicon-bike-tour-2023-les-fiches-dinscription\/\" target=\"_blank\" rel=\"noopener\"><strong><span style=\"text-decoration: underline;\">t\u00e9l\u00e9chargeables ici<\/span><\/strong><\/a>, pour les imprimer et les pr\u00e9senter remplis \u00e0 l\u2019accueil pour gagner du temps). A cause des nouvelles restrictions pr\u00e9fectorales, le nombre de VTT sera limit\u00e9 \u00e0 1200 et 300 marcheurs pour un total de 1500 randonneurs.<strong><br \/>\n<\/strong><\/p>\n<p><strong>TARIFS : <\/strong><strong>VTT\/Gravel&nbsp;<\/strong> : <strong>5\u20ac<\/strong> pour les clubs affili\u00e9s ou <strong>6\u20ac<\/strong> pour les individuels &#8211; <strong>Marche<\/strong> : <strong>4\u20ac&nbsp;<\/strong>&nbsp;<\/p>\n<p style=\"text-align: justify;\">Les <strong>cartes CB<\/strong> sans contacts sont accept\u00e9es aux inscriptions sur place. Privil\u00e9giez cependant les inscriptions en ligne (plus rapide le jour J avec une caisse sp\u00e9cifique pour r\u00e9cup\u00e9rer ses tickets).<\/p>\n<p><em>NB : toutes ces informations sont susceptibles d\u2019\u00eatre modifi\u00e9es d\u2019ici le 22 janvier 2023.<\/em><\/p>\n<hr>\n<p style=\"text-align: center;\"><iframe loading=\"lazy\" src=\"https:\/\/www.youtube.com\/embed\/gQWpI-1Z0mI\" allowfullscreen=\"allowfullscreen\" data-mce-fragment=\"1\" width=\"751\" height=\"480\" frameborder=\"0\"><\/iframe><br \/>\n<em>Comme pour notre Nocturne, <strong>tout le monde<\/strong> empruntera les 3km du <strong>single des Sorci\u00e8res <\/strong><\/em><strong>(VTT\/Gravel).<\/strong>.. mais cette fois-ci \u00e0 l&rsquo;envers et \u00e0 la fin de la rando<em> !<\/em><strong><br \/>\n<\/strong><\/p>\n<p style=\"text-align: center;\"><a href=\"https:\/\/veloclubfaumont.fr\/wp-content\/uploads\/2022\/12\/logo_pnr_scarpe_escaut_2.jpg\"><img loading=\"lazy\" decoding=\"async\" class=\"aligncenter size-full wp-image-29424\" src=\"https:\/\/veloclubfaumont.fr\/wp-content\/uploads\/2022\/12\/logo_pnr_scarpe_escaut_2.jpg\" alt=\"Parc Naturel R\u00e9gional Scarpe Escaut\" width=\"200\" height=\"235\"><\/a><em>Le Single des Sorci\u00e8res se trouve dans une zone Natura 2000 <\/em><br \/>\n<em>\u00e0 l&rsquo;int\u00e9rieur du Parc naturel r\u00e9gional Scarpe &#8211; Escaut<\/em><\/p>\n<p><span class=\"embed-youtube\" style=\"text-align:center; display: block;\"><iframe loading=\"lazy\" class=\"youtube-player\" width=\"640\" height=\"360\" src=\"https:\/\/www.youtube.com\/embed\/Y5iymOXqBLI?version=3&#038;rel=1&#038;showsearch=0&#038;showinfo=1&#038;iv_load_policy=1&#038;fs=1&#038;hl=fr-FR&#038;autohide=2&#038;wmode=transparent\" allowfullscreen=\"true\" style=\"border:0;\" sandbox=\"allow-scripts allow-same-origin allow-popups allow-presentation\"><\/iframe><\/span><\/p>\n<p style=\"text-align: center;\"><em>Vid\u00e9o de l&rsquo;\u00e9dition 2020 (VTT)<\/em><\/p>\n<hr>\n<table border=\"1\">\n<tbody>\n<tr>\n<td style=\"text-align: justify;\"><strong>BONUS gourmand&nbsp;<\/strong> : <strong><em>recette de la soupe aux chicons<\/em><\/strong> : <span class=\" UFICommentActorAndBody\"> <span class=\"UFICommentBody\">800gr de chicons, 80 gr de beurre, 2 carottes, 1 oignon, 2dl de cr\u00e8me fra\u00eeche, 2 l de bouillon de volaille. Faire revenir dans le beurre oignons, carottes, chicons, et ensuite mettre le bouillon pour faire cuire, puis mixer et cr\u00e8me dans le bol ou assiette.<\/span><\/span> &nbsp;&nbsp;&nbsp;&nbsp;&nbsp;&nbsp;&nbsp;&nbsp;&nbsp;&nbsp;&nbsp;&nbsp;&nbsp;&nbsp;&nbsp;&nbsp;&nbsp;&nbsp;&nbsp;&nbsp;&nbsp;&nbsp;<\/p>\n<p style=\"text-align: center;\"><a href=\"https:\/\/veloclubfaumont.fr\/index.php\/chicon-bike-tour-2020\/dsc_0047-5\/\" rel=\"attachment wp-att-16197\"><img loading=\"lazy\" decoding=\"async\" class=\"aligncenter size-full wp-image-16197\" src=\"https:\/\/veloclubfaumont.fr\/wp-content\/uploads\/2019\/10\/DSC_0047.jpg\" alt=\"\" width=\"1382\" height=\"922\" srcset=\"https:\/\/veloclubfaumont.fr\/wp-content\/uploads\/2019\/10\/DSC_0047.jpg 1382w, https:\/\/veloclubfaumont.fr\/wp-content\/uploads\/2019\/10\/DSC_0047-300x200.jpg 300w, https:\/\/veloclubfaumont.fr\/wp-content\/uploads\/2019\/10\/DSC_0047-768x512.jpg 768w, https:\/\/veloclubfaumont.fr\/wp-content\/uploads\/2019\/10\/DSC_0047-1024x683.jpg 1024w\" sizes=\"auto, (max-width: 1382px) 100vw, 1382px\" \/><\/a><em>un vrai r\u00e9gal !<\/em><\/p>\n<\/td>\n<\/tr>\n<\/tbody>\n<\/table>\n<p><span class=\" UFICommentActorAndBody\"><span data-ft=\"{&quot;tn&quot;:&quot;K&quot;}\"><span class=\"UFICommentBody\">&nbsp;<\/span><\/span><\/span><\/p>\n","protected":false},"excerpt":{"rendered":"<p>1400 plaques de cadre pour les VTT (offerte pas notre partenaire ENERGIE VELO ORCHIES) 1- Pr\u00e9sentation du Chicon Bike Tour 2023 (page actuelle) 2- Pr\u00e9sentation des parcours VTT\/Gravel &#8211; Reconnaissance&#8230;<\/p>\n","protected":false},"author":1,"featured_media":29388,"parent":0,"menu_order":0,"comment_status":"closed","ping_status":"closed","template":"","meta":{"ngg_post_thumbnail":0,"jetpack_post_was_ever_published":false,"two_page_speed":[],"footnotes":""},"class_list":["post-28802","page","type-page","status-publish","has-post-thumbnail","hentry"],"jetpack_sharing_enabled":true,"jetpack_shortlink":"https:\/\/wp.me\/P8bXJp-7uy","_links":{"self":[{"href":"https:\/\/veloclubfaumont.fr\/index.php\/wp-json\/wp\/v2\/pages\/28802","targetHints":{"allow":["GET"]}}],"collection":[{"href":"https:\/\/veloclubfaumont.fr\/index.php\/wp-json\/wp\/v2\/pages"}],"about":[{"href":"https:\/\/veloclubfaumont.fr\/index.php\/wp-json\/wp\/v2\/types\/page"}],"author":[{"embeddable":true,"href":"https:\/\/veloclubfaumont.fr\/index.php\/wp-json\/wp\/v2\/users\/1"}],"replies":[{"embeddable":true,"href":"https:\/\/veloclubfaumont.fr\/index.php\/wp-json\/wp\/v2\/comments?post=28802"}],"version-history":[{"count":0,"href":"https:\/\/veloclubfaumont.fr\/index.php\/wp-json\/wp\/v2\/pages\/28802\/revisions"}],"wp:featuredmedia":[{"embeddable":true,"href":"https:\/\/veloclubfaumont.fr\/index.php\/wp-json\/wp\/v2\/media\/29388"}],"wp:attachment":[{"href":"https:\/\/veloclubfaumont.fr\/index.php\/wp-json\/wp\/v2\/media?parent=28802"}],"curies":[{"name":"wp","href":"https:\/\/api.w.org\/{rel}","templated":true}]}}