{"id":29295,"date":"2022-11-24T18:34:27","date_gmt":"2022-11-24T17:34:27","guid":{"rendered":"http:\/\/veloclubfaumont.fr\/?page_id=29295"},"modified":"2024-01-13T16:15:17","modified_gmt":"2024-01-13T15:15:17","slug":"chicon-bike-tour-2023-les-parcours-marche","status":"publish","type":"page","link":"https:\/\/veloclubfaumont.fr\/index.php\/chicon-bike-tour-2023-les-parcours-marche\/","title":{"rendered":"Chicon Bike Tour 2023 : les parcours Marche"},"content":{"rendered":"<p>Cette ann\u00e9e, 3 parcours Marche autour de Faumont vous seront propos\u00e9s : <strong><span style=\"color: #003300;\">5 km<\/span>, <span style=\"color: #800080;\">7 km<\/span> et <span style=\"color: #ff0000;\">11 km<\/span><\/strong><\/p>\n<p>Pas de ravito, mais un en-cas et une bouteille d&rsquo;eau de 50cl (fournie par la source <strong>LOUISE de M\u00e9rignies<\/strong>) seront donn\u00e9s \u00e0 l&rsquo;inscription \u00e0 la salle.<\/p>\n<p><strong>Au retour salle<\/strong> : soupe aux chicons + sandwich + boisson + sachet de chicons<\/p>\n<p><strong>Tarif<\/strong> sur place et en ligne (<a href=\"https:\/\/chicon-bike-tour-vtt.adeorun.com\/?fbclid=IwAR2p-5boTT6-tTm4vA5858RBCFspRBDStJjhL2vwHSKRrP6R_xV2adhF1FE#\" target=\"_blank\" rel=\"noopener\"><span style=\"text-decoration: underline;\"><strong>lien site ADEORUN ici<\/strong><\/span><\/a>) : <strong>4\u20ac<\/strong><\/p>\n<p style=\"text-align: center;\"><img loading=\"lazy\" decoding=\"async\" class=\"alignnone size-large\" src=\"https:\/\/i2.wp.com\/veloclubfaumont.fr\/wp-content\/uploads\/2017\/12\/DSC06619.jpg\" width=\"1162\" height=\"778\"><br \/>\n<em>chemin commun au d\u00e9part de la randonn\u00e9e p\u00e9destre<\/em><\/p>\n<p style=\"text-align: center;\">\n<em>balisage en jaune pour les marcheurs :<br \/>\n<\/em><\/p>\n<p style=\"text-align: center;\"><a href=\"https:\/\/veloclubfaumont.fr\/wp-content\/uploads\/2024\/01\/415041044_927683288698680_8198690641971193637_n.jpg\"><img loading=\"lazy\" decoding=\"async\" class=\"aligncenter wp-image-38716 size-large\" src=\"https:\/\/veloclubfaumont.fr\/wp-content\/uploads\/2024\/01\/415041044_927683288698680_8198690641971193637_n-768x1024.jpg\" alt=\"\" width=\"768\" height=\"1024\" srcset=\"https:\/\/veloclubfaumont.fr\/wp-content\/uploads\/2024\/01\/415041044_927683288698680_8198690641971193637_n-768x1024.jpg 768w, https:\/\/veloclubfaumont.fr\/wp-content\/uploads\/2024\/01\/415041044_927683288698680_8198690641971193637_n-225x300.jpg 225w, https:\/\/veloclubfaumont.fr\/wp-content\/uploads\/2024\/01\/415041044_927683288698680_8198690641971193637_n-1152x1536.jpg 1152w, https:\/\/veloclubfaumont.fr\/wp-content\/uploads\/2024\/01\/415041044_927683288698680_8198690641971193637_n.jpg 1200w\" sizes=\"auto, (max-width: 768px) 100vw, 768px\" \/><\/a> <a href=\"https:\/\/veloclubfaumont.fr\/wp-content\/uploads\/2024\/01\/415059030_610622021190830_4727744463055987118_n.jpg\"><img loading=\"lazy\" decoding=\"async\" class=\"aligncenter wp-image-38717 size-large\" src=\"https:\/\/veloclubfaumont.fr\/wp-content\/uploads\/2024\/01\/415059030_610622021190830_4727744463055987118_n-768x1024.jpg\" alt=\"\" width=\"768\" height=\"1024\" srcset=\"https:\/\/veloclubfaumont.fr\/wp-content\/uploads\/2024\/01\/415059030_610622021190830_4727744463055987118_n-768x1024.jpg 768w, https:\/\/veloclubfaumont.fr\/wp-content\/uploads\/2024\/01\/415059030_610622021190830_4727744463055987118_n-225x300.jpg 225w, https:\/\/veloclubfaumont.fr\/wp-content\/uploads\/2024\/01\/415059030_610622021190830_4727744463055987118_n-1152x1536.jpg 1152w, https:\/\/veloclubfaumont.fr\/wp-content\/uploads\/2024\/01\/415059030_610622021190830_4727744463055987118_n.jpg 1200w\" sizes=\"auto, (max-width: 768px) 100vw, 768px\" \/><\/a><\/p>\n<p style=\"text-align: center;\"><em><img loading=\"lazy\" decoding=\"async\" class=\"alignnone size-large\" src=\"https:\/\/lh3.googleusercontent.com\/pw\/AL9nZEV4WDVOo02Ugv3fW_olPKjgZMoIpl7OYzYcuamR9__eUeLbDUb1njisjawOtvl40_VTHzlLS-a9Yq-f6KvwWWN1U9xU7B2HtSOBlQVIn6pPlUwdRtN8H6NGDMPUQC8Q0YTo_m8XW2wn0SskgB0ssBasCg=w1138-h759-no?authuser=0\" width=\"1138\" height=\"759\"><\/em><br \/>\n<em>retour \u00e0 la salle avec de quoi reprendre ses forces !<\/em><\/p>\n<p>Voici les cartes des 3 parcours, avec un lien <strong>Openrunner<\/strong> et <strong>Komoot<\/strong> pour t\u00e9l\u00e9charger la trace voulue sur votre smartphone ou votre GPS. La trace tournera autour de Faumont pour les petits parcours et un tour vers Bers\u00e9e en passant par la Voie Verte du P\u00e9v\u00e8le pour le 11 km :<\/p>\n<p style=\"text-align: center;\"><a href=\"https:\/\/veloclubfaumont.fr\/wp-content\/uploads\/2022\/11\/cartes-parcours-marche-cbt-2023-scaled.jpg\"><img loading=\"lazy\" decoding=\"async\" class=\"aligncenter size-large wp-image-29324\" src=\"https:\/\/veloclubfaumont.fr\/wp-content\/uploads\/2022\/11\/cartes-parcours-marche-cbt-2023-720x1024.jpg\" alt=\"\" width=\"720\" height=\"1024\" srcset=\"https:\/\/veloclubfaumont.fr\/wp-content\/uploads\/2022\/11\/cartes-parcours-marche-cbt-2023-720x1024.jpg 720w, https:\/\/veloclubfaumont.fr\/wp-content\/uploads\/2022\/11\/cartes-parcours-marche-cbt-2023-211x300.jpg 211w, https:\/\/veloclubfaumont.fr\/wp-content\/uploads\/2022\/11\/cartes-parcours-marche-cbt-2023-768x1092.jpg 768w, https:\/\/veloclubfaumont.fr\/wp-content\/uploads\/2022\/11\/cartes-parcours-marche-cbt-2023-1080x1536.jpg 1080w, https:\/\/veloclubfaumont.fr\/wp-content\/uploads\/2022\/11\/cartes-parcours-marche-cbt-2023-1441x2048.jpg 1441w, https:\/\/veloclubfaumont.fr\/wp-content\/uploads\/2022\/11\/cartes-parcours-marche-cbt-2023-scaled.jpg 1801w\" sizes=\"auto, (max-width: 720px) 100vw, 720px\" \/><\/a><\/p>\n<p><span style=\"color: #008000;\"><strong>Parcours Marche de 5 km :<\/strong> <\/span><\/p>\n<p style=\"text-align: center;\"><a href=\"https:\/\/veloclubfaumont.fr\/wp-content\/uploads\/2022\/11\/marche-cbt-2023-5km.jpg\"><img loading=\"lazy\" decoding=\"async\" class=\"aligncenter size-full wp-image-29297\" src=\"https:\/\/veloclubfaumont.fr\/wp-content\/uploads\/2022\/11\/marche-cbt-2023-5km.jpg\" alt=\"\" width=\"558\" height=\"537\" srcset=\"https:\/\/veloclubfaumont.fr\/wp-content\/uploads\/2022\/11\/marche-cbt-2023-5km.jpg 558w, https:\/\/veloclubfaumont.fr\/wp-content\/uploads\/2022\/11\/marche-cbt-2023-5km-300x289.jpg 300w\" sizes=\"auto, (max-width: 558px) 100vw, 558px\" \/><\/a><a href=\"https:\/\/www.openrunner.com\/route-details\/15881480\" target=\"_blank\" rel=\"noopener\">Trace GPX sur Openrunner du 5 km<\/a><\/p>\n<p style=\"text-align: center;\"><iframe loading=\"lazy\" src=\"https:\/\/www.komoot.fr\/tour\/984705766\/embed?profile=1\" width=\"100%\" height=\"700\" frameborder=\"0\" scrolling=\"no\"><\/iframe><\/p>\n<hr>\n<p><span style=\"color: #0000ff;\"><strong>Parcours Marche de 7 km :<\/strong><\/span><\/p>\n<p style=\"text-align: center;\"><a href=\"https:\/\/veloclubfaumont.fr\/wp-content\/uploads\/2022\/11\/marche-cbt-2023-7km-1.jpg\"><img loading=\"lazy\" decoding=\"async\" class=\"aligncenter size-large wp-image-29299\" src=\"https:\/\/veloclubfaumont.fr\/wp-content\/uploads\/2022\/11\/marche-cbt-2023-7km-1.jpg\" alt=\"\" width=\"554\" height=\"476\" srcset=\"https:\/\/veloclubfaumont.fr\/wp-content\/uploads\/2022\/11\/marche-cbt-2023-7km-1.jpg 554w, https:\/\/veloclubfaumont.fr\/wp-content\/uploads\/2022\/11\/marche-cbt-2023-7km-1-300x258.jpg 300w\" sizes=\"auto, (max-width: 554px) 100vw, 554px\" \/><\/a><a href=\"https:\/\/www.openrunner.com\/route-details\/15881395\" target=\"_blank\" rel=\"noopener\">Trace GPX sur Openrunner du 7 km<\/a><\/p>\n<p style=\"text-align: center;\"><iframe loading=\"lazy\" src=\"https:\/\/www.komoot.fr\/tour\/984706853\/embed?profile=1\" width=\"100%\" height=\"700\" frameborder=\"0\" scrolling=\"no\"><\/iframe><\/p>\n<hr>\n<p style=\"text-align: left;\"><span style=\"color: #ff0000;\"><strong>Parcours Marche de 11 km :<\/strong><\/span><a href=\"https:\/\/veloclubfaumont.fr\/wp-content\/uploads\/2022\/11\/marche-cbt-2023-11km.jpg\"><img loading=\"lazy\" decoding=\"async\" class=\"aligncenter size-full wp-image-29296\" src=\"https:\/\/veloclubfaumont.fr\/wp-content\/uploads\/2022\/11\/marche-cbt-2023-11km.jpg\" alt=\"\" width=\"559\" height=\"558\" srcset=\"https:\/\/veloclubfaumont.fr\/wp-content\/uploads\/2022\/11\/marche-cbt-2023-11km.jpg 559w, https:\/\/veloclubfaumont.fr\/wp-content\/uploads\/2022\/11\/marche-cbt-2023-11km-300x300.jpg 300w, https:\/\/veloclubfaumont.fr\/wp-content\/uploads\/2022\/11\/marche-cbt-2023-11km-150x150.jpg 150w\" sizes=\"auto, (max-width: 559px) 100vw, 559px\" \/><\/a><a href=\"https:\/\/www.openrunner.com\/route-details\/15881384\" target=\"_blank\" rel=\"noopener\">Trace GPX sur Openrunner du 11 km<\/a><\/p>\n<p style=\"text-align: center;\"><iframe loading=\"lazy\" src=\"https:\/\/www.komoot.fr\/tour\/984707377\/embed?profile=1\" width=\"100%\" height=\"700\" frameborder=\"0\" scrolling=\"no\"><\/iframe><\/p>\n","protected":false},"excerpt":{"rendered":"<p>Cette ann\u00e9e, 3 parcours Marche autour de Faumont vous seront propos\u00e9s : 5 km, 7 km et 11 km Pas de ravito, mais un en-cas et une bouteille d&rsquo;eau de&#8230;<\/p>\n","protected":false},"author":1,"featured_media":29324,"parent":0,"menu_order":0,"comment_status":"closed","ping_status":"closed","template":"","meta":{"ngg_post_thumbnail":0,"jetpack_post_was_ever_published":false,"two_page_speed":[],"footnotes":""},"class_list":["post-29295","page","type-page","status-publish","has-post-thumbnail","hentry"],"jetpack_sharing_enabled":true,"jetpack_shortlink":"https:\/\/wp.me\/P8bXJp-7Cv","_links":{"self":[{"href":"https:\/\/veloclubfaumont.fr\/index.php\/wp-json\/wp\/v2\/pages\/29295","targetHints":{"allow":["GET"]}}],"collection":[{"href":"https:\/\/veloclubfaumont.fr\/index.php\/wp-json\/wp\/v2\/pages"}],"about":[{"href":"https:\/\/veloclubfaumont.fr\/index.php\/wp-json\/wp\/v2\/types\/page"}],"author":[{"embeddable":true,"href":"https:\/\/veloclubfaumont.fr\/index.php\/wp-json\/wp\/v2\/users\/1"}],"replies":[{"embeddable":true,"href":"https:\/\/veloclubfaumont.fr\/index.php\/wp-json\/wp\/v2\/comments?post=29295"}],"version-history":[{"count":0,"href":"https:\/\/veloclubfaumont.fr\/index.php\/wp-json\/wp\/v2\/pages\/29295\/revisions"}],"wp:featuredmedia":[{"embeddable":true,"href":"https:\/\/veloclubfaumont.fr\/index.php\/wp-json\/wp\/v2\/media\/29324"}],"wp:attachment":[{"href":"https:\/\/veloclubfaumont.fr\/index.php\/wp-json\/wp\/v2\/media?parent=29295"}],"curies":[{"name":"wp","href":"https:\/\/api.w.org\/{rel}","templated":true}]}}