{"id":29338,"date":"2022-11-27T11:18:26","date_gmt":"2022-11-27T10:18:26","guid":{"rendered":"http:\/\/veloclubfaumont.fr\/?page_id=29338"},"modified":"2022-12-18T11:13:42","modified_gmt":"2022-12-18T10:13:42","slug":"chicon-bike-tour-2023-les-fiches-dinscription","status":"publish","type":"page","link":"https:\/\/veloclubfaumont.fr\/index.php\/chicon-bike-tour-2023-les-fiches-dinscription\/","title":{"rendered":"Chicon Bike Tour 2023 : les inscriptions"},"content":{"rendered":"<p style=\"text-align: center;\"><a href=\"https:\/\/veloclubfaumont.fr\/index.php\/chicon-bike-tour-2023-les-infos\/\">Pr\u00e9sentation du <em><strong>Chicon Bike Tour 2023<\/strong><\/em><\/a> \u2013&nbsp;<a href=\"https:\/\/veloclubfaumont.fr\/index.php\/chicon-bike-tour-2023\/\">&nbsp;Pr\u00e9sentation des parcours VTT\/Gravel<\/a><\/p>\n<p style=\"text-align: center;\"><a href=\"https:\/\/veloclubfaumont.fr\/index.php\/chicon-bike-tour-2023-les-parcours-marche\/\">Pr\u00e9sentation des parcours Marche<\/a> \u2013&nbsp;<a href=\"https:\/\/www.facebook.com\/events\/1485086431964360\/\" target=\"_blank\" rel=\"noopener\">Page \u00c9v\u00e9nement sur Facebook<\/a><\/p>\n<p style=\"text-align: justify;\">Les inscriptions pour le <em><strong>Chicon Bike Tour 2023<\/strong><\/em> pourront se faire sur <a href=\"https:\/\/chicon-bike-tour-vtt.adeorun.com\/?occurrence=2023-01-23\" target=\"_blank\" rel=\"noopener\"><span style=\"text-decoration: underline;\"><strong>internet<\/strong> via ADEORUN<\/span><\/a> (<span style=\"color: #008000;\"><strong>5\u20ac<\/strong> pour le<\/span> <span style=\"color: #008000;\">VTT\/GRAVEL qui roulent en club ou <strong>6\u20ac pour les individuels<\/strong><\/span> et <span style=\"color: #ff6600;\"><strong>4\u20ac<\/strong> pour la MARCHE<\/span>) afin d&rsquo;\u00e9viter les longues files d&rsquo;attente et la gestion de la monnaie \u00e0 la salle (caisse sp\u00e9cifique).<\/p>\n<p style=\"text-align: center;\"><em><img loading=\"lazy\" decoding=\"async\" class=\"alignnone size-large\" src=\"https:\/\/lh3.googleusercontent.com\/pw\/AL9nZEWiTfqrfsuJEENhoa8IbsjVgtE7sQR2hSJmprjdt09B3Eu5qJBnMT24F_ddTZzJKa1RMO-rX0fcCwhEgDQvdQ1NsWsctZ0Eh4CdPLs7gI2UQ7ECXfg2QYc_q_8wa1t7ImZ5Ap2TEfaYSexU4zVfnwcPqw=w1138-h759-no?authuser=0\" width=\"1138\" height=\"759\"><\/em><br \/>\n<em>eh oui, y&rsquo;a du monde en d\u00e9but de matin\u00e9e \u00e0 la salle des f\u00eates de Faumont le jour du Chicon !!<\/em><\/p>\n<p style=\"text-align: justify;\">Pour encore gagner du temps, voici les PDF des diff\u00e9rentes fiches propos\u00e9es \u00e0 la salle. Vous pouvez d&rsquo;ores et d\u00e9j\u00e0 les imprimer puis les remplir tranquillement \u00e0 la maison.<\/p>\n<p style=\"text-align: center;\"><a href=\"https:\/\/veloclubfaumont.fr\/wp-content\/uploads\/2022\/11\/fiche-inscription-cbt2023-CLUB-VTT.pdf\" target=\"_blank\" rel=\"noopener\">Fiche Inscription <strong>Individuelle<\/strong> (hors club)<\/a><\/p>\n<p style=\"text-align: center;\"><a href=\"https:\/\/veloclubfaumont.fr\/wp-content\/uploads\/2022\/11\/fiche-inscription-cbt2023-CLUB-VTT.pdf\" target=\"_blank\" rel=\"noopener\">Fiche <strong>Club<\/strong> VTT\/GRAVEL<\/a><\/p>\n<p style=\"text-align: center;\"><a href=\"https:\/\/veloclubfaumont.fr\/wp-content\/uploads\/2022\/11\/fiche-inscription-cbt2023-CLUB-MARCHE.pdf\" target=\"_blank\" rel=\"noopener\">Fiche <strong>Club<\/strong> MARCHE<\/a><\/p>\n<p style=\"text-align: center;\"><a href=\"https:\/\/veloclubfaumont.fr\/wp-content\/uploads\/2022\/11\/fiche-inscription-cbt2023-individuelle.pdf\" target=\"_blank\" rel=\"noopener\"><img loading=\"lazy\" decoding=\"async\" class=\"aligncenter wp-image-29342 size-large\" title=\"https:\/\/veloclubfaumont.fr\/wp-content\/uploads\/2022\/11\/fiche-inscription-cbt2023-individuelle.pdf\" src=\"https:\/\/veloclubfaumont.fr\/wp-content\/uploads\/2022\/11\/fiche-705x1024.jpg\" alt=\"\" width=\"705\" height=\"1024\" srcset=\"https:\/\/veloclubfaumont.fr\/wp-content\/uploads\/2022\/11\/fiche-705x1024.jpg 705w, https:\/\/veloclubfaumont.fr\/wp-content\/uploads\/2022\/11\/fiche-207x300.jpg 207w, https:\/\/veloclubfaumont.fr\/wp-content\/uploads\/2022\/11\/fiche-768x1115.jpg 768w, https:\/\/veloclubfaumont.fr\/wp-content\/uploads\/2022\/11\/fiche-1058x1536.jpg 1058w, https:\/\/veloclubfaumont.fr\/wp-content\/uploads\/2022\/11\/fiche-1410x2048.jpg 1410w, https:\/\/veloclubfaumont.fr\/wp-content\/uploads\/2022\/11\/fiche-scaled.jpg 1763w\" sizes=\"auto, (max-width: 705px) 100vw, 705px\" \/><\/a><em>les fiches individuelles<\/em><\/p>\n<p style=\"text-align: center;\"><a href=\"https:\/\/veloclubfaumont.fr\/wp-content\/uploads\/2022\/11\/fiche-inscription-cbt2023-CLUB-VTT.pdf\" target=\"_blank\" rel=\"noopener\"><img loading=\"lazy\" decoding=\"async\" class=\"aligncenter wp-image-29343 size-large\" title=\"https:\/\/veloclubfaumont.fr\/wp-content\/uploads\/2022\/11\/fiche-inscription-cbt2023-CLUB-VTT.pdf\" src=\"https:\/\/veloclubfaumont.fr\/wp-content\/uploads\/2022\/11\/vttclub-757x1024.jpg\" alt=\"\" width=\"757\" height=\"1024\" srcset=\"https:\/\/veloclubfaumont.fr\/wp-content\/uploads\/2022\/11\/vttclub-757x1024.jpg 757w, https:\/\/veloclubfaumont.fr\/wp-content\/uploads\/2022\/11\/vttclub-222x300.jpg 222w, https:\/\/veloclubfaumont.fr\/wp-content\/uploads\/2022\/11\/vttclub-768x1039.jpg 768w, https:\/\/veloclubfaumont.fr\/wp-content\/uploads\/2022\/11\/vttclub-1136x1536.jpg 1136w, https:\/\/veloclubfaumont.fr\/wp-content\/uploads\/2022\/11\/vttclub-1514x2048.jpg 1514w, https:\/\/veloclubfaumont.fr\/wp-content\/uploads\/2022\/11\/vttclub.jpg 1611w\" sizes=\"auto, (max-width: 757px) 100vw, 757px\" \/><\/a><em>fiche CLUB VTT\/GRAVEL<\/em><\/p>\n<p style=\"text-align: center;\"><a href=\"https:\/\/veloclubfaumont.fr\/wp-content\/uploads\/2022\/11\/fiche-inscription-cbt2023-CLUB-VTT.pdf\">fiche-inscription-cbt2023-CLUB-VTT<\/a> <a href=\"https:\/\/veloclubfaumont.fr\/wp-content\/uploads\/2022\/11\/fiche-inscription-cbt2023-CLUB-MARCHE.pdf\" target=\"_blank\" rel=\"noopener\"><img loading=\"lazy\" decoding=\"async\" class=\"aligncenter wp-image-29344 size-large\" title=\"https:\/\/veloclubfaumont.fr\/wp-content\/uploads\/2022\/11\/fiche-inscription-cbt2023-CLUB-MARCHE.pdf\" src=\"https:\/\/veloclubfaumont.fr\/wp-content\/uploads\/2022\/11\/fiche-marche-757x1024.jpg\" alt=\"\" width=\"757\" height=\"1024\" srcset=\"https:\/\/veloclubfaumont.fr\/wp-content\/uploads\/2022\/11\/fiche-marche-757x1024.jpg 757w, https:\/\/veloclubfaumont.fr\/wp-content\/uploads\/2022\/11\/fiche-marche-222x300.jpg 222w, https:\/\/veloclubfaumont.fr\/wp-content\/uploads\/2022\/11\/fiche-marche-768x1039.jpg 768w, https:\/\/veloclubfaumont.fr\/wp-content\/uploads\/2022\/11\/fiche-marche-1136x1536.jpg 1136w, https:\/\/veloclubfaumont.fr\/wp-content\/uploads\/2022\/11\/fiche-marche-1514x2048.jpg 1514w, https:\/\/veloclubfaumont.fr\/wp-content\/uploads\/2022\/11\/fiche-marche.jpg 1609w\" sizes=\"auto, (max-width: 757px) 100vw, 757px\" \/><\/a><em>fiche Club MARCHE<\/em><\/p>\n<p style=\"text-align: center;\"><a href=\"https:\/\/veloclubfaumont.fr\/index.php\/chicon-bike-tour-2023-les-infos\/\">Pr\u00e9sentation du <em><strong>Chicon Bike Tour 2023<\/strong><\/em><\/a> &#8211;&nbsp;<a href=\"https:\/\/veloclubfaumont.fr\/index.php\/chicon-bike-tour-2023\/\">&nbsp;Pr\u00e9sentation des parcours VTT\/Gravel<\/a><\/p>\n<p style=\"text-align: center;\"><a href=\"https:\/\/veloclubfaumont.fr\/index.php\/chicon-bike-tour-2023-les-parcours-marche\/\">Pr\u00e9sentation des parcours Marche<\/a> &#8211;&nbsp;<a href=\"https:\/\/www.facebook.com\/events\/1485086431964360\/\" target=\"_blank\" rel=\"noopener\">Page \u00c9v\u00e9nement sur Facebook<\/a><\/p>\n","protected":false},"excerpt":{"rendered":"<p>Pr\u00e9sentation du Chicon Bike Tour 2023 \u2013&nbsp;&nbsp;Pr\u00e9sentation des parcours VTT\/Gravel Pr\u00e9sentation des parcours Marche \u2013&nbsp;Page \u00c9v\u00e9nement sur Facebook Les inscriptions pour le Chicon Bike Tour 2023 pourront se faire sur&#8230;<\/p>\n","protected":false},"author":1,"featured_media":29342,"parent":0,"menu_order":0,"comment_status":"closed","ping_status":"closed","template":"","meta":{"ngg_post_thumbnail":0,"jetpack_post_was_ever_published":false,"two_page_speed":[],"footnotes":""},"class_list":["post-29338","page","type-page","status-publish","has-post-thumbnail","hentry"],"jetpack_sharing_enabled":true,"jetpack_shortlink":"https:\/\/wp.me\/P8bXJp-7Dc","_links":{"self":[{"href":"https:\/\/veloclubfaumont.fr\/index.php\/wp-json\/wp\/v2\/pages\/29338","targetHints":{"allow":["GET"]}}],"collection":[{"href":"https:\/\/veloclubfaumont.fr\/index.php\/wp-json\/wp\/v2\/pages"}],"about":[{"href":"https:\/\/veloclubfaumont.fr\/index.php\/wp-json\/wp\/v2\/types\/page"}],"author":[{"embeddable":true,"href":"https:\/\/veloclubfaumont.fr\/index.php\/wp-json\/wp\/v2\/users\/1"}],"replies":[{"embeddable":true,"href":"https:\/\/veloclubfaumont.fr\/index.php\/wp-json\/wp\/v2\/comments?post=29338"}],"version-history":[{"count":0,"href":"https:\/\/veloclubfaumont.fr\/index.php\/wp-json\/wp\/v2\/pages\/29338\/revisions"}],"wp:featuredmedia":[{"embeddable":true,"href":"https:\/\/veloclubfaumont.fr\/index.php\/wp-json\/wp\/v2\/media\/29342"}],"wp:attachment":[{"href":"https:\/\/veloclubfaumont.fr\/index.php\/wp-json\/wp\/v2\/media?parent=29338"}],"curies":[{"name":"wp","href":"https:\/\/api.w.org\/{rel}","templated":true}]}}