{"id":29772,"date":"2023-01-28T11:41:29","date_gmt":"2023-01-28T10:41:29","guid":{"rendered":"http:\/\/veloclubfaumont.fr\/?page_id=29772"},"modified":"2024-02-03T13:11:29","modified_gmt":"2024-02-03T12:11:29","slug":"2023-3","status":"publish","type":"page","link":"https:\/\/veloclubfaumont.fr\/index.php\/2023-3\/","title":{"rendered":"2023"},"content":{"rendered":"<p><a href=\"https:\/\/veloclubfaumont.fr\/index.php\/2023-2\/\">Chicon Bike Tour 2023<\/a><\/p>\n<p><a href=\"https:\/\/veloclubfaumont.fr\/index.php\/2023\/03\/19\/les-40-ans-du-veloclub-faumontois\/\">Les 40 ans du Club<\/a><\/p>\n<p><a href=\"https:\/\/veloclubfaumont.fr\/index.php\/nocturne-vtt-2023-la-presentation\/\">Nocturne VTT 2023<\/a><\/p>\n<p><a href=\"https:\/\/veloclubfaumont.fr\/index.php\/2023\/11\/26\/assemblee-generale-du-vcf-2023\/\">Assembl\u00e9e G\u00e9n\u00e9rale 2023<\/a><\/p>\n","protected":false},"excerpt":{"rendered":"<p>Chicon Bike Tour 2023 Les 40 ans du Club Nocturne VTT 2023 Assembl\u00e9e G\u00e9n\u00e9rale 2023<\/p>\n","protected":false},"author":1,"featured_media":0,"parent":0,"menu_order":0,"comment_status":"closed","ping_status":"closed","template":"","meta":{"ngg_post_thumbnail":0,"jetpack_post_was_ever_published":false,"two_page_speed":[],"footnotes":""},"class_list":["post-29772","page","type-page","status-publish","hentry"],"jetpack_sharing_enabled":true,"jetpack_shortlink":"https:\/\/wp.me\/P8bXJp-7Kc","_links":{"self":[{"href":"https:\/\/veloclubfaumont.fr\/index.php\/wp-json\/wp\/v2\/pages\/29772","targetHints":{"allow":["GET"]}}],"collection":[{"href":"https:\/\/veloclubfaumont.fr\/index.php\/wp-json\/wp\/v2\/pages"}],"about":[{"href":"https:\/\/veloclubfaumont.fr\/index.php\/wp-json\/wp\/v2\/types\/page"}],"author":[{"embeddable":true,"href":"https:\/\/veloclubfaumont.fr\/index.php\/wp-json\/wp\/v2\/users\/1"}],"replies":[{"embeddable":true,"href":"https:\/\/veloclubfaumont.fr\/index.php\/wp-json\/wp\/v2\/comments?post=29772"}],"version-history":[{"count":0,"href":"https:\/\/veloclubfaumont.fr\/index.php\/wp-json\/wp\/v2\/pages\/29772\/revisions"}],"wp:attachment":[{"href":"https:\/\/veloclubfaumont.fr\/index.php\/wp-json\/wp\/v2\/media?parent=29772"}],"curies":[{"name":"wp","href":"https:\/\/api.w.org\/{rel}","templated":true}]}}