{"id":30,"date":"2016-12-09T23:06:36","date_gmt":"2016-12-09T22:06:36","guid":{"rendered":"http:\/\/veloclubfaumont.fr\/?page_id=30"},"modified":"2018-01-31T14:17:14","modified_gmt":"2018-01-31T13:17:14","slug":"2015-2","status":"publish","type":"page","link":"https:\/\/veloclubfaumont.fr\/index.php\/2015-2\/","title":{"rendered":"Archives du Club : 2015"},"content":{"rendered":"<p>Tous les \u00e9v\u00e9nements majeurs de l&rsquo;ann\u00e9e 2015 seront disponibles ici.<\/p>\n","protected":false},"excerpt":{"rendered":"<p>Tous les \u00e9v\u00e9nements majeurs de l&rsquo;ann\u00e9e 2015 seront disponibles ici.<\/p>\n","protected":false},"author":1,"featured_media":0,"parent":0,"menu_order":0,"comment_status":"closed","ping_status":"closed","template":"","meta":{"ngg_post_thumbnail":0,"jetpack_post_was_ever_published":false,"two_page_speed":[],"footnotes":""},"class_list":["post-30","page","type-page","status-publish","hentry"],"jetpack_sharing_enabled":true,"jetpack_shortlink":"https:\/\/wp.me\/P8bXJp-u","_links":{"self":[{"href":"https:\/\/veloclubfaumont.fr\/index.php\/wp-json\/wp\/v2\/pages\/30","targetHints":{"allow":["GET"]}}],"collection":[{"href":"https:\/\/veloclubfaumont.fr\/index.php\/wp-json\/wp\/v2\/pages"}],"about":[{"href":"https:\/\/veloclubfaumont.fr\/index.php\/wp-json\/wp\/v2\/types\/page"}],"author":[{"embeddable":true,"href":"https:\/\/veloclubfaumont.fr\/index.php\/wp-json\/wp\/v2\/users\/1"}],"replies":[{"embeddable":true,"href":"https:\/\/veloclubfaumont.fr\/index.php\/wp-json\/wp\/v2\/comments?post=30"}],"version-history":[{"count":0,"href":"https:\/\/veloclubfaumont.fr\/index.php\/wp-json\/wp\/v2\/pages\/30\/revisions"}],"wp:attachment":[{"href":"https:\/\/veloclubfaumont.fr\/index.php\/wp-json\/wp\/v2\/media?parent=30"}],"curies":[{"name":"wp","href":"https:\/\/api.w.org\/{rel}","templated":true}]}}