{"id":3131,"date":"2016-12-20T15:50:35","date_gmt":"2016-12-20T14:50:35","guid":{"rendered":"http:\/\/veloclubfaumont.fr\/?page_id=3131"},"modified":"2016-12-30T09:59:52","modified_gmt":"2016-12-30T08:59:52","slug":"chicon-bike-tour-2017-partenaires-et-sponsors","status":"publish","type":"page","link":"https:\/\/veloclubfaumont.fr\/index.php\/2017-2\/chicon-bike-tour\/chicon-bike-tour-2017-partenaires-et-sponsors\/","title":{"rendered":"Chicon Bike Tour 2017 : Partenaires et sponsors"},"content":{"rendered":"<p style=\"text-align: justify;\">Comme toutes les grosses manifestations sportives, le <strong><em>Chicon Bike Tour<\/em><\/strong> ne serait rien sans les nombreux b\u00e9n\u00e9voles (\u00e0 peu pr\u00e8s 70) qui mettront tout en \u0153uvre pour vous accueillir dans les meilleures conditions d\u2019accueil et de s\u00e9curit\u00e9. M\u00eame chose pour ses partenaires et ses sponsors. Cette ann\u00e9e 2017, il y a les habitu\u00e9s mais aussi des nouveaux. Un grand merci \u00e0 :<\/p>\n<ul>\n<li style=\"text-align: justify;\"><strong><a href=\"https:\/\/www.vtt-hautsdefrance.fr\/\" target=\"_blank\">VTT-hautsd<\/a><a href=\"https:\/\/veloclubfaumont.fr\/index.php\/chicon-bike-tour\/chicon-bike-tour-2017-partenaires-et-sponsors\/logo-vtt5962\/\" rel=\"attachment wp-att-3132\"><img loading=\"lazy\" decoding=\"async\" class=\"alignright wp-image-3132 size-medium\" src=\"https:\/\/veloclubfaumont.fr\/wp-content\/uploads\/2016\/12\/logo-vtt5962-300x100.jpg\" width=\"300\" height=\"100\" srcset=\"https:\/\/veloclubfaumont.fr\/wp-content\/uploads\/2016\/12\/logo-vtt5962-300x100.jpg 300w, https:\/\/veloclubfaumont.fr\/wp-content\/uploads\/2016\/12\/logo-vtt5962.jpg 559w\" sizes=\"auto, (max-width: 300px) 100vw, 300px\" \/><\/a><a href=\"https:\/\/www.vtt-hautsdefrance.fr\/\" target=\"_blank\">eflandres<\/a><\/strong> pour avoir relay\u00e9 l&rsquo;information partout dans la r\u00e9gion (mais aussi en Belgique). Si vous avez un \u00e9v\u00e9nement VTT \u00e0 faire diffuser, c&rsquo;est l\u00e0 qu&rsquo;il faut aller en priorit\u00e9.<\/li>\n<\/ul>\n<p>&nbsp;<\/p>\n<ul>\n<li style=\"text-align: justify;\"><a href=\"https:\/\/veloclubfaumont.fr\/index.php\/chicon-bike-tour\/chicon-bike-tour-2017-presentation-generale\/plaque-cadre-cbt-2017\/\" rel=\"attachment wp-att-3129\"><img loading=\"lazy\" decoding=\"async\" class=\"alignright wp-image-3129 size-medium\" src=\"https:\/\/veloclubfaumont.fr\/wp-content\/uploads\/2016\/12\/plaque-cadre-cbt-2017-300x206.jpg\" width=\"300\" height=\"206\" srcset=\"https:\/\/veloclubfaumont.fr\/wp-content\/uploads\/2016\/12\/plaque-cadre-cbt-2017-300x206.jpg 300w, https:\/\/veloclubfaumont.fr\/wp-content\/uploads\/2016\/12\/plaque-cadre-cbt-2017-768x528.jpg 768w, https:\/\/veloclubfaumont.fr\/wp-content\/uploads\/2016\/12\/plaque-cadre-cbt-2017.jpg 886w\" sizes=\"auto, (max-width: 300px) 100vw, 300px\" \/><\/a><strong>Les \u00c9tablissements Johann Flon<\/strong> pour vous avoir offert 1200 plaques de cadre VTT. Une entreprise bas\u00e9e \u00e0 Raimbeaucourt sp\u00e9cialis\u00e9e dans le chauffage-sanitaire-installations solaires. Elle nous a aussi aid\u00e9 \u00e0 ajouter 5 sorties eau suppl\u00e9mentaires pour le bike-wash VTT (un des points noirs \u00e0 chaque fin de rando) portant ainsi l&rsquo;effectif \u00e0 11 lances de nettoyage au total, de quoi satisfaire les nombreux v\u00e9t\u00e9tistes apr\u00e8s leur escapade souvent boueuse.<br \/>\nSi vous voulez installer ou d\u00e9panner votre chauffage ou vos sanitaires, vous ne serez pas d\u00e9\u00e7u par ce sp\u00e9cialiste proche de chez vous. Contact voir image ci-contre.<\/li>\n<\/ul>\n<ul>\n<li style=\"text-align: justify;\"><strong><a href=\"https:\/\/veloclubfaumont.fr\/index.php\/chicon-bike-tour\/chicon-bike-tour-2017-partenaires-et-sponsors\/logo-chronodrive\/\" rel=\"attachment wp-att-3147\"><img loading=\"lazy\" decoding=\"async\" class=\"alignright size-medium wp-image-3147\" src=\"https:\/\/veloclubfaumont.fr\/wp-content\/uploads\/2016\/12\/logo-chronodrive-300x109.jpg\" alt=\"\" width=\"300\" height=\"109\" srcset=\"https:\/\/veloclubfaumont.fr\/wp-content\/uploads\/2016\/12\/logo-chronodrive-300x109.jpg 300w, https:\/\/veloclubfaumont.fr\/wp-content\/uploads\/2016\/12\/logo-chronodrive.jpg 466w\" sizes=\"auto, (max-width: 300px) 100vw, 300px\" \/><\/a><a href=\"http:\/\/www.chronodrive.com\/prehome\" target=\"_blank\">Chronodrive<\/a><\/strong> pour nous fournir en eau, en enveloppes d&rsquo;inscription et vous offrir 3 magnifiques paniers garnis avec quelques sp\u00e9cialit\u00e9s r\u00e9gionales succulentes&#8230; Plusieurs magasins sont disponibles dans la r\u00e9gion : Avelin, Libercourt, Wasquehal, Hallennes lez Haubourdin, Croix&#8230; Commandez 24h\/24 sur <a href=\"http:\/\/www.chronodrive.com\/prehome\" target=\"_blank\">chronodrive.com<\/a>. Passez au drive du lundi au samedi de 8h30 \u00e0 20h30 et le dimanche de 9h \u00e0 12h45. Vos courses sont charg\u00e9es en moins de 5 min.<\/li>\n<\/ul>\n<p>&nbsp;<\/p>\n<ul>\n<li style=\"text-align: justify;\"><a href=\"http:\/\/www.eurologo.fr\/\" target=\"_blank\"><strong>Eurologo<\/strong><\/a>&nbsp; nous a c<a href=\"https:\/\/veloclubfaumont.fr\/index.php\/chicon-bike-tour\/chicon-bike-tour-2017-partenaires-et-sponsors\/eurologo\/\" rel=\"attachment wp-att-3146\"><img loading=\"lazy\" decoding=\"async\" class=\"alignright size-medium wp-image-3146\" src=\"https:\/\/veloclubfaumont.fr\/wp-content\/uploads\/2016\/12\/eurologo-300x107.jpg\" alt=\"\" width=\"300\" height=\"107\" srcset=\"https:\/\/veloclubfaumont.fr\/wp-content\/uploads\/2016\/12\/eurologo-300x107.jpg 300w, https:\/\/veloclubfaumont.fr\/wp-content\/uploads\/2016\/12\/eurologo.jpg 496w\" sizes=\"auto, (max-width: 300px) 100vw, 300px\" \/><\/a>oncoct\u00e9 nos nouvelles fl\u00e8ches directionnelles pour les 3 parcours VTT. En esp\u00e9rant qu&rsquo;elles soient bien visibles (et pas arrach\u00e9es). Cette entreprise artisanale de s\u00e9rigraphie situ\u00e9e \u00e0 Coutiches a \u00e9t\u00e9 fond\u00e9e en 1989. Elle s&rsquo;est sp\u00e9cialis\u00e9e dans la s\u00e9rigraphie sur plat (panneaux, autocollants, stickers, fanions), sur textile: (T. shirt , casquettes,coupe vent, sweat), le marquage&nbsp;sur objets (publicitaires ou industriels), le lettrage adh\u00e9sif (d\u00e9c<a href=\"https:\/\/veloclubfaumont.fr\/index.php\/chicon-bike-tour\/chicon-bike-tour-2017-partenaires-et-sponsors\/fleche-vtt\/\" rel=\"attachment wp-att-3818\"><img loading=\"lazy\" decoding=\"async\" class=\"alignleft size-medium wp-image-3818\" src=\"https:\/\/veloclubfaumont.fr\/wp-content\/uploads\/2016\/12\/fleche-vtt-300x118.jpg\" alt=\"\" width=\"300\" height=\"118\" srcset=\"https:\/\/veloclubfaumont.fr\/wp-content\/uploads\/2016\/12\/fleche-vtt-300x118.jpg 300w, https:\/\/veloclubfaumont.fr\/wp-content\/uploads\/2016\/12\/fleche-vtt-768x301.jpg 768w, https:\/\/veloclubfaumont.fr\/wp-content\/uploads\/2016\/12\/fleche-vtt.jpg 800w\" sizes=\"auto, (max-width: 300px) 100vw, 300px\" \/><\/a>oration de v\u00e9hicules, enseignes, panneaux, calicots, d\u00e9coration murale int\u00e9rieure), l&rsquo;impression num\u00e9rique (photos adh\u00e9sives, b\u00e2ches publicitaires&#8230;),&nbsp; la broderie sur: v\u00eatements publicitaires ou industriels, casquettes ainsi que les coupes et troph\u00e9es.<\/li>\n<\/ul>\n<p><a href=\"https:\/\/veloclubfaumont.fr\/index.php\/chicon-bike-tour\/chicon-bike-tour-2017-partenaires-et-sponsors\/cristaline\/\" rel=\"attachment wp-att-3142\"><img loading=\"lazy\" decoding=\"async\" class=\"alignright wp-image-3142\" src=\"https:\/\/veloclubfaumont.fr\/wp-content\/uploads\/2016\/12\/cristaline.png\" alt=\"\" width=\"167\" height=\"167\"><\/a><\/p>\n<ul>\n<li style=\"text-align: justify;\"><a href=\"http:\/\/www.moneaucristaline.fr\/\" target=\"_blank\"><strong>Cristaline<\/strong><\/a> et la source Louise de M\u00e9rignies (village voisin de Faumont) vous fournira toutes les petites bouteilles d&rsquo;eau dont vous aurez besoin avant de partir affronter les diff\u00e9rents parcours VTT, cyclos ou marche.<\/li>\n<\/ul>\n<p>&nbsp;<\/p>\n<ul>\n<li style=\"text-align: justify;\"><a href=\"http:\/\/www.northtri.fr\/\" target=\"_blank\"><strong>Northtri<\/strong><\/a> sera pr\u00e9sent \u00e0 la salle pour pr\u00e9senter sa gamme <a href=\"https:\/\/veloclubfaumont.fr\/index.php\/chicon-bike-tour\/chicon-bike-tour-2017-partenaires-et-sponsors\/northtri\/\" rel=\"attachment wp-att-3139\"><img loading=\"lazy\" decoding=\"async\" class=\"size-full wp-image-3139 alignright\" src=\"https:\/\/veloclubfaumont.fr\/wp-content\/uploads\/2016\/12\/northtri.png\" alt=\"\" width=\"259\" height=\"194\"><\/a>d&rsquo;\u00e9quipements sportifs sp\u00e9cialis\u00e9e sur le <span id=\"u3009-4\">cyclisme<\/span>, la <span id=\"u3009-6\">course \u00e0 pied<\/span>, la <span id=\"u3009-8\">natation<\/span> et m\u00eame le<span id=\"u3009-10\"> triathlon<\/span>. Le magasin (bas\u00e9 \u00e0 Marchiennes) vous offrira \u00e9galement quelques lots pour la tombola. Pour les amoureux du v\u00e9lo, <a href=\"http:\/\/www.northtri.fr\/\" target=\"_blank\">Northtri<\/a> est revendeur des marques Scott et Giant. Nous avions effectu\u00e9 un <a href=\"https:\/\/veloclubfaumont.fr\/index.php\/2016\/10\/21\/inauguration-show-room-north-tri-a-marchiennes\/\" target=\"_blank\">reportage<\/a> lors de l&rsquo;inauguration du magasin. Vous pourrez y d\u00e9couvrir le lieu et un \u00e9chantillon des accessoires propos\u00e9s.<\/li>\n<\/ul>\n<p>&nbsp;<\/p>\n<ul>\n<li style=\"text-align: justify;\"><strong><a href=\"https:\/\/veloclubfaumont.fr\/index.php\/chicon-bike-tour\/chicon-bike-tour-2017-partenaires-et-sponsors\/leroux\/\" rel=\"attachment wp-att-3140\"><img loading=\"lazy\" decoding=\"async\" class=\"alignright size-full wp-image-3140\" src=\"https:\/\/veloclubfaumont.fr\/wp-content\/uploads\/2016\/12\/leroux.jpg\" alt=\"\" width=\"262\" height=\"127\" srcset=\"https:\/\/veloclubfaumont.fr\/wp-content\/uploads\/2016\/12\/leroux.jpg 262w, https:\/\/veloclubfaumont.fr\/wp-content\/uploads\/2016\/12\/leroux-260x127.jpg 260w\" sizes=\"auto, (max-width: 262px) 100vw, 262px\" \/><\/a><a href=\"http:\/\/www.location-salles.org\/maison-leroux.php\" target=\"_blank\">La Maison de la Chicor\u00e9e Leroux<\/a><\/strong> nous gratifiera de quelques paniers garnis qui feront la joie des heureux gagnants de notre tombola ainsi que quelques entr\u00e9es gratuites. Avec le chicon, la chicor\u00e9e est l&rsquo;autre embl\u00e8me culinaire de la r\u00e9gion. C&rsquo;est donc en toute logique que les \u00e9tablissements Leroux bas\u00e9s \u00e0 Orchies ont bien voulu participer \u00e0 notre grand \u00e9v\u00e9nement sportif.<\/li>\n<\/ul>\n<p>&nbsp;<\/p>\n<ul>\n<li style=\"text-align: justify;\"><a href=\"https:\/\/veloclubfaumont.fr\/index.php\/chicon-bike-tour\/chicon-bike-tour-2017-partenaires-et-sponsors\/faumont\/\" rel=\"attachment wp-att-3149\"><img loading=\"lazy\" decoding=\"async\" class=\"alignright size-full wp-image-3149\" src=\"https:\/\/veloclubfaumont.fr\/wp-content\/uploads\/2016\/12\/faumont.png\" alt=\"\" width=\"146\" height=\"160\"><\/a>Le village de <strong><a href=\"http:\/\/www.faumont.fr\/\" target=\"_blank\">Faumont<\/a><\/strong> et la mairie qui vont nous aider \u00e0 faire que le Chicon Bike Tour se passe dans les meilleures conditions possibles.<br \/>\nMerci aussi aux agriculteurs qui vont venir s\u00e9curiser l&rsquo;acc\u00e8s \u00e0 la salle en nous d\u00e9posant un \u00e9norme ballot de paille aux 2 entr\u00e9es principales du village. Entre les 2, la zone sera semi-pi\u00e9tonni\u00e8re avec un acc\u00e8s aux riverains ainsi qu&rsquo;aux participants qui pourront garer leur voiture dans cette zone.<\/li>\n<\/ul>\n","protected":false},"excerpt":{"rendered":"<p>Comme toutes les grosses manifestations sportives, le Chicon Bike Tour ne serait rien sans les nombreux b\u00e9n\u00e9voles (\u00e0 peu pr\u00e8s 70) qui mettront tout en \u0153uvre pour vous accueillir dans&#8230;<\/p>\n","protected":false},"author":1,"featured_media":0,"parent":68,"menu_order":0,"comment_status":"closed","ping_status":"closed","template":"","meta":{"ngg_post_thumbnail":0,"jetpack_post_was_ever_published":false,"two_page_speed":[],"footnotes":""},"class_list":["post-3131","page","type-page","status-publish","hentry"],"jetpack_sharing_enabled":true,"jetpack_shortlink":"https:\/\/wp.me\/P8bXJp-Ov","_links":{"self":[{"href":"https:\/\/veloclubfaumont.fr\/index.php\/wp-json\/wp\/v2\/pages\/3131","targetHints":{"allow":["GET"]}}],"collection":[{"href":"https:\/\/veloclubfaumont.fr\/index.php\/wp-json\/wp\/v2\/pages"}],"about":[{"href":"https:\/\/veloclubfaumont.fr\/index.php\/wp-json\/wp\/v2\/types\/page"}],"author":[{"embeddable":true,"href":"https:\/\/veloclubfaumont.fr\/index.php\/wp-json\/wp\/v2\/users\/1"}],"replies":[{"embeddable":true,"href":"https:\/\/veloclubfaumont.fr\/index.php\/wp-json\/wp\/v2\/comments?post=3131"}],"version-history":[{"count":0,"href":"https:\/\/veloclubfaumont.fr\/index.php\/wp-json\/wp\/v2\/pages\/3131\/revisions"}],"up":[{"embeddable":true,"href":"https:\/\/veloclubfaumont.fr\/index.php\/wp-json\/wp\/v2\/pages\/68"}],"wp:attachment":[{"href":"https:\/\/veloclubfaumont.fr\/index.php\/wp-json\/wp\/v2\/media?parent=3131"}],"curies":[{"name":"wp","href":"https:\/\/api.w.org\/{rel}","templated":true}]}}