{"id":33407,"date":"2023-11-24T18:54:15","date_gmt":"2023-11-24T17:54:15","guid":{"rendered":"http:\/\/veloclubfaumont.fr\/?page_id=33407"},"modified":"2023-12-16T16:22:14","modified_gmt":"2023-12-16T15:22:14","slug":"chicon-bike-tour-2024-les-parcours-marche","status":"publish","type":"page","link":"https:\/\/veloclubfaumont.fr\/index.php\/chicon-bike-tour-2024-les-parcours-marche\/","title":{"rendered":"Chicon Bike Tour 2024 : les parcours Marche"},"content":{"rendered":"<p>Cette ann\u00e9e, 3 parcours Marche autour de Faumont vous seront propos\u00e9s : <strong>5 km, 7 km et 12 km (nouveau parcours pour la plus grande distance)<br \/>\n<\/strong><\/p>\n<p>Pas de ravito, mais un en-cas et une bouteille d\u2019eau de 50cl (fournie par la source <strong>LOUISE de M\u00e9rignies<\/strong>) seront donn\u00e9s \u00e0 l\u2019inscription \u00e0 la salle.<\/p>\n<p><strong>Au retour salle<\/strong> : soupe aux chicons + sandwich + boisson + sachet de chicons<\/p>\n<p><strong>Tarif<\/strong> sur place et en ligne : <strong>5\u20ac<\/strong><\/p>\n<p style=\"text-align: center;\"><img loading=\"lazy\" decoding=\"async\" class=\"alignnone size-large\" src=\"https:\/\/i2.wp.com\/veloclubfaumont.fr\/wp-content\/uploads\/2017\/12\/DSC06619.jpg\" width=\"1162\" height=\"778\"><br \/>\n<em>chemin commun au d\u00e9part de la randonn\u00e9e p\u00e9destre<\/em><\/p>\n<p style=\"text-align: center;\"><img loading=\"lazy\" decoding=\"async\" class=\"aligncenter\" src=\"https:\/\/i1.wp.com\/veloclubfaumont.fr\/wp-content\/uploads\/2019\/10\/DSC_0388.jpg?w=2000\" width=\"440\" height=\"782\"><em>balisage en jaune pour les marcheurs<\/em><\/p>\n<p style=\"text-align: center;\"><em><img loading=\"lazy\" decoding=\"async\" class=\"alignnone size-large\" src=\"https:\/\/lh3.googleusercontent.com\/pw\/AL9nZEV4WDVOo02Ugv3fW_olPKjgZMoIpl7OYzYcuamR9__eUeLbDUb1njisjawOtvl40_VTHzlLS-a9Yq-f6KvwWWN1U9xU7B2HtSOBlQVIn6pPlUwdRtN8H6NGDMPUQC8Q0YTo_m8XW2wn0SskgB0ssBasCg=w1138-h759-no?authuser=0\" width=\"1138\" height=\"759\"><\/em><br \/>\n<em>retour \u00e0 la salle avec de quoi reprendre ses forces !<\/em><\/p>\n<p>Voici les cartes des 3 parcours, avec un lien <strong>Openrunner<\/strong> et <strong>Komoot<\/strong> pour t\u00e9l\u00e9charger la trace voulue sur votre smartphone ou votre GPS. La trace tournera autour de Faumont pour les petits parcours et un tour vers les bords de Coutiches pour le 12 km :<\/p>\n<p style=\"text-align: center;\"><a href=\"https:\/\/veloclubfaumont.fr\/wp-content\/uploads\/2023\/12\/CARTE-MARCHE-2024-scaled.jpg\"><img loading=\"lazy\" decoding=\"async\" class=\"aligncenter size-large wp-image-35551\" src=\"https:\/\/veloclubfaumont.fr\/wp-content\/uploads\/2023\/12\/CARTE-MARCHE-2024-1024x723.jpg\" alt=\"\" width=\"1024\" height=\"723\" srcset=\"https:\/\/veloclubfaumont.fr\/wp-content\/uploads\/2023\/12\/CARTE-MARCHE-2024-1024x723.jpg 1024w, https:\/\/veloclubfaumont.fr\/wp-content\/uploads\/2023\/12\/CARTE-MARCHE-2024-300x212.jpg 300w, https:\/\/veloclubfaumont.fr\/wp-content\/uploads\/2023\/12\/CARTE-MARCHE-2024-768x542.jpg 768w, https:\/\/veloclubfaumont.fr\/wp-content\/uploads\/2023\/12\/CARTE-MARCHE-2024-1536x1085.jpg 1536w, https:\/\/veloclubfaumont.fr\/wp-content\/uploads\/2023\/12\/CARTE-MARCHE-2024-2048x1447.jpg 2048w\" sizes=\"auto, (max-width: 1024px) 100vw, 1024px\" \/><\/a>LES 3 PARCOURS MARCHE<\/p>\n<p>&nbsp;<\/p>\n<h3><span style=\"color: #339966;\"><strong>Marche 5 km :<\/strong><\/span><\/h3>\n<p style=\"text-align: center;\"><img loading=\"lazy\" decoding=\"async\" class=\"alignnone size-large\" src=\"https:\/\/i0.wp.com\/veloclubfaumont.fr\/wp-content\/uploads\/2022\/11\/marche-cbt-2023-5km.jpg?w=558\" width=\"558\" height=\"537\"><\/p>\n<p style=\"text-align: center;\"><a href=\"https:\/\/www.openrunner.com\/route-details\/15864603\" target=\"_blank\" rel=\"noopener\">LIEN OPENRUNNER<\/a><br \/>\n&nbsp;<br \/>\n<iframe loading=\"lazy\" src=\"https:\/\/www.komoot.com\/fr-fr\/tour\/984705766\/embed?profile=1&amp;share_token=aa4AVHPdriR8ilHUs2XsC6EP67kmtQ4VGy9wc9QdrdJ320wTtt\" width=\"100%\" height=\"700\" frameborder=\"0\" scrolling=\"no\"><\/iframe><br \/>\n&nbsp;<\/p>\n<h2 style=\"text-align: left;\"><span style=\"color: #0000ff;\">Marche 7 km :&nbsp;<span style=\"color: #000000;\"> (<a href=\"https:\/\/www.openrunner.com\/route-details\/15864690\" target=\"_blank\" rel=\"noopener\">lien openrunner<\/a>)<\/span><br \/>\n<\/span><\/h2>\n<p style=\"text-align: center;\"><iframe loading=\"lazy\" src=\"https:\/\/www.komoot.com\/fr-fr\/tour\/984706853\/embed?profile=1&amp;share_token=abqkMcsjcmXdyH4vCr9Y9OyGtapV85C1pFL95piCqrce3dDlQL\" width=\"100%\" height=\"700\" frameborder=\"0\" scrolling=\"no\"><\/iframe><\/p>\n<h2 style=\"text-align: left;\"><strong><span style=\"background-color: #ffffff; color: #ff0000;\">Marche 12 km<\/span><\/strong> : (<a href=\"https:\/\/www.openrunner.com\/route-details\/17814429\" target=\"_blank\" rel=\"noopener\">lien openrunner<\/a>)<\/h2>\n<p style=\"text-align: center;\"><iframe loading=\"lazy\" src=\"https:\/\/www.komoot.com\/fr-fr\/tour\/1381205376\/embed?profile=1&amp;share_token=aSCytY0xa00ZyOrkHyCNrKSktOOTVDe4kzX1nA8NNj5xeRmlbc\" width=\"100%\" height=\"700\" frameborder=\"0\" scrolling=\"no\"><\/iframe><\/p>\n<p style=\"text-align: center;\">&nbsp;<\/p>\n","protected":false},"excerpt":{"rendered":"<p>Cette ann\u00e9e, 3 parcours Marche autour de Faumont vous seront propos\u00e9s : 5 km, 7 km et 12 km (nouveau parcours pour la plus grande distance) Pas de ravito, mais&#8230;<\/p>\n","protected":false},"author":1,"featured_media":0,"parent":0,"menu_order":0,"comment_status":"closed","ping_status":"closed","template":"","meta":{"ngg_post_thumbnail":0,"jetpack_post_was_ever_published":false,"two_page_speed":[],"footnotes":""},"class_list":["post-33407","page","type-page","status-publish","hentry"],"jetpack_sharing_enabled":true,"jetpack_shortlink":"https:\/\/wp.me\/P8bXJp-8GP","_links":{"self":[{"href":"https:\/\/veloclubfaumont.fr\/index.php\/wp-json\/wp\/v2\/pages\/33407","targetHints":{"allow":["GET"]}}],"collection":[{"href":"https:\/\/veloclubfaumont.fr\/index.php\/wp-json\/wp\/v2\/pages"}],"about":[{"href":"https:\/\/veloclubfaumont.fr\/index.php\/wp-json\/wp\/v2\/types\/page"}],"author":[{"embeddable":true,"href":"https:\/\/veloclubfaumont.fr\/index.php\/wp-json\/wp\/v2\/users\/1"}],"replies":[{"embeddable":true,"href":"https:\/\/veloclubfaumont.fr\/index.php\/wp-json\/wp\/v2\/comments?post=33407"}],"version-history":[{"count":0,"href":"https:\/\/veloclubfaumont.fr\/index.php\/wp-json\/wp\/v2\/pages\/33407\/revisions"}],"wp:attachment":[{"href":"https:\/\/veloclubfaumont.fr\/index.php\/wp-json\/wp\/v2\/media?parent=33407"}],"curies":[{"name":"wp","href":"https:\/\/api.w.org\/{rel}","templated":true}]}}