{"id":34,"date":"2016-12-09T23:07:09","date_gmt":"2016-12-09T22:07:09","guid":{"rendered":"http:\/\/veloclubfaumont.fr\/?page_id=34"},"modified":"2017-01-19T20:33:52","modified_gmt":"2017-01-19T19:33:52","slug":"2013-2","status":"publish","type":"page","link":"https:\/\/veloclubfaumont.fr\/index.php\/2013-2\/","title":{"rendered":"Archives du Club : 2013"},"content":{"rendered":"<p>Tous les \u00e9v\u00e9nements majeurs de l&rsquo;ann\u00e9e 2013 seront disponibles ici.<\/p>\n","protected":false},"excerpt":{"rendered":"<p>Tous les \u00e9v\u00e9nements majeurs de l&rsquo;ann\u00e9e 2013 seront disponibles ici.<\/p>\n","protected":false},"author":1,"featured_media":0,"parent":0,"menu_order":0,"comment_status":"closed","ping_status":"closed","template":"","meta":{"ngg_post_thumbnail":0,"jetpack_post_was_ever_published":false,"two_page_speed":[],"footnotes":""},"class_list":["post-34","page","type-page","status-publish","hentry"],"jetpack_sharing_enabled":true,"jetpack_shortlink":"https:\/\/wp.me\/P8bXJp-y","_links":{"self":[{"href":"https:\/\/veloclubfaumont.fr\/index.php\/wp-json\/wp\/v2\/pages\/34","targetHints":{"allow":["GET"]}}],"collection":[{"href":"https:\/\/veloclubfaumont.fr\/index.php\/wp-json\/wp\/v2\/pages"}],"about":[{"href":"https:\/\/veloclubfaumont.fr\/index.php\/wp-json\/wp\/v2\/types\/page"}],"author":[{"embeddable":true,"href":"https:\/\/veloclubfaumont.fr\/index.php\/wp-json\/wp\/v2\/users\/1"}],"replies":[{"embeddable":true,"href":"https:\/\/veloclubfaumont.fr\/index.php\/wp-json\/wp\/v2\/comments?post=34"}],"version-history":[{"count":0,"href":"https:\/\/veloclubfaumont.fr\/index.php\/wp-json\/wp\/v2\/pages\/34\/revisions"}],"wp:attachment":[{"href":"https:\/\/veloclubfaumont.fr\/index.php\/wp-json\/wp\/v2\/media?parent=34"}],"curies":[{"name":"wp","href":"https:\/\/api.w.org\/{rel}","templated":true}]}}