{"id":34731,"date":"2023-12-09T13:48:45","date_gmt":"2023-12-09T12:48:45","guid":{"rendered":"http:\/\/veloclubfaumont.fr\/?page_id=34731"},"modified":"2023-12-19T19:30:31","modified_gmt":"2023-12-19T18:30:31","slug":"cbt-2024-les-fiches-dinscription","status":"publish","type":"page","link":"https:\/\/veloclubfaumont.fr\/index.php\/cbt-2024-les-fiches-dinscription\/","title":{"rendered":"Chicon Bike Tour 2024 : les fiches d&rsquo;inscription"},"content":{"rendered":"<p>Les inscriptions pour le <em><strong>Chicon Bike Tour 2024<\/strong><\/em> pourront se faire sur place mais aussi sur <strong>internet<\/strong> via <strong><a href=\"https:\/\/chicon-bike-tour-vtt.adeorun.com\/\" target=\"_blank\" rel=\"noopener\">ADEORUN<\/a><\/strong> (<strong>6\u20ac<\/strong> pour les VTT\/GRAVEL qui roulent en club ou <strong>8\u20ac pour les individuels<\/strong> (4\u20ac pour les &#8211; de 12 ans) et <strong>5\u20ac<\/strong> pour la MARCHE) afin d\u2019\u00e9viter les longues files d\u2019attente et la gestion de la monnaie \u00e0 la salle (caisse sp\u00e9cifique).<\/p>\n<p>A noter qu&rsquo;il y aura des <strong>TPE<\/strong> sur place pour pouvoir payer sans contact avec votre carte bancaire pour ceux qui n&rsquo;auraient pas de monnaie.<\/p>\n<p>Un <strong>r\u00e8glement de la randonn\u00e9e<\/strong> sera affich\u00e9e dans la classe et chacun devra signer son bon d&rsquo;inscription pour acceptation de ce dernier. Une version PDF est visible ici : <a href=\"https:\/\/veloclubfaumont.fr\/wp-content\/uploads\/2023\/12\/reglement-cbt.pdf\">reglement-cbt<\/a><\/p>\n<p style=\"text-align: center;\"><em><img loading=\"lazy\" decoding=\"async\" class=\"alignnone size-large\" src=\"https:\/\/lh3.googleusercontent.com\/pw\/AL9nZEWiTfqrfsuJEENhoa8IbsjVgtE7sQR2hSJmprjdt09B3Eu5qJBnMT24F_ddTZzJKa1RMO-rX0fcCwhEgDQvdQ1NsWsctZ0Eh4CdPLs7gI2UQ7ECXfg2QYc_q_8wa1t7ImZ5Ap2TEfaYSexU4zVfnwcPqw=w1138-h759-no?authuser=0\" width=\"1138\" height=\"759\"><\/em><br><em>eh oui, y\u2019a du monde en d\u00e9but de matin\u00e9e \u00e0 la salle des f\u00eates de Faumont le jour du Chicon !!<\/em><\/p>\n<p>Pour encore gagner du temps, voici les PDF des diff\u00e9rentes fiches propos\u00e9es \u00e0 la salle. Vous pouvez d\u2019ores et d\u00e9j\u00e0 les imprimer puis les remplir tranquillement \u00e0 la maison.<\/p>\n<p style=\"text-align: center;\">Fiche Inscription <strong>Individuelle VTT\/MARCHE<\/strong> (hors club) : <a href=\"https:\/\/veloclubfaumont.fr\/wp-content\/uploads\/2023\/12\/fiche-individuelle-CBT-1.pdf\">fiche-individuelle-CBT<\/a> (en PDF)<\/p>\n<p style=\"text-align: center;\"><span style=\"background-color: #00ff00;\"><a href=\"https:\/\/veloclubfaumont.fr\/wp-content\/uploads\/2023\/12\/fiche-individuelle-CBT-1-scaled.jpg\"><img loading=\"lazy\" decoding=\"async\" class=\"aligncenter size-large wp-image-35926\" src=\"https:\/\/veloclubfaumont.fr\/wp-content\/uploads\/2023\/12\/fiche-individuelle-CBT-1-724x1024.jpg\" alt=\"\" width=\"724\" height=\"1024\" srcset=\"https:\/\/veloclubfaumont.fr\/wp-content\/uploads\/2023\/12\/fiche-individuelle-CBT-1-724x1024.jpg 724w, https:\/\/veloclubfaumont.fr\/wp-content\/uploads\/2023\/12\/fiche-individuelle-CBT-1-212x300.jpg 212w, https:\/\/veloclubfaumont.fr\/wp-content\/uploads\/2023\/12\/fiche-individuelle-CBT-1-768x1087.jpg 768w, https:\/\/veloclubfaumont.fr\/wp-content\/uploads\/2023\/12\/fiche-individuelle-CBT-1-1086x1536.jpg 1086w, https:\/\/veloclubfaumont.fr\/wp-content\/uploads\/2023\/12\/fiche-individuelle-CBT-1-1448x2048.jpg 1448w, https:\/\/veloclubfaumont.fr\/wp-content\/uploads\/2023\/12\/fiche-individuelle-CBT-1-scaled.jpg 1810w\" sizes=\"auto, (max-width: 724px) 100vw, 724px\" \/><\/a><br>Fiche <strong>Club<\/strong> VTT\/GRAVEL<\/span> : <a href=\"https:\/\/veloclubfaumont.fr\/wp-content\/uploads\/2023\/12\/fiche-club-cbt-VTT.pdf\" target=\"_blank\" rel=\"noopener\">fiche-individuelle-CBT \u00e0 imprimer en PDF<\/a><\/p>\n<p style=\"text-align: center;\"><a href=\"https:\/\/veloclubfaumont.fr\/wp-content\/uploads\/2023\/12\/fiche-club-vtt-1-scaled.jpg\"><img loading=\"lazy\" decoding=\"async\" class=\"aligncenter size-large wp-image-35737\" src=\"https:\/\/veloclubfaumont.fr\/wp-content\/uploads\/2023\/12\/fiche-club-vtt-1-695x1024.jpg\" alt=\"\" width=\"695\" height=\"1024\" srcset=\"https:\/\/veloclubfaumont.fr\/wp-content\/uploads\/2023\/12\/fiche-club-vtt-1-695x1024.jpg 695w, https:\/\/veloclubfaumont.fr\/wp-content\/uploads\/2023\/12\/fiche-club-vtt-1-203x300.jpg 203w, https:\/\/veloclubfaumont.fr\/wp-content\/uploads\/2023\/12\/fiche-club-vtt-1-768x1132.jpg 768w, https:\/\/veloclubfaumont.fr\/wp-content\/uploads\/2023\/12\/fiche-club-vtt-1-1042x1536.jpg 1042w, https:\/\/veloclubfaumont.fr\/wp-content\/uploads\/2023\/12\/fiche-club-vtt-1-1389x2048.jpg 1389w, https:\/\/veloclubfaumont.fr\/wp-content\/uploads\/2023\/12\/fiche-club-vtt-1-scaled.jpg 1736w\" sizes=\"auto, (max-width: 695px) 100vw, 695px\" \/><\/a><\/p>\n<p style=\"text-align: center;\"><span style=\"background-color: #ffff00;\">Fiche <strong>Club<\/strong> MARCHE<\/span> : <a href=\"https:\/\/veloclubfaumont.fr\/wp-content\/uploads\/2023\/12\/fiche-club-cbt-MARCHE.pdf\">fiche-club-cbt-MARCHE \u00e0 imprimer en PDF<\/a><\/p>\n<p style=\"text-align: center;\"><a href=\"https:\/\/veloclubfaumont.fr\/wp-content\/uploads\/2023\/12\/fiche-club-cbt-MARCHE-scaled.jpg\"><img loading=\"lazy\" decoding=\"async\" class=\"aligncenter size-large wp-image-35738\" src=\"https:\/\/veloclubfaumont.fr\/wp-content\/uploads\/2023\/12\/fiche-club-cbt-MARCHE-692x1024.jpg\" alt=\"\" width=\"692\" height=\"1024\" srcset=\"https:\/\/veloclubfaumont.fr\/wp-content\/uploads\/2023\/12\/fiche-club-cbt-MARCHE-692x1024.jpg 692w, https:\/\/veloclubfaumont.fr\/wp-content\/uploads\/2023\/12\/fiche-club-cbt-MARCHE-203x300.jpg 203w, https:\/\/veloclubfaumont.fr\/wp-content\/uploads\/2023\/12\/fiche-club-cbt-MARCHE-768x1136.jpg 768w, https:\/\/veloclubfaumont.fr\/wp-content\/uploads\/2023\/12\/fiche-club-cbt-MARCHE-1038x1536.jpg 1038w, https:\/\/veloclubfaumont.fr\/wp-content\/uploads\/2023\/12\/fiche-club-cbt-MARCHE-1384x2048.jpg 1384w, https:\/\/veloclubfaumont.fr\/wp-content\/uploads\/2023\/12\/fiche-club-cbt-MARCHE-scaled.jpg 1730w\" sizes=\"auto, (max-width: 692px) 100vw, 692px\" \/><\/a><\/p>\n<hr>\n<ul>\n<li><a href=\"https:\/\/www.facebook.com\/events\/1823086381444190\" target=\"_blank\" rel=\"noopener\">Page Facebook de l\u2019\u00e9v\u00e9nement<\/a><\/li>\n<li><a href=\"https:\/\/veloclubfaumont.fr\/index.php\/cbt-2024\/chicon-bike-tour-2024-les-infos\/\">Les infos g\u00e9n\u00e9rales<\/a><\/li>\n<li><a href=\"https:\/\/veloclubfaumont.fr\/index.php\/cbt-2024\/chicon-bike-tour-2024-les-parcours-vtt\/\">Les parcours VTT<\/a><\/li>\n<li><a href=\"https:\/\/veloclubfaumont.fr\/index.php\/chicon-bike-tour-2024-les-parcours-marche\/\">Les parcours Marche<\/a><\/li>\n<li>Les Fiches d\u2019Inscription sur place (ici)<\/li>\n<li><a href=\"https:\/\/chicon-bike-tour-vtt.adeorun.com\/\" target=\"_blank\" rel=\"noopener\">Lien pour les pr\u00e9-inscriptions en ligne<\/a><\/li>\n<\/ul>\n<p style=\"text-align: center;\"><a href=\"https:\/\/veloclubfaumont.fr\/wp-content\/uploads\/2023\/12\/flyer-cbt-2024.jpg\"><img loading=\"lazy\" decoding=\"async\" class=\"aligncenter size-large wp-image-35163\" src=\"https:\/\/veloclubfaumont.fr\/wp-content\/uploads\/2023\/12\/flyer-cbt-2024-724x1024.jpg\" alt=\"\" width=\"724\" height=\"1024\" srcset=\"https:\/\/veloclubfaumont.fr\/wp-content\/uploads\/2023\/12\/flyer-cbt-2024-724x1024.jpg 724w, https:\/\/veloclubfaumont.fr\/wp-content\/uploads\/2023\/12\/flyer-cbt-2024-212x300.jpg 212w, https:\/\/veloclubfaumont.fr\/wp-content\/uploads\/2023\/12\/flyer-cbt-2024-768x1086.jpg 768w, https:\/\/veloclubfaumont.fr\/wp-content\/uploads\/2023\/12\/flyer-cbt-2024-1086x1536.jpg 1086w, https:\/\/veloclubfaumont.fr\/wp-content\/uploads\/2023\/12\/flyer-cbt-2024.jpg 1448w\" sizes=\"auto, (max-width: 724px) 100vw, 724px\" \/><\/a><\/p>\n\n","protected":false},"excerpt":{"rendered":"<p>Les inscriptions pour le Chicon Bike Tour 2024 pourront se faire sur place mais aussi sur internet via ADEORUN (6\u20ac pour les VTT\/GRAVEL qui roulent en club ou 8\u20ac pour&#8230;<\/p>\n","protected":false},"author":1,"featured_media":0,"parent":0,"menu_order":0,"comment_status":"closed","ping_status":"closed","template":"","meta":{"ngg_post_thumbnail":0,"jetpack_post_was_ever_published":false,"two_page_speed":[],"footnotes":""},"class_list":["post-34731","page","type-page","status-publish","hentry"],"jetpack_sharing_enabled":true,"jetpack_shortlink":"https:\/\/wp.me\/P8bXJp-92b","_links":{"self":[{"href":"https:\/\/veloclubfaumont.fr\/index.php\/wp-json\/wp\/v2\/pages\/34731","targetHints":{"allow":["GET"]}}],"collection":[{"href":"https:\/\/veloclubfaumont.fr\/index.php\/wp-json\/wp\/v2\/pages"}],"about":[{"href":"https:\/\/veloclubfaumont.fr\/index.php\/wp-json\/wp\/v2\/types\/page"}],"author":[{"embeddable":true,"href":"https:\/\/veloclubfaumont.fr\/index.php\/wp-json\/wp\/v2\/users\/1"}],"replies":[{"embeddable":true,"href":"https:\/\/veloclubfaumont.fr\/index.php\/wp-json\/wp\/v2\/comments?post=34731"}],"version-history":[{"count":0,"href":"https:\/\/veloclubfaumont.fr\/index.php\/wp-json\/wp\/v2\/pages\/34731\/revisions"}],"wp:attachment":[{"href":"https:\/\/veloclubfaumont.fr\/index.php\/wp-json\/wp\/v2\/media?parent=34731"}],"curies":[{"name":"wp","href":"https:\/\/api.w.org\/{rel}","templated":true}]}}