{"id":36,"date":"2016-12-09T23:07:54","date_gmt":"2016-12-09T22:07:54","guid":{"rendered":"http:\/\/veloclubfaumont.fr\/?page_id=36"},"modified":"2016-12-19T11:15:20","modified_gmt":"2016-12-19T10:15:20","slug":"archives","status":"publish","type":"page","link":"https:\/\/veloclubfaumont.fr\/index.php\/archives\/","title":{"rendered":"Archives"},"content":{"rendered":"<div class=\"entry-content clearfix\">\n<ul>\n<li><a href=\"https:\/\/veloclubfaumont.fr\/index.php\/chicon-bike-tour\/chicon-bike-tour-archives\/\">Chicon Bike Tour 2010-2009<\/a><\/li>\n<li><a href=\"https:\/\/veloclubfaumont.fr\/index.php\/archives\/chicon-bike-tour-archives\/\">L&rsquo;ann\u00e9e 2010<\/a><\/li>\n<li><a href=\"https:\/\/veloclubfaumont.fr\/index.php\/archives\/archives-du-club-2009\/\">L&rsquo;ann\u00e9e 2009<\/a><\/li>\n<li><a href=\"https:\/\/veloclubfaumont.fr\/index.php\/archives\/archives-du-club-2008\/\">L&rsquo;ann\u00e9e 2008<\/a><\/li>\n<li><a href=\"https:\/\/veloclubfaumont.fr\/index.php\/archives\/archives-2007-2006\/\">Les ann\u00e9es 2007-2006<\/a><\/li>\n<li><a href=\"https:\/\/veloclubfaumont.fr\/index.php\/archives\/archives-club-1996-2011\/\">Les ann\u00e9es 1996-2001<\/a><\/li>\n<li><a href=\"https:\/\/veloclubfaumont.fr\/index.php\/archives\/archives-du-club-1991-1994\/\">Les ann\u00e9es 1991-1994<\/a><\/li>\n<li><a href=\"https:\/\/veloclubfaumont.fr\/index.php\/archives\/archives-du-club-1983-1986\/\">Les ann\u00e9es 1983-1984<\/a><\/li>\n<\/ul>\n<\/div>\n<div class=\"entry-content clearfix\">\n<p>&nbsp;<\/p>\n<\/div>\n","protected":false},"excerpt":{"rendered":"<p>Chicon Bike Tour 2010-2009 L&rsquo;ann\u00e9e 2010 L&rsquo;ann\u00e9e 2009 L&rsquo;ann\u00e9e 2008 Les ann\u00e9es 2007-2006 Les ann\u00e9es 1996-2001 Les ann\u00e9es 1991-1994 Les ann\u00e9es 1983-1984 &nbsp;<\/p>\n","protected":false},"author":1,"featured_media":0,"parent":0,"menu_order":0,"comment_status":"closed","ping_status":"closed","template":"","meta":{"ngg_post_thumbnail":0,"jetpack_post_was_ever_published":false,"two_page_speed":[],"footnotes":""},"class_list":["post-36","page","type-page","status-publish","hentry"],"jetpack_sharing_enabled":true,"jetpack_shortlink":"https:\/\/wp.me\/P8bXJp-A","_links":{"self":[{"href":"https:\/\/veloclubfaumont.fr\/index.php\/wp-json\/wp\/v2\/pages\/36","targetHints":{"allow":["GET"]}}],"collection":[{"href":"https:\/\/veloclubfaumont.fr\/index.php\/wp-json\/wp\/v2\/pages"}],"about":[{"href":"https:\/\/veloclubfaumont.fr\/index.php\/wp-json\/wp\/v2\/types\/page"}],"author":[{"embeddable":true,"href":"https:\/\/veloclubfaumont.fr\/index.php\/wp-json\/wp\/v2\/users\/1"}],"replies":[{"embeddable":true,"href":"https:\/\/veloclubfaumont.fr\/index.php\/wp-json\/wp\/v2\/comments?post=36"}],"version-history":[{"count":0,"href":"https:\/\/veloclubfaumont.fr\/index.php\/wp-json\/wp\/v2\/pages\/36\/revisions"}],"wp:attachment":[{"href":"https:\/\/veloclubfaumont.fr\/index.php\/wp-json\/wp\/v2\/media?parent=36"}],"curies":[{"name":"wp","href":"https:\/\/api.w.org\/{rel}","templated":true}]}}