{"id":369,"date":"2016-12-10T15:16:12","date_gmt":"2016-12-10T14:16:12","guid":{"rendered":"http:\/\/veloclubfaumont.fr\/?page_id=369"},"modified":"2016-12-17T15:18:31","modified_gmt":"2016-12-17T14:18:31","slug":"chicon-bike-tour-2011","status":"publish","type":"page","link":"https:\/\/veloclubfaumont.fr\/index.php\/archives\/2011-2\/chicon-bike-tour-2011\/","title":{"rendered":"Chicon Bike Tour 2011"},"content":{"rendered":"<p><strong><a href=\"https:\/\/veloclubfaumont.fr\/index.php\/chicon-bike-tour\/chicon-bike-tour-2011\/a2011\/\" rel=\"attachment wp-att-370\"><img loading=\"lazy\" decoding=\"async\" class=\"alignleft size-medium wp-image-370\" src=\"https:\/\/veloclubfaumont.fr\/wp-content\/uploads\/2016\/12\/a2011-207x300.jpg\" alt=\"\" width=\"207\" height=\"300\" srcset=\"https:\/\/veloclubfaumont.fr\/wp-content\/uploads\/2016\/12\/a2011-207x300.jpg 207w, https:\/\/veloclubfaumont.fr\/wp-content\/uploads\/2016\/12\/a2011.jpg 400w\" sizes=\"auto, (max-width: 207px) 100vw, 207px\" \/><\/a>MERCI aux 1330 PARTICIPANTS ainsi qu&rsquo;aux nombreux b\u00e9n\u00e9voles.<\/strong><br \/>\n<strong>599 V\u00e9t\u00e9tistes &#8211; 388 Marcheurs et 343 Cyclos<\/strong><\/p>\n<p>&nbsp;<\/p>\n<p><a href=\"https:\/\/goo.gl\/photos\/7nfAjFF33kwQ4rGu8\" target=\"_blank\">Toutes les photos sur G+ ici<\/a><\/p>\n<p><a href=\"http:\/\/jalbum.net\/fr\/browse\/user\/album\/1255614;jsessionid=19n9t9cbwrx9u1s1nv43beoffs\" target=\"_blank\">Reportage photos<\/a> de G\u00e9rard Colin<\/p>\n","protected":false},"excerpt":{"rendered":"<p>MERCI aux 1330 PARTICIPANTS ainsi qu&rsquo;aux nombreux b\u00e9n\u00e9voles. 599 V\u00e9t\u00e9tistes &#8211; 388 Marcheurs et 343 Cyclos &nbsp; Toutes les photos sur G+ ici Reportage photos de G\u00e9rard Colin<\/p>\n","protected":false},"author":1,"featured_media":0,"parent":73,"menu_order":0,"comment_status":"closed","ping_status":"closed","template":"","meta":{"ngg_post_thumbnail":0,"jetpack_post_was_ever_published":false,"two_page_speed":[],"footnotes":""},"class_list":["post-369","page","type-page","status-publish","hentry"],"jetpack_sharing_enabled":true,"jetpack_shortlink":"https:\/\/wp.me\/P8bXJp-5X","_links":{"self":[{"href":"https:\/\/veloclubfaumont.fr\/index.php\/wp-json\/wp\/v2\/pages\/369","targetHints":{"allow":["GET"]}}],"collection":[{"href":"https:\/\/veloclubfaumont.fr\/index.php\/wp-json\/wp\/v2\/pages"}],"about":[{"href":"https:\/\/veloclubfaumont.fr\/index.php\/wp-json\/wp\/v2\/types\/page"}],"author":[{"embeddable":true,"href":"https:\/\/veloclubfaumont.fr\/index.php\/wp-json\/wp\/v2\/users\/1"}],"replies":[{"embeddable":true,"href":"https:\/\/veloclubfaumont.fr\/index.php\/wp-json\/wp\/v2\/comments?post=369"}],"version-history":[{"count":0,"href":"https:\/\/veloclubfaumont.fr\/index.php\/wp-json\/wp\/v2\/pages\/369\/revisions"}],"up":[{"embeddable":true,"href":"https:\/\/veloclubfaumont.fr\/index.php\/wp-json\/wp\/v2\/pages\/73"}],"wp:attachment":[{"href":"https:\/\/veloclubfaumont.fr\/index.php\/wp-json\/wp\/v2\/media?parent=369"}],"curies":[{"name":"wp","href":"https:\/\/api.w.org\/{rel}","templated":true}]}}