{"id":40,"date":"2016-12-09T23:12:39","date_gmt":"2016-12-09T22:12:39","guid":{"rendered":"http:\/\/veloclubfaumont.fr\/?page_id=40"},"modified":"2024-11-09T15:03:30","modified_gmt":"2024-11-09T14:03:30","slug":"liens","status":"publish","type":"page","link":"https:\/\/veloclubfaumont.fr\/index.php\/liens\/","title":{"rendered":"Liens"},"content":{"rendered":"<p><strong>Pour les infos sur les diff\u00e9rentes randos :<\/strong><\/p>\n<ul>\n<li><a href=\"https:\/\/www.vtt-hautsdefrance.fr\/\" target=\"_blank\" rel=\"noopener noreferrer\">VTT-hautsdefrance.fr (ex VTT5962)<\/a><\/li>\n<li><a href=\"https:\/\/www.cycloshdf.fr\/\" target=\"_blank\" rel=\"noopener noreferrer\">Cyclos Hauts de France<\/a><\/li>\n<li><a href=\"http:\/\/cyclos59.com\" target=\"_blank\" rel=\"noopener noreferrer\">Cyclos59<\/a><\/li>\n<\/ul>\n<p><strong>Sites de clubs amis :<\/strong><\/p>\n<ul>\n<li><a href=\"http:\/\/www.ccorchies.com\/\" target=\"_blank\" rel=\"noopener noreferrer\">C C Orchies<\/a><\/li>\n<li><a href=\"http:\/\/www.lesrenardsdessables.fr\/\" target=\"_blank\" rel=\"noopener noreferrer\">Les renards des sables<\/a><\/li>\n<li><a href=\"http:\/\/lesbecanessauvages.skyrock.com\/\" target=\"_blank\" rel=\"noopener noreferrer\">Les B\u00e9canes Sauvages<\/a> de Bantouzelle<\/li>\n<li><a href=\"http:\/\/thierachevtt.fr\/\" target=\"_blank\" rel=\"noopener noreferrer\">Thi\u00e9rache VTT<\/a><\/li>\n<li><a href=\"http:\/\/teamhasnonvtt.com\/\" target=\"_blank\" rel=\"noopener noreferrer\">Team Hasnon VTT<\/a><\/li>\n<li><a href=\"http:\/\/cccvp-croisilles.clubeo.com\/\" target=\"_blank\" rel=\"noopener noreferrer\">CCCVP Croisilles<\/a><\/li>\n<li><a href=\"http:\/\/www.avelincycling.free.fr\/\" target=\"_blank\" rel=\"noopener noreferrer\">Avelin Cycling Team<\/a><\/li>\n<li><a href=\"http:\/\/teamvttpaysdepevele.fr\/\" target=\"_blank\" rel=\"noopener noreferrer\">Team VTT Ekoi Pays de P\u00e9v\u00e8le<\/a><\/li>\n<li><a href=\"https:\/\/www.facebook.com\/VTTClubDeOignies\/\" target=\"_blank\" rel=\"noopener noreferrer\">VTT Club de Oignies<\/a><\/li>\n<li><a href=\"http:\/\/www.vttbugnicourt.com\/\" target=\"_blank\" rel=\"noopener noreferrer\">Bugnicourt VTT<\/a><\/li>\n<li><a href=\"http:\/\/vslsaintpython.fr\/\" target=\"_blank\" rel=\"noopener noreferrer\">VSL St Python<\/a><\/li>\n<li><a href=\"http:\/\/pyramides-passion.com\/\" target=\"_blank\" rel=\"noopener noreferrer\">Pyramides Passion<\/a> de Wingles<\/li>\n<li><a href=\"http:\/\/www.badboysvtt.com\/\" target=\"_blank\" rel=\"noopener noreferrer\">Bad Boys<\/a> d&rsquo;Houdain<\/li>\n<li><a href=\"http:\/\/www.vc-roubaix-cyclo.fr\/site\/\" target=\"_blank\" rel=\"noopener noreferrer\">VC Roubaix<\/a><\/li>\n<li><a href=\"https:\/\/www.ccvttescaudain.fr\/\" target=\"_blank\" rel=\"noopener noreferrer\">CCVTT Escaudain<\/a><\/li>\n<li><a href=\"http:\/\/adrenalinebike.jimdo.com\/\" target=\"_blank\" rel=\"noopener noreferrer\">Adrenaline Bike<\/a> de Cambrai<\/li>\n<li><a href=\"https:\/\/www.cyclo-club-wavrin.fr\/\" target=\"_blank\" rel=\"noopener\">CC Wavrin<\/a><\/li>\n<li><a href=\"http:\/\/www.ctantoing.com\/\" target=\"_blank\" rel=\"noopener noreferrer\">CT Antoing<\/a> (B)<\/li>\n<li><a href=\"http:\/\/100amisbleharies.e-monsite.com\/\" target=\"_blank\" rel=\"noopener noreferrer\">100 Amis de Bl\u00e9haries<\/a> (B)<\/li>\n<\/ul>\n<p><strong>Sites officiels<\/strong><\/p>\n<ul>\n<li><a href=\"http:\/\/http:\/\/ffct.org\/\" target=\"_blank\" rel=\"noopener noreferrer\">http:\/\/FFCT\/<\/a><\/li>\n<li><a href=\"http:\/\/www.ffct5962.com\/\" target=\"_blank\" rel=\"noopener noreferrer\">www.ffct5962.com<\/a><\/li>\n<li><a href=\"http:\/\/diagonales.homelinux.net\/adf\/index.php\" target=\"_blank\" rel=\"noopener noreferrer\">www.diagonales-de-france.info<\/a><\/li>\n<\/ul>\n<p><strong>Sites partenaires :<\/strong><\/p>\n<ul>\n<li><a href=\"https:\/\/energievelo.fr\/\" target=\"_blank\" rel=\"noopener\">Energie V\u00e9lo Orchies<\/a> (v\u00e9lociste partenaire du VCF)<\/li>\n<li><a href=\"http:\/\/cyclesgauquier.be\" target=\"_blank\" rel=\"noopener noreferrer\">Cycles Gauquier<\/a> (magasin bas\u00e9 \u00e0 Rumes \u00e0 la fronti\u00e8re belge)<\/li>\n<\/ul>\n<p><strong>Les reportages photos\/textes lors des randos dominicales :<\/strong><\/p>\n<ul>\n<li><a href=\"http:\/\/www.tignon.be\/\" target=\"_blank\" rel=\"noopener noreferrer\">www.tignon.be<\/a><\/li>\n<li><a href=\"http:\/\/gcolin.jalbum.net\/Cyclos\/\" target=\"_blank\" rel=\"noopener noreferrer\">G\u00e9rard Colin<\/a><\/li>\n<li><a href=\"https:\/\/www.cycloshdf.fr\/\" target=\"_blank\" rel=\"noopener noreferrer\">Cyclos Hauts de France<\/a><\/li>\n<li><a href=\"http:\/\/couronsdunord.blog.lemonde.fr\/\" target=\"_blank\" rel=\"noopener noreferrer\">Les courons du Nord<\/a> par Erick Mizzi<\/li>\n<li><a href=\"http:\/\/www.echoduvelo.com\/\" target=\"_blank\" rel=\"noopener noreferrer\">Echo du V\u00e9lo<\/a><\/li>\n<li><a href=\"http:\/\/www.cyclos59.com\/photorama.php?lng=fr\" target=\"_blank\" rel=\"noopener noreferrer\">Cyclo59<\/a><\/li>\n<li><a href=\"http:\/\/www.velodom-photo.com\/\" target=\"_blank\" rel=\"noopener noreferrer\">Velodom<\/a><\/li>\n<li><a href=\"http:\/\/vttraches.ovh\/vttraches\/accueil.html\" target=\"_blank\" rel=\"noopener noreferrer\">VTT R\u00e2ches<\/a><\/li>\n<li><a href=\"http:\/\/lesfreinscasses.over-blog.com\/\" target=\"_blank\" rel=\"noopener noreferrer\">Les Freins cass\u00e9s<\/a><\/li>\n<li><a href=\"https:\/\/www.vtt-hautsdefrance.fr\/forum-vtt-des-randonnees-des-hauts-de-france-nord-pas-de-calais-picardie\/categories\/sorties-evenements\/16-les-comptes-rendus-des-randos-vtt-du-w-e.html\" target=\"_blank\" rel=\"noopener noreferrer\">Forum VTT-Hautsdefrance<\/a><\/li>\n<\/ul>\n<p><strong>Sites g\u00e9n\u00e9raliste sur le v\u00e9lo<\/strong> :<\/p>\n<ul>\n<li><a href=\"http:\/\/www.bikelive.com\/\" target=\"_blank\" rel=\"noopener noreferrer\">Bikelive<\/a> (VTT)<\/li>\n<li><a href=\"http:\/\/www.velovert.com\/\" target=\"_blank\" rel=\"noopener noreferrer\">Velovert<\/a> (VTT)<\/li>\n<li><a href=\"http:\/\/www.velo101.com\/\" target=\"_blank\" rel=\"noopener noreferrer\">V\u00e9lo 101<\/a><\/li>\n<li><a href=\"http:\/\/www.velotech.fr\/\" target=\"_blank\" rel=\"noopener noreferrer\">V\u00e9lotech<\/a> (sur le mat\u00e9riel)<\/li>\n<li><a href=\"http:\/\/www.clubvtt.com\/\" target=\"_blank\" rel=\"noopener noreferrer\">ClubVTT<\/a> (entretien du VTT avec notamment des tutoriels vid\u00e9os)<\/li>\n<\/ul>\n<h3 style=\"text-align: left;\">NB : Si voulez que votre site soit dans cette page, n&rsquo;h\u00e9sitez pas \u00e0 nous contacter \ud83d\ude09<\/h3>\n<div data-test='contact-form' id='contact-form-40' class='wp-block-jetpack-contact-form-container '>\n<form action='https:\/\/veloclubfaumont.fr\/index.php\/liens\/#contact-form-40' method='post' class='contact-form commentsblock'>\n<script>\n\t\t\t( function () {\n\t\t\t\tconst contact_forms = document.getElementsByClassName('contact-form');\n\n\t\t\t\tfor ( const form of contact_forms ) {\n\t\t\t\t\tform.onsubmit = function() {\n\t\t\t\t\t\tconst buttons = form.getElementsByTagName('button');\n\n\t\t\t\t\t\tfor( const button of buttons ) {\n\t\t\t\t\t\t\tbutton.setAttribute('disabled', true);\n\t\t\t\t\t\t}\n\t\t\t\t\t}\n\t\t\t\t}\n\t\t\t} )();\n\t\t<\/script>\n<div style=\"\" class='grunion-field-name-wrap grunion-field-wrap'  >\n<label\n\t\t\t\tfor='g40-nom'\n\t\t\t\tclass='grunion-field-label name'>Nom<span>(obligatoire)<\/span><\/label>\n<input\n\t\t\t\t\ttype='text'\n\t\t\t\t\tname='g40-nom'\n\t\t\t\t\tid='g40-nom'\n\t\t\t\t\tvalue=''\n\t\t\t\t\tclass='name  grunion-field' \n\t\t\t\t\trequired aria-required='true' \/>\n\t<\/div>\n\n<div style=\"\" class='grunion-field-email-wrap grunion-field-wrap'  >\n<label\n\t\t\t\tfor='g40-email'\n\t\t\t\tclass='grunion-field-label email'>E-mail<span>(obligatoire)<\/span><\/label>\n<input\n\t\t\t\t\ttype='email'\n\t\t\t\t\tname='g40-email'\n\t\t\t\t\tid='g40-email'\n\t\t\t\t\tvalue=''\n\t\t\t\t\tclass='email  grunion-field' \n\t\t\t\t\trequired aria-required='true' \/>\n\t<\/div>\n\n<div style=\"\" class='grunion-field-url-wrap grunion-field-wrap'  >\n<label\n\t\t\t\tfor='g40-siteweb'\n\t\t\t\tclass='grunion-field-label url'>Site Web<\/label>\n<input\n\t\t\t\t\ttype='text'\n\t\t\t\t\tname='g40-siteweb'\n\t\t\t\t\tid='g40-siteweb'\n\t\t\t\t\tvalue=''\n\t\t\t\t\tclass='url  grunion-field' \n\t\t\t\t\ttitle=\"Veuillez saisir une URL valide - https:\/\/www.exemple.fr\" oninvalid=\"setCustomValidity(&quot;Veuillez saisir une URL valide - https:\/\/www.exemple.fr&quot;)\" oninput=\"setCustomValidity(&quot;&quot;)\" pattern=\"(([:\\\/a-zA-Z0-9_\\-]+)?(\\.[a-zA-Z0-9_\\-\\\/]+)+)\" data-type-override=\"url\"  \/>\n\t<\/div>\n\n<div style=\"\" class='grunion-field-textarea-wrap grunion-field-wrap'  >\n<label\n\t\t\t\tfor='contact-form-comment-g40-commentaire'\n\t\t\t\tclass='grunion-field-label textarea'>Commentaire<span>(obligatoire)<\/span><\/label>\n<textarea\n\t\t                style=''\n\t\t                name='g40-commentaire'\n\t\t                id='contact-form-comment-g40-commentaire'\n\t\t                rows='20' class='textarea  grunion-field'  required aria-required='true'><\/textarea>\n\t<\/div>\n\t<p class='contact-submit'>\n\t\t<button type='submit' class='pushbutton-wide'>Envoyer<\/button>\t\t<input type='hidden' name='contact-form-id' value='40' \/>\n\t\t<input type='hidden' name='action' value='grunion-contact-form' \/>\n\t\t<input type='hidden' name='contact-form-hash' value='7e27c616cff6d033fbc895f079747585ea8fed0c' \/>\n\t<\/p>\n<p style=\"display: none !important;\"><label>&#916;<textarea name=\"ak_hp_textarea\" cols=\"45\" rows=\"8\" maxlength=\"100\"><\/textarea><\/label><input type=\"hidden\" id=\"ak_js_1\" name=\"ak_js\" value=\"7\"\/><script>document.getElementById( \"ak_js_1\" ).setAttribute( \"value\", ( new Date() ).getTime() );<\/script><\/p><\/form>\n<\/div>\n","protected":false},"excerpt":{"rendered":"<p>Pour les infos sur les diff\u00e9rentes randos : VTT-hautsdefrance.fr (ex VTT5962) Cyclos Hauts de France Cyclos59 Sites de clubs amis : C C Orchies Les renards des sables Les B\u00e9canes&#8230;<\/p>\n","protected":false},"author":1,"featured_media":0,"parent":0,"menu_order":0,"comment_status":"closed","ping_status":"closed","template":"","meta":{"ngg_post_thumbnail":0,"jetpack_post_was_ever_published":false,"two_page_speed":[],"footnotes":""},"class_list":["post-40","page","type-page","status-publish","hentry"],"jetpack_sharing_enabled":true,"jetpack_shortlink":"https:\/\/wp.me\/P8bXJp-E","_links":{"self":[{"href":"https:\/\/veloclubfaumont.fr\/index.php\/wp-json\/wp\/v2\/pages\/40","targetHints":{"allow":["GET"]}}],"collection":[{"href":"https:\/\/veloclubfaumont.fr\/index.php\/wp-json\/wp\/v2\/pages"}],"about":[{"href":"https:\/\/veloclubfaumont.fr\/index.php\/wp-json\/wp\/v2\/types\/page"}],"author":[{"embeddable":true,"href":"https:\/\/veloclubfaumont.fr\/index.php\/wp-json\/wp\/v2\/users\/1"}],"replies":[{"embeddable":true,"href":"https:\/\/veloclubfaumont.fr\/index.php\/wp-json\/wp\/v2\/comments?post=40"}],"version-history":[{"count":2,"href":"https:\/\/veloclubfaumont.fr\/index.php\/wp-json\/wp\/v2\/pages\/40\/revisions"}],"predecessor-version":[{"id":56942,"href":"https:\/\/veloclubfaumont.fr\/index.php\/wp-json\/wp\/v2\/pages\/40\/revisions\/56942"}],"wp:attachment":[{"href":"https:\/\/veloclubfaumont.fr\/index.php\/wp-json\/wp\/v2\/media?parent=40"}],"curies":[{"name":"wp","href":"https:\/\/api.w.org\/{rel}","templated":true}]}}