{"id":41445,"date":"2024-02-03T11:59:19","date_gmt":"2024-02-03T10:59:19","guid":{"rendered":"http:\/\/veloclubfaumont.fr\/?page_id=41445"},"modified":"2024-08-22T14:58:03","modified_gmt":"2024-08-22T12:58:03","slug":"nocturne-vtt-2024-les-parcours-vtt-gravel","status":"publish","type":"page","link":"https:\/\/veloclubfaumont.fr\/index.php\/nocturne-vtt-2024-les-parcours-vtt-gravel\/","title":{"rendered":"Nocturne VTT 2024 : les parcours VTT\/Gravel"},"content":{"rendered":"\n<p>Cette ann\u00e9e, on reprend tous les spots qui ont fait le succ\u00e8s de l&rsquo;\u00e9dition 2023 avec encore plus de passages en for\u00eat ! Par contre, vous prendrez le parcours \u00e0 l&rsquo;envers avec la travers\u00e9e de la for\u00eat de Phalempin en d\u00e9but de randonn\u00e9e. Apr\u00e8s le ravito (toujours \u00e0 Thumeries), vous retrouvez le long single du Golf et de nouveaux passages dans le Bois de l&rsquo;Offlarde pour le 45 (voir vid\u00e9o ci-dessous). Pour conclure, vous traverserez le single des Sorci\u00e8res et le Bois de l&rsquo;Aum\u00f4ne \u00e0 la nuit tomb\u00e9e&#8230; ambiance assur\u00e9e !!!<\/p>\n<p>Bref, vous devriez \u00e0 nouveau vous r\u00e9galer&#8230;.<\/p>\n<table style=\"border-collapse: collapse; width: 100%; height: 64px;\">\n<tbody>\n<tr style=\"height: 64px;\">\n<td style=\"width: 100%; height: 64px;\">\n<h4 style=\"text-align: center;\"><span style=\"background-color: #ffff00;\"><strong>NOUVEAUTE : <a href=\"https:\/\/drive.google.com\/drive\/folders\/1jn6w9-MTPaYKsNNny0iceV4waxJnOwlQ?usp=drive_link\" target=\"_blank\" rel=\"noopener\">Lien pour t\u00e9l\u00e9charger les fichiers GPX des 3 parcours<\/a><\/strong><\/span><\/h4>\n<\/td>\n<\/tr>\n<\/tbody>\n<\/table>\n<p>&nbsp;<\/p>\n<p><span class=\"embed-youtube\" style=\"text-align:center; display: block;\"><iframe loading=\"lazy\" class=\"youtube-player\" width=\"640\" height=\"360\" src=\"https:\/\/www.youtube.com\/embed\/lZ80-uh0Mrw?version=3&#038;rel=1&#038;showsearch=0&#038;showinfo=1&#038;iv_load_policy=1&#038;fs=1&#038;hl=fr-FR&#038;autohide=2&#038;wmode=transparent\" allowfullscreen=\"true\" style=\"border:0;\" sandbox=\"allow-scripts allow-same-origin allow-popups allow-presentation\"><\/iframe><\/span><\/p>\n<p><span class=\"embed-youtube\" style=\"text-align:center; display: block;\"><iframe loading=\"lazy\" class=\"youtube-player\" width=\"640\" height=\"360\" src=\"https:\/\/www.youtube.com\/embed\/HADtdFORmEI?version=3&#038;rel=1&#038;showsearch=0&#038;showinfo=1&#038;iv_load_policy=1&#038;fs=1&#038;hl=fr-FR&#038;autohide=2&#038;wmode=transparent\" allowfullscreen=\"true\" style=\"border:0;\" sandbox=\"allow-scripts allow-same-origin allow-popups allow-presentation\"><\/iframe><\/span><\/p>\n<p>Sur cette page, vous trouverez \u00e9galement les liens vers les pages OPENRUNNER de chacun des parcours de la Nocturne. Vous pourrez ainsi t\u00e9l\u00e9charger le fichier GPX, l&rsquo;ouvrir sur GARMIN CONNECT puis de le transf\u00e9rer sur votre GPS. Je vous conseille donc de t\u00e9l\u00e9charger les applis cit\u00e9es plus haut.<\/p>\n<p>Pour les novices qui ne connaissent pas le bonheur de rouler en nocturne, nous vous conseillons de bien s&rsquo;\u00e9quiper niveau \u00e9clairage. Les petites lampes qui servent \u00e0 \u00eatre vu ne sont pas adapt\u00e9es. Il vous faudra imp\u00e9rativement avoir une lampe LED avec un minimum de lumens pour bien voir dans les parties bois\u00e9es sombres et techniques.<\/p>\n<table style=\"border-collapse: collapse; width: 100%; height: 10px;\">\n<tbody>\n<tr style=\"height: 341px;\">\n<td style=\"width: 50%; text-align: center; height: 10px;\"><a href=\"https:\/\/veloclubfaumont.fr\/wp-content\/uploads\/2024\/05\/lampe2.jpg\"><img loading=\"lazy\" decoding=\"async\" class=\"aligncenter size-full wp-image-48228\" src=\"https:\/\/veloclubfaumont.fr\/wp-content\/uploads\/2024\/05\/lampe2.jpg\" alt=\"\" width=\"800\" height=\"576\" srcset=\"https:\/\/veloclubfaumont.fr\/wp-content\/uploads\/2024\/05\/lampe2.jpg 800w, https:\/\/veloclubfaumont.fr\/wp-content\/uploads\/2024\/05\/lampe2-300x216.jpg 300w, https:\/\/veloclubfaumont.fr\/wp-content\/uploads\/2024\/05\/lampe2-768x553.jpg 768w\" sizes=\"auto, (max-width: 800px) 100vw, 800px\" \/><\/a><\/td>\n<td style=\"width: 50%; text-align: center; height: 10px;\"><a href=\"https:\/\/veloclubfaumont.fr\/wp-content\/uploads\/2024\/05\/lampe.jpg\"><img loading=\"lazy\" decoding=\"async\" class=\"aligncenter size-full wp-image-48224\" src=\"https:\/\/veloclubfaumont.fr\/wp-content\/uploads\/2024\/05\/lampe.jpg\" alt=\"\" width=\"664\" height=\"396\" srcset=\"https:\/\/veloclubfaumont.fr\/wp-content\/uploads\/2024\/05\/lampe.jpg 664w, https:\/\/veloclubfaumont.fr\/wp-content\/uploads\/2024\/05\/lampe-300x179.jpg 300w\" sizes=\"auto, (max-width: 664px) 100vw, 664px\" \/><\/a><\/td>\n<\/tr>\n<\/tbody>\n<\/table>\n<p>Celui qui voudra investir dans de la qualit\u00e9 dans les 100\u20ac, nous vous conseillons la marque KLAMP (marque fran\u00e7aise) comme <a href=\"https:\/\/klampfrance.com\/accueil\/236-380-exr1600.html#\/81-couleur-noir\/187-type_de_batterie-3500mah\" target=\"_blank\" rel=\"noopener\">celle-ci<\/a>. Sinon, des mod\u00e8les dans les 25\u20ac sont disponibles sur AMAZON comme <a href=\"https:\/\/www.amazon.fr\/Constefire-Eclairage-Bicyclette-Ext%C3%A9rieure-Puissant\/dp\/B01M4RH09M\/ref=sr_1_6?dib=eyJ2IjoiMSJ9.kDBrU6NzOzm41spLFdab2-krfgG0IlssIN9fhimsACmf8DuRr5Qzz519KxVoTdVssbqzJOAEViySewkHcY7G9i_ROcvGyQPdNGQV5smFTKjE_F4GFepQ864b19avGh8kp4FC6LHwQvWr9Nq6f5x6eg.T5EL1-BC-x4p_c1vXDU3MCzslCvTS81JGew9_GPZl5o&amp;dib_tag=se&amp;keywords=Constefire&amp;qid=1716024554&amp;sr=8-6\" target=\"_blank\" rel=\"noopener\">celle-ci<\/a> pour celui qui voudrait s&rsquo;en servir que tr\u00e8s occasionnellement. Une lumi\u00e8re rouge arri\u00e8re est \u00e9galement la bienvenue pour \u00eatre bien visible sur les parties bitum\u00e9es o\u00f9 les voitures circulent.<\/p>\n<p>Concernant le <strong>balisage<\/strong> de notre nocturne, il sera comme d&rsquo;habitude de haute qualit\u00e9 avec des<strong> chevrons orange<\/strong> \u00e0 la bombe sur les parties bitum\u00e9es, des <strong>fl\u00e8ches a\u00e9riennes r\u00e9fl\u00e9chissantes<\/strong> bien visibles aussi bien de jour (pour le d\u00e9part) que de nuit et des<strong> chevrons blancs \u00e0 la chaux<\/strong> sur toutes les parties bois\u00e9es. Avec la trace GPX sur votre GPS, impossible de vous perdre !<\/p>\n<table style=\"border-collapse: collapse; width: 100%;\">\n<tbody>\n<tr>\n<td style=\"width: 50%; text-align: center;\"><a href=\"https:\/\/veloclubfaumont.fr\/wp-content\/uploads\/2024\/05\/chevron-prange.jpg\"><img loading=\"lazy\" decoding=\"async\" class=\"aligncenter size-full wp-image-47869\" src=\"https:\/\/veloclubfaumont.fr\/wp-content\/uploads\/2024\/05\/chevron-prange.jpg\" alt=\"\" width=\"400\" height=\"868\" srcset=\"https:\/\/veloclubfaumont.fr\/wp-content\/uploads\/2024\/05\/chevron-prange.jpg 400w, https:\/\/veloclubfaumont.fr\/wp-content\/uploads\/2024\/05\/chevron-prange-138x300.jpg 138w\" sizes=\"auto, (max-width: 400px) 100vw, 400px\" \/><\/a><em>chevrons orange sur le bitume<\/em><br><em>+ fl\u00e8che a\u00e9rienne VCF sur les piquets<\/em><\/td>\n<td style=\"width: 50%; text-align: center;\">\n<p><a href=\"https:\/\/veloclubfaumont.fr\/wp-content\/uploads\/2024\/05\/fleche-aerienne.jpg\"><img loading=\"lazy\" decoding=\"async\" class=\"aligncenter size-large wp-image-47868\" src=\"https:\/\/veloclubfaumont.fr\/wp-content\/uploads\/2024\/05\/fleche-aerienne-768x1024.jpg\" alt=\"\" width=\"768\" height=\"1024\" srcset=\"https:\/\/veloclubfaumont.fr\/wp-content\/uploads\/2024\/05\/fleche-aerienne-768x1024.jpg 768w, https:\/\/veloclubfaumont.fr\/wp-content\/uploads\/2024\/05\/fleche-aerienne-225x300.jpg 225w, https:\/\/veloclubfaumont.fr\/wp-content\/uploads\/2024\/05\/fleche-aerienne-1152x1536.jpg 1152w, https:\/\/veloclubfaumont.fr\/wp-content\/uploads\/2024\/05\/fleche-aerienne.jpg 1536w\" sizes=\"auto, (max-width: 768px) 100vw, 768px\" \/><\/a><\/p>\n<p><em>fl\u00e8ches a\u00e9riennes r\u00e9fl\u00e9chissantes VCF<br>(V\u00e9lo Club Faumont)<\/em><br><em>(et bien visible \u00e9galement de jour)<\/em><\/p>\n<\/td>\n<\/tr>\n<tr>\n<td style=\"width: 50%; text-align: center;\"><a href=\"https:\/\/veloclubfaumont.fr\/wp-content\/uploads\/2024\/05\/chevrons-foret.jpg\"><img loading=\"lazy\" decoding=\"async\" class=\"aligncenter size-large wp-image-47870\" src=\"https:\/\/veloclubfaumont.fr\/wp-content\/uploads\/2024\/05\/chevrons-foret-1024x472.jpg\" alt=\"\" width=\"1024\" height=\"472\" srcset=\"https:\/\/veloclubfaumont.fr\/wp-content\/uploads\/2024\/05\/chevrons-foret-1024x472.jpg 1024w, https:\/\/veloclubfaumont.fr\/wp-content\/uploads\/2024\/05\/chevrons-foret-300x138.jpg 300w, https:\/\/veloclubfaumont.fr\/wp-content\/uploads\/2024\/05\/chevrons-foret-768x354.jpg 768w, https:\/\/veloclubfaumont.fr\/wp-content\/uploads\/2024\/05\/chevrons-foret.jpg 1528w\" sizes=\"auto, (max-width: 1024px) 100vw, 1024px\" \/><\/a><em>chevrons blancs \u00e0 la chaux dans la <\/em><br><em>for\u00eat de Phalempin et le Bois de l&rsquo;Offlarde<\/em><\/td>\n<td style=\"width: 50%; text-align: center;\"><a href=\"https:\/\/veloclubfaumont.fr\/wp-content\/uploads\/2024\/05\/bifurc.jpg\"><img loading=\"lazy\" decoding=\"async\" class=\"aligncenter size-large wp-image-47867\" src=\"https:\/\/veloclubfaumont.fr\/wp-content\/uploads\/2024\/05\/bifurc-1024x735.jpg\" alt=\"\" width=\"1024\" height=\"735\" srcset=\"https:\/\/veloclubfaumont.fr\/wp-content\/uploads\/2024\/05\/bifurc-1024x735.jpg 1024w, https:\/\/veloclubfaumont.fr\/wp-content\/uploads\/2024\/05\/bifurc-300x215.jpg 300w, https:\/\/veloclubfaumont.fr\/wp-content\/uploads\/2024\/05\/bifurc-768x551.jpg 768w, https:\/\/veloclubfaumont.fr\/wp-content\/uploads\/2024\/05\/bifurc.jpg 1123w\" sizes=\"auto, (max-width: 1024px) 100vw, 1024px\" \/><\/a><em>panneaux de bifurcations<\/em><\/td>\n<\/tr>\n<\/tbody>\n<\/table>\n<p>&nbsp;<\/p>\n<h3>Cartes des diff\u00e9rents parcours de notre \u00e9dition 2024 :<\/h3>\n<p style=\"text-align: center;\"><em><a href=\"https:\/\/veloclubfaumont.fr\/wp-content\/uploads\/2024\/08\/carte-3-PARCOURS-scaled.jpg\"><img loading=\"lazy\" decoding=\"async\" class=\"aligncenter size-large wp-image-51889\" src=\"https:\/\/veloclubfaumont.fr\/wp-content\/uploads\/2024\/08\/carte-3-PARCOURS-723x1024.jpg\" alt=\"\" width=\"723\" height=\"1024\" srcset=\"https:\/\/veloclubfaumont.fr\/wp-content\/uploads\/2024\/08\/carte-3-PARCOURS-723x1024.jpg 723w, https:\/\/veloclubfaumont.fr\/wp-content\/uploads\/2024\/08\/carte-3-PARCOURS-212x300.jpg 212w, https:\/\/veloclubfaumont.fr\/wp-content\/uploads\/2024\/08\/carte-3-PARCOURS-768x1088.jpg 768w, https:\/\/veloclubfaumont.fr\/wp-content\/uploads\/2024\/08\/carte-3-PARCOURS-1084x1536.jpg 1084w, https:\/\/veloclubfaumont.fr\/wp-content\/uploads\/2024\/08\/carte-3-PARCOURS-1445x2048.jpg 1445w, https:\/\/veloclubfaumont.fr\/wp-content\/uploads\/2024\/08\/carte-3-PARCOURS-scaled.jpg 1807w\" sizes=\"auto, (max-width: 723px) 100vw, 723px\" \/><\/a>carte des 3 parcours (avec tableau comparatif) (le 46 fera finalement 45 km)<br><br><\/em><\/p>\n<p style=\"text-align: center;\"><a href=\"https:\/\/veloclubfaumont.fr\/wp-content\/uploads\/2024\/05\/carte-46-scaled.jpg\"><img loading=\"lazy\" decoding=\"async\" class=\"aligncenter size-large wp-image-47863\" src=\"https:\/\/veloclubfaumont.fr\/wp-content\/uploads\/2024\/05\/carte-46-752x1024.jpg\" alt=\"\" width=\"752\" height=\"1024\" srcset=\"https:\/\/veloclubfaumont.fr\/wp-content\/uploads\/2024\/05\/carte-46-752x1024.jpg 752w, https:\/\/veloclubfaumont.fr\/wp-content\/uploads\/2024\/05\/carte-46-220x300.jpg 220w, https:\/\/veloclubfaumont.fr\/wp-content\/uploads\/2024\/05\/carte-46-768x1046.jpg 768w, https:\/\/veloclubfaumont.fr\/wp-content\/uploads\/2024\/05\/carte-46-1128x1536.jpg 1128w, https:\/\/veloclubfaumont.fr\/wp-content\/uploads\/2024\/05\/carte-46-1504x2048.jpg 1504w, https:\/\/veloclubfaumont.fr\/wp-content\/uploads\/2024\/05\/carte-46-scaled.jpg 1880w\" sizes=\"auto, (max-width: 752px) 100vw, 752px\" \/><\/a><a href=\"https:\/\/veloclubfaumont.fr\/wp-content\/uploads\/2024\/05\/D46.jpg\"><img loading=\"lazy\" decoding=\"async\" class=\"aligncenter size-full wp-image-48217\" src=\"https:\/\/veloclubfaumont.fr\/wp-content\/uploads\/2024\/05\/D46.jpg\" alt=\"\" width=\"987\" height=\"174\" srcset=\"https:\/\/veloclubfaumont.fr\/wp-content\/uploads\/2024\/05\/D46.jpg 987w, https:\/\/veloclubfaumont.fr\/wp-content\/uploads\/2024\/05\/D46-300x53.jpg 300w, https:\/\/veloclubfaumont.fr\/wp-content\/uploads\/2024\/05\/D46-768x135.jpg 768w\" sizes=\"auto, (max-width: 987px) 100vw, 987px\" \/><\/a><em>CARTE DU 46 KM SPORTIF (45km finalement) &#8211; <a href=\"https:\/\/www.openrunner.com\/route-details\/17516258\" target=\"_blank\" rel=\"noopener\">Lien Openrunner ici<\/a><br><\/em><\/p>\n<p style=\"text-align: center;\">&nbsp;<\/p>\n<p style=\"text-align: center;\"><a href=\"https:\/\/veloclubfaumont.fr\/wp-content\/uploads\/2024\/02\/carte-37-scaled.jpg\"><img loading=\"lazy\" decoding=\"async\" class=\"aligncenter size-large wp-image-41469\" src=\"https:\/\/veloclubfaumont.fr\/wp-content\/uploads\/2024\/02\/carte-37-754x1024.jpg\" alt=\"\" width=\"754\" height=\"1024\" srcset=\"https:\/\/veloclubfaumont.fr\/wp-content\/uploads\/2024\/02\/carte-37-754x1024.jpg 754w, https:\/\/veloclubfaumont.fr\/wp-content\/uploads\/2024\/02\/carte-37-221x300.jpg 221w, https:\/\/veloclubfaumont.fr\/wp-content\/uploads\/2024\/02\/carte-37-768x1043.jpg 768w, https:\/\/veloclubfaumont.fr\/wp-content\/uploads\/2024\/02\/carte-37-1131x1536.jpg 1131w, https:\/\/veloclubfaumont.fr\/wp-content\/uploads\/2024\/02\/carte-37-1508x2048.jpg 1508w, https:\/\/veloclubfaumont.fr\/wp-content\/uploads\/2024\/02\/carte-37-scaled.jpg 1886w\" sizes=\"auto, (max-width: 754px) 100vw, 754px\" \/><\/a><em><a href=\"https:\/\/veloclubfaumont.fr\/wp-content\/uploads\/2024\/05\/D37.jpg\"><img loading=\"lazy\" decoding=\"async\" class=\"aligncenter size-full wp-image-48219\" src=\"https:\/\/veloclubfaumont.fr\/wp-content\/uploads\/2024\/05\/D37.jpg\" alt=\"\" width=\"981\" height=\"169\" srcset=\"https:\/\/veloclubfaumont.fr\/wp-content\/uploads\/2024\/05\/D37.jpg 981w, https:\/\/veloclubfaumont.fr\/wp-content\/uploads\/2024\/05\/D37-300x52.jpg 300w, https:\/\/veloclubfaumont.fr\/wp-content\/uploads\/2024\/05\/D37-768x132.jpg 768w\" sizes=\"auto, (max-width: 981px) 100vw, 981px\" \/><\/a><br>CARTE DU 37 KM INTERM\u00c9DIAIRE &#8211; <a href=\"https:\/\/www.openrunner.com\/route-details\/17516481\" target=\"_blank\" rel=\"noopener\">Lien Openrunner ici<\/a><br><\/em><\/p>\n<p style=\"text-align: center;\">&nbsp;<\/p>\n<p style=\"text-align: center;\"><a href=\"https:\/\/veloclubfaumont.fr\/wp-content\/uploads\/2024\/02\/carte-25-scaled.jpg\"><img loading=\"lazy\" decoding=\"async\" class=\"aligncenter size-large wp-image-41471\" src=\"https:\/\/veloclubfaumont.fr\/wp-content\/uploads\/2024\/02\/carte-25-907x1024.jpg\" alt=\"\" width=\"907\" height=\"1024\" srcset=\"https:\/\/veloclubfaumont.fr\/wp-content\/uploads\/2024\/02\/carte-25-907x1024.jpg 907w, https:\/\/veloclubfaumont.fr\/wp-content\/uploads\/2024\/02\/carte-25-266x300.jpg 266w, https:\/\/veloclubfaumont.fr\/wp-content\/uploads\/2024\/02\/carte-25-768x867.jpg 768w, https:\/\/veloclubfaumont.fr\/wp-content\/uploads\/2024\/02\/carte-25-1361x1536.jpg 1361w, https:\/\/veloclubfaumont.fr\/wp-content\/uploads\/2024\/02\/carte-25-1815x2048.jpg 1815w\" sizes=\"auto, (max-width: 907px) 100vw, 907px\" \/><\/a><em><a href=\"https:\/\/veloclubfaumont.fr\/wp-content\/uploads\/2024\/05\/D25.jpg\"><img loading=\"lazy\" decoding=\"async\" class=\"aligncenter size-full wp-image-48220\" src=\"https:\/\/veloclubfaumont.fr\/wp-content\/uploads\/2024\/05\/D25.jpg\" alt=\"\" width=\"975\" height=\"198\" srcset=\"https:\/\/veloclubfaumont.fr\/wp-content\/uploads\/2024\/05\/D25.jpg 975w, https:\/\/veloclubfaumont.fr\/wp-content\/uploads\/2024\/05\/D25-300x61.jpg 300w, https:\/\/veloclubfaumont.fr\/wp-content\/uploads\/2024\/05\/D25-768x156.jpg 768w\" sizes=\"auto, (max-width: 975px) 100vw, 975px\" \/><\/a><br>CARTE DU 25 KM D\u00c9COUVERTE &#8211; <a href=\"https:\/\/www.openrunner.com\/route-details\/17516715\" target=\"_blank\" rel=\"noopener\">Lien Openrunner ici<\/a><br>(avec une partie plus technique dans les bois apr\u00e8s le ravito par rapport aux ann\u00e9es pr\u00e9c\u00e9dentes)<\/em><\/p>\n<p style=\"text-align: center;\">Vid\u00e9o du 45 km de notre Nocturne 2023 :<\/p>\n<p><span class=\"embed-youtube\" style=\"text-align:center; display: block;\"><iframe loading=\"lazy\" class=\"youtube-player\" width=\"640\" height=\"360\" src=\"https:\/\/www.youtube.com\/embed\/ZixCY0y8YVc?version=3&#038;rel=1&#038;showsearch=0&#038;showinfo=1&#038;iv_load_policy=1&#038;fs=1&#038;hl=fr-FR&#038;autohide=2&#038;start=1&#038;wmode=transparent\" allowfullscreen=\"true\" style=\"border:0;\" sandbox=\"allow-scripts allow-same-origin allow-popups allow-presentation\"><\/iframe><\/span><\/p>\n","protected":false},"excerpt":{"rendered":"<p>Cette ann\u00e9e, on reprend tous les spots qui ont fait le succ\u00e8s de l&rsquo;\u00e9dition 2023 avec encore plus de passages en for\u00eat ! Par contre, vous prendrez le parcours \u00e0&#8230;<\/p>\n","protected":false},"author":1,"featured_media":0,"parent":0,"menu_order":0,"comment_status":"closed","ping_status":"closed","template":"","meta":{"ngg_post_thumbnail":0,"jetpack_post_was_ever_published":false,"two_page_speed":[],"footnotes":""},"class_list":["post-41445","page","type-page","status-publish","hentry"],"jetpack_sharing_enabled":true,"jetpack_shortlink":"https:\/\/wp.me\/P8bXJp-aMt","_links":{"self":[{"href":"https:\/\/veloclubfaumont.fr\/index.php\/wp-json\/wp\/v2\/pages\/41445","targetHints":{"allow":["GET"]}}],"collection":[{"href":"https:\/\/veloclubfaumont.fr\/index.php\/wp-json\/wp\/v2\/pages"}],"about":[{"href":"https:\/\/veloclubfaumont.fr\/index.php\/wp-json\/wp\/v2\/types\/page"}],"author":[{"embeddable":true,"href":"https:\/\/veloclubfaumont.fr\/index.php\/wp-json\/wp\/v2\/users\/1"}],"replies":[{"embeddable":true,"href":"https:\/\/veloclubfaumont.fr\/index.php\/wp-json\/wp\/v2\/comments?post=41445"}],"version-history":[{"count":0,"href":"https:\/\/veloclubfaumont.fr\/index.php\/wp-json\/wp\/v2\/pages\/41445\/revisions"}],"wp:attachment":[{"href":"https:\/\/veloclubfaumont.fr\/index.php\/wp-json\/wp\/v2\/media?parent=41445"}],"curies":[{"name":"wp","href":"https:\/\/api.w.org\/{rel}","templated":true}]}}