{"id":41487,"date":"2024-02-03T15:47:27","date_gmt":"2024-02-03T14:47:27","guid":{"rendered":"http:\/\/veloclubfaumont.fr\/?page_id=41487"},"modified":"2024-08-26T10:25:41","modified_gmt":"2024-08-26T08:25:41","slug":"nocturne-vtt-2024-la-presentation","status":"publish","type":"page","link":"https:\/\/veloclubfaumont.fr\/index.php\/nocturne-vtt-2024-la-presentation\/","title":{"rendered":"Nocturne VTT 2024 : la pr\u00e9sentation"},"content":{"rendered":"\n<div style=\"text-align: center;\"><a href=\"https:\/\/www.facebook.com\/events\/1902260416857865\" target=\"_blank\" rel=\"noopener\">Page Facebook de l&rsquo;\u00e9v\u00e9nement<\/a> &#8211; Pr\u00e9sentation de notre Nocturne (ici)<br><a href=\"https:\/\/veloclubfaumont.fr\/index.php\/nocturne-vtt-2024-les-parcours-vtt-gravel\/\">Les 3 parcours VTT-GRAVEL<\/a> <br><a href=\"https:\/\/veloclubfaumont.fr\/index.php\/2024\/08\/09\/preparations-nocturne-2024\/\">Les pr\u00e9paratifs<\/a> &#8211;<strong><a href=\"https:\/\/veloclubfaumont.fr\/index.php\/2024\/08\/24\/nocturne-faumont-2024-photos-et-videos\/\">Photos et Vid\u00e9os<\/a> (NOUVEAU)<\/strong><\/div>\n<div>&nbsp;<\/div>\n<div style=\"text-align: center;\"><a href=\"https:\/\/veloclubfaumont.fr\/wp-content\/uploads\/2024\/07\/flyer-noct-2024.jpg\"><img loading=\"lazy\" decoding=\"async\" class=\"aligncenter size-full wp-image-50604\" src=\"https:\/\/veloclubfaumont.fr\/wp-content\/uploads\/2024\/07\/flyer-noct-2024.jpg\" alt=\"\" width=\"667\" height=\"960\" srcset=\"https:\/\/veloclubfaumont.fr\/wp-content\/uploads\/2024\/07\/flyer-noct-2024.jpg 667w, https:\/\/veloclubfaumont.fr\/wp-content\/uploads\/2024\/07\/flyer-noct-2024-208x300.jpg 208w\" sizes=\"auto, (max-width: 667px) 100vw, 667px\" \/><\/a><\/div>\n<div>&nbsp;<\/div>\n<div>3 nouveaux parcours cette ann\u00e9e : un <strong><span style=\"color: #008000;\">25 km d\u00e9couverte<\/span><\/strong> avec cette fois, un passage plus technique dans le Bois de l&rsquo;Offlarde avec le ravito commun (un parcours qui sera donc plus ardu que les ann\u00e9es pr\u00e9c\u00e9dentes) &#8211; un <span style=\"color: #0000ff;\"><strong>37 km interm\u00e9diaire<\/strong><\/span> &#8211; et un <span style=\"color: #ff0000;\"><strong>45 km sportif<\/strong><\/span> (avec encore plus de singles techniques dans la for\u00eat de Phalempin) accessibles en VTT et en GRAVEL (pas de parcours sp\u00e9cifique Gravel) avec donc toujours plus de for\u00eat et d&rsquo;interminables singles bois\u00e9s&#8230;.<\/div>\n<div>&nbsp;<\/div>\n<div>Avec la carte ci-dessous, voici plus ou moins \u00e0 quoi devraient ressembler les 3 nouveaux parcours. On reprend donc \u00e0 peu pr\u00e8s la m\u00eame trame des derni\u00e8res \u00e9ditions mais en inversant le sens (cela change compl\u00e8tement la rando avec notamment la travers\u00e9e de l&rsquo;Offlarde et du single des Sorci\u00e8res de nuit), en allongeant&nbsp; dans les bois le parcours d\u00e9couverte qui aura cette fois l&rsquo;avantage de trouver le ravito en d\u00e9but de parcours, et en ajoutant des singles dans la for\u00eat de Phalempin pour le 45. De bonnes lampes sont donc imp\u00e9ratives pour les aventuriers !!!<\/div>\n<div>&nbsp;<\/div>\n<div style=\"text-align: center;\"><em><a href=\"https:\/\/veloclubfaumont.fr\/wp-content\/uploads\/2024\/08\/carte-3-PARCOURS-scaled.jpg\"><img loading=\"lazy\" decoding=\"async\" class=\"aligncenter size-large wp-image-51889\" src=\"https:\/\/veloclubfaumont.fr\/wp-content\/uploads\/2024\/08\/carte-3-PARCOURS-723x1024.jpg\" alt=\"\" width=\"723\" height=\"1024\" srcset=\"https:\/\/veloclubfaumont.fr\/wp-content\/uploads\/2024\/08\/carte-3-PARCOURS-723x1024.jpg 723w, https:\/\/veloclubfaumont.fr\/wp-content\/uploads\/2024\/08\/carte-3-PARCOURS-212x300.jpg 212w, https:\/\/veloclubfaumont.fr\/wp-content\/uploads\/2024\/08\/carte-3-PARCOURS-768x1088.jpg 768w, https:\/\/veloclubfaumont.fr\/wp-content\/uploads\/2024\/08\/carte-3-PARCOURS-1084x1536.jpg 1084w, https:\/\/veloclubfaumont.fr\/wp-content\/uploads\/2024\/08\/carte-3-PARCOURS-1445x2048.jpg 1445w, https:\/\/veloclubfaumont.fr\/wp-content\/uploads\/2024\/08\/carte-3-PARCOURS-scaled.jpg 1807w\" sizes=\"auto, (max-width: 723px) 100vw, 723px\" \/><\/a>A noter que le 46 pr\u00e9vu \u00e0 l&rsquo;origine fera 45 km<br><a href=\"https:\/\/veloclubfaumont.fr\/index.php\/nocturne-vtt-2024-les-parcours-vtt-gravel\/\"><strong>Tous les parcours d\u00e9taill\u00e9s ici<\/strong><\/a><br><\/em><\/div>\n<div>&nbsp;<\/div>\n<div style=\"text-align: center;\"><a href=\"https:\/\/veloclubfaumont.fr\/wp-content\/uploads\/2024\/02\/DSC_0973_.jpg\"><img loading=\"lazy\" decoding=\"async\" class=\"aligncenter size-large wp-image-42241\" src=\"https:\/\/veloclubfaumont.fr\/wp-content\/uploads\/2024\/02\/DSC_0973_-1024x682.jpg\" alt=\"\" width=\"1024\" height=\"682\" srcset=\"https:\/\/veloclubfaumont.fr\/wp-content\/uploads\/2024\/02\/DSC_0973_-1024x682.jpg 1024w, https:\/\/veloclubfaumont.fr\/wp-content\/uploads\/2024\/02\/DSC_0973_-300x200.jpg 300w, https:\/\/veloclubfaumont.fr\/wp-content\/uploads\/2024\/02\/DSC_0973_-768x512.jpg 768w, https:\/\/veloclubfaumont.fr\/wp-content\/uploads\/2024\/02\/DSC_0973_.jpg 1307w\" sizes=\"auto, (max-width: 1024px) 100vw, 1024px\" \/><\/a><\/div>\n<div><hr><\/div>\n<div class=\"cxmmr5t8 oygrvhab hcukyx3x c1et5uql o9v6fnle\">Comme les ann\u00e9es pr\u00e9c\u00e9dentes, les inscriptions se feront en ligne via <strong>HelloAsso<\/strong> au prix r\u00e9duit de <strong>5\u20ac<\/strong> (<strong><a href=\"https:\/\/www.helloasso.com\/associations\/velo-club-faumontois\/evenements\/nocturne-vtt-faumont-2024-8eme-edition\" target=\"_blank\" rel=\"noopener\">lien direct en cliquant ici<\/a><\/strong>) ou sur place (au prix major\u00e9 de <strong>6\u20ac<\/strong>) le <strong>vendredi 23 ao\u00fbt 2024<\/strong> de19h00 \u00e0 21h00 dans la cour de l\u2019\u00e9cole primaire (derri\u00e8re la salle des f\u00eates). <a href=\"https:\/\/www.google.fr\/maps\/dir\/\/%C3%A9cole+faumont\/@50.4574711,3.1346801,17.37z\/data=!4m8!4m7!1m0!1m5!1m1!1s0x47c2c56b7d5c9ecd:0xa7df7a334bd097bc!2m2!1d3.1370477!2d50.4579388?entry=ttu\" target=\"_blank\" rel=\"noopener\">Lien GoogleMaps<\/a>.<\/div>\n<div>&nbsp;<\/div>\n<div class=\"cxmmr5t8 oygrvhab hcukyx3x c1et5uql o9v6fnle\"><strong>Un Paiement par CB<\/strong>, ApplePay <span class=\"pq6dq46d tbxw36s4 knj5qynh kvgmc6g5 ditlmg2l oygrvhab nvdbi5me sf5mxxl7 gl3lb2sf hhz5lgdu\"><img loading=\"lazy\" decoding=\"async\" src=\"https:\/\/static.xx.fbcdn.net\/images\/emoji.php\/v9\/tb7\/1.5\/16\/1f4b4.png\" alt=\"&#x1f4b4;\" width=\"16\" height=\"16\"><\/span> sera possible. Plusieurs photographes pr\u00e9sents (photos disponibles ici et sur notre page Facebook <a href=\"https:\/\/www.facebook.com\/veloclubfaumont\" target=\"_blank\" rel=\"noopener\">VC Faumont<\/a>).<\/div>\n<div>&nbsp;<\/div>\n<div>A noter que m\u00eame si les inscriptions se font \u00e0 partir de 19h00, nous vous conseillons de partir bien apr\u00e8s 20h00 pour profiter au mieux des parcours de nuit (le soleil se couchant \u00e0 20h45). Il serait en effet dommage de revenir \u00e0 la salle alors qu\u2019il ferait encore clair\u2026&nbsp; En effet, pour ceux qui feront l\u2019un des 2 grands parcours, rouler en for\u00eat en pleine nuit avec tous les bruits de la nature autour de nous est un beau moment \u00e0 vivre. On red\u00e9couvre litt\u00e9ralement le VTT ! <strong>Attention \u00e9galement \u00e0 prendre au moins 2 lampes pour les grands parcours afin de ne pas tomber en panne en pleine for\u00eat (comme certains l\u2019an pass\u00e9\u2026) et de bien voir les obstacles dans les parties techniques dans les bois.<\/strong><\/div>\n<div>&nbsp;<\/div>\n<div style=\"text-align: center;\"><a href=\"https:\/\/veloclubfaumont.fr\/wp-content\/uploads\/2024\/02\/DSC_0033_.jpg\"><img loading=\"lazy\" decoding=\"async\" class=\"aligncenter size-large wp-image-42238\" src=\"https:\/\/veloclubfaumont.fr\/wp-content\/uploads\/2024\/02\/DSC_0033_-1024x682.jpg\" alt=\"\" width=\"1024\" height=\"682\" srcset=\"https:\/\/veloclubfaumont.fr\/wp-content\/uploads\/2024\/02\/DSC_0033_-1024x682.jpg 1024w, https:\/\/veloclubfaumont.fr\/wp-content\/uploads\/2024\/02\/DSC_0033_-300x200.jpg 300w, https:\/\/veloclubfaumont.fr\/wp-content\/uploads\/2024\/02\/DSC_0033_-768x512.jpg 768w, https:\/\/veloclubfaumont.fr\/wp-content\/uploads\/2024\/02\/DSC_0033_.jpg 1307w\" sizes=\"auto, (max-width: 1024px) 100vw, 1024px\" \/><\/a><\/div>\n<div style=\"text-align: center;\"><em>les inscriptions dans la cour de l\u2019\u00e9cole (juste derri\u00e8re la salle des f\u00eates)<\/em><\/div>\n<div class=\"cxmmr5t8 oygrvhab hcukyx3x c1et5uql o9v6fnle\">&nbsp;<\/div>\n<div>&nbsp;<\/div>\n<div><img loading=\"lazy\" decoding=\"async\" class=\"alignnone size-large\" src=\"https:\/\/lh3.googleusercontent.com\/pw\/AMWts8CuCzljR0FIOrjhGTR7q7v6Wkii6JHA8GHDHN64gKq78rbFBQOJSDTyKnr37tXM3pwLj8tEDjwT6c4ehbqHaXcXMXOyOSeVdsK8pNcafc7KjsxyL9xuNMmfQ60EYzrEJkkTyhdK4T5j8QMqZ0H65KfBhw=w1347-h759-no?authuser=0\" width=\"1347\" height=\"759\"><\/div>\n<div style=\"text-align: center;\"><em>stand cr\u00eapes pour attendre le moment du d\u00e9part et pour dessert au retour\u2026 miamm <img decoding=\"async\" class=\"emoji\" role=\"img\" draggable=\"false\" src=\"https:\/\/s.w.org\/images\/core\/emoji\/14.0.0\/svg\/1f609.svg\" alt=\"&#x1f609;\"><\/em><\/div>\n<div>&nbsp;<\/div>\n<div>\n<div dir=\"auto\">Sur les 3 parcours, un ravitaillement gourmand vous attendra \u00e0 l&rsquo;entr\u00e9e du 2\u00e8me bois pr\u00e8s du Golf de Thumeries. Comme l&rsquo;\u00e9dition pr\u00e9c\u00e9dente, la team du <a class=\"x1i10hfl xjbqb8w x6umtig x1b1mbwd xaqea5y xav7gou x9f619 x1ypdohk xt0psk2 xe8uvvx xdj266r x11i5rnm xat24cr x1mh8g0r xexx8yu x4uap5 x18d9i69 xkhd6sd x16tdsg8 x1hl2dhg xggy1nq x1a2a7pz xt0b8zv x1qq9wsj xo1l8bm\" tabindex=\"0\" role=\"link\" href=\"https:\/\/www.facebook.com\/veloclubfaumont?__cft__[0]=AZWW_keUTabNXuAeHHiCqUKacMyI8AtKQMJk9RYT_yc_tpVLif-g0J7QebpPC6OHaGqfAtkBUzAzvzttxnLMarHQ_TdBvWA3V6TWnp2AO7dPUlpb8xSNKPrR03Qml91p3TKj_jrM0bR2QGashBwV0NLB&amp;__tn__=-]K-R\"><span class=\"xt0psk2\">VC Faumont<\/span><\/a> passe \u00e0 l\u2019\u00e8re de l\u2019EcoCup <span class=\"x3nfvp2 x1j61x8r x1fcty0u xdj266r xhhsvwb xat24cr xgzva0m xxymvpz xlup9mm x1kky2od\"><img loading=\"lazy\" decoding=\"async\" src=\"https:\/\/static.xx.fbcdn.net\/images\/emoji.php\/v9\/ta8\/1.5\/16\/1f601.png\" alt=\"&#x1f601;\" width=\"16\" height=\"16\">&#8230; <\/span>Ensemble, r\u00e9duisons nos d\u00e9chets (plus de gobelet en plastique) et surtout, pense \u00e0 prendre la tienne ou ton bidon pour le ravito <span class=\"x3nfvp2 x1j61x8r x1fcty0u xdj266r xhhsvwb xat24cr xgzva0m xxymvpz xlup9mm x1kky2od\"><img loading=\"lazy\" decoding=\"async\" src=\"https:\/\/static.xx.fbcdn.net\/images\/emoji.php\/v9\/t55\/1.5\/16\/1f44d.png\" alt=\"&#x1f44d;\" width=\"16\" height=\"16\"><\/span><span class=\"x3nfvp2 x1j61x8r x1fcty0u xdj266r xhhsvwb xat24cr xgzva0m xxymvpz xlup9mm x1kky2od\"><img loading=\"lazy\" decoding=\"async\" src=\"https:\/\/static.xx.fbcdn.net\/images\/emoji.php\/v9\/t55\/1.5\/16\/1f44d.png\" alt=\"&#x1f44d;\" width=\"16\" height=\"16\"><\/span> <span class=\"x3nfvp2 x1j61x8r x1fcty0u xdj266r xhhsvwb xat24cr xgzva0m xxymvpz xlup9mm x1kky2od\"><img loading=\"lazy\" decoding=\"async\" src=\"https:\/\/static.xx.fbcdn.net\/images\/emoji.php\/v9\/t59\/1.5\/16\/1f60b.png\" alt=\"&#x1f60b;\" width=\"16\" height=\"16\"><\/span><\/div>\n<div dir=\"auto\">&nbsp;<\/div>\n<div dir=\"auto\" style=\"text-align: center;\"><em><a href=\"https:\/\/veloclubfaumont.fr\/wp-content\/uploads\/2023\/08\/8.jpeg\"><img loading=\"lazy\" decoding=\"async\" class=\"aligncenter size-full wp-image-31437\" src=\"https:\/\/veloclubfaumont.fr\/wp-content\/uploads\/2023\/08\/8.jpeg\" alt=\"\" width=\"1024\" height=\"768\" srcset=\"https:\/\/veloclubfaumont.fr\/wp-content\/uploads\/2023\/08\/8.jpeg 1024w, https:\/\/veloclubfaumont.fr\/wp-content\/uploads\/2023\/08\/8-300x225.jpeg 300w, https:\/\/veloclubfaumont.fr\/wp-content\/uploads\/2023\/08\/8-768x576.jpeg 768w\" sizes=\"auto, (max-width: 1024px) 100vw, 1024px\" \/><\/a><br>finis les gobelets en plastique \u00e0 notre ravito !!!<\/em><\/div>\n<div dir=\"auto\">&nbsp;<\/div>\n<\/div>\n<div style=\"text-align: center;\">&nbsp;<\/div>\n<div>&nbsp;<\/div>\n<div><img loading=\"lazy\" decoding=\"async\" class=\"alignnone size-large\" src=\"https:\/\/lh3.googleusercontent.com\/pw\/AMWts8DpPsjTd1OT3AiuIhiroNr3IhRKS6sJpzozT8iBtn4IhWMNP78jgTF76WjFJdmA54iZd1uI-KcRBerQSNrDMbbE8lc_sAnlDeX_spwddvoyP1BFJtZqY_xEgTv0nDr9l4Yc6WYmleU69r9_GdNw593JCQ=w1012-h759-no?authuser=0\" width=\"1012\" height=\"759\"><\/div>\n<div>\n<div>&nbsp;<\/div>\n<div class=\"cxmmr5t8 oygrvhab hcukyx3x c1et5uql o9v6fnle\">A l\u2019arriv\u00e9e au parking de la Salle des F\u00eates : barbecue + boisson offerts avec sono pour animer la soir\u00e9e.<\/div>\n<div class=\"cxmmr5t8 oygrvhab hcukyx3x c1et5uql o9v6fnle\">&nbsp;<\/div>\n<div>&nbsp;<\/div>\n<div><img loading=\"lazy\" decoding=\"async\" class=\"alignnone size-full\" src=\"https:\/\/lh3.googleusercontent.com\/pw\/AM-JKLU1BUAZpUls3lN4UPwrmnwbUU1qUHUYh4zua4ZzMAJtISO1yNBaF14fcqew7LQn5AhcA52Xbk7p01c8DEqfnlhsx0UTzu1nhc_NFMcjo4FTFE9pIqWUoXQ-tmbcGtOkpGTHied3d5vHlCwFpM8PHaURNQ=w1139-h759-no?authuser=0\" width=\"1139\" height=\"759\"><\/div>\n<p style=\"text-align: center;\"><em>Une bonne ambiance assur\u00e9e tout au long de la soir\u00e9e !<\/em><\/p>\n<p>&nbsp;<\/p>\n<p style=\"text-align: center;\"><a href=\"https:\/\/veloclubfaumont.fr\/wp-content\/uploads\/2024\/02\/DSC_0053_.jpg\"><img loading=\"lazy\" decoding=\"async\" class=\"aligncenter size-large wp-image-42239\" src=\"https:\/\/veloclubfaumont.fr\/wp-content\/uploads\/2024\/02\/DSC_0053_-1024x682.jpg\" alt=\"\" width=\"1024\" height=\"682\" srcset=\"https:\/\/veloclubfaumont.fr\/wp-content\/uploads\/2024\/02\/DSC_0053_-1024x682.jpg 1024w, https:\/\/veloclubfaumont.fr\/wp-content\/uploads\/2024\/02\/DSC_0053_-300x200.jpg 300w, https:\/\/veloclubfaumont.fr\/wp-content\/uploads\/2024\/02\/DSC_0053_-768x512.jpg 768w, https:\/\/veloclubfaumont.fr\/wp-content\/uploads\/2024\/02\/DSC_0053_.jpg 1307w\" sizes=\"auto, (max-width: 1024px) 100vw, 1024px\" \/><\/a>&nbsp;&nbsp;<img loading=\"lazy\" decoding=\"async\" class=\"alignnone size-large\" src=\"https:\/\/lh3.googleusercontent.com\/pw\/AMWts8CWTrH2Rnk-HtRtisRF1G_VdFn9ZSCjq-ifqSluA_dCeX-P0ZzNQuO_p4AZppKm8YtQsbZWCWihIvnj_3Rx6T4w2x76juiQui-EDbSRZCn_TwLD9EPxbTXang2KLjRbTetaDrk3KAySXE6GcSsV3ubbgQ=w1528-h706-no?authuser=0\" width=\"1528\" height=\"705\"><\/p>\n<p><img loading=\"lazy\" decoding=\"async\" class=\"alignnone size-large\" src=\"https:\/\/lh3.googleusercontent.com\/pw\/AMWts8DlIic_WTVEpEsCCW9FnIIFZ6gS9pn7GcPAKzZtjALfN7bDdpzJWkZ_yxLVFQWubC0TtF4ldOXqQIHDFgVS4ekdecYAO9FAuvnRoyE_i55rseJIsRYCLaD0dtT1kX1ROfI9OIsrsBcH3IefcQjUPMk6ug=w1528-h706-no?authuser=0\" width=\"1528\" height=\"705\"><\/p>\n<p><img loading=\"lazy\" decoding=\"async\" class=\"alignnone size-large\" src=\"https:\/\/lh3.googleusercontent.com\/pw\/AMWts8B0hLCahXLPMWgALwzdMneDUNWMRHfr924FfXtqNwpRHAuoFno5v2yvB4itdIt1Fx-g2nxmWqwKlzkTfm1xuPKlx0V0CL-dAS4qNkQ9YTMd5Bl-aNdkMCv6PYeVM0v0-PrKD9vk7autMiMaDhgnaaCOQw=w1528-h706-no?authuser=0\" width=\"1528\" height=\"705\"><\/p>\n<p><span class=\"embed-youtube\" style=\"text-align:center; display: block;\"><iframe loading=\"lazy\" class=\"youtube-player\" width=\"640\" height=\"360\" src=\"https:\/\/www.youtube.com\/embed\/HADtdFORmEI?version=3&#038;rel=1&#038;showsearch=0&#038;showinfo=1&#038;iv_load_policy=1&#038;fs=1&#038;hl=fr-FR&#038;autohide=2&#038;wmode=transparent\" allowfullscreen=\"true\" style=\"border:0;\" sandbox=\"allow-scripts allow-same-origin allow-popups allow-presentation\"><\/iframe><\/span><\/p>\n<p style=\"text-align: center;\"><em>Vid\u00e9o de la reconnaissance de nuit du 45 km (NEW)<\/em><\/p>\n<p>&nbsp;<\/p>\n<p style=\"text-align: center;\"><em>vid\u00e9o du parcours 45 km en 2023 pour avoir une id\u00e9e de ce qui vous attend :<\/em><\/p>\n<p><span class=\"embed-youtube\" style=\"text-align:center; display: block;\"><iframe loading=\"lazy\" class=\"youtube-player\" width=\"640\" height=\"360\" src=\"https:\/\/www.youtube.com\/embed\/ZixCY0y8YVc?version=3&#038;rel=1&#038;showsearch=0&#038;showinfo=1&#038;iv_load_policy=1&#038;fs=1&#038;hl=fr-FR&#038;autohide=2&#038;wmode=transparent\" allowfullscreen=\"true\" style=\"border:0;\" sandbox=\"allow-scripts allow-same-origin allow-popups allow-presentation\"><\/iframe><\/span><\/p>\n<\/div>\n\n\n\n<p>Best of du livre d&rsquo;or sur notre page Facebook de l&rsquo;\u00e9dition 2023 :<\/p>\n<p style=\"text-align: left;\"><a href=\"https:\/\/veloclubfaumont.fr\/wp-content\/uploads\/2024\/02\/5.jpg\"><img loading=\"lazy\" decoding=\"async\" class=\"aligncenter size-full wp-image-41497\" src=\"https:\/\/veloclubfaumont.fr\/wp-content\/uploads\/2024\/02\/5.jpg\" alt=\"\" width=\"870\" height=\"790\" srcset=\"https:\/\/veloclubfaumont.fr\/wp-content\/uploads\/2024\/02\/5.jpg 870w, https:\/\/veloclubfaumont.fr\/wp-content\/uploads\/2024\/02\/5-300x272.jpg 300w, https:\/\/veloclubfaumont.fr\/wp-content\/uploads\/2024\/02\/5-768x697.jpg 768w\" sizes=\"auto, (max-width: 870px) 100vw, 870px\" \/><\/a> <a href=\"https:\/\/veloclubfaumont.fr\/wp-content\/uploads\/2024\/02\/4.jpg\"><img loading=\"lazy\" decoding=\"async\" class=\"aligncenter size-large wp-image-41498\" src=\"https:\/\/veloclubfaumont.fr\/wp-content\/uploads\/2024\/02\/4.jpg\" alt=\"\" width=\"522\" height=\"765\" srcset=\"https:\/\/veloclubfaumont.fr\/wp-content\/uploads\/2024\/02\/4.jpg 522w, https:\/\/veloclubfaumont.fr\/wp-content\/uploads\/2024\/02\/4-205x300.jpg 205w\" sizes=\"auto, (max-width: 522px) 100vw, 522px\" \/><\/a> <a href=\"https:\/\/veloclubfaumont.fr\/wp-content\/uploads\/2024\/02\/3.jpg\"><img loading=\"lazy\" decoding=\"async\" class=\"aligncenter size-large wp-image-41499\" src=\"https:\/\/veloclubfaumont.fr\/wp-content\/uploads\/2024\/02\/3.jpg\" alt=\"\" width=\"866\" height=\"729\" srcset=\"https:\/\/veloclubfaumont.fr\/wp-content\/uploads\/2024\/02\/3.jpg 866w, https:\/\/veloclubfaumont.fr\/wp-content\/uploads\/2024\/02\/3-300x253.jpg 300w, https:\/\/veloclubfaumont.fr\/wp-content\/uploads\/2024\/02\/3-768x647.jpg 768w\" sizes=\"auto, (max-width: 866px) 100vw, 866px\" \/><\/a> <a href=\"https:\/\/veloclubfaumont.fr\/wp-content\/uploads\/2024\/02\/2.jpg\"><img loading=\"lazy\" decoding=\"async\" class=\"aligncenter size-large wp-image-41500\" src=\"https:\/\/veloclubfaumont.fr\/wp-content\/uploads\/2024\/02\/2.jpg\" alt=\"\" width=\"880\" height=\"746\" srcset=\"https:\/\/veloclubfaumont.fr\/wp-content\/uploads\/2024\/02\/2.jpg 880w, https:\/\/veloclubfaumont.fr\/wp-content\/uploads\/2024\/02\/2-300x254.jpg 300w, https:\/\/veloclubfaumont.fr\/wp-content\/uploads\/2024\/02\/2-768x651.jpg 768w\" sizes=\"auto, (max-width: 880px) 100vw, 880px\" \/><\/a> <a href=\"https:\/\/veloclubfaumont.fr\/wp-content\/uploads\/2024\/02\/1.jpg\"><img loading=\"lazy\" decoding=\"async\" class=\"aligncenter size-large wp-image-41501\" src=\"https:\/\/veloclubfaumont.fr\/wp-content\/uploads\/2024\/02\/1.jpg\" alt=\"\" width=\"780\" height=\"756\" srcset=\"https:\/\/veloclubfaumont.fr\/wp-content\/uploads\/2024\/02\/1.jpg 780w, https:\/\/veloclubfaumont.fr\/wp-content\/uploads\/2024\/02\/1-300x291.jpg 300w, https:\/\/veloclubfaumont.fr\/wp-content\/uploads\/2024\/02\/1-768x744.jpg 768w\" sizes=\"auto, (max-width: 780px) 100vw, 780px\" \/><\/a><\/p>\n","protected":false},"excerpt":{"rendered":"<p>Page Facebook de l&rsquo;\u00e9v\u00e9nement &#8211; Pr\u00e9sentation de notre Nocturne (ici)Les 3 parcours VTT-GRAVEL Les pr\u00e9paratifs &#8211;Photos et Vid\u00e9os (NOUVEAU) &nbsp; &nbsp; 3 nouveaux parcours cette ann\u00e9e : un 25 km&#8230;<\/p>\n","protected":false},"author":1,"featured_media":0,"parent":0,"menu_order":0,"comment_status":"closed","ping_status":"closed","template":"","meta":{"ngg_post_thumbnail":0,"jetpack_post_was_ever_published":false,"two_page_speed":[],"footnotes":""},"class_list":["post-41487","page","type-page","status-publish","hentry"],"jetpack_sharing_enabled":true,"jetpack_shortlink":"https:\/\/wp.me\/P8bXJp-aN9","_links":{"self":[{"href":"https:\/\/veloclubfaumont.fr\/index.php\/wp-json\/wp\/v2\/pages\/41487","targetHints":{"allow":["GET"]}}],"collection":[{"href":"https:\/\/veloclubfaumont.fr\/index.php\/wp-json\/wp\/v2\/pages"}],"about":[{"href":"https:\/\/veloclubfaumont.fr\/index.php\/wp-json\/wp\/v2\/types\/page"}],"author":[{"embeddable":true,"href":"https:\/\/veloclubfaumont.fr\/index.php\/wp-json\/wp\/v2\/users\/1"}],"replies":[{"embeddable":true,"href":"https:\/\/veloclubfaumont.fr\/index.php\/wp-json\/wp\/v2\/comments?post=41487"}],"version-history":[{"count":0,"href":"https:\/\/veloclubfaumont.fr\/index.php\/wp-json\/wp\/v2\/pages\/41487\/revisions"}],"wp:attachment":[{"href":"https:\/\/veloclubfaumont.fr\/index.php\/wp-json\/wp\/v2\/media?parent=41487"}],"curies":[{"name":"wp","href":"https:\/\/api.w.org\/{rel}","templated":true}]}}