{"id":53811,"date":"2024-09-10T19:04:17","date_gmt":"2024-09-10T17:04:17","guid":{"rendered":"http:\/\/veloclubfaumont.fr\/?page_id=53811"},"modified":"2025-01-29T16:29:14","modified_gmt":"2025-01-29T15:29:14","slug":"2024-2","status":"publish","type":"page","link":"https:\/\/veloclubfaumont.fr\/index.php\/2024-2\/","title":{"rendered":"2024"},"content":{"rendered":"\n<p><a href=\"https:\/\/veloclubfaumont.fr\/index.php\/nocturne-vtt-2024-la-presentation\/\">Nocturne VTT 2024 : la pr\u00e9sentation<\/a><\/p>\n<p><a href=\"https:\/\/veloclubfaumont.fr\/index.php\/cbt-2024\/\">CBT 2024<\/a><\/p>\n<p><a href=\"https:\/\/veloclubfaumont.fr\/index.php\/2024\/11\/23\/assemblee-generale-2024\/\">Assembl\u00e9e G\u00e9n\u00e9rale 2024<\/a><\/p>\n","protected":false},"excerpt":{"rendered":"<p>Nocturne VTT 2024 : la pr\u00e9sentation CBT 2024 Assembl\u00e9e G\u00e9n\u00e9rale 2024<\/p>\n","protected":false},"author":1,"featured_media":0,"parent":0,"menu_order":0,"comment_status":"closed","ping_status":"closed","template":"","meta":{"ngg_post_thumbnail":0,"jetpack_post_was_ever_published":false,"two_page_speed":[],"footnotes":""},"class_list":["post-53811","page","type-page","status-publish","hentry"],"jetpack_sharing_enabled":true,"jetpack_shortlink":"https:\/\/wp.me\/P8bXJp-dZV","_links":{"self":[{"href":"https:\/\/veloclubfaumont.fr\/index.php\/wp-json\/wp\/v2\/pages\/53811","targetHints":{"allow":["GET"]}}],"collection":[{"href":"https:\/\/veloclubfaumont.fr\/index.php\/wp-json\/wp\/v2\/pages"}],"about":[{"href":"https:\/\/veloclubfaumont.fr\/index.php\/wp-json\/wp\/v2\/types\/page"}],"author":[{"embeddable":true,"href":"https:\/\/veloclubfaumont.fr\/index.php\/wp-json\/wp\/v2\/users\/1"}],"replies":[{"embeddable":true,"href":"https:\/\/veloclubfaumont.fr\/index.php\/wp-json\/wp\/v2\/comments?post=53811"}],"version-history":[{"count":1,"href":"https:\/\/veloclubfaumont.fr\/index.php\/wp-json\/wp\/v2\/pages\/53811\/revisions"}],"predecessor-version":[{"id":59761,"href":"https:\/\/veloclubfaumont.fr\/index.php\/wp-json\/wp\/v2\/pages\/53811\/revisions\/59761"}],"wp:attachment":[{"href":"https:\/\/veloclubfaumont.fr\/index.php\/wp-json\/wp\/v2\/media?parent=53811"}],"curies":[{"name":"wp","href":"https:\/\/api.w.org\/{rel}","templated":true}]}}