{"id":54367,"date":"2024-09-21T11:42:44","date_gmt":"2024-09-21T09:42:44","guid":{"rendered":"http:\/\/veloclubfaumont.fr\/?page_id=54367"},"modified":"2025-01-15T16:11:10","modified_gmt":"2025-01-15T15:11:10","slug":"chicon-bike-tour-2025-les-parcours-marche","status":"publish","type":"page","link":"https:\/\/veloclubfaumont.fr\/index.php\/chicon-bike-tour-2025-les-parcours-marche\/","title":{"rendered":"Chicon Bike Tour 2025 : les parcours Marche"},"content":{"rendered":"\n<table style=\"width: 100%; border-collapse: collapse; background-color: #f28888;\" border=\"1\">\n<tbody>\n<tr>\n<td style=\"width: 100%;\">\n<h3>MISE A JOUR du mercredi 15 JANVIER : le retour du 11 et du 15 km ont \u00e9t\u00e9 chang\u00e9s afin d&rsquo;\u00e9viter l&rsquo;entr\u00e9e d&rsquo;un chemin agricole trop d\u00e9fonc\u00e9 par les tracteurs. La 15 a vu aussi un autre chemin agricole inond\u00e9 \u00e0 Mons en P\u00e9v\u00e8le (les cartes OPENRUNNER et KOMOOT ont \u00e9t\u00e9 modifi\u00e9es). Pensez \u00e0 prendre de bonnes chaussures de randonn\u00e9es pour nos parcours tr\u00e8s campagnards et respectez les balisages sur le terrain plut\u00f4t que les anciennes traces GPX d&rsquo;avant 15 janvier.<\/h3>\n<p>On vous tient au courant si d&rsquo;autres changements sont effectu\u00e9s pour le 19 janvier&#8230;<\/p>\n<\/td>\n<\/tr>\n<\/tbody>\n<\/table>\n<p>Cette ann\u00e9e, 3 parcours Marche autour de Faumont vous seront propos\u00e9s : 7<strong> km, 11 km et 15 km (nouveau parcours pour les plus grandes distances). <\/strong><\/p>\n<p>Par manque de b\u00e9n\u00e9voles, nous n&rsquo;avons h\u00e9las <strong>pas de ravito<\/strong> sur place pour les marcheurs, mais un en-cas (<strong>une d\u00e9licieuse gaufre<\/strong>) et une<strong> bouteille d\u2019eau de 50cl<\/strong> (fournie par la source <strong>LOUISE de M\u00e9rignies<\/strong>) seront donn\u00e9s \u00e0 l\u2019inscription \u00e0 la salle.<\/p>\n<p><strong>Au retour salle<\/strong>&nbsp;: soupe aux chicons + sandwich + boisson + sachet de chicons<\/p>\n<p><strong>Tarif<\/strong> : <strong>4\u20ac<\/strong> en ligne (<a href=\"https:\/\/www.helloasso.com\/associations\/velo-club-faumontois\/evenements\/chicon-bike-tour-2025\" target=\"_blank\" rel=\"noopener\">lien ici<\/a>) ou 5\u20ac sur place<\/p>\n<table style=\"border-collapse: collapse; width: 100%;\">\n<tbody>\n<tr>\n<td style=\"width: 100%;\">\n<h3><em><strong>ATTENTION : <\/strong>Vous allez parfois traverser des chemins agricoles boueux ou d\u00e9fonc\u00e9s. Pr\u00e9voyez donc des chaussures ad\u00e9quates pour une marche bien \u00ab\u00a0campagnarde\u00a0\u00bb&#8230;<\/em><\/h3>\n<\/td>\n<\/tr>\n<\/tbody>\n<\/table>\n<p style=\"text-align: center;\"><em>Diaporama de ce qui vous attend sur le 15 km in\u00e9dit :<\/em><\/p>\n<p style=\"text-align: center;\"><div id=\"metaslider-id-58491\" style=\"width: 100%;\" class=\"ml-slider-3-31-0 metaslider metaslider-nivo metaslider-58491 ml-slider ms-theme-default\">\n    <div id=\"metaslider_container_58491\">\n        <div class='slider-wrapper theme-default'><div class='ribbon'><\/div><div id='metaslider_58491' class='nivoSlider'><img loading=\"lazy\" decoding=\"async\" src=\"https:\/\/veloclubfaumont.fr\/wp-content\/uploads\/2024\/12\/Rando-2024-12-11-11h32m30s165-scaled-800x400.jpg\" height=\"400\" width=\"800\" title=\"Rando-2024-12-11-11h32m30s165\" alt=\"\" class=\"slider-58491 slide-58508\" \/><img loading=\"lazy\" decoding=\"async\" src=\"https:\/\/veloclubfaumont.fr\/wp-content\/uploads\/2024\/12\/Rando-2024-12-11-11h33m01s209-scaled-800x400.jpg\" height=\"400\" width=\"800\" title=\"Rando-2024-12-11-11h33m01s209\" alt=\"\" class=\"slider-58491 slide-58509\" \/><img loading=\"lazy\" decoding=\"async\" src=\"https:\/\/veloclubfaumont.fr\/wp-content\/uploads\/2024\/12\/Rando-2024-12-11-11h33m47s595-scaled-800x400.jpg\" height=\"400\" width=\"800\" title=\"Rando-2024-12-11-11h33m47s595\" alt=\"\" class=\"slider-58491 slide-58510\" \/><img loading=\"lazy\" decoding=\"async\" src=\"https:\/\/veloclubfaumont.fr\/wp-content\/uploads\/2024\/12\/Rando-2024-12-11-11h35m14s959-scaled-800x400.jpg\" height=\"400\" width=\"800\" title=\"Rando-2024-12-11-11h35m14s959\" alt=\"\" class=\"slider-58491 slide-58511\" \/><img loading=\"lazy\" decoding=\"async\" src=\"https:\/\/veloclubfaumont.fr\/wp-content\/uploads\/2024\/12\/Rando-2024-12-11-11h36m02s366-scaled-800x400.jpg\" height=\"400\" width=\"800\" title=\"Rando-2024-12-11-11h36m02s366\" alt=\"\" class=\"slider-58491 slide-58512\" \/><img loading=\"lazy\" decoding=\"async\" src=\"https:\/\/veloclubfaumont.fr\/wp-content\/uploads\/2024\/12\/Rando-2024-12-11-11h36m35s755-scaled-800x400.jpg\" height=\"400\" width=\"800\" title=\"Rando-2024-12-11-11h36m35s755\" alt=\"\" class=\"slider-58491 slide-58513\" \/><img loading=\"lazy\" decoding=\"async\" src=\"https:\/\/veloclubfaumont.fr\/wp-content\/uploads\/2024\/12\/Rando-2024-12-11-11h37m04s180-scaled-800x400.jpg\" height=\"400\" width=\"800\" title=\"Rando-2024-12-11-11h37m04s180\" alt=\"\" class=\"slider-58491 slide-58514\" \/><img loading=\"lazy\" decoding=\"async\" src=\"https:\/\/veloclubfaumont.fr\/wp-content\/uploads\/2024\/12\/Rando-2024-12-11-11h37m37s014-scaled-800x400.jpg\" height=\"400\" width=\"800\" title=\"Rando-2024-12-11-11h37m37s014\" alt=\"\" class=\"slider-58491 slide-58515\" \/><img loading=\"lazy\" decoding=\"async\" src=\"https:\/\/veloclubfaumont.fr\/wp-content\/uploads\/2024\/12\/Rando-2024-12-11-11h38m03s702-scaled-800x400.jpg\" height=\"400\" width=\"800\" title=\"Rando-2024-12-11-11h38m03s702\" alt=\"\" class=\"slider-58491 slide-58516\" \/><img loading=\"lazy\" decoding=\"async\" src=\"https:\/\/veloclubfaumont.fr\/wp-content\/uploads\/2024\/12\/Rando-2024-12-11-11h38m42s892-scaled-800x400.jpg\" height=\"400\" width=\"800\" title=\"Rando-2024-12-11-11h38m42s892\" alt=\"\" class=\"slider-58491 slide-58517\" \/><img loading=\"lazy\" decoding=\"async\" src=\"https:\/\/veloclubfaumont.fr\/wp-content\/uploads\/2024\/12\/Rando-2024-12-11-11h39m21s847-scaled-800x400.jpg\" height=\"400\" width=\"800\" title=\"Rando-2024-12-11-11h39m21s847\" alt=\"\" class=\"slider-58491 slide-58518\" \/><img loading=\"lazy\" decoding=\"async\" src=\"https:\/\/veloclubfaumont.fr\/wp-content\/uploads\/2024\/12\/Rando-2024-12-11-11h40m36s226-scaled-800x400.jpg\" height=\"400\" width=\"800\" title=\"Rando-2024-12-11-11h40m36s226\" alt=\"\" class=\"slider-58491 slide-58519\" \/><img loading=\"lazy\" decoding=\"async\" src=\"https:\/\/veloclubfaumont.fr\/wp-content\/uploads\/2024\/12\/Rando-2024-12-11-11h41m31s705-scaled-800x400.jpg\" height=\"400\" width=\"800\" title=\"Rando-2024-12-11-11h41m31s705\" alt=\"\" class=\"slider-58491 slide-58520\" \/><img loading=\"lazy\" decoding=\"async\" src=\"https:\/\/veloclubfaumont.fr\/wp-content\/uploads\/2024\/12\/Rando-2024-12-11-11h42m41s252-scaled-800x400.jpg\" height=\"400\" width=\"800\" title=\"Rando-2024-12-11-11h42m41s252\" alt=\"\" class=\"slider-58491 slide-58521\" \/><img loading=\"lazy\" decoding=\"async\" src=\"https:\/\/veloclubfaumont.fr\/wp-content\/uploads\/2024\/12\/Rando-2024-12-11-11h42m59s708-scaled-800x400.jpg\" height=\"400\" width=\"800\" title=\"Rando-2024-12-11-11h42m59s708\" alt=\"\" class=\"slider-58491 slide-58522\" \/><img loading=\"lazy\" decoding=\"async\" src=\"https:\/\/veloclubfaumont.fr\/wp-content\/uploads\/2024\/12\/Rando-2024-12-11-11h43m33s430-scaled-800x400.jpg\" height=\"400\" width=\"800\" title=\"Rando-2024-12-11-11h43m33s430\" alt=\"\" class=\"slider-58491 slide-58523\" \/><\/div><\/div>\n        \n    <\/div>\n<\/div><\/p>\n<p>Avec aussi un peu de bitume, les parcours auront donc divers types de chemin. Il y en aura pour tous les go\u00fbts et \u00e9galement un peu de d\u00e9nivel\u00e9 avec notamment la mont\u00e9e de Mons en P\u00e9v\u00e8le pour les 2 grands parcours.<\/p>\n<p>&nbsp;<\/p>\n<figure class=\"wp-block-image\"><img decoding=\"async\" src=\"https:\/\/i1.wp.com\/veloclubfaumont.fr\/wp-content\/uploads\/2019\/10\/DSC_0388.jpg?w=2000\" alt=\"\"><\/figure>\n<p style=\"text-align: center;\"><em>balisage en jaune pour les marcheurs<\/em><\/p>\n<p>&nbsp;<\/p>\n<p style=\"text-align: center;\"><img loading=\"lazy\" decoding=\"async\" src=\"https:\/\/lh3.googleusercontent.com\/pw\/AP1GczPmv8MG7lev2FBMzchUhILkoumN3DijBd9SHsWka6IAJFkZykdAVU3qP0OcfHXkM4cKAw_3aSDY-egc5yXmt-0RVUr9nN0d7JkUZKF877sfg14FFdHYTSxsi8zwTDPhOv95N8z1kvnqwX7I5ecrKpuRIA=w1382-h921-s-no-gm?authuser=0\" width=\"1382\" height=\"921\"><br><em>retour \u00e0 la salle avec de quoi reprendre ses forces !<\/em><\/p>\n<p><span class=\"embed-youtube\" style=\"text-align:center; display: block;\"><iframe loading=\"lazy\" class=\"youtube-player\" width=\"640\" height=\"360\" src=\"https:\/\/www.youtube.com\/embed\/Vrvg3TrgSbY?version=3&#038;rel=1&#038;showsearch=0&#038;showinfo=1&#038;iv_load_policy=1&#038;fs=1&#038;hl=fr-FR&#038;autohide=2&#038;wmode=transparent\" allowfullscreen=\"true\" style=\"border:0;\" sandbox=\"allow-scripts allow-same-origin allow-popups allow-presentation\"><\/iframe><\/span><\/p>\n<p><a href=\"https:\/\/veloclubfaumont.fr\/wp-content\/uploads\/2024\/12\/CARTE-3-MARCHE-A3.jpg\"><img loading=\"lazy\" decoding=\"async\" class=\"aligncenter size-large wp-image-58526\" src=\"https:\/\/veloclubfaumont.fr\/wp-content\/uploads\/2024\/12\/CARTE-3-MARCHE-A3-833x1024.jpg\" alt=\"\" width=\"833\" height=\"1024\" srcset=\"https:\/\/veloclubfaumont.fr\/wp-content\/uploads\/2024\/12\/CARTE-3-MARCHE-A3-833x1024.jpg 833w, https:\/\/veloclubfaumont.fr\/wp-content\/uploads\/2024\/12\/CARTE-3-MARCHE-A3-244x300.jpg 244w, https:\/\/veloclubfaumont.fr\/wp-content\/uploads\/2024\/12\/CARTE-3-MARCHE-A3-768x944.jpg 768w, https:\/\/veloclubfaumont.fr\/wp-content\/uploads\/2024\/12\/CARTE-3-MARCHE-A3-488x600.jpg 488w, https:\/\/veloclubfaumont.fr\/wp-content\/uploads\/2024\/12\/CARTE-3-MARCHE-A3.jpg 1052w\" sizes=\"auto, (max-width: 833px) 100vw, 833px\" \/><\/a><\/p>\n<p>&nbsp;<\/p>\n<p style=\"text-align: center;\">&nbsp;<\/p>\n<p>Voici les cartes des 3 parcours, avec un lien&nbsp;<strong>Openrunner<\/strong>&nbsp;et&nbsp;<strong>Komoot<\/strong> pour t\u00e9l\u00e9charger la trace voulue sur votre smartphone ou votre GPS. La trace tournera autour de Faumont pour le petit parcours de <strong>7 km <\/strong>autour du village de <strong>Faumont<\/strong>, vers Bers\u00e9e pour l\u2019interm\u00e9diaire, un tour vers les <strong>bords de Mons en P\u00e9v\u00e8le<\/strong> pour le <strong>11 km<\/strong> et la mont\u00e9e de <strong>Mons en P\u00e9v\u00e8le<\/strong> pour le<strong> 15 km<\/strong> (vous pouvez \u00e9galement t\u00e9l\u00e9charger le fichier GPX voulu sur notre dossier <a href=\"https:\/\/drive.google.com\/drive\/folders\/1jVl7AgLBG-P8BlfmIuMzZhEotswGnZDb?usp=sharing\" target=\"_blank\" rel=\"noopener\">GOOGLE DRIVE ici<\/a>) :<\/p>\n<p style=\"text-align: center;\"><iframe loading=\"lazy\" src=\"https:\/\/www.komoot.com\/fr-fr\/tour\/1872840180\/embed?share_token=abvAHZzaw7KQMjz0R8G07DLQ7jdQrWQDQLfxB7ZJ8hkgMwuBmP&amp;profile=1\" width=\"100%\" height=\"700\" frameborder=\"0\" scrolling=\"no\" data-mce-fragment=\"1\"><\/iframe><\/p>\n<p style=\"text-align: center;\"><strong><a href=\"https:\/\/www.openrunner.com\/route-details\/19881156\" target=\"_blank\" rel=\"noopener\">Lien OPENRUNNER du 7 km MARCHE<\/a><\/strong><\/p>\n<p style=\"text-align: center;\">&nbsp;<\/p>\n<p style=\"text-align: center;\"><iframe loading=\"lazy\" src=\"https:\/\/www.komoot.com\/fr-fr\/tour\/1872968648\/embed?share_token=aTfIPW8zgIN52K7U2KjKgIBDr4bGWXl7LyQGgajrVO4kTqp71W&amp;profile=1\" width=\"100%\" height=\"700\" frameborder=\"0\" scrolling=\"no\"><\/iframe><\/p>\n<p style=\"text-align: center;\"><strong><a href=\"https:\/\/www.openrunner.com\/route-details\/19944300\" target=\"_blank\" rel=\"noopener\">Lien OPENRUNNER 11 km Marche<\/a><\/strong><\/p>\n<p style=\"text-align: center;\"><iframe loading=\"lazy\" src=\"https:\/\/www.komoot.com\/fr-fr\/tour\/1872887768\/embed?share_token=aZ6iSViI2E11jtd4FbCrtI54OFY2tfULzSx3AryCMsAo4OQ2Ra&amp;profile=1\" width=\"100%\" height=\"700\" frameborder=\"0\" scrolling=\"no\" data-mce-fragment=\"1\"><\/iframe><\/p>\n<div class=\"sharedaddy sd-sharing-enabled\" style=\"text-align: center;\"><a href=\"https:\/\/www.openrunner.com\/route-details\/19855757\" target=\"_blank\" rel=\"noopener\"><strong>Trace GPS 15 km sur OPENRUNNER<\/strong><\/a><\/div>\n<p>&nbsp;<\/p>\n<p>&nbsp;<\/p>\n","protected":false},"excerpt":{"rendered":"<p>MISE A JOUR du mercredi 15 JANVIER : le retour du 11 et du 15 km ont \u00e9t\u00e9 chang\u00e9s afin d&rsquo;\u00e9viter l&rsquo;entr\u00e9e d&rsquo;un chemin agricole trop d\u00e9fonc\u00e9 par les tracteurs&#8230;.<\/p>\n","protected":false},"author":1,"featured_media":0,"parent":0,"menu_order":0,"comment_status":"closed","ping_status":"closed","template":"","meta":{"ngg_post_thumbnail":0,"jetpack_post_was_ever_published":false,"two_page_speed":[],"footnotes":""},"class_list":["post-54367","page","type-page","status-publish","hentry"],"jetpack_sharing_enabled":true,"jetpack_shortlink":"https:\/\/wp.me\/P8bXJp-e8T","_links":{"self":[{"href":"https:\/\/veloclubfaumont.fr\/index.php\/wp-json\/wp\/v2\/pages\/54367","targetHints":{"allow":["GET"]}}],"collection":[{"href":"https:\/\/veloclubfaumont.fr\/index.php\/wp-json\/wp\/v2\/pages"}],"about":[{"href":"https:\/\/veloclubfaumont.fr\/index.php\/wp-json\/wp\/v2\/types\/page"}],"author":[{"embeddable":true,"href":"https:\/\/veloclubfaumont.fr\/index.php\/wp-json\/wp\/v2\/users\/1"}],"replies":[{"embeddable":true,"href":"https:\/\/veloclubfaumont.fr\/index.php\/wp-json\/wp\/v2\/comments?post=54367"}],"version-history":[{"count":14,"href":"https:\/\/veloclubfaumont.fr\/index.php\/wp-json\/wp\/v2\/pages\/54367\/revisions"}],"predecessor-version":[{"id":59299,"href":"https:\/\/veloclubfaumont.fr\/index.php\/wp-json\/wp\/v2\/pages\/54367\/revisions\/59299"}],"wp:attachment":[{"href":"https:\/\/veloclubfaumont.fr\/index.php\/wp-json\/wp\/v2\/media?parent=54367"}],"curies":[{"name":"wp","href":"https:\/\/api.w.org\/{rel}","templated":true}]}}