{"id":6699,"date":"2017-06-17T09:43:35","date_gmt":"2017-06-17T07:43:35","guid":{"rendered":"http:\/\/veloclubfaumont.fr\/?page_id=6699"},"modified":"2017-08-29T14:24:07","modified_gmt":"2017-08-29T12:24:07","slug":"rando-nocturne-vtt-de-faumont-2017-les-cartes-des-parcours","status":"publish","type":"page","link":"https:\/\/veloclubfaumont.fr\/index.php\/2017-2\/rando-nocturne-vtt-de-faumont\/rando-nocturne-vtt-de-faumont-2017-les-cartes-des-parcours\/","title":{"rendered":"Rando Nocturne VTT de Faumont 2017 : les cartes des parcours"},"content":{"rendered":"<table style=\"background-color: #e8a0a0;\">\n<tbody>\n<tr>\n<td style=\"text-align: justify;\"><span style=\"font-size: 14pt;\"><strong>IMPORTANT :<\/strong> Pour ceux qui seraient tent\u00e9s de refaire les parcours de la nocturne, nous vous signalons que le passage dans le parc du Ch\u00e2teau&nbsp; o\u00f9 avait lieu le premier ravito est <strong>strictement priv\u00e9<\/strong> et qu\u2019il est donc d\u00e9sormais interdit d\u2019acc\u00e8s. Pour rejoindre la sortie du parc, il suffit de retourner vers Faumont et reprendre la route de Mons en P\u00e9v\u00e8le en passant devant le restaurant de l\u2019<em>Ecurie de l\u2019Abbaye des Pr\u00e9s<\/em> de Faumont.<\/span><\/td>\n<\/tr>\n<\/tbody>\n<\/table>\n<p><strong>Tableau de pr\u00e9sentation des 3 parcours propos\u00e9s (et des ajustements possibles) :<\/strong><\/p>\n<p><a href=\"https:\/\/veloclubfaumont.fr\/index.php\/2017-2\/rando-nocturne-vtt-de-faumont\/rando-nocturne-vtt-de-faumont-2017-les-cartes-des-parcours\/tableau-presentation-parcours2017-bis\/\" rel=\"attachment wp-att-7606\"><img loading=\"lazy\" decoding=\"async\" class=\"aligncenter size-large wp-image-7606\" src=\"https:\/\/veloclubfaumont.fr\/wp-content\/uploads\/2017\/06\/tableau-presentation-parcours2017-bis-1024x551.jpg\" alt=\"\" width=\"1024\" height=\"551\" srcset=\"https:\/\/veloclubfaumont.fr\/wp-content\/uploads\/2017\/06\/tableau-presentation-parcours2017-bis-1024x551.jpg 1024w, https:\/\/veloclubfaumont.fr\/wp-content\/uploads\/2017\/06\/tableau-presentation-parcours2017-bis-300x161.jpg 300w, https:\/\/veloclubfaumont.fr\/wp-content\/uploads\/2017\/06\/tableau-presentation-parcours2017-bis-768x413.jpg 768w, https:\/\/veloclubfaumont.fr\/wp-content\/uploads\/2017\/06\/tableau-presentation-parcours2017-bis.jpg 1522w\" sizes=\"auto, (max-width: 1024px) 100vw, 1024px\" \/><\/a><\/p>\n<p style=\"text-align: justify;\">Le <strong>18km<\/strong> familial est comme son nom l&rsquo;indique pour les jeunes enfants avec leurs parents ou les adultes n&rsquo;ayant pas l&rsquo;habitude de rouler sur de longues distances. Le trac\u00e9 n&rsquo;aura aucune difficult\u00e9 technique et pourra m\u00eame \u00eatre parcouru en VTC (beaucoup de voie verte). Il n&rsquo;y aucune limite d&rsquo;\u00e2ge. Seul le casque et l&rsquo;\u00e9clairage sont obligatoires (le gilet jaune est vivement conseill\u00e9).<\/p>\n<p style=\"text-align: justify;\">Le <strong>25km<\/strong> n&rsquo;a lui non plus pas de grosses difficult\u00e9s (mis \u00e0 part plus de passages dans des chemins agricoles, la mont\u00e9e de Mons en P\u00e9v\u00e8le et une grosse descente en fin de parcours (un panneau de danger sera&nbsp; pr\u00e9sent pour avertir d&rsquo;un passage caillouteux un peu d\u00e9licat)).<\/p>\n<p style=\"text-align: justify;\">Comme il est marqu\u00e9 dans le tableau, il y a toujours la possibilit\u00e9 d&rsquo;ajouter des <strong>boucles bonus techniques<\/strong> de la 44 sur les 2 plus petits parcours (+ 2km pour \u00ab\u00a0les sorci\u00e8res, + 4km pour \u00ab\u00a0Raimbeaucourt\u00a0\u00bb, + 10 km pour \u00ab\u00a0Thumeries\u00a0\u00bb). Ces boucles sont accessibles en VTT pour des personnes d&rsquo;un niveau correct (pas pour les plus jeunes enfants) et poss\u00e9dant un bon \u00e9clairage avant pour bien appr\u00e9hender les quelques difficult\u00e9s techniques (surtout sur Thumeries o\u00f9 la nuit sera bien noire en fin de rando).<\/p>\n<p style=\"text-align: justify;\">Ainsi, vous pouvez partir sur la <strong>25<\/strong> et ajouter soit les 3km du <em>chemin des sorci\u00e8res<\/em> pour obtenir un <strong>28km<\/strong> ou les 10 km de la boucle de <em>Thumeries<\/em> (un peu plus technique) pour obtenir un <strong>35 km<\/strong>. Un second (petit) ravito sera disponible au retour, en haut du <em>Pas Roland<\/em> de Mons en P\u00e9v\u00e8le.<\/p>\n<p style=\"text-align: justify;\">Le <strong>44 km<\/strong> est r\u00e9serv\u00e9 aux plus sportifs d&rsquo;entre-vous avec notamment <span style=\"text-decoration: underline;\">4 passages techniques in\u00e9dits<\/span> par rapport \u00e0 l&rsquo;ann\u00e9e derni\u00e8re. Un bon \u00e9clairage avec une batterie cons\u00e9quente sera donc indispensable, notamment dans les derniers sous-bois en fin de randonn\u00e9e qui seront travers\u00e9s dans l&rsquo;obscurit\u00e9 quasi totale en fin de soir\u00e9e.<\/p>\n<p style=\"text-align: justify;\">Pour les \u00e9ventuels <strong>marcheurs<\/strong> ou trailers qui voudraient emprunter nos parcours VTT, il y aura un \u00ab\u00a0Retour direct\u00a0\u00bb \u00e0 la salle apr\u00e8s le premier ravito au Ch\u00e2teau. Celui qui emprunterait donc le 18km aurait ainsi une parcours de 10 km environ. Ce trac\u00e9 pourrait m\u00eame \u00eatre allong\u00e9 de 2 km avec la boucle des Sorci\u00e8res ou de 5 km avec la boucle de Raimbeaucourt.<\/p>\n<p style=\"text-align: justify;\"><strong>Avec l&rsquo;aide des cartes affich\u00e9es \u00e0 la salle, nous pourrons vous conseiller sur place juste avant le d\u00e9part.<\/strong><\/p>\n<p><a href=\"https:\/\/veloclubfaumont.fr\/index.php\/2017-2\/rando-nocturne-vtt-de-faumont\/\">Lien vers la pr\u00e9sentation g\u00e9n\u00e9rale de la Rando VTT Nocturne de Faumont<\/a><\/p>\n<h3 style=\"text-align: center;\">Voici la carte des 3 parcours de l&rsquo;\u00e9dition 2017 de la Nocturne de Faumont :<\/h3>\n<p style=\"text-align: center;\">&nbsp;<\/p>\n<p style=\"text-align: center;\"><strong><a href=\"https:\/\/veloclubfaumont.fr\/index.php\/2017-2\/rando-nocturne-vtt-de-faumont\/rando-nocturne-vtt-de-faumont-2017-les-cartes-des-parcours\/carte-3parcours-nocturne-2017-bis\/\" rel=\"attachment wp-att-7594\"><img loading=\"lazy\" decoding=\"async\" class=\"aligncenter size-large wp-image-7594\" src=\"https:\/\/veloclubfaumont.fr\/wp-content\/uploads\/2017\/06\/carte-3parcours-nocturne-2017-bis-1024x724.jpg\" alt=\"\" width=\"1024\" height=\"724\" srcset=\"https:\/\/veloclubfaumont.fr\/wp-content\/uploads\/2017\/06\/carte-3parcours-nocturne-2017-bis-1024x724.jpg 1024w, https:\/\/veloclubfaumont.fr\/wp-content\/uploads\/2017\/06\/carte-3parcours-nocturne-2017-bis-300x212.jpg 300w, https:\/\/veloclubfaumont.fr\/wp-content\/uploads\/2017\/06\/carte-3parcours-nocturne-2017-bis-768x543.jpg 768w, https:\/\/veloclubfaumont.fr\/wp-content\/uploads\/2017\/06\/carte-3parcours-nocturne-2017-bis.jpg 1263w\" sizes=\"auto, (max-width: 1024px) 100vw, 1024px\" \/><\/a>Cartes d\u00e9taill\u00e9es de chacun des 3 parcours + d\u00e9nivel\u00e9s :<\/strong><\/p>\n<p style=\"text-align: center;\"><a href=\"https:\/\/veloclubfaumont.fr\/index.php\/2017-2\/rando-nocturne-vtt-de-faumont\/rando-nocturne-vtt-de-faumont-2017-les-cartes-des-parcours\/carte-18km-nocturne-2017\/\" rel=\"attachment wp-att-6704\"><img loading=\"lazy\" decoding=\"async\" class=\"aligncenter wp-image-6704\" src=\"https:\/\/veloclubfaumont.fr\/wp-content\/uploads\/2017\/06\/carte-18km-nocturne-2017-699x1024.jpg\" alt=\"\" width=\"478\" height=\"700\" srcset=\"https:\/\/veloclubfaumont.fr\/wp-content\/uploads\/2017\/06\/carte-18km-nocturne-2017-699x1024.jpg 699w, https:\/\/veloclubfaumont.fr\/wp-content\/uploads\/2017\/06\/carte-18km-nocturne-2017-205x300.jpg 205w, https:\/\/veloclubfaumont.fr\/wp-content\/uploads\/2017\/06\/carte-18km-nocturne-2017.jpg 767w\" sizes=\"auto, (max-width: 478px) 100vw, 478px\" \/><\/a><\/p>\n<p style=\"text-align: center;\"><a href=\"https:\/\/veloclubfaumont.fr\/index.php\/2017-2\/rando-nocturne-vtt-de-faumont\/rando-nocturne-vtt-de-faumont-2017-les-cartes-des-parcours\/denivele-18\/\" rel=\"attachment wp-att-6754\"><img loading=\"lazy\" decoding=\"async\" class=\"aligncenter size-large wp-image-6754\" src=\"https:\/\/veloclubfaumont.fr\/wp-content\/uploads\/2017\/06\/denivel\u00e9-18-1024x138.jpg\" alt=\"\" width=\"1024\" height=\"138\" srcset=\"https:\/\/veloclubfaumont.fr\/wp-content\/uploads\/2017\/06\/denivel\u00e9-18-1024x138.jpg 1024w, https:\/\/veloclubfaumont.fr\/wp-content\/uploads\/2017\/06\/denivel\u00e9-18-300x40.jpg 300w, https:\/\/veloclubfaumont.fr\/wp-content\/uploads\/2017\/06\/denivel\u00e9-18-768x104.jpg 768w, https:\/\/veloclubfaumont.fr\/wp-content\/uploads\/2017\/06\/denivel\u00e9-18.jpg 1468w\" sizes=\"auto, (max-width: 1024px) 100vw, 1024px\" \/><\/a><em>D\u00e9nivel\u00e9 de la 18 familial<br \/>\n<\/em><\/p>\n<p>&nbsp;<\/p>\n<p style=\"text-align: center;\">&nbsp;<\/p>\n<p style=\"text-align: center;\"><a href=\"https:\/\/veloclubfaumont.fr\/index.php\/2017-2\/rando-nocturne-vtt-de-faumont\/rando-nocturne-vtt-de-faumont-2017-les-cartes-des-parcours\/carte-25km-nocturne-2017-bis\/\" rel=\"attachment wp-att-7595\"><img loading=\"lazy\" decoding=\"async\" class=\"aligncenter size-large wp-image-7595\" src=\"https:\/\/veloclubfaumont.fr\/wp-content\/uploads\/2017\/06\/carte-25km-nocturne-2017-bis-724x1024.jpg\" alt=\"\" width=\"724\" height=\"1024\" srcset=\"https:\/\/veloclubfaumont.fr\/wp-content\/uploads\/2017\/06\/carte-25km-nocturne-2017-bis-724x1024.jpg 724w, https:\/\/veloclubfaumont.fr\/wp-content\/uploads\/2017\/06\/carte-25km-nocturne-2017-bis-212x300.jpg 212w, https:\/\/veloclubfaumont.fr\/wp-content\/uploads\/2017\/06\/carte-25km-nocturne-2017-bis-768x1086.jpg 768w, https:\/\/veloclubfaumont.fr\/wp-content\/uploads\/2017\/06\/carte-25km-nocturne-2017-bis.jpg 794w\" sizes=\"auto, (max-width: 724px) 100vw, 724px\" \/><\/a><a href=\"https:\/\/veloclubfaumont.fr\/index.php\/2017-2\/rando-nocturne-vtt-de-faumont\/rando-nocturne-vtt-de-faumont-2017-les-cartes-des-parcours\/denivele-25\/\" rel=\"attachment wp-att-6755\"><img loading=\"lazy\" decoding=\"async\" class=\"aligncenter size-large wp-image-6755\" src=\"https:\/\/veloclubfaumont.fr\/wp-content\/uploads\/2017\/06\/denivel\u00e9-25-1024x129.jpg\" alt=\"\" width=\"1024\" height=\"129\" srcset=\"https:\/\/veloclubfaumont.fr\/wp-content\/uploads\/2017\/06\/denivel\u00e9-25-1024x129.jpg 1024w, https:\/\/veloclubfaumont.fr\/wp-content\/uploads\/2017\/06\/denivel\u00e9-25-300x38.jpg 300w, https:\/\/veloclubfaumont.fr\/wp-content\/uploads\/2017\/06\/denivel\u00e9-25-768x97.jpg 768w, https:\/\/veloclubfaumont.fr\/wp-content\/uploads\/2017\/06\/denivel\u00e9-25.jpg 1463w\" sizes=\"auto, (max-width: 1024px) 100vw, 1024px\" \/><\/a><em>D\u00e9nivel\u00e9 de la 25 (interm\u00e9diaire sans r\u00e9el passage technique)<br \/>\n<\/em><\/p>\n<p>&nbsp;<\/p>\n<p style=\"text-align: center;\">&nbsp;<\/p>\n<p style=\"text-align: center;\"><a href=\"https:\/\/veloclubfaumont.fr\/index.php\/2017-2\/rando-nocturne-vtt-de-faumont\/rando-nocturne-vtt-de-faumont-2017-les-cartes-des-parcours\/carte-44km-nocturne-2017-bis\/\" rel=\"attachment wp-att-7596\"><img loading=\"lazy\" decoding=\"async\" class=\"aligncenter size-large wp-image-7596\" src=\"https:\/\/veloclubfaumont.fr\/wp-content\/uploads\/2017\/06\/carte-44km-nocturne-2017-bis-1024x723.jpg\" alt=\"\" width=\"1024\" height=\"723\" srcset=\"https:\/\/veloclubfaumont.fr\/wp-content\/uploads\/2017\/06\/carte-44km-nocturne-2017-bis-1024x723.jpg 1024w, https:\/\/veloclubfaumont.fr\/wp-content\/uploads\/2017\/06\/carte-44km-nocturne-2017-bis-300x212.jpg 300w, https:\/\/veloclubfaumont.fr\/wp-content\/uploads\/2017\/06\/carte-44km-nocturne-2017-bis-768x543.jpg 768w, https:\/\/veloclubfaumont.fr\/wp-content\/uploads\/2017\/06\/carte-44km-nocturne-2017-bis.jpg 1162w\" sizes=\"auto, (max-width: 1024px) 100vw, 1024px\" \/><\/a><a href=\"https:\/\/veloclubfaumont.fr\/index.php\/2017-2\/rando-nocturne-vtt-de-faumont\/rando-nocturne-vtt-de-faumont-2017-les-cartes-des-parcours\/denivele-44\/\" rel=\"attachment wp-att-6756\"><img loading=\"lazy\" decoding=\"async\" class=\"aligncenter size-large wp-image-6756\" src=\"https:\/\/veloclubfaumont.fr\/wp-content\/uploads\/2017\/06\/denivel\u00e9-44-1024x142.jpg\" alt=\"\" width=\"1024\" height=\"142\" srcset=\"https:\/\/veloclubfaumont.fr\/wp-content\/uploads\/2017\/06\/denivel\u00e9-44-1024x142.jpg 1024w, https:\/\/veloclubfaumont.fr\/wp-content\/uploads\/2017\/06\/denivel\u00e9-44-300x42.jpg 300w, https:\/\/veloclubfaumont.fr\/wp-content\/uploads\/2017\/06\/denivel\u00e9-44-768x107.jpg 768w, https:\/\/veloclubfaumont.fr\/wp-content\/uploads\/2017\/06\/denivel\u00e9-44.jpg 1482w\" sizes=\"auto, (max-width: 1024px) 100vw, 1024px\" \/><\/a><em>D\u00e9nivel\u00e9 de la 44 (pour les sportifs avec 4 gros passages techniques)<br \/>\n<\/em><\/p>\n<p>&nbsp;<\/p>\n<p>&nbsp;<\/p>\n","protected":false},"excerpt":{"rendered":"<p>IMPORTANT : Pour ceux qui seraient tent\u00e9s de refaire les parcours de la nocturne, nous vous signalons que le passage dans le parc du Ch\u00e2teau&nbsp; o\u00f9 avait lieu le premier&#8230;<\/p>\n","protected":false},"author":1,"featured_media":0,"parent":5851,"menu_order":2,"comment_status":"closed","ping_status":"closed","template":"","meta":{"ngg_post_thumbnail":0,"jetpack_post_was_ever_published":false,"two_page_speed":[],"footnotes":""},"class_list":["post-6699","page","type-page","status-publish","hentry"],"jetpack_sharing_enabled":true,"jetpack_shortlink":"https:\/\/wp.me\/P8bXJp-1K3","_links":{"self":[{"href":"https:\/\/veloclubfaumont.fr\/index.php\/wp-json\/wp\/v2\/pages\/6699","targetHints":{"allow":["GET"]}}],"collection":[{"href":"https:\/\/veloclubfaumont.fr\/index.php\/wp-json\/wp\/v2\/pages"}],"about":[{"href":"https:\/\/veloclubfaumont.fr\/index.php\/wp-json\/wp\/v2\/types\/page"}],"author":[{"embeddable":true,"href":"https:\/\/veloclubfaumont.fr\/index.php\/wp-json\/wp\/v2\/users\/1"}],"replies":[{"embeddable":true,"href":"https:\/\/veloclubfaumont.fr\/index.php\/wp-json\/wp\/v2\/comments?post=6699"}],"version-history":[{"count":0,"href":"https:\/\/veloclubfaumont.fr\/index.php\/wp-json\/wp\/v2\/pages\/6699\/revisions"}],"up":[{"embeddable":true,"href":"https:\/\/veloclubfaumont.fr\/index.php\/wp-json\/wp\/v2\/pages\/5851"}],"wp:attachment":[{"href":"https:\/\/veloclubfaumont.fr\/index.php\/wp-json\/wp\/v2\/media?parent=6699"}],"curies":[{"name":"wp","href":"https:\/\/api.w.org\/{rel}","templated":true}]}}