{"id":67242,"date":"2025-12-27T10:58:19","date_gmt":"2025-12-27T09:58:19","guid":{"rendered":"https:\/\/veloclubfaumont.fr\/?page_id=67242"},"modified":"2025-12-27T10:58:19","modified_gmt":"2025-12-27T09:58:19","slug":"2025-3","status":"publish","type":"page","link":"https:\/\/veloclubfaumont.fr\/index.php\/2025-3\/","title":{"rendered":"2025"},"content":{"rendered":"\n<p><a href=\"https:\/\/veloclubfaumont.fr\/index.php\/nocturne-vtt-gravel-2025-la-presentation\/\">Nocturne VTT 2025 : la pr\u00e9sentation<\/a><\/p>\n<p><a href=\"https:\/\/veloclubfaumont.fr\/index.php\/chicon-bike-tour-2025-les-infos\/\">CBT 2025<\/a><\/p>\n<p><a href=\"https:\/\/veloclubfaumont.fr\/index.php\/2025\/11\/22\/assemblee-generale-2026\/\" data-wplink-edit=\"true\">Assembl\u00e9e G\u00e9n\u00e9rale 2025<\/a><\/p>\n\n\n","protected":false},"excerpt":{"rendered":"<p>Nocturne VTT 2025 : la pr\u00e9sentation CBT 2025 Assembl\u00e9e G\u00e9n\u00e9rale 2025<\/p>\n","protected":false},"author":1,"featured_media":0,"parent":0,"menu_order":0,"comment_status":"closed","ping_status":"closed","template":"","meta":{"ngg_post_thumbnail":0,"jetpack_post_was_ever_published":false,"two_page_speed":[],"footnotes":""},"class_list":["post-67242","page","type-page","status-publish","hentry"],"jetpack_sharing_enabled":true,"jetpack_shortlink":"https:\/\/wp.me\/P8bXJp-huy","_links":{"self":[{"href":"https:\/\/veloclubfaumont.fr\/index.php\/wp-json\/wp\/v2\/pages\/67242","targetHints":{"allow":["GET"]}}],"collection":[{"href":"https:\/\/veloclubfaumont.fr\/index.php\/wp-json\/wp\/v2\/pages"}],"about":[{"href":"https:\/\/veloclubfaumont.fr\/index.php\/wp-json\/wp\/v2\/types\/page"}],"author":[{"embeddable":true,"href":"https:\/\/veloclubfaumont.fr\/index.php\/wp-json\/wp\/v2\/users\/1"}],"replies":[{"embeddable":true,"href":"https:\/\/veloclubfaumont.fr\/index.php\/wp-json\/wp\/v2\/comments?post=67242"}],"version-history":[{"count":1,"href":"https:\/\/veloclubfaumont.fr\/index.php\/wp-json\/wp\/v2\/pages\/67242\/revisions"}],"predecessor-version":[{"id":67243,"href":"https:\/\/veloclubfaumont.fr\/index.php\/wp-json\/wp\/v2\/pages\/67242\/revisions\/67243"}],"wp:attachment":[{"href":"https:\/\/veloclubfaumont.fr\/index.php\/wp-json\/wp\/v2\/media?parent=67242"}],"curies":[{"name":"wp","href":"https:\/\/api.w.org\/{rel}","templated":true}]}}